{"id":5373,"date":"2025-01-30T10:40:41","date_gmt":"2025-01-30T09:40:41","guid":{"rendered":"https:\/\/servicios.easyworks.es\/?page_id=5373"},"modified":"2025-02-10T08:18:05","modified_gmt":"2025-02-10T07:18:05","slug":"parametrizacion-de-modelos","status":"publish","type":"page","link":"https:\/\/servicios.easyworks.es\/en\/parametrizacion-de-modelos\/","title":{"rendered":"Model Parameterization"},"content":{"rendered":"<div class=\"wpb-content-wrapper\"><p>[vc_row css=&#8221;.vc_custom_1738239384702{background-image: url(https:\/\/servicios.easyworks.es\/wp-content\/uploads\/2025\/01\/Driveworksxpress.jpg?id=5557) !important;background-position: center !important;background-repeat: no-repeat !important;background-size: cover !important;}&#8221;][vc_column width=&#8221;1\/12&#8243;][\/vc_column][vc_column parallax=&#8221;content-moving-fade&#8221; parallax_speed_bg=&#8221;&#8221; width=&#8221;10\/12&#8243;][vc_empty_space height=&#8221;90px&#8221;][vc_custom_heading text=&#8221;Model Parameterization&#8221; font_container=&#8221;tag:h1|font_size:35px|text_align:center|color:%23FFFFFF|line_height:45px&#8221; use_theme_fonts=&#8221;yes&#8221; css=&#8221;&#8221;][vc_empty_space height=&#8221;90px&#8221;][\/vc_column][vc_column width=&#8221;1\/12&#8243;][\/vc_column][\/vc_row][vc_row][vc_column][vc_custom_heading text=&#8221;Reduce your design cycle time&#8221; font_container=&#8221;tag:h2|text_align:center&#8221; use_theme_fonts=&#8221;yes&#8221; css_animation=&#8221;fadeIn&#8221; css=&#8221;&#8221;][\/vc_column][vc_column width=&#8221;2\/12&#8243;][\/vc_column][vc_column width=&#8221;4\/12&#8243;][vc_column_text css=&#8221;&#8221;]Is your team spending endless hours creating design variations? Are you facing tight deadlines, frequent errors, and the need to offer customized solutions to your clients? In a world where efficiency and personalization are key, automating your design processes is the solution that will transform your business.<\/p>\n<p>At Easyworks, we specialize in helping companies optimize their design workflows. Imagine generating complex, customized designs in minutes without compromising precision or quality. Our approach is based on the parameterization of your models, allowing them to automatically adapt to different parameters such as dimensions, materials, or specific configurations.<\/p>\n<p>Whether you&#8217;re looking to reduce costs, improve your team&#8217;s efficiency, or gain a competitive edge in the market, we&#8217;re here to help you take the leap into intelligent design automation.[\/vc_column_text][vc_empty_space height=&#8221;22px&#8221;][\/vc_column][vc_column width=&#8221;1\/12&#8243;][\/vc_column][vc_column width=&#8221;3\/12&#8243;][vc_column_text css=&#8221;&#8221;]<\/p>\n<p style=\"text-align: center;\"><b>Discover how we help other companies<\/b><\/p>\n<p>[\/vc_column_text]<a style=\"width:px\" href=\"https:\/\/servicios.easyworks.es\/galopin-playgrounds\/\"  target=\"_blank\"  title=\"\" class=\"tt_button   button-center  \" ><span class=\"prim_text\">Success Story<\/span><\/a>[vc_empty_space height=&#8221;15px&#8221;]<a style=\"width:px\" href=\"https:\/\/servicios.easyworks.es\/parametrizacion-de-modelos\/#presuparam\"  target=\"_self\"  title=\"\" class=\"tt_button   button-center  \" ><span class=\"prim_text\">Request a Quote<\/span><\/a>[vc_empty_space height=&#8221;15px&#8221;][\/vc_column][vc_column width=&#8221;1\/12&#8243;][\/vc_column][\/vc_row][vc_row css=&#8221;.vc_custom_1738228834108{background: #00000000 url(https:\/\/servicios.easyworks.es\/wp-content\/uploads\/2025\/01\/fondo-param-scaled.jpg?id=5497) !important;background-position: center !important;background-repeat: no-repeat !important;background-size: cover !important;}&#8221;][vc_column][vc_custom_heading text=&#8221;Benefits of Model Parameterization&#8221; font_container=&#8221;tag:h1|font_size:35px|text_align:center|color:%23EEEE22&#8243; use_theme_fonts=&#8221;yes&#8221; css_animation=&#8221;fadeIn&#8221; css=&#8221;&#8221;][vc_empty_space][\/vc_column][\/vc_row][vc_row css=&#8221;.vc_custom_1738225970982{background-color: #00000000 !important;}&#8221;][vc_column][vc_empty_space][vc_row_inner][vc_column_inner width=&#8221;1\/3&#8243;][vc_icon icon_fontawesome=&#8221;fas fa-coins&#8221; color=&#8221;sky&#8221; size=&#8221;xl&#8221; align=&#8221;center&#8221; css=&#8221;&#8221;][vc_custom_heading text=&#8221;Cost Reduction&#8221; font_container=&#8221;tag:h3|font_size:20px|text_align:center&#8221; use_theme_fonts=&#8221;yes&#8221; css_animation=&#8221;fadeIn&#8221; css=&#8221;&#8221;][vc_column_text css=&#8221;&#8221;]<\/p>\n<ul>\n<li>Savings of 60% to 90% in design time.<\/li>\n<li>Reduce your expenses by minimizing errors and rework.<\/li>\n<li>Optimize the use of human resources, freeing up your team for more strategic tasks.<\/li>\n<\/ul>\n<p>[\/vc_column_text][\/vc_column_inner][vc_column_inner width=&#8221;1\/3&#8243;][vc_icon icon_fontawesome=&#8221;fas fa-compress-arrows-alt&#8221; color=&#8221;sky&#8221; size=&#8221;xl&#8221; align=&#8221;center&#8221; css=&#8221;&#8221;][vc_custom_heading text=&#8221;Short-term Impact&#8221; font_container=&#8221;tag:h3|font_size:20px|text_align:center&#8221; use_theme_fonts=&#8221;yes&#8221; css_animation=&#8221;fadeIn&#8221; css=&#8221;&#8221;][vc_column_text css=&#8221;&#8221;]<\/p>\n<div class=\"flex-shrink-0 flex flex-col relative items-end\">\n<div>\n<div class=\"pt-0\">\n<div class=\"gizmo-bot-avatar flex h-8 w-8 items-center justify-center overflow-hidden rounded-full\">\n<ul>\n<li class=\"relative p-1 rounded-sm flex items-center justify-center bg-token-main-surface-primary text-token-text-primary h-8 w-8\">Generate design variations in minutes.<\/li>\n<li class=\"relative p-1 rounded-sm flex items-center justify-center bg-token-main-surface-primary text-token-text-primary h-8 w-8\">Offer customized products to your clients quickly and efficiently.<\/li>\n<li class=\"relative p-1 rounded-sm flex items-center justify-center bg-token-main-surface-primary text-token-text-primary h-8 w-8\">Improve accuracy and consistency across all your projects.<\/li>\n<\/ul>\n<\/div>\n<\/div>\n<\/div>\n<\/div>\n<p>[\/vc_column_text][\/vc_column_inner][vc_column_inner width=&#8221;1\/3&#8243;][vc_icon icon_fontawesome=&#8221;fas fa-chart-line&#8221; color=&#8221;sky&#8221; size=&#8221;xl&#8221; align=&#8221;center&#8221; css=&#8221;&#8221;][vc_custom_heading text=&#8221;Long-term Benefits&#8221; font_container=&#8221;tag:h3|font_size:20px|text_align:center&#8221; use_theme_fonts=&#8221;yes&#8221; css_animation=&#8221;fadeIn&#8221; css=&#8221;&#8221;][vc_column_text css=&#8221;&#8221;]<\/p>\n<ul>\n<li>Accelerate your time-to-market, gaining a competitive edge.<\/li>\n<li>Standardize your design processes, making management and quality control easier.<\/li>\n<li>Increase customer satisfaction with designs tailored to their needs.<\/li>\n<\/ul>\n<p>[\/vc_column_text][\/vc_column_inner][\/vc_row_inner][\/vc_column][\/vc_row][vc_row css=&#8221;.vc_custom_1738156013758{background-color: #007EC40A !important;}&#8221;][vc_column][vc_custom_heading text=&#8221;How We Work&#8221; font_container=&#8221;tag:h2|text_align:center&#8221; use_theme_fonts=&#8221;yes&#8221; css_animation=&#8221;fadeIn&#8221; css=&#8221;&#8221;][vc_separator el_width=&#8221;50&#8243; css=&#8221;&#8221;][vc_empty_space height=&#8221;35px&#8221;]\r\n            <div class=\"kd-process-steps process_four_elem \">\r\n                <ul>\r\n                <li>\r\n                    <div class=\"pss-container  \" ><div class=\"pss-step-number\"><span>1<\/span><\/div><div class=\"pss-img-area\" style=\"background-color: ;\"><div class=\"process-customimg\"><img loading=\"lazy\" decoding=\"async\" width=\"1000\" height=\"1000\" src=\"https:\/\/servicios.easyworks.es\/wp-content\/uploads\/2025\/01\/analisis.png\" class=\"attachment-full\" alt=\"\" title=\"analisis\" srcset=\"https:\/\/servicios.easyworks.es\/wp-content\/uploads\/2025\/01\/analisis.png 1000w, https:\/\/servicios.easyworks.es\/wp-content\/uploads\/2025\/01\/analisis-300x300.png 300w, https:\/\/servicios.easyworks.es\/wp-content\/uploads\/2025\/01\/analisis-150x150.png 150w, https:\/\/servicios.easyworks.es\/wp-content\/uploads\/2025\/01\/analisis-768x768.png 768w\" sizes=\"auto, (max-width: 1000px) 100vw, 1000px\" \/><\/div><\/div>\r\n                        <div class=\"pss-text-area\">\r\n                            <h4 style=\"color: #1E73BE;\">Needs Analysis<\/h4>\r\n                            <p >We evaluate your current processes and designs to identify automation opportunities.<\/p><\/div>\r\n                    <\/div>\r\n                <\/li>\r\n                <li>\r\n                    <div class=\"pss-container  \" ><div class=\"pss-step-number\"><span>2<\/span><\/div><div class=\"pss-img-area\" style=\"background-color: ;\"><div class=\"process-customimg\"><img loading=\"lazy\" decoding=\"async\" width=\"1000\" height=\"1000\" src=\"https:\/\/servicios.easyworks.es\/wp-content\/uploads\/2025\/01\/seleccion-herramienta.png\" class=\"attachment-full\" alt=\"\" title=\"seleccion herramienta\" srcset=\"https:\/\/servicios.easyworks.es\/wp-content\/uploads\/2025\/01\/seleccion-herramienta.png 1000w, https:\/\/servicios.easyworks.es\/wp-content\/uploads\/2025\/01\/seleccion-herramienta-300x300.png 300w, https:\/\/servicios.easyworks.es\/wp-content\/uploads\/2025\/01\/seleccion-herramienta-150x150.png 150w, https:\/\/servicios.easyworks.es\/wp-content\/uploads\/2025\/01\/seleccion-herramienta-768x768.png 768w\" sizes=\"auto, (max-width: 1000px) 100vw, 1000px\" \/><\/div><\/div>\r\n                        <div class=\"pss-text-area\">\r\n                            <h4 style=\"color: #1E73BE;\">Tool Selection<\/h4>\r\n                            <p >We propose the best tool based on your needs; macros, DriveWorks, data input interface, etc.<\/p><\/div>\r\n                    <\/div>\r\n                <\/li>\r\n                <li>\r\n                    <div class=\"pss-container  \" ><div class=\"pss-step-number\"><span>3<\/span><\/div><div class=\"pss-img-area\" style=\"background-color: ;\"><div class=\"process-customimg\"><img loading=\"lazy\" decoding=\"async\" width=\"1000\" height=\"1000\" src=\"https:\/\/servicios.easyworks.es\/wp-content\/uploads\/2025\/01\/master-modelo.png\" class=\"attachment-full\" alt=\"\" title=\"master modelo\" srcset=\"https:\/\/servicios.easyworks.es\/wp-content\/uploads\/2025\/01\/master-modelo.png 1000w, https:\/\/servicios.easyworks.es\/wp-content\/uploads\/2025\/01\/master-modelo-300x300.png 300w, https:\/\/servicios.easyworks.es\/wp-content\/uploads\/2025\/01\/master-modelo-150x150.png 150w, https:\/\/servicios.easyworks.es\/wp-content\/uploads\/2025\/01\/master-modelo-768x768.png 768w\" sizes=\"auto, (max-width: 1000px) 100vw, 1000px\" \/><\/div><\/div>\r\n                        <div class=\"pss-text-area\">\r\n                            <h4 style=\"color: #1E73BE;\">Creation of Master Model<\/h4>\r\n                            <p >We develop a master model in SOLIDWORKS that serves as the foundation for generating variations.<\/p><\/div>\r\n                    <\/div>\r\n                <\/li>\r\n                <li>\r\n                    <div class=\"pss-container  \" ><div class=\"pss-step-number\"><span>4<\/span><\/div><div class=\"pss-img-area\" style=\"background-color: ;\"><div class=\"process-customimg\"><img loading=\"lazy\" decoding=\"async\" width=\"1000\" height=\"1000\" src=\"https:\/\/servicios.easyworks.es\/wp-content\/uploads\/2025\/01\/implementacion.png\" class=\"attachment-full\" alt=\"\" title=\"implementacion\" srcset=\"https:\/\/servicios.easyworks.es\/wp-content\/uploads\/2025\/01\/implementacion.png 1000w, https:\/\/servicios.easyworks.es\/wp-content\/uploads\/2025\/01\/implementacion-300x300.png 300w, https:\/\/servicios.easyworks.es\/wp-content\/uploads\/2025\/01\/implementacion-150x150.png 150w, https:\/\/servicios.easyworks.es\/wp-content\/uploads\/2025\/01\/implementacion-768x768.png 768w\" sizes=\"auto, (max-width: 1000px) 100vw, 1000px\" \/><\/div><\/div>\r\n                        <div class=\"pss-text-area\">\r\n                            <h4 style=\"color: #1E73BE;\">Implementation<\/h4>\r\n                            <p >We teach you how to work with the model and train your team to get the most out of automation.<\/p><\/div>\r\n                    <\/div>\r\n                <\/li><\/ul>\r\n            <\/div>[\/vc_column][\/vc_row][vc_row css=&#8221;.vc_custom_1738230112110{background-color: #007EC40A !important;}&#8221;][vc_column][vc_empty_space height=&#8221;30px&#8221;][\/vc_column][\/vc_row][vc_row css=&#8221;.vc_custom_1738229681161{background-color: #FFFFFF00 !important;}&#8221;][vc_column width=&#8221;1\/6&#8243;][\/vc_column][vc_column width=&#8221;3\/6&#8243;][vc_custom_heading text=&#8221;Discover how model parameterization has helped other companies!&#8221; font_container=&#8221;tag:h2|text_align:left|color:%231E73BE&#8221; use_theme_fonts=&#8221;yes&#8221; css=&#8221;&#8221;][vc_empty_space][\/vc_column][vc_column width=&#8221;1\/6&#8243;][vc_empty_space height=&#8221;50px&#8221;]<a style=\"width:px\" href=\"https:\/\/servicios.easyworks.es\/galopin-playgrounds\/\"  target=\"_blank\"  title=\"\" class=\"tt_button   pull-left  \" ><span class=\"prim_text\">Discover<\/span><\/a>[\/vc_column][vc_column width=&#8221;1\/6&#8243;][\/vc_column][\/vc_row][vc_row css=&#8221;.vc_custom_1738230455265{background-color: #007EC4 !important;}&#8221; el_id=&#8221;presuparam&#8221;][vc_column width=&#8221;1\/12&#8243;][\/vc_column][vc_column width=&#8221;5\/12&#8243;][vc_custom_heading text=&#8221;Interested? We&#8217;ll call you!&#8221; font_container=&#8221;tag:h2|text_align:left|color:%23FFFFFF&#8221; use_theme_fonts=&#8221;yes&#8221; css=&#8221;&#8221;][vc_empty_space][vc_column_text css=&#8221;&#8221;]<span style=\"color: #ffffff;\">It&#8217;s better if we have a calm conversation over the phone so you can share all the details of your project or idea. Please fill out the form below, and an advisor will call you.<\/span><\/p>\n<p><span style=\"color: #ffffff;\">If you prefer to call us, you can reach us at (+34) 659 159 456 or email us at <a style=\"color: #ffffff;\" href=\"mailto:comercial@easyworks.es\">comercial@easyworks.es<\/a>.<\/span>[\/vc_column_text][\/vc_column][vc_column width=&#8221;5\/12&#8243;][vc_raw_html css=&#8221;&#8221;]JTNDaWZyYW1lJTIwYXJpYS1sYWJlbCUzRCUyN1NlcnZpY2lvJTIwZGUlMjBQYXJhbWV0cml6YWNpJUMzJUIzbiUyNyUyMGZyYW1lYm9yZGVyJTNEJTIyMCUyMiUyMHN0eWxlJTNEJTIyaGVpZ2h0JTNBNjU1cHglM0J3aWR0aCUzQTk5JTI1JTNCYm9yZGVyJTNBbm9uZSUzQiUyMiUyMHNyYyUzRCUyN2h0dHBzJTNBJTJGJTJGZm9ybXMuem9ob3B1YmxpYy5ldSUyRmVhc3l3b3JrcyUyRmZvcm0lMkZQYXJhbWV0cml6YWNpbiUyRmZvcm1wZXJtYSUyRjNVNjZxSm1Tc0k0X3Y3RDBBVi10WDJqY2t5V0JGV1A2OTA1RlI3bWhKM3clMjclM0UlM0MlMkZpZnJhbWUlM0U=[\/vc_raw_html][\/vc_column][vc_column width=&#8221;1\/12&#8243;][\/vc_column][\/vc_row]<\/p>\n<\/div>","protected":false},"excerpt":{"rendered":"<p>[vc_row css=&#8221;.vc_custom_1738239384702{background-image: url(https:\/\/servicios.easyworks.es\/wp-content\/uploads\/2025\/01\/Driveworksxpress.jpg?id=5557) !important;background-position: center !important;background-repeat: no-repeat !important;background-size: cover !important;}&#8221;][vc_column width=&#8221;1\/12&#8243;][\/vc_column][vc_column parallax=&#8221;content-moving-fade&#8221; parallax_speed_bg=&#8221;&#8221; width=&#8221;10\/12&#8243;][vc_empty_space height=&#8221;90px&#8221;][vc_custom_heading text=&#8221;Model Parameterization&#8221; font_container=&#8221;tag:h1|font_size:35px|text_align:center|color:%23FFFFFF|line_height:45px&#8221; use_theme_fonts=&#8221;yes&#8221; css=&#8221;&#8221;][vc_empty_space height=&#8221;90px&#8221;][\/vc_column][vc_column width=&#8221;1\/12&#8243;][\/vc_column][\/vc_row][vc_row][vc_column][vc_custom_heading text=&#8221;Reduce [&hellip;]<\/p>\n","protected":false},"author":6,"featured_media":5470,"parent":0,"menu_order":0,"comment_status":"closed","ping_status":"closed","template":"","meta":{"rs_blank_template":"","rs_page_bg_color":"","slide_template_v7":"","footnotes":""},"class_list":["post-5373","page","type-page","status-publish","has-post-thumbnail","hentry"],"yoast_head":"<!-- This site is optimized with the Yoast SEO plugin v27.5 - https:\/\/yoast.com\/product\/yoast-seo-wordpress\/ -->\n<title>Model Parameterization<\/title>\n<meta name=\"description\" content=\"Reduce los tiempos de tus ciclos de dise\u00f1o gracias a la parametrizacion de tus modelos y llega m\u00e1s r\u00e1pido al mercado.\" \/>\n<meta name=\"robots\" content=\"index, follow, max-snippet:-1, max-image-preview:large, max-video-preview:-1\" \/>\n<link rel=\"canonical\" href=\"https:\/\/servicios.easyworks.es\/en\/parametrizacion-de-modelos\/\" \/>\n<meta property=\"og:locale\" content=\"en_GB\" \/>\n<meta property=\"og:locale:alternate\" content=\"es_ES\" \/>\n<meta property=\"og:type\" content=\"article\" \/>\n<meta property=\"og:title\" content=\"Model Parameterization\" \/>\n<meta property=\"og:description\" content=\"Reduce los tiempos de tus ciclos de dise\u00f1o gracias a la parametrizacion de tus modelos y llega m\u00e1s r\u00e1pido al mercado.\" \/>\n<meta property=\"og:url\" content=\"https:\/\/servicios.easyworks.es\/en\/parametrizacion-de-modelos\/\" \/>\n<meta property=\"og:site_name\" content=\"Easyworks\" \/>\n<meta property=\"article:modified_time\" content=\"2025-02-10T07:18:05+00:00\" \/>\n<meta property=\"og:image\" content=\"https:\/\/servicios.easyworks.es\/wp-content\/uploads\/2025\/01\/WN25-SW6-2-DimXpert-Drafted-Geometry.png\" \/>\n\t<meta property=\"og:image:width\" content=\"1634\" \/>\n\t<meta property=\"og:image:height\" content=\"1080\" \/>\n\t<meta property=\"og:image:type\" content=\"image\/png\" \/>\n<meta name=\"twitter:card\" content=\"summary_large_image\" \/>\n<meta name=\"twitter:label1\" content=\"Estimated reading time\" \/>\n\t<meta name=\"twitter:data1\" content=\"4 minutes\" \/>\n<script type=\"application\/ld+json\" class=\"yoast-schema-graph\">{\"@context\":\"https:\\\/\\\/schema.org\",\"@graph\":[{\"@type\":\"WebPage\",\"@id\":\"https:\\\/\\\/servicios.easyworks.es\\\/parametrizacion-de-modelos\\\/\",\"url\":\"https:\\\/\\\/servicios.easyworks.es\\\/parametrizacion-de-modelos\\\/\",\"name\":\"Model Parameterization\",\"isPartOf\":{\"@id\":\"https:\\\/\\\/servicios.easyworks.es\\\/#website\"},\"primaryImageOfPage\":{\"@id\":\"https:\\\/\\\/servicios.easyworks.es\\\/parametrizacion-de-modelos\\\/#primaryimage\"},\"image\":{\"@id\":\"https:\\\/\\\/servicios.easyworks.es\\\/parametrizacion-de-modelos\\\/#primaryimage\"},\"thumbnailUrl\":\"https:\\\/\\\/servicios.easyworks.es\\\/wp-content\\\/uploads\\\/2025\\\/01\\\/WN25-SW6-2-DimXpert-Drafted-Geometry.png\",\"datePublished\":\"2025-01-30T09:40:41+00:00\",\"dateModified\":\"2025-02-10T07:18:05+00:00\",\"description\":\"Reduce los tiempos de tus ciclos de dise\u00f1o gracias a la parametrizacion de tus modelos y llega m\u00e1s r\u00e1pido al mercado.\",\"breadcrumb\":{\"@id\":\"https:\\\/\\\/servicios.easyworks.es\\\/parametrizacion-de-modelos\\\/#breadcrumb\"},\"inLanguage\":\"en-GB\",\"potentialAction\":[{\"@type\":\"ReadAction\",\"target\":[\"https:\\\/\\\/servicios.easyworks.es\\\/parametrizacion-de-modelos\\\/\"]}]},{\"@type\":\"ImageObject\",\"inLanguage\":\"en-GB\",\"@id\":\"https:\\\/\\\/servicios.easyworks.es\\\/parametrizacion-de-modelos\\\/#primaryimage\",\"url\":\"https:\\\/\\\/servicios.easyworks.es\\\/wp-content\\\/uploads\\\/2025\\\/01\\\/WN25-SW6-2-DimXpert-Drafted-Geometry.png\",\"contentUrl\":\"https:\\\/\\\/servicios.easyworks.es\\\/wp-content\\\/uploads\\\/2025\\\/01\\\/WN25-SW6-2-DimXpert-Drafted-Geometry.png\",\"width\":1634,\"height\":1080},{\"@type\":\"BreadcrumbList\",\"@id\":\"https:\\\/\\\/servicios.easyworks.es\\\/parametrizacion-de-modelos\\\/#breadcrumb\",\"itemListElement\":[{\"@type\":\"ListItem\",\"position\":1,\"name\":\"Portada\",\"item\":\"https:\\\/\\\/servicios.easyworks.es\\\/\"},{\"@type\":\"ListItem\",\"position\":2,\"name\":\"Parametrizaci\u00f3n de modelos\"}]},{\"@type\":\"WebSite\",\"@id\":\"https:\\\/\\\/servicios.easyworks.es\\\/#website\",\"url\":\"https:\\\/\\\/servicios.easyworks.es\\\/\",\"name\":\"Easyworks\",\"description\":\"Externalizaci\u00f3n de servicios de oficina t\u00e9cnica e ingenier\u00eda.\",\"potentialAction\":[{\"@type\":\"SearchAction\",\"target\":{\"@type\":\"EntryPoint\",\"urlTemplate\":\"https:\\\/\\\/servicios.easyworks.es\\\/?s={search_term_string}\"},\"query-input\":{\"@type\":\"PropertyValueSpecification\",\"valueRequired\":true,\"valueName\":\"search_term_string\"}}],\"inLanguage\":\"en-GB\"}]}<\/script>\n<!-- \/ Yoast SEO plugin. -->","yoast_head_json":{"title":"Model Parameterization","description":"Reduce los tiempos de tus ciclos de dise\u00f1o gracias a la parametrizacion de tus modelos y llega m\u00e1s r\u00e1pido al mercado.","robots":{"index":"index","follow":"follow","max-snippet":"max-snippet:-1","max-image-preview":"max-image-preview:large","max-video-preview":"max-video-preview:-1"},"canonical":"https:\/\/servicios.easyworks.es\/en\/parametrizacion-de-modelos\/","og_locale":"en_GB","og_type":"article","og_title":"[:en]Model Parameterization[:es]Parametrizaci\u00f3n de modelos[:] - Easyworks","og_description":"[:es]Reduce los tiempos de tus ciclos de dise\u00f1o gracias a la parametrizacion de tus modelos y llega m\u00e1s r\u00e1pido al mercado.[:]","og_url":"https:\/\/servicios.easyworks.es\/en\/parametrizacion-de-modelos\/","og_site_name":"Easyworks","article_modified_time":"2025-02-10T07:18:05+00:00","og_image":[{"width":1634,"height":1080,"url":"https:\/\/servicios.easyworks.es\/wp-content\/uploads\/2025\/01\/WN25-SW6-2-DimXpert-Drafted-Geometry.png","type":"image\/png"}],"twitter_card":"summary_large_image","twitter_misc":{"Estimated reading time":"4 minutes"},"schema":{"@context":"https:\/\/schema.org","@graph":[{"@type":"WebPage","@id":"https:\/\/servicios.easyworks.es\/parametrizacion-de-modelos\/","url":"https:\/\/servicios.easyworks.es\/parametrizacion-de-modelos\/","name":"Model Parameterization","isPartOf":{"@id":"https:\/\/servicios.easyworks.es\/#website"},"primaryImageOfPage":{"@id":"https:\/\/servicios.easyworks.es\/parametrizacion-de-modelos\/#primaryimage"},"image":{"@id":"https:\/\/servicios.easyworks.es\/parametrizacion-de-modelos\/#primaryimage"},"thumbnailUrl":"https:\/\/servicios.easyworks.es\/wp-content\/uploads\/2025\/01\/WN25-SW6-2-DimXpert-Drafted-Geometry.png","datePublished":"2025-01-30T09:40:41+00:00","dateModified":"2025-02-10T07:18:05+00:00","description":"Reduce los tiempos de tus ciclos de dise\u00f1o gracias a la parametrizacion de tus modelos y llega m\u00e1s r\u00e1pido al mercado.","breadcrumb":{"@id":"https:\/\/servicios.easyworks.es\/parametrizacion-de-modelos\/#breadcrumb"},"inLanguage":"en-GB","potentialAction":[{"@type":"ReadAction","target":["https:\/\/servicios.easyworks.es\/parametrizacion-de-modelos\/"]}]},{"@type":"ImageObject","inLanguage":"en-GB","@id":"https:\/\/servicios.easyworks.es\/parametrizacion-de-modelos\/#primaryimage","url":"https:\/\/servicios.easyworks.es\/wp-content\/uploads\/2025\/01\/WN25-SW6-2-DimXpert-Drafted-Geometry.png","contentUrl":"https:\/\/servicios.easyworks.es\/wp-content\/uploads\/2025\/01\/WN25-SW6-2-DimXpert-Drafted-Geometry.png","width":1634,"height":1080},{"@type":"BreadcrumbList","@id":"https:\/\/servicios.easyworks.es\/parametrizacion-de-modelos\/#breadcrumb","itemListElement":[{"@type":"ListItem","position":1,"name":"Portada","item":"https:\/\/servicios.easyworks.es\/"},{"@type":"ListItem","position":2,"name":"Parametrizaci\u00f3n de modelos"}]},{"@type":"WebSite","@id":"https:\/\/servicios.easyworks.es\/#website","url":"https:\/\/servicios.easyworks.es\/","name":"Easyworks","description":"Externalizaci\u00f3n de servicios de oficina t\u00e9cnica e ingenier\u00eda.","potentialAction":[{"@type":"SearchAction","target":{"@type":"EntryPoint","urlTemplate":"https:\/\/servicios.easyworks.es\/?s={search_term_string}"},"query-input":{"@type":"PropertyValueSpecification","valueRequired":true,"valueName":"search_term_string"}}],"inLanguage":"en-GB"}]}},"_links":{"self":[{"href":"https:\/\/servicios.easyworks.es\/en\/wp-json\/wp\/v2\/pages\/5373","targetHints":{"allow":["GET"]}}],"collection":[{"href":"https:\/\/servicios.easyworks.es\/en\/wp-json\/wp\/v2\/pages"}],"about":[{"href":"https:\/\/servicios.easyworks.es\/en\/wp-json\/wp\/v2\/types\/page"}],"author":[{"embeddable":true,"href":"https:\/\/servicios.easyworks.es\/en\/wp-json\/wp\/v2\/users\/6"}],"replies":[{"embeddable":true,"href":"https:\/\/servicios.easyworks.es\/en\/wp-json\/wp\/v2\/comments?post=5373"}],"version-history":[{"count":172,"href":"https:\/\/servicios.easyworks.es\/en\/wp-json\/wp\/v2\/pages\/5373\/revisions"}],"predecessor-version":[{"id":5579,"href":"https:\/\/servicios.easyworks.es\/en\/wp-json\/wp\/v2\/pages\/5373\/revisions\/5579"}],"wp:featuredmedia":[{"embeddable":true,"href":"https:\/\/servicios.easyworks.es\/en\/wp-json\/wp\/v2\/media\/5470"}],"wp:attachment":[{"href":"https:\/\/servicios.easyworks.es\/en\/wp-json\/wp\/v2\/media?parent=5373"}],"curies":[{"name":"wp","href":"https:\/\/api.w.org\/{rel}","templated":true}]}}