{"id":5046,"date":"2024-05-22T10:13:28","date_gmt":"2024-05-22T08:13:28","guid":{"rendered":"https:\/\/servicios.easyworks.es\/?page_id=5046"},"modified":"2024-06-04T13:58:51","modified_gmt":"2024-06-04T11:58:51","slug":"manual-de-estilo","status":"publish","type":"page","link":"https:\/\/servicios.easyworks.es\/en\/manual-de-estilo\/","title":{"rendered":"Engineering Style Guide"},"content":{"rendered":"<div class=\"wpb-content-wrapper\"><p>[vc_row content_placement=&#8221;middle&#8221; parallax=&#8221;content-moving-fade&#8221; parallax_image=&#8221;3345&#8243; parallax_speed_bg=&#8221;4.0&#8243;][vc_column][vc_empty_space height=&#8221;90px&#8221;][vc_custom_heading text=&#8221;Engineering Style Guide&#8221; font_container=&#8221;tag:h1|font_size:35px|text_align:center|color:%23000000|line_height:45px&#8221; use_theme_fonts=&#8221;yes&#8221; css_animation=&#8221;fadeInUp&#8221; css=&#8221;&#8221;][vc_empty_space height=&#8221;90px&#8221;][\/vc_column][\/vc_row][vc_row][vc_column width=&#8221;2\/12&#8243;][\/vc_column][vc_column width=&#8221;8\/12&#8243;][vc_column_text css=&#8221;&#8221;]<\/p>\n<h3 style=\"text-align: center;\"><span style=\"color: #007fc4;\">The solution to increase productivity in industrial companies<\/span><\/h3>\n<p><strong>The lack of standardisation in design processes wastes a lot of money for industrial companies<\/strong>. In the absence of precise guidelines, each team member tends to work differently, leading to inconsistencies and errors. In addition, common situations such as the departure or arrival of an employee exacerbate these difficulties.<\/p>\n<p>We are all familiar with cases of employees leaving and, with them, valuable knowledge of ways of working. To this we add onboarding processes in which \u2018bringing a new team member up to speed\u2019 can be an arduous and costly task. These onboarding processes in industrial companies are often lengthy and consume both material and human resources. The solution to these problems involves <strong>analysing, compiling and capturing all your know-how in a living Engineering Style Guide<\/strong> that reflects your reality.[\/vc_column_text][\/vc_column][vc_column width=&#8221;2\/12&#8243;][\/vc_column][\/vc_row][vc_row][vc_column width=&#8221;2\/12&#8243;][\/vc_column][vc_column width=&#8221;5\/12&#8243;][vc_column_text css=&#8221;&#8221;]<\/p>\n<h3>Collect all your know-how in an <span style=\"color: #007fc4;\">Engineering Style Guide<\/span><\/h3>\n<p>When we refer to an Engineering Style Manual, we are talking about a guide composed of a set of precepted criteria, standards, instructions and working protocols for the design and\/or generation of product manufacturing and\/or assembly documentation. A style manual allows you to:<\/p>\n<ul>\n<li><strong>Ensure consistency and quality in designs<\/strong>: Use standardised formats, templates and libraries to ensure that all designers work in unison.<\/li>\n<li><strong>Reduce the likelihood of errors<\/strong>: With clear and detailed guidelines, you minimise the possibility of errors and ensure more efficient production.<\/li>\n<li><strong>Optimise workflows and processes<\/strong>: what is not standardised cannot be improved.<\/li>\n<li><strong>Facilitate the onboarding of new employees<\/strong>: clear instructions help them to integrate quickly and work productively.<\/li>\n<li><strong>Basis for sustainable growth in the medium term<\/strong>.<\/li>\n<\/ul>\n<p>[\/vc_column_text][\/vc_column][vc_column width=&#8221;3\/12&#8243;][vc_empty_space height=&#8221;45px&#8221;][vc_message message_box_style=&#8221;solid-icon&#8221; style=&#8221;round&#8221; message_box_color=&#8221;sky&#8221; css=&#8221;&#8221;]Designed for companies with&#8230;<\/p>\n<ul>\n<li>Unique products or operational processes<br \/>\nSpecialised requirements<br \/>\nComplex workflows<br \/>\nInterdepartmental and supplier collaborations<br \/>\nLengthy onboarding processes<\/li>\n<\/ul>\n<p>[\/vc_message][vc_empty_space]<a style=\"width:px\" href=\"https:\/\/servicios.easyworks.es\/en\/manual-de-estilo\/#CONTACTGUIDE\"  target=\"_self\"  title=\"\" class=\"tt_button   button-center  \" ><span class=\"prim_text\">More information<\/span><\/a>[\/vc_column][vc_column width=&#8221;1\/12&#8243;][\/vc_column][\/vc_row][vc_row css=&#8221;.vc_custom_1716884557915{background-color: #007fc4 !important;}&#8221;][vc_column width=&#8221;1\/12&#8243;][\/vc_column][vc_column width=&#8221;2\/12&#8243;][vc_empty_space height=&#8221;45px&#8221;][vc_single_image image=&#8221;5205&#8243; img_size=&#8221;full&#8221; alignment=&#8221;center&#8221; style=&#8221;vc_box_rounded&#8221; css=&#8221;&#8221;][\/vc_column][vc_column width=&#8221;7\/12&#8243;][vc_column_text css=&#8221;&#8221;]<\/p>\n<h3><span style=\"color: #ffffff;\">A Style guide accessible from any screen<\/span><\/h3>\n<p><span style=\"color: #ffffff;\">We propose the 3DEXPERIENCE Platform as a work tool. An online environment designed for industrial companies, in which CAD software such as SOLIDWORKS is the protagonist. This ecosystem, thanks to its collaborative potential, is the perfect place to implement your Engineering Style Manual:<\/span>[\/vc_column_text][vc_row_inner][vc_column_inner width=&#8221;1\/2&#8243;][vc_column_text css=&#8221;&#8221;]<span style=\"color: #ffffff;\">1. It has a structured Wiki, which allows to clearly and precisely articulate all the protocols and methodologies for 3D design.<\/span><\/p>\n<p><span style=\"color: #ffffff;\">2. A living, interactive knowledge base, supported by the communities.<\/span><\/p>\n<p><span style=\"color: #ffffff;\">3. Search and consultation space for professionals, which in turn serves as a support for standardising work and facilitating onboarding processes.<\/span>[\/vc_column_text][\/vc_column_inner][vc_column_inner width=&#8221;1\/2&#8243;][vc_column_text css=&#8221;&#8221;]<span style=\"color: #ffffff;\">4. Allows all types of formats to be included: CAD models, videos, pdfs, links, 3D files, etc. Highly explanatory and configurable.<\/span><\/p>\n<p><span style=\"color: #ffffff;\">5. Communities to consult doubts and develop a knowledge base and FAQs.<\/span><\/p>\n<p><span style=\"color: #ffffff;\">6. Storage system for templates, configurations, models, etc. accessible to all the professionals in your company.<\/span>[\/vc_column_text][\/vc_column_inner][\/vc_row_inner][\/vc_column][vc_column width=&#8221;1\/12&#8243;][\/vc_column][\/vc_row][vc_row][vc_column width=&#8221;1\/12&#8243;][\/vc_column][vc_column width=&#8221;10\/12&#8243;][vc_custom_heading text=&#8221;Working progress&#8221; use_theme_fonts=&#8221;yes&#8221; css_animation=&#8221;fadeInDown&#8221; css=&#8221;&#8221;][vc_column_text css=&#8221;&#8221;]We want to combine our <strong>product development consultancy<\/strong> with the <strong>implementation of a dynamic digital environment that reflects your know-how<\/strong>. This process will consist of several stages.<\/p>\n<p>With the main objective of standardising your design processes, we propose to <strong>analyse current products and methodologies to identify areas for improvement<\/strong>. We will do this through meetings to gather information, with the aim of bringing together professionals from each team and department to communicate their needs, as well as involving those experienced users who bring so much value to companies. Sample procedures and files will be requested for analysis.<\/p>\n<p>For each improvement identified, we will present <strong>proposals that include new methodologies, protocols, training or software if we consider it necessary<\/strong>. We will assess the training needs of the users and elaborate the project with the person in charge, using the same tool (use of labels, workflow, types of articles, etc.).<\/p>\n<p><strong>The basis of the style guide will be created<\/strong> and used throughout the process of defining procedures, allowing it to be updated according to the needs of the company.[\/vc_column_text][vc_single_image image=&#8221;5244&#8243; img_size=&#8221;full&#8221; css=&#8221;&#8221;][\/vc_column][vc_column width=&#8221;1\/12&#8243;][\/vc_column][\/vc_row][vc_row][vc_column width=&#8221;1\/12&#8243;][\/vc_column][vc_column width=&#8221;5\/12&#8243;][vc_custom_heading text=&#8221;ANALYSIS&#8221; font_container=&#8221;tag:h1|font_size:25px|text_align:center|color:%23000000&#8243; use_theme_fonts=&#8221;yes&#8221; css_animation=&#8221;zoomInUp&#8221;][vc_column_text css=&#8221;&#8221;]<\/p>\n<ul>\n<li style=\"text-align: left;\">We define the objectives of the company and of the manual in particular.<\/li>\n<li style=\"text-align: left;\">We review the documents provided by the client: 3D models, technical data sheets, AutoCAD files, plans, work procedures, etc.<\/li>\n<li style=\"text-align: left;\">The study of work processes, methodologies, systems used, levels of knowledge of the tools, etc.<\/li>\n<li style=\"text-align: left;\">Visits to the facilities for initial meeting and interviews<\/li>\n<li style=\"text-align: left;\">Analysis and current situation of all the information<\/li>\n<li style=\"text-align: left;\">Consultation of doubts<\/li>\n<\/ul>\n<p>[\/vc_column_text][\/vc_column][vc_column width=&#8221;5\/12&#8243;][vc_empty_space height=&#8221;42px&#8221;][vc_single_image image=&#8221;3098&#8243; img_size=&#8221;full&#8221;][\/vc_column][vc_column width=&#8221;1\/12&#8243;][\/vc_column][vc_column][vc_separator color=&#8221;custom&#8221; el_width=&#8221;90&#8243; accent_color=&#8221;#9e9e9e&#8221;][\/vc_column][\/vc_row][vc_row][vc_column width=&#8221;1\/12&#8243;][\/vc_column][vc_column width=&#8221;5\/12&#8243;][vc_empty_space height=&#8221;52px&#8221;][vc_single_image image=&#8221;3099&#8243; img_size=&#8221;full&#8221;][\/vc_column][vc_column width=&#8221;5\/12&#8243;][vc_custom_heading text=&#8221;AREAS FOR IMPROVEMENT AND PROPOSALS&#8221; font_container=&#8221;tag:h1|font_size:25px|text_align:center|color:%23000000&#8243; use_theme_fonts=&#8221;yes&#8221; css_animation=&#8221;zoomInUp&#8221; css=&#8221;&#8221;][vc_column_text css=&#8221;&#8221;]Based on the previous analysis, we present conclusions to detect areas for improvement and propose a series of actions to be implemented. Not all of them need to be carried out, but only those that are most interesting for you and your needs.<\/p>\n<p>Types of proposals we could make to you:<\/p>\n<ul>\n<li>Implementing or modifying work methodologies<\/li>\n<li>Implementation of new tools or Integration of the existing ones CAD &#8211; ERP &#8211; PDM &#8211; MES &#8211; WEB<\/li>\n<li>Development of specific tools<\/li>\n<li>Product standardisation<\/li>\n<li>Receive specialised and personalised training<\/li>\n<\/ul>\n<p>[\/vc_column_text][\/vc_column][vc_column width=&#8221;1\/12&#8243;][\/vc_column][vc_column][vc_separator color=&#8221;custom&#8221; el_width=&#8221;90&#8243; accent_color=&#8221;#9e9e9e&#8221;][\/vc_column][\/vc_row][vc_row][vc_column width=&#8221;1\/12&#8243;][\/vc_column][vc_column width=&#8221;5\/12&#8243;][vc_custom_heading text=&#8221;VALIDATION&#8221; font_container=&#8221;tag:h1|font_size:25px|text_align:center|color:%23000000&#8243; use_theme_fonts=&#8221;yes&#8221; css_animation=&#8221;zoomInUp&#8221; css=&#8221;&#8221;][vc_column_text css=&#8221;&#8221;]<\/p>\n<ul>\n<li>Planning of the project you approve: milestones and deliverables.<\/li>\n<li>Defining and executing the necessary phases<\/li>\n<li>One of the phases may be to run a pilot project.<\/li>\n<li>Establish who is responsible for each task<\/li>\n<\/ul>\n<p>[\/vc_column_text][\/vc_column][vc_column width=&#8221;5\/12&#8243;][vc_empty_space][vc_single_image image=&#8221;3120&#8243; img_size=&#8221;full&#8221;][\/vc_column][vc_column width=&#8221;1\/12&#8243;][\/vc_column][vc_column][vc_separator color=&#8221;custom&#8221; el_width=&#8221;90&#8243; accent_color=&#8221;#9e9e9e&#8221;][\/vc_column][\/vc_row][vc_row][vc_column width=&#8221;1\/12&#8243;][\/vc_column][vc_column width=&#8221;5\/12&#8243;][vc_single_image image=&#8221;3125&#8243; img_size=&#8221;full&#8221;][\/vc_column][vc_column width=&#8221;5\/12&#8243;][vc_custom_heading text=&#8221;STYLE GUIDE&#8221; font_container=&#8221;tag:h1|font_size:25px|text_align:center|color:%23000000&#8243; use_theme_fonts=&#8221;yes&#8221; css_animation=&#8221;zoomInUp&#8221; css=&#8221;&#8221;][vc_column_text css=&#8221;&#8221;]<\/p>\n<ul>\n<li>Summary of implementation of improvements (to optimise time, technical and commercial documentation, and their proper management)<\/li>\n<li>Analysis of the results compared to the starting point.<\/li>\n<li>Delivery of all the project documentation and record of activities carried out.<\/li>\n<li>Implementation of the Style Manual in the business platform.<\/li>\n<\/ul>\n<p>[\/vc_column_text][\/vc_column][vc_column width=&#8221;1\/12&#8243;][\/vc_column][vc_column][vc_separator color=&#8221;custom&#8221; el_width=&#8221;90&#8243; accent_color=&#8221;#9e9e9e&#8221;][\/vc_column][\/vc_row][vc_row][vc_column width=&#8221;1\/12&#8243;][\/vc_column][vc_column width=&#8221;5\/12&#8243;][vc_custom_heading text=&#8221;IMPLEMENTATION&#8221; font_container=&#8221;tag:h1|font_size:25px|text_align:center|color:%23000000&#8243; use_theme_fonts=&#8221;yes&#8221; css_animation=&#8221;zoomInUp&#8221; css=&#8221;&#8221;][vc_column_text css=&#8221;&#8221;]<\/p>\n<ul>\n<li>Commitment to support and accompaniment<\/li>\n<li>Support to the implementation process<\/li>\n<li>Subsequent evaluation and recommendations<\/li>\n<li>Follow-up plan to check the status of the upgrade in the following months<\/li>\n<li>Consideration of possible next steps and review of further requirements<\/li>\n<\/ul>\n<p>[\/vc_column_text][\/vc_column][vc_column width=&#8221;5\/12&#8243;][vc_empty_space][vc_single_image image=&#8221;3195&#8243; img_size=&#8221;full&#8221;][\/vc_column][vc_column width=&#8221;1\/12&#8243;][\/vc_column][\/vc_row][vc_row][vc_column][vc_separator border_width=&#8221;2&#8243; el_width=&#8221;90&#8243;][\/vc_column][vc_column width=&#8221;1\/12&#8243;][\/vc_column][vc_column width=&#8221;5\/12&#8243;][vc_empty_space height=&#8221;52px&#8221;][vc_custom_heading text=&#8221;Are you interested? We call you!&#8221; use_theme_fonts=&#8221;yes&#8221; css_animation=&#8221;fadeInUp&#8221;][vc_column_text]For this service we prefer to talk by phone so you can tell us all the details of your project or idea.<\/p>\n<p>Please complete the form below and a sales consultant will call you. If you prefer to call us you can do so at <a href=\"tel:0034672126097\">(+34) 672 126 097<\/a> or send us an email to <a href=\"mailto:comercial@easyworks.es\">comercial@easyworks.es.<\/a>[\/vc_column_text][\/vc_column][vc_column width=&#8221;5\/12&#8243; el_id=&#8221;CONTACTGUIDE&#8221;]\n<div class=\"wpcf7 no-js\" id=\"wpcf7-f3131-o1\" lang=\"en-US\" dir=\"ltr\" data-wpcf7-id=\"3131\">\n<div class=\"screen-reader-response\"><p role=\"status\" aria-live=\"polite\" aria-atomic=\"true\"><\/p> <ul><\/ul><\/div>\n<form action=\"\/en\/wp-json\/wp\/v2\/pages\/5046#wpcf7-f3131-o1\" method=\"post\" class=\"wpcf7-form init\" aria-label=\"Contact form\" novalidate=\"novalidate\" data-status=\"init\">\n<fieldset class=\"hidden-fields-container\"><input type=\"hidden\" name=\"_wpcf7\" value=\"3131\" \/><input type=\"hidden\" name=\"_wpcf7_version\" value=\"6.1.5\" \/><input type=\"hidden\" name=\"_wpcf7_locale\" value=\"en_US\" \/><input type=\"hidden\" name=\"_wpcf7_unit_tag\" value=\"wpcf7-f3131-o1\" \/><input type=\"hidden\" name=\"_wpcf7_container_post\" value=\"0\" \/><input type=\"hidden\" name=\"_wpcf7_posted_data_hash\" value=\"\" \/><input type=\"hidden\" name=\"lang\" value=\"en\" \/><input type=\"hidden\" name=\"_wpcf7_recaptcha_response\" value=\"\" \/>\n<\/fieldset>\n<p style=\"color:gray;\" class=\"label\">Name and Surname\n<\/p>\n<p><span class=\"wpcf7-form-control-wrap\" data-name=\"text-607\"><input size=\"40\" maxlength=\"400\" class=\"wpcf7-form-control wpcf7-text wpcf7-validates-as-required\" aria-required=\"true\" aria-invalid=\"false\" value=\"\" type=\"text\" name=\"text-607\" \/><\/span>\n<\/p>\n<p style=\"color:gray;\" class=\"label\">Company\n<\/p>\n<p><span class=\"wpcf7-form-control-wrap\" data-name=\"text-106\"><input size=\"40\" maxlength=\"400\" class=\"wpcf7-form-control wpcf7-text wpcf7-validates-as-required\" aria-required=\"true\" aria-invalid=\"false\" value=\"\" type=\"text\" name=\"text-106\" \/><\/span>\n<\/p>\n<p style=\"color:gray;\" class=\"label\">Your Phone\n<\/p>\n<p><span class=\"wpcf7-form-control-wrap\" data-name=\"tel-764\"><input size=\"40\" maxlength=\"400\" class=\"wpcf7-form-control wpcf7-tel wpcf7-validates-as-required wpcf7-text wpcf7-validates-as-tel\" aria-required=\"true\" aria-invalid=\"false\" value=\"\" type=\"tel\" name=\"tel-764\" \/><\/span>\n<\/p>\n<p class=\"label\"><span class=\"wpcf7-form-control-wrap\" data-name=\"acceptance-863\"><span class=\"wpcf7-form-control wpcf7-acceptance\"><span class=\"wpcf7-list-item\"><label><input type=\"checkbox\" name=\"acceptance-863\" value=\"1\" aria-invalid=\"false\" \/><span class=\"wpcf7-list-item-label\">I accept the <a href=\"https:\/\/servicios.easyworks.es\/politica-privacidad\/\">privacy policy<\/a><\/p><\/span><\/label><\/span><\/span><\/span>\n<\/p>\n<p><input class=\"wpcf7-form-control wpcf7-submit has-spinner\" type=\"submit\" value=\"Enviar\" \/>\n<\/p><div class=\"wpcf7-response-output\" aria-hidden=\"true\"><\/div>\n<\/form>\n<\/div>\n[\/vc_column][vc_column width=&#8221;1\/12&#8243;][\/vc_column][\/vc_row]<\/p>\n<\/div>","protected":false},"excerpt":{"rendered":"<p>[vc_row content_placement=&#8221;middle&#8221; parallax=&#8221;content-moving-fade&#8221; parallax_image=&#8221;3345&#8243; parallax_speed_bg=&#8221;4.0&#8243;][vc_column][vc_empty_space height=&#8221;90px&#8221;][vc_custom_heading text=&#8221;Engineering Style Guide&#8221; font_container=&#8221;tag:h1|font_size:35px|text_align:center|color:%23000000|line_height:45px&#8221; use_theme_fonts=&#8221;yes&#8221; css_animation=&#8221;fadeInUp&#8221; css=&#8221;&#8221;][vc_empty_space height=&#8221;90px&#8221;][\/vc_column][\/vc_row][vc_row][vc_column width=&#8221;2\/12&#8243;][\/vc_column][vc_column width=&#8221;8\/12&#8243;][vc_column_text css=&#8221;&#8221;] The solution to increase productivity in [&hellip;]<\/p>\n","protected":false},"author":6,"featured_media":3125,"parent":0,"menu_order":0,"comment_status":"closed","ping_status":"closed","template":"","meta":{"rs_blank_template":"","rs_page_bg_color":"","slide_template_v7":"","footnotes":""},"class_list":["post-5046","page","type-page","status-publish","has-post-thumbnail","hentry"],"yoast_head":"<!-- This site is optimized with the Yoast SEO plugin v27.3 - https:\/\/yoast.com\/product\/yoast-seo-wordpress\/ -->\n<title>Engineering Style Guide<\/title>\n<meta name=\"description\" content=\"Pasos a seguir en una consultor\u00eda de desarrollo de producto por Easyworks: an\u00e1lisis, diagn\u00f3stico, plan de acci\u00f3n, informe de resultados y seguimiento\" \/>\n<meta name=\"robots\" content=\"index, follow, max-snippet:-1, max-image-preview:large, max-video-preview:-1\" \/>\n<link rel=\"canonical\" href=\"https:\/\/servicios.easyworks.es\/en\/manual-de-estilo\/\" \/>\n<meta property=\"og:locale\" content=\"en_GB\" \/>\n<meta property=\"og:locale:alternate\" content=\"es_ES\" \/>\n<meta property=\"og:type\" content=\"article\" \/>\n<meta property=\"og:title\" content=\"Engineering Style Guide\" \/>\n<meta property=\"og:description\" content=\"Pasos a seguir en una consultor\u00eda de desarrollo de producto por Easyworks: an\u00e1lisis, diagn\u00f3stico, plan de acci\u00f3n, informe de resultados y seguimiento\" \/>\n<meta property=\"og:url\" content=\"https:\/\/servicios.easyworks.es\/en\/manual-de-estilo\/\" \/>\n<meta property=\"og:site_name\" content=\"Easyworks\" \/>\n<meta property=\"article:modified_time\" content=\"2024-06-04T11:58:51+00:00\" \/>\n<meta property=\"og:image\" content=\"https:\/\/servicios.easyworks.es\/wp-content\/uploads\/2019\/04\/11-min.jpg\" \/>\n\t<meta property=\"og:image:width\" content=\"4928\" \/>\n\t<meta property=\"og:image:height\" content=\"3264\" \/>\n\t<meta property=\"og:image:type\" content=\"image\/jpeg\" \/>\n<meta name=\"twitter:card\" content=\"summary_large_image\" \/>\n<meta name=\"twitter:label1\" content=\"Estimated reading time\" \/>\n\t<meta name=\"twitter:data1\" content=\"5 minutes\" \/>\n<script type=\"application\/ld+json\" class=\"yoast-schema-graph\">{\"@context\":\"https:\\\/\\\/schema.org\",\"@graph\":[{\"@type\":\"WebPage\",\"@id\":\"https:\\\/\\\/servicios.easyworks.es\\\/manual-de-estilo\\\/\",\"url\":\"https:\\\/\\\/servicios.easyworks.es\\\/manual-de-estilo\\\/\",\"name\":\"Engineering Style Guide\",\"isPartOf\":{\"@id\":\"https:\\\/\\\/servicios.easyworks.es\\\/#website\"},\"primaryImageOfPage\":{\"@id\":\"https:\\\/\\\/servicios.easyworks.es\\\/manual-de-estilo\\\/#primaryimage\"},\"image\":{\"@id\":\"https:\\\/\\\/servicios.easyworks.es\\\/manual-de-estilo\\\/#primaryimage\"},\"thumbnailUrl\":\"https:\\\/\\\/servicios.easyworks.es\\\/wp-content\\\/uploads\\\/2019\\\/04\\\/11-min.jpg\",\"datePublished\":\"2024-05-22T08:13:28+00:00\",\"dateModified\":\"2024-06-04T11:58:51+00:00\",\"description\":\"Pasos a seguir en una consultor\u00eda de desarrollo de producto por Easyworks: an\u00e1lisis, diagn\u00f3stico, plan de acci\u00f3n, informe de resultados y seguimiento\",\"breadcrumb\":{\"@id\":\"https:\\\/\\\/servicios.easyworks.es\\\/manual-de-estilo\\\/#breadcrumb\"},\"inLanguage\":\"en-GB\",\"potentialAction\":[{\"@type\":\"ReadAction\",\"target\":[\"https:\\\/\\\/servicios.easyworks.es\\\/manual-de-estilo\\\/\"]}]},{\"@type\":\"ImageObject\",\"inLanguage\":\"en-GB\",\"@id\":\"https:\\\/\\\/servicios.easyworks.es\\\/manual-de-estilo\\\/#primaryimage\",\"url\":\"https:\\\/\\\/servicios.easyworks.es\\\/wp-content\\\/uploads\\\/2019\\\/04\\\/11-min.jpg\",\"contentUrl\":\"https:\\\/\\\/servicios.easyworks.es\\\/wp-content\\\/uploads\\\/2019\\\/04\\\/11-min.jpg\",\"width\":4928,\"height\":3264,\"caption\":\"consultor\u00eda Galicia\"},{\"@type\":\"BreadcrumbList\",\"@id\":\"https:\\\/\\\/servicios.easyworks.es\\\/manual-de-estilo\\\/#breadcrumb\",\"itemListElement\":[{\"@type\":\"ListItem\",\"position\":1,\"name\":\"Portada\",\"item\":\"https:\\\/\\\/servicios.easyworks.es\\\/\"},{\"@type\":\"ListItem\",\"position\":2,\"name\":\"Manual de Estilo de Ingenier\u00eda\"}]},{\"@type\":\"WebSite\",\"@id\":\"https:\\\/\\\/servicios.easyworks.es\\\/#website\",\"url\":\"https:\\\/\\\/servicios.easyworks.es\\\/\",\"name\":\"Easyworks\",\"description\":\"Externalizaci\u00f3n de servicios de oficina t\u00e9cnica e ingenier\u00eda.\",\"potentialAction\":[{\"@type\":\"SearchAction\",\"target\":{\"@type\":\"EntryPoint\",\"urlTemplate\":\"https:\\\/\\\/servicios.easyworks.es\\\/?s={search_term_string}\"},\"query-input\":{\"@type\":\"PropertyValueSpecification\",\"valueRequired\":true,\"valueName\":\"search_term_string\"}}],\"inLanguage\":\"en-GB\"}]}<\/script>\n<!-- \/ Yoast SEO plugin. -->","yoast_head_json":{"title":"Engineering Style Guide","description":"Pasos a seguir en una consultor\u00eda de desarrollo de producto por Easyworks: an\u00e1lisis, diagn\u00f3stico, plan de acci\u00f3n, informe de resultados y seguimiento","robots":{"index":"index","follow":"follow","max-snippet":"max-snippet:-1","max-image-preview":"max-image-preview:large","max-video-preview":"max-video-preview:-1"},"canonical":"https:\/\/servicios.easyworks.es\/en\/manual-de-estilo\/","og_locale":"en_GB","og_type":"article","og_title":"[:en]Engineering Style Guide[:es]Manual de Estilo de Ingenier\u00eda[:] - Easyworks","og_description":"[:en]Pasos a seguir en una consultor\u00eda de desarrollo de producto por Easyworks: an\u00e1lisis, diagn\u00f3stico, plan de acci\u00f3n, informe de resultados y seguimiento[:es]Pasos a seguir en la implementaci\u00f3n de un manual de estilo de ingenier\u00eda en Easyworks: estandariza tus procesos de dise\u00f1o[:]","og_url":"https:\/\/servicios.easyworks.es\/en\/manual-de-estilo\/","og_site_name":"Easyworks","article_modified_time":"2024-06-04T11:58:51+00:00","og_image":[{"width":4928,"height":3264,"url":"https:\/\/servicios.easyworks.es\/wp-content\/uploads\/2019\/04\/11-min.jpg","type":"image\/jpeg"}],"twitter_card":"summary_large_image","twitter_misc":{"Estimated reading time":"5 minutes"},"schema":{"@context":"https:\/\/schema.org","@graph":[{"@type":"WebPage","@id":"https:\/\/servicios.easyworks.es\/manual-de-estilo\/","url":"https:\/\/servicios.easyworks.es\/manual-de-estilo\/","name":"Engineering Style Guide","isPartOf":{"@id":"https:\/\/servicios.easyworks.es\/#website"},"primaryImageOfPage":{"@id":"https:\/\/servicios.easyworks.es\/manual-de-estilo\/#primaryimage"},"image":{"@id":"https:\/\/servicios.easyworks.es\/manual-de-estilo\/#primaryimage"},"thumbnailUrl":"https:\/\/servicios.easyworks.es\/wp-content\/uploads\/2019\/04\/11-min.jpg","datePublished":"2024-05-22T08:13:28+00:00","dateModified":"2024-06-04T11:58:51+00:00","description":"Pasos a seguir en una consultor\u00eda de desarrollo de producto por Easyworks: an\u00e1lisis, diagn\u00f3stico, plan de acci\u00f3n, informe de resultados y seguimiento","breadcrumb":{"@id":"https:\/\/servicios.easyworks.es\/manual-de-estilo\/#breadcrumb"},"inLanguage":"en-GB","potentialAction":[{"@type":"ReadAction","target":["https:\/\/servicios.easyworks.es\/manual-de-estilo\/"]}]},{"@type":"ImageObject","inLanguage":"en-GB","@id":"https:\/\/servicios.easyworks.es\/manual-de-estilo\/#primaryimage","url":"https:\/\/servicios.easyworks.es\/wp-content\/uploads\/2019\/04\/11-min.jpg","contentUrl":"https:\/\/servicios.easyworks.es\/wp-content\/uploads\/2019\/04\/11-min.jpg","width":4928,"height":3264,"caption":"consultor\u00eda Galicia"},{"@type":"BreadcrumbList","@id":"https:\/\/servicios.easyworks.es\/manual-de-estilo\/#breadcrumb","itemListElement":[{"@type":"ListItem","position":1,"name":"Portada","item":"https:\/\/servicios.easyworks.es\/"},{"@type":"ListItem","position":2,"name":"Manual de Estilo de Ingenier\u00eda"}]},{"@type":"WebSite","@id":"https:\/\/servicios.easyworks.es\/#website","url":"https:\/\/servicios.easyworks.es\/","name":"Easyworks","description":"Externalizaci\u00f3n de servicios de oficina t\u00e9cnica e ingenier\u00eda.","potentialAction":[{"@type":"SearchAction","target":{"@type":"EntryPoint","urlTemplate":"https:\/\/servicios.easyworks.es\/?s={search_term_string}"},"query-input":{"@type":"PropertyValueSpecification","valueRequired":true,"valueName":"search_term_string"}}],"inLanguage":"en-GB"}]}},"_links":{"self":[{"href":"https:\/\/servicios.easyworks.es\/en\/wp-json\/wp\/v2\/pages\/5046","targetHints":{"allow":["GET"]}}],"collection":[{"href":"https:\/\/servicios.easyworks.es\/en\/wp-json\/wp\/v2\/pages"}],"about":[{"href":"https:\/\/servicios.easyworks.es\/en\/wp-json\/wp\/v2\/types\/page"}],"author":[{"embeddable":true,"href":"https:\/\/servicios.easyworks.es\/en\/wp-json\/wp\/v2\/users\/6"}],"replies":[{"embeddable":true,"href":"https:\/\/servicios.easyworks.es\/en\/wp-json\/wp\/v2\/comments?post=5046"}],"version-history":[{"count":186,"href":"https:\/\/servicios.easyworks.es\/en\/wp-json\/wp\/v2\/pages\/5046\/revisions"}],"predecessor-version":[{"id":5230,"href":"https:\/\/servicios.easyworks.es\/en\/wp-json\/wp\/v2\/pages\/5046\/revisions\/5230"}],"wp:featuredmedia":[{"embeddable":true,"href":"https:\/\/servicios.easyworks.es\/en\/wp-json\/wp\/v2\/media\/3125"}],"wp:attachment":[{"href":"https:\/\/servicios.easyworks.es\/en\/wp-json\/wp\/v2\/media?parent=5046"}],"curies":[{"name":"wp","href":"https:\/\/api.w.org\/{rel}","templated":true}]}}