{"id":4983,"date":"2023-12-04T12:03:04","date_gmt":"2023-12-04T11:03:04","guid":{"rendered":"https:\/\/servicios.easyworks.es\/?page_id=4983"},"modified":"2024-07-29T09:27:21","modified_gmt":"2024-07-29T07:27:21","slug":"calculo-estructural","status":"publish","type":"page","link":"https:\/\/servicios.easyworks.es\/en\/calculo-estructural\/","title":{"rendered":"Structural Analysis"},"content":{"rendered":"<div class=\"wpb-content-wrapper\"><p>[vc_row gap=&#8221;15&#8243; content_placement=&#8221;middle&#8221; parallax=&#8221;content-moving-fade&#8221; parallax_image=&#8221;5009&#8243; parallax_speed_bg=&#8221;3.5&#8243;][vc_column width=&#8221;1\/12&#8243;][\/vc_column][vc_column width=&#8221;10\/12&#8243;][vc_empty_space height=&#8221;90px&#8221;][vc_custom_heading text=&#8221;Steel Structural Analysis&#8221; font_container=&#8221;tag:h2|font_size:35px|text_align:left|color:%23ffffff|line_height:45px&#8221; use_theme_fonts=&#8221;yes&#8221; css_animation=&#8221;fadeInUp&#8221;][vc_separator color=&#8221;blue&#8221; align=&#8221;align_left&#8221; el_width=&#8221;10&#8243;][vc_empty_space height=&#8221;90px&#8221;][\/vc_column][vc_column width=&#8221;1\/12&#8243;][\/vc_column][\/vc_row][vc_row][vc_column][vc_row_inner el_class=&#8221;container&#8221;][vc_column_inner width=&#8221;2\/3&#8243;][vc_column_text]Analysis and dimensioning of steel structures, following the guidelines and regulations outlined in the official regulatory frameworks. Designed for those works that require not only compliance with legal standards, but also an exhaustive justification of compliance with these requirements in the project reports. Our work covers a wide range of structural projects:<\/p>\n<ul>\n<li>Canopies.<\/li>\n<li>Platforms.<\/li>\n<li>Footbridges.<\/li>\n<li>Portico structures.<\/li>\n<li>Industrial buildings.<\/li>\n<li>Bolted and welded joints.<\/li>\n<li>Anchor plates.<\/li>\n<\/ul>\n<p>All this in compliance with the regulations you indicate, reporting the supporting documents with the maximum detail, referencing the articles of application and their formulas and calculations solved in detail, detailing whether or not it complies with the standard in question. For further information, please contact us.[\/vc_column_text][\/vc_column_inner][vc_column_inner width=&#8221;1\/3&#8243;][vc_single_image image=&#8221;4930&#8243; img_size=&#8221;full&#8221;][\/vc_column_inner][vc_column_inner][vc_separator][vc_custom_heading text=&#8221;Softwares used&#8221; font_container=&#8221;tag:h3|text_align:center&#8221; use_theme_fonts=&#8221;yes&#8221;][vc_empty_space][\/vc_column_inner][\/vc_row_inner][\/vc_column][\/vc_row][vc_row][vc_column][vc_row_inner el_class=&#8221;container&#8221;][vc_column_inner width=&#8221;1\/2&#8243;][vc_single_image image=&#8221;5000&#8243; alignment=&#8221;center&#8221;][vc_column_text]For the analysis, we use the software CYPE 3D, suitable for calculating any type of structural framework formed by bars and even for dimensioning both welded and bolted joints.[\/vc_column_text][vc_empty_space][\/vc_column_inner][vc_column_inner width=&#8221;1\/2&#8243;][vc_single_image image=&#8221;5003&#8243; img_size=&#8221;medium&#8221; alignment=&#8221;center&#8221;][vc_column_text]We can complete the engineering work with Tekla Structures, 3D modelling software under the BIM philosophy focused on metallic structures of all types. We are a company certified by the manufacturer.[\/vc_column_text][vc_empty_space][\/vc_column_inner][\/vc_row_inner][\/vc_column][\/vc_row][vc_row css=&#8221;.vc_custom_1703158016364{background-color: #d3d3d3 !important;}&#8221;][vc_column][vc_row_inner el_class=&#8221;container&#8221;][vc_column_inner width=&#8221;1\/2&#8243;][vc_empty_space height=&#8221;100px&#8221;][vc_custom_heading text=&#8221;Shall we talk about your project?&#8221; font_container=&#8221;tag:h1|font_size:30px|text_align:center|color:%23000000|line_height:35px&#8221; use_theme_fonts=&#8221;yes&#8221; css_animation=&#8221;slideInDown&#8221;][vc_column_text]For this service we prefer to talk by phone so you can tell us all the details of your project or idea.<\/p>\n<p>Please complete the form below and a sales consultant will call you. If you prefer to call us you can do so at<a href=\"tel:0034672126097\">\u00a0(+34) 672 126 097<\/a>\u00a0or send us an email to\u00a0<a href=\"mailto:comercial@easyworks.es\">comercial@easyworks.es<\/a>.[\/vc_column_text][vc_empty_space height=&#8221;100px&#8221;][\/vc_column_inner][vc_column_inner width=&#8221;1\/2&#8243;]\n<div class=\"wpcf7 no-js\" id=\"wpcf7-f3800-o1\" lang=\"en-US\" dir=\"ltr\" data-wpcf7-id=\"3800\">\n<div class=\"screen-reader-response\"><p role=\"status\" aria-live=\"polite\" aria-atomic=\"true\"><\/p> <ul><\/ul><\/div>\n<form action=\"\/en\/wp-json\/wp\/v2\/pages\/4983#wpcf7-f3800-o1\" method=\"post\" class=\"wpcf7-form init\" aria-label=\"Contact form\" novalidate=\"novalidate\" data-status=\"init\">\n<fieldset class=\"hidden-fields-container\"><input type=\"hidden\" name=\"_wpcf7\" value=\"3800\" \/><input type=\"hidden\" name=\"_wpcf7_version\" value=\"6.1.5\" \/><input type=\"hidden\" name=\"_wpcf7_locale\" value=\"en_US\" \/><input type=\"hidden\" name=\"_wpcf7_unit_tag\" value=\"wpcf7-f3800-o1\" \/><input type=\"hidden\" name=\"_wpcf7_container_post\" value=\"0\" \/><input type=\"hidden\" name=\"_wpcf7_posted_data_hash\" value=\"\" \/><input type=\"hidden\" name=\"lang\" value=\"en\" \/><input type=\"hidden\" name=\"_wpcf7_recaptcha_response\" value=\"\" \/>\n<\/fieldset>\n<p style=\"color:gray;\" class=\"label\">Name and Surname\n<\/p>\n<p><span class=\"wpcf7-form-control-wrap\" data-name=\"text-607\"><input size=\"40\" maxlength=\"400\" class=\"wpcf7-form-control wpcf7-text wpcf7-validates-as-required\" aria-required=\"true\" aria-invalid=\"false\" value=\"\" type=\"text\" name=\"text-607\" \/><\/span>\n<\/p>\n<p style=\"color:gray;\" class=\"label\">Company\n<\/p>\n<p><span class=\"wpcf7-form-control-wrap\" data-name=\"text-106\"><input size=\"40\" maxlength=\"400\" class=\"wpcf7-form-control wpcf7-text wpcf7-validates-as-required\" aria-required=\"true\" aria-invalid=\"false\" value=\"\" type=\"text\" name=\"text-106\" \/><\/span>\n<\/p>\n<p style=\"color:gray;\" class=\"label\">Your Phone\n<\/p>\n<p><span class=\"wpcf7-form-control-wrap\" data-name=\"tel-764\"><input size=\"40\" maxlength=\"400\" class=\"wpcf7-form-control wpcf7-tel wpcf7-validates-as-required wpcf7-text wpcf7-validates-as-tel\" aria-required=\"true\" aria-invalid=\"false\" value=\"\" type=\"tel\" name=\"tel-764\" \/><\/span>\n<\/p>\n<p class=\"label\"><span class=\"wpcf7-form-control-wrap\" data-name=\"acceptance-350\"><span class=\"wpcf7-form-control wpcf7-acceptance\"><span class=\"wpcf7-list-item\"><label><input type=\"checkbox\" name=\"acceptance-350\" value=\"1\" aria-invalid=\"false\" \/><span class=\"wpcf7-list-item-label\">I accept the <a href=\"https:\/\/servicios.easyworks.es\/politica-privacidad\/\">privacy policy<\/a><\/p><\/span><\/label><\/span><\/span><\/span><br \/>\n<input class=\"wpcf7-form-control wpcf7-submit has-spinner\" type=\"submit\" value=\"Enviar\" \/>\n<\/p><div class=\"wpcf7-response-output\" aria-hidden=\"true\"><\/div>\n<\/form>\n<\/div>\n[\/vc_column_inner][\/vc_row_inner][\/vc_column][\/vc_row]<\/p>\n<\/div>","protected":false},"excerpt":{"rendered":"<p>[vc_row gap=&#8221;15&#8243; content_placement=&#8221;middle&#8221; parallax=&#8221;content-moving-fade&#8221; parallax_image=&#8221;5009&#8243; parallax_speed_bg=&#8221;3.5&#8243;][vc_column width=&#8221;1\/12&#8243;][\/vc_column][vc_column width=&#8221;10\/12&#8243;][vc_empty_space height=&#8221;90px&#8221;][vc_custom_heading text=&#8221;Steel Structural Analysis&#8221; font_container=&#8221;tag:h2|font_size:35px|text_align:left|color:%23ffffff|line_height:45px&#8221; use_theme_fonts=&#8221;yes&#8221; css_animation=&#8221;fadeInUp&#8221;][vc_separator color=&#8221;blue&#8221; align=&#8221;align_left&#8221; el_width=&#8221;10&#8243;][vc_empty_space height=&#8221;90px&#8221;][\/vc_column][vc_column width=&#8221;1\/12&#8243;][\/vc_column][\/vc_row][vc_row][vc_column][vc_row_inner el_class=&#8221;container&#8221;][vc_column_inner width=&#8221;2\/3&#8243;][vc_column_text]Analysis and [&hellip;]<\/p>\n","protected":false},"author":6,"featured_media":5009,"parent":0,"menu_order":0,"comment_status":"closed","ping_status":"closed","template":"","meta":{"rs_blank_template":"","rs_page_bg_color":"","slide_template_v7":"","footnotes":""},"class_list":["post-4983","page","type-page","status-publish","has-post-thumbnail","hentry"],"yoast_head":"<!-- This site is optimized with the Yoast SEO plugin v27.3 - https:\/\/yoast.com\/product\/yoast-seo-wordpress\/ -->\n<title>Structural Analysis<\/title>\n<meta name=\"robots\" content=\"index, follow, max-snippet:-1, max-image-preview:large, max-video-preview:-1\" \/>\n<link rel=\"canonical\" href=\"https:\/\/servicios.easyworks.es\/en\/calculo-estructural\/\" \/>\n<meta property=\"og:locale\" content=\"en_GB\" \/>\n<meta property=\"og:locale:alternate\" content=\"es_ES\" \/>\n<meta property=\"og:type\" content=\"article\" \/>\n<meta property=\"og:title\" content=\"Structural Analysis\" \/>\n<meta property=\"og:description\" content=\"[vc_row gap=&#8221;15&#8243; content_placement=&#8221;middle&#8221; parallax=&#8221;content-moving-fade&#8221; parallax_image=&#8221;5009&#8243; parallax_speed_bg=&#8221;3.5&#8243;][vc_column width=&#8221;1\/12&#8243;][\/vc_column][vc_column width=&#8221;10\/12&#8243;][vc_empty_space height=&#8221;90px&#8221;][vc_custom_heading text=&#8221;Steel Structural Analysis&#8221; font_container=&#8221;tag:h2|font_size:35px|text_align:left|color:%23ffffff|line_height:45px&#8221; use_theme_fonts=&#8221;yes&#8221; css_animation=&#8221;fadeInUp&#8221;][vc_separator color=&#8221;blue&#8221; align=&#8221;align_left&#8221; el_width=&#8221;10&#8243;][vc_empty_space height=&#8221;90px&#8221;][\/vc_column][vc_column width=&#8221;1\/12&#8243;][\/vc_column][\/vc_row][vc_row][vc_column][vc_row_inner el_class=&#8221;container&#8221;][vc_column_inner width=&#8221;2\/3&#8243;][vc_column_text]Analysis and [&hellip;]\" \/>\n<meta property=\"og:url\" content=\"https:\/\/servicios.easyworks.es\/en\/calculo-estructural\/\" \/>\n<meta property=\"og:site_name\" content=\"Easyworks\" \/>\n<meta property=\"article:modified_time\" content=\"2024-07-29T07:27:21+00:00\" \/>\n<meta property=\"og:image\" content=\"https:\/\/servicios.easyworks.es\/wp-content\/uploads\/2023\/12\/CALCULO.png\" \/>\n\t<meta property=\"og:image:width\" content=\"1440\" \/>\n\t<meta property=\"og:image:height\" content=\"696\" \/>\n\t<meta property=\"og:image:type\" content=\"image\/png\" \/>\n<meta name=\"twitter:card\" content=\"summary_large_image\" \/>\n<meta name=\"twitter:label1\" content=\"Estimated reading time\" \/>\n\t<meta name=\"twitter:data1\" content=\"5 minutes\" \/>\n<script type=\"application\/ld+json\" class=\"yoast-schema-graph\">{\"@context\":\"https:\\\/\\\/schema.org\",\"@graph\":[{\"@type\":\"WebPage\",\"@id\":\"https:\\\/\\\/servicios.easyworks.es\\\/calculo-estructural\\\/\",\"url\":\"https:\\\/\\\/servicios.easyworks.es\\\/calculo-estructural\\\/\",\"name\":\"Structural Analysis\",\"isPartOf\":{\"@id\":\"https:\\\/\\\/servicios.easyworks.es\\\/#website\"},\"primaryImageOfPage\":{\"@id\":\"https:\\\/\\\/servicios.easyworks.es\\\/calculo-estructural\\\/#primaryimage\"},\"image\":{\"@id\":\"https:\\\/\\\/servicios.easyworks.es\\\/calculo-estructural\\\/#primaryimage\"},\"thumbnailUrl\":\"https:\\\/\\\/servicios.easyworks.es\\\/wp-content\\\/uploads\\\/2023\\\/12\\\/CALCULO.png\",\"datePublished\":\"2023-12-04T11:03:04+00:00\",\"dateModified\":\"2024-07-29T07:27:21+00:00\",\"breadcrumb\":{\"@id\":\"https:\\\/\\\/servicios.easyworks.es\\\/calculo-estructural\\\/#breadcrumb\"},\"inLanguage\":\"en-GB\",\"potentialAction\":[{\"@type\":\"ReadAction\",\"target\":[\"https:\\\/\\\/servicios.easyworks.es\\\/calculo-estructural\\\/\"]}]},{\"@type\":\"ImageObject\",\"inLanguage\":\"en-GB\",\"@id\":\"https:\\\/\\\/servicios.easyworks.es\\\/calculo-estructural\\\/#primaryimage\",\"url\":\"https:\\\/\\\/servicios.easyworks.es\\\/wp-content\\\/uploads\\\/2023\\\/12\\\/CALCULO.png\",\"contentUrl\":\"https:\\\/\\\/servicios.easyworks.es\\\/wp-content\\\/uploads\\\/2023\\\/12\\\/CALCULO.png\",\"width\":1440,\"height\":696},{\"@type\":\"BreadcrumbList\",\"@id\":\"https:\\\/\\\/servicios.easyworks.es\\\/calculo-estructural\\\/#breadcrumb\",\"itemListElement\":[{\"@type\":\"ListItem\",\"position\":1,\"name\":\"Portada\",\"item\":\"https:\\\/\\\/servicios.easyworks.es\\\/\"},{\"@type\":\"ListItem\",\"position\":2,\"name\":\"C\u00e1lculo estructural\"}]},{\"@type\":\"WebSite\",\"@id\":\"https:\\\/\\\/servicios.easyworks.es\\\/#website\",\"url\":\"https:\\\/\\\/servicios.easyworks.es\\\/\",\"name\":\"Easyworks\",\"description\":\"Externalizaci\u00f3n de servicios de oficina t\u00e9cnica e ingenier\u00eda.\",\"potentialAction\":[{\"@type\":\"SearchAction\",\"target\":{\"@type\":\"EntryPoint\",\"urlTemplate\":\"https:\\\/\\\/servicios.easyworks.es\\\/?s={search_term_string}\"},\"query-input\":{\"@type\":\"PropertyValueSpecification\",\"valueRequired\":true,\"valueName\":\"search_term_string\"}}],\"inLanguage\":\"en-GB\"}]}<\/script>\n<!-- \/ Yoast SEO plugin. -->","yoast_head_json":{"title":"Structural Analysis","robots":{"index":"index","follow":"follow","max-snippet":"max-snippet:-1","max-image-preview":"max-image-preview:large","max-video-preview":"max-video-preview:-1"},"canonical":"https:\/\/servicios.easyworks.es\/en\/calculo-estructural\/","og_locale":"en_GB","og_type":"article","og_title":"[:es]Servicios de [:en]Structural Analysis[:es]C\u00e1lculo estructural[:] en Galicia- Easyworks[:]","og_description":"[vc_row gap=&#8221;15&#8243; content_placement=&#8221;middle&#8221; parallax=&#8221;content-moving-fade&#8221; parallax_image=&#8221;5009&#8243; parallax_speed_bg=&#8221;3.5&#8243;][vc_column width=&#8221;1\/12&#8243;][\/vc_column][vc_column width=&#8221;10\/12&#8243;][vc_empty_space height=&#8221;90px&#8221;][vc_custom_heading text=&#8221;Steel Structural Analysis&#8221; font_container=&#8221;tag:h2|font_size:35px|text_align:left|color:%23ffffff|line_height:45px&#8221; use_theme_fonts=&#8221;yes&#8221; css_animation=&#8221;fadeInUp&#8221;][vc_separator color=&#8221;blue&#8221; align=&#8221;align_left&#8221; el_width=&#8221;10&#8243;][vc_empty_space height=&#8221;90px&#8221;][\/vc_column][vc_column width=&#8221;1\/12&#8243;][\/vc_column][\/vc_row][vc_row][vc_column][vc_row_inner el_class=&#8221;container&#8221;][vc_column_inner width=&#8221;2\/3&#8243;][vc_column_text]Analysis and [&hellip;]","og_url":"https:\/\/servicios.easyworks.es\/en\/calculo-estructural\/","og_site_name":"Easyworks","article_modified_time":"2024-07-29T07:27:21+00:00","og_image":[{"width":1440,"height":696,"url":"https:\/\/servicios.easyworks.es\/wp-content\/uploads\/2023\/12\/CALCULO.png","type":"image\/png"}],"twitter_card":"summary_large_image","twitter_misc":{"Estimated reading time":"5 minutes"},"schema":{"@context":"https:\/\/schema.org","@graph":[{"@type":"WebPage","@id":"https:\/\/servicios.easyworks.es\/calculo-estructural\/","url":"https:\/\/servicios.easyworks.es\/calculo-estructural\/","name":"Structural Analysis","isPartOf":{"@id":"https:\/\/servicios.easyworks.es\/#website"},"primaryImageOfPage":{"@id":"https:\/\/servicios.easyworks.es\/calculo-estructural\/#primaryimage"},"image":{"@id":"https:\/\/servicios.easyworks.es\/calculo-estructural\/#primaryimage"},"thumbnailUrl":"https:\/\/servicios.easyworks.es\/wp-content\/uploads\/2023\/12\/CALCULO.png","datePublished":"2023-12-04T11:03:04+00:00","dateModified":"2024-07-29T07:27:21+00:00","breadcrumb":{"@id":"https:\/\/servicios.easyworks.es\/calculo-estructural\/#breadcrumb"},"inLanguage":"en-GB","potentialAction":[{"@type":"ReadAction","target":["https:\/\/servicios.easyworks.es\/calculo-estructural\/"]}]},{"@type":"ImageObject","inLanguage":"en-GB","@id":"https:\/\/servicios.easyworks.es\/calculo-estructural\/#primaryimage","url":"https:\/\/servicios.easyworks.es\/wp-content\/uploads\/2023\/12\/CALCULO.png","contentUrl":"https:\/\/servicios.easyworks.es\/wp-content\/uploads\/2023\/12\/CALCULO.png","width":1440,"height":696},{"@type":"BreadcrumbList","@id":"https:\/\/servicios.easyworks.es\/calculo-estructural\/#breadcrumb","itemListElement":[{"@type":"ListItem","position":1,"name":"Portada","item":"https:\/\/servicios.easyworks.es\/"},{"@type":"ListItem","position":2,"name":"C\u00e1lculo estructural"}]},{"@type":"WebSite","@id":"https:\/\/servicios.easyworks.es\/#website","url":"https:\/\/servicios.easyworks.es\/","name":"Easyworks","description":"Externalizaci\u00f3n de servicios de oficina t\u00e9cnica e ingenier\u00eda.","potentialAction":[{"@type":"SearchAction","target":{"@type":"EntryPoint","urlTemplate":"https:\/\/servicios.easyworks.es\/?s={search_term_string}"},"query-input":{"@type":"PropertyValueSpecification","valueRequired":true,"valueName":"search_term_string"}}],"inLanguage":"en-GB"}]}},"_links":{"self":[{"href":"https:\/\/servicios.easyworks.es\/en\/wp-json\/wp\/v2\/pages\/4983","targetHints":{"allow":["GET"]}}],"collection":[{"href":"https:\/\/servicios.easyworks.es\/en\/wp-json\/wp\/v2\/pages"}],"about":[{"href":"https:\/\/servicios.easyworks.es\/en\/wp-json\/wp\/v2\/types\/page"}],"author":[{"embeddable":true,"href":"https:\/\/servicios.easyworks.es\/en\/wp-json\/wp\/v2\/users\/6"}],"replies":[{"embeddable":true,"href":"https:\/\/servicios.easyworks.es\/en\/wp-json\/wp\/v2\/comments?post=4983"}],"version-history":[{"count":24,"href":"https:\/\/servicios.easyworks.es\/en\/wp-json\/wp\/v2\/pages\/4983\/revisions"}],"predecessor-version":[{"id":5324,"href":"https:\/\/servicios.easyworks.es\/en\/wp-json\/wp\/v2\/pages\/4983\/revisions\/5324"}],"wp:featuredmedia":[{"embeddable":true,"href":"https:\/\/servicios.easyworks.es\/en\/wp-json\/wp\/v2\/media\/5009"}],"wp:attachment":[{"href":"https:\/\/servicios.easyworks.es\/en\/wp-json\/wp\/v2\/media?parent=4983"}],"curies":[{"name":"wp","href":"https:\/\/api.w.org\/{rel}","templated":true}]}}