{"id":4784,"date":"2021-07-19T10:56:06","date_gmt":"2021-07-19T08:56:06","guid":{"rendered":"https:\/\/servicios.easyworks.es\/?page_id=4784"},"modified":"2024-07-29T09:17:01","modified_gmt":"2024-07-29T07:17:01","slug":"vasco-gallega-de-caldereria-s-l-u","status":"publish","type":"page","link":"https:\/\/servicios.easyworks.es\/en\/vasco-gallega-de-caldereria-s-l-u\/","title":{"rendered":"Vasco gallega de calderer\u00eda, S.L.U."},"content":{"rendered":"<div class=\"wpb-content-wrapper\"><p>[vc_row][vc_column width=&#8221;1\/2&#8243;][vc_empty_space height=&#8221;100px&#8221;][vc_single_image image=&#8221;4799&#8243; img_size=&#8221;full&#8221;][vc_gallery type=&#8221;flexslider_slide&#8221; interval=&#8221;3&#8243; images=&#8221;4800,4802,4801,4804,4803&#8243; img_size=&#8221;full&#8221;][\/vc_column][vc_column width=&#8221;1\/2&#8243;][vc_custom_heading text=&#8221;Vasco Gallega de Calderer\u00eda, S.L.U.&#8221; font_container=&#8221;tag:h1|font_size:25px|text_align:left|line_height:30px&#8221; use_theme_fonts=&#8221;yes&#8221;][vc_separator color=&#8221;blue&#8221; align=&#8221;align_left&#8221; border_width=&#8221;2&#8243; el_width=&#8221;10&#8243; css_animation=&#8221;fadeInRight&#8221;][vc_column_text]<b><strong>Cliente:<\/strong> Vasco Gallega de Calderer\u00eda, S.L.U.<br \/>\n<\/b><strong>Armador<\/strong>: Navesco<br \/>\n<strong>Buque<\/strong>: Sider Colombia<img loading=\"lazy\" decoding=\"async\" class=\"alignright size-full wp-image-4792\" src=\"https:\/\/servicios.easyworks.es\/wp-content\/uploads\/2021\/07\/thumbnail_image007.png\" alt=\"\" width=\"135\" height=\"104\" \/><br \/>\n<b><strong>Reto:<\/strong> <\/b>Con este nuevo proyecto se pretend\u00eda ganar nuevos mercados a nivel europeo. Por eso el dise\u00f1o del tim\u00f3n encargado a Easyworks era important\u00edsimo para tener listo el buque en 6 semanas (incluida la fabricaci\u00f3n completa), un plazo record de tiempo considerando la urgencia del cliente.<br \/>\n<b><strong>Servicios:<\/strong><\/b> Realizacion de <strong>ingenieria inversa, modelado 3D, despiece y planos de fabricacion<\/strong> del tim\u00f3n para el buque.<\/p>\n<p>VASCO GALLEGA DE CALDERERIA S.L.U. es una empresa familiar creada en el a\u00f1o 2008 y <strong>dedicada al sector naval<\/strong>. Actualmente, desarrolla su actividad en la fabricaci\u00f3n de equipos de propulsi\u00f3n naval, soldaduras especiales y proyectos que requieran plazos de entrega cortos con niveles de calidad altos.<\/p>\n<p>El trabajo ha consistido en el <strong>modelado 3D<\/strong> de un tim\u00f3n de una embarcaci\u00f3n compuesto de forros con curvatura y diferentes espesores, el de estribor dispone de abotonado para lograr su uni\u00f3n a trav\u00e9s de pletinas con los refuerzos interiores tanto verticales como horizontales. La misi\u00f3n de los n\u00facleos macizos mecanizados ser\u00e1 alojar el componente de eje.<\/p>\n<p>Una vez obtenido el modelo 3D, hemos procedido a la generaci\u00f3n de toda la documentaci\u00f3n necesaria para la aprobaci\u00f3n, corte, conformado y montaje.<\/p>\n<p>[\/vc_column_text][vc_column_text]<\/p>\n<blockquote><p><img loading=\"lazy\" decoding=\"async\" class=\"alignright wp-image-4793\" src=\"https:\/\/servicios.easyworks.es\/wp-content\/uploads\/2021\/07\/YO-e1626683341948.jpg\" alt=\"\" width=\"155\" height=\"173\" srcset=\"https:\/\/servicios.easyworks.es\/wp-content\/uploads\/2021\/07\/YO-e1626683341948.jpg 416w, https:\/\/servicios.easyworks.es\/wp-content\/uploads\/2021\/07\/YO-e1626683341948-269x300.jpg 269w\" sizes=\"auto, (max-width: 155px) 100vw, 155px\" \/>&#8220;Para nosotros, trabajar con Easyworks y sus herramientas significa &#8220;desburocratizar el trabajo de Oficina T\u00e9cnica&#8221;, ya que nos ofrecen una ventaja sobre nuestros competidores en lo referente a la ejecuci\u00f3n de planos. Todo esto es posible gracias a su agilidad y el manejo y control de SOLIDWORKS del equipo t\u00e9cnico que tienen&#8221;<\/p><\/blockquote>\n<p style=\"text-align: left;\"><strong><em>Jorge Vellano Colman<\/em><\/strong><\/p>\n<hr \/>\n<p>&nbsp;<\/p>\n<p style=\"text-align: left;\"><strong><em>\u00a1Gracias a Vasco Gallega d<\/em><\/strong><strong><em>e Calderer\u00eda por confiar en nosotros! \u2665<\/em><\/strong><\/p>\n<p>[\/vc_column_text][vc_separator align=&#8221;align_left&#8221;][vc_column_text]<b>Datos de contacto del cliente:<\/b><\/p>\n<p><b>VASCO GALLEGA DE CALDERER\u00cdA,S.L.U.<\/b><\/p>\n<p>Pol\u00edgono A Pasaxe Km.8 Nave 24 &#8211; Vincios<br \/>\n36316 Gondomar | Spain<br \/>\n<a href=\"http:\/\/www.vascogall.com\/\" target=\"_blank\" rel=\"noopener noreferrer\">www.vascogall.com<\/a>[\/vc_column_text][vc_separator align=&#8221;align_left&#8221;][\/vc_column][\/vc_row]<\/p>\n<\/div>","protected":false},"excerpt":{"rendered":"<p>[vc_row][vc_column width=&#8221;1\/2&#8243;][vc_empty_space height=&#8221;100px&#8221;][vc_single_image image=&#8221;4799&#8243; img_size=&#8221;full&#8221;][vc_gallery type=&#8221;flexslider_slide&#8221; interval=&#8221;3&#8243; images=&#8221;4800,4802,4801,4804,4803&#8243; img_size=&#8221;full&#8221;][\/vc_column][vc_column width=&#8221;1\/2&#8243;][vc_custom_heading text=&#8221;Vasco Gallega de Calderer\u00eda, S.L.U.&#8221; font_container=&#8221;tag:h1|font_size:25px|text_align:left|line_height:30px&#8221; use_theme_fonts=&#8221;yes&#8221;][vc_separator color=&#8221;blue&#8221; align=&#8221;align_left&#8221; border_width=&#8221;2&#8243; el_width=&#8221;10&#8243; css_animation=&#8221;fadeInRight&#8221;][vc_column_text]Cliente: Vasco [&hellip;]<\/p>\n","protected":false},"author":3,"featured_media":4809,"parent":0,"menu_order":0,"comment_status":"closed","ping_status":"closed","template":"","meta":{"rs_blank_template":"","rs_page_bg_color":"","slide_template_v7":"","footnotes":""},"class_list":["post-4784","page","type-page","status-publish","has-post-thumbnail","hentry"],"yoast_head":"<!-- This site is optimized with the Yoast SEO plugin v27.3 - https:\/\/yoast.com\/product\/yoast-seo-wordpress\/ -->\n<title>Caso de estudio de Vasco gallega de calderer\u00eda, S.L.U.Vasco gallega de calderer\u00eda, S.L.U.<\/title>\n<meta name=\"description\" content=\"Realizacion de ingenieria inversa, modelado 3D, despiece y planos de fabricacion del tim\u00f3n para el buque.\" \/>\n<meta name=\"robots\" content=\"index, follow, max-snippet:-1, max-image-preview:large, max-video-preview:-1\" \/>\n<link rel=\"canonical\" href=\"https:\/\/servicios.easyworks.es\/en\/vasco-gallega-de-caldereria-s-l-u\/\" \/>\n<meta property=\"og:locale\" content=\"en_GB\" \/>\n<meta property=\"og:locale:alternate\" content=\"es_ES\" \/>\n<meta property=\"og:type\" content=\"article\" \/>\n<meta property=\"og:title\" content=\"Caso de estudio Vasco Gallega de Calderer\u00eda - Dise\u00f1o 3D de un tim\u00f3n\" \/>\n<meta property=\"og:description\" content=\"Realizacion de ingenieria inversa, modelado 3D, despiece y planos de fabricacion del tim\u00f3n para el buque.\" \/>\n<meta property=\"og:url\" content=\"https:\/\/servicios.easyworks.es\/en\/vasco-gallega-de-caldereria-s-l-u\/\" \/>\n<meta property=\"og:site_name\" content=\"Easyworks\" \/>\n<meta property=\"article:modified_time\" content=\"2024-07-29T07:17:01+00:00\" \/>\n<meta property=\"og:image\" content=\"https:\/\/servicios.easyworks.es\/wp-content\/uploads\/2021\/07\/vascogall.png\" \/>\n\t<meta property=\"og:image:width\" content=\"848\" \/>\n\t<meta property=\"og:image:height\" content=\"460\" \/>\n\t<meta property=\"og:image:type\" content=\"image\/png\" \/>\n<meta name=\"twitter:card\" content=\"summary_large_image\" \/>\n<meta name=\"twitter:label1\" content=\"Estimated reading time\" \/>\n\t<meta name=\"twitter:data1\" content=\"3 minutes\" \/>\n<script type=\"application\/ld+json\" class=\"yoast-schema-graph\">{\"@context\":\"https:\\\/\\\/schema.org\",\"@graph\":[{\"@type\":\"WebPage\",\"@id\":\"https:\\\/\\\/servicios.easyworks.es\\\/vasco-gallega-de-caldereria-s-l-u\\\/\",\"url\":\"https:\\\/\\\/servicios.easyworks.es\\\/vasco-gallega-de-caldereria-s-l-u\\\/\",\"name\":\"Caso de estudio de Vasco gallega de calderer\u00eda, S.L.U.Vasco gallega de calderer\u00eda, S.L.U.\",\"isPartOf\":{\"@id\":\"https:\\\/\\\/servicios.easyworks.es\\\/#website\"},\"primaryImageOfPage\":{\"@id\":\"https:\\\/\\\/servicios.easyworks.es\\\/vasco-gallega-de-caldereria-s-l-u\\\/#primaryimage\"},\"image\":{\"@id\":\"https:\\\/\\\/servicios.easyworks.es\\\/vasco-gallega-de-caldereria-s-l-u\\\/#primaryimage\"},\"thumbnailUrl\":\"https:\\\/\\\/servicios.easyworks.es\\\/wp-content\\\/uploads\\\/2021\\\/07\\\/vascogall.png\",\"datePublished\":\"2021-07-19T08:56:06+00:00\",\"dateModified\":\"2024-07-29T07:17:01+00:00\",\"description\":\"Realizacion de ingenieria inversa, modelado 3D, despiece y planos de fabricacion del tim\u00f3n para el buque.\",\"breadcrumb\":{\"@id\":\"https:\\\/\\\/servicios.easyworks.es\\\/vasco-gallega-de-caldereria-s-l-u\\\/#breadcrumb\"},\"inLanguage\":\"en-GB\",\"potentialAction\":[{\"@type\":\"ReadAction\",\"target\":[\"https:\\\/\\\/servicios.easyworks.es\\\/vasco-gallega-de-caldereria-s-l-u\\\/\"]}]},{\"@type\":\"ImageObject\",\"inLanguage\":\"en-GB\",\"@id\":\"https:\\\/\\\/servicios.easyworks.es\\\/vasco-gallega-de-caldereria-s-l-u\\\/#primaryimage\",\"url\":\"https:\\\/\\\/servicios.easyworks.es\\\/wp-content\\\/uploads\\\/2021\\\/07\\\/vascogall.png\",\"contentUrl\":\"https:\\\/\\\/servicios.easyworks.es\\\/wp-content\\\/uploads\\\/2021\\\/07\\\/vascogall.png\",\"width\":848,\"height\":460},{\"@type\":\"BreadcrumbList\",\"@id\":\"https:\\\/\\\/servicios.easyworks.es\\\/vasco-gallega-de-caldereria-s-l-u\\\/#breadcrumb\",\"itemListElement\":[{\"@type\":\"ListItem\",\"position\":1,\"name\":\"Portada\",\"item\":\"https:\\\/\\\/servicios.easyworks.es\\\/\"},{\"@type\":\"ListItem\",\"position\":2,\"name\":\"Vasco gallega de calderer\u00eda, S.L.U.\"}]},{\"@type\":\"WebSite\",\"@id\":\"https:\\\/\\\/servicios.easyworks.es\\\/#website\",\"url\":\"https:\\\/\\\/servicios.easyworks.es\\\/\",\"name\":\"Easyworks\",\"description\":\"Externalizaci\u00f3n de servicios de oficina t\u00e9cnica e ingenier\u00eda.\",\"potentialAction\":[{\"@type\":\"SearchAction\",\"target\":{\"@type\":\"EntryPoint\",\"urlTemplate\":\"https:\\\/\\\/servicios.easyworks.es\\\/?s={search_term_string}\"},\"query-input\":{\"@type\":\"PropertyValueSpecification\",\"valueRequired\":true,\"valueName\":\"search_term_string\"}}],\"inLanguage\":\"en-GB\"}]}<\/script>\n<!-- \/ Yoast SEO plugin. -->","yoast_head_json":{"title":"Caso de estudio de Vasco gallega de calderer\u00eda, S.L.U.Vasco gallega de calderer\u00eda, S.L.U.","description":"Realizacion de ingenieria inversa, modelado 3D, despiece y planos de fabricacion del tim\u00f3n para el buque.","robots":{"index":"index","follow":"follow","max-snippet":"max-snippet:-1","max-image-preview":"max-image-preview:large","max-video-preview":"max-video-preview:-1"},"canonical":"https:\/\/servicios.easyworks.es\/en\/vasco-gallega-de-caldereria-s-l-u\/","og_locale":"en_GB","og_type":"article","og_title":"[:en]Caso de estudio Vasco Gallega de Calderer\u00eda - Dise\u00f1o 3D de un tim\u00f3n[:]","og_description":"[:en]Realizacion de ingenieria inversa, modelado 3D, despiece y planos de fabricacion del tim\u00f3n para el buque.[:]","og_url":"https:\/\/servicios.easyworks.es\/en\/vasco-gallega-de-caldereria-s-l-u\/","og_site_name":"Easyworks","article_modified_time":"2024-07-29T07:17:01+00:00","og_image":[{"width":848,"height":460,"url":"https:\/\/servicios.easyworks.es\/wp-content\/uploads\/2021\/07\/vascogall.png","type":"image\/png"}],"twitter_card":"summary_large_image","twitter_misc":{"Estimated reading time":"3 minutes"},"schema":{"@context":"https:\/\/schema.org","@graph":[{"@type":"WebPage","@id":"https:\/\/servicios.easyworks.es\/vasco-gallega-de-caldereria-s-l-u\/","url":"https:\/\/servicios.easyworks.es\/vasco-gallega-de-caldereria-s-l-u\/","name":"Caso de estudio de Vasco gallega de calderer\u00eda, S.L.U.Vasco gallega de calderer\u00eda, S.L.U.","isPartOf":{"@id":"https:\/\/servicios.easyworks.es\/#website"},"primaryImageOfPage":{"@id":"https:\/\/servicios.easyworks.es\/vasco-gallega-de-caldereria-s-l-u\/#primaryimage"},"image":{"@id":"https:\/\/servicios.easyworks.es\/vasco-gallega-de-caldereria-s-l-u\/#primaryimage"},"thumbnailUrl":"https:\/\/servicios.easyworks.es\/wp-content\/uploads\/2021\/07\/vascogall.png","datePublished":"2021-07-19T08:56:06+00:00","dateModified":"2024-07-29T07:17:01+00:00","description":"Realizacion de ingenieria inversa, modelado 3D, despiece y planos de fabricacion del tim\u00f3n para el buque.","breadcrumb":{"@id":"https:\/\/servicios.easyworks.es\/vasco-gallega-de-caldereria-s-l-u\/#breadcrumb"},"inLanguage":"en-GB","potentialAction":[{"@type":"ReadAction","target":["https:\/\/servicios.easyworks.es\/vasco-gallega-de-caldereria-s-l-u\/"]}]},{"@type":"ImageObject","inLanguage":"en-GB","@id":"https:\/\/servicios.easyworks.es\/vasco-gallega-de-caldereria-s-l-u\/#primaryimage","url":"https:\/\/servicios.easyworks.es\/wp-content\/uploads\/2021\/07\/vascogall.png","contentUrl":"https:\/\/servicios.easyworks.es\/wp-content\/uploads\/2021\/07\/vascogall.png","width":848,"height":460},{"@type":"BreadcrumbList","@id":"https:\/\/servicios.easyworks.es\/vasco-gallega-de-caldereria-s-l-u\/#breadcrumb","itemListElement":[{"@type":"ListItem","position":1,"name":"Portada","item":"https:\/\/servicios.easyworks.es\/"},{"@type":"ListItem","position":2,"name":"Vasco gallega de calderer\u00eda, S.L.U."}]},{"@type":"WebSite","@id":"https:\/\/servicios.easyworks.es\/#website","url":"https:\/\/servicios.easyworks.es\/","name":"Easyworks","description":"Externalizaci\u00f3n de servicios de oficina t\u00e9cnica e ingenier\u00eda.","potentialAction":[{"@type":"SearchAction","target":{"@type":"EntryPoint","urlTemplate":"https:\/\/servicios.easyworks.es\/?s={search_term_string}"},"query-input":{"@type":"PropertyValueSpecification","valueRequired":true,"valueName":"search_term_string"}}],"inLanguage":"en-GB"}]}},"_links":{"self":[{"href":"https:\/\/servicios.easyworks.es\/en\/wp-json\/wp\/v2\/pages\/4784","targetHints":{"allow":["GET"]}}],"collection":[{"href":"https:\/\/servicios.easyworks.es\/en\/wp-json\/wp\/v2\/pages"}],"about":[{"href":"https:\/\/servicios.easyworks.es\/en\/wp-json\/wp\/v2\/types\/page"}],"author":[{"embeddable":true,"href":"https:\/\/servicios.easyworks.es\/en\/wp-json\/wp\/v2\/users\/3"}],"replies":[{"embeddable":true,"href":"https:\/\/servicios.easyworks.es\/en\/wp-json\/wp\/v2\/comments?post=4784"}],"version-history":[{"count":14,"href":"https:\/\/servicios.easyworks.es\/en\/wp-json\/wp\/v2\/pages\/4784\/revisions"}],"predecessor-version":[{"id":5314,"href":"https:\/\/servicios.easyworks.es\/en\/wp-json\/wp\/v2\/pages\/4784\/revisions\/5314"}],"wp:featuredmedia":[{"embeddable":true,"href":"https:\/\/servicios.easyworks.es\/en\/wp-json\/wp\/v2\/media\/4809"}],"wp:attachment":[{"href":"https:\/\/servicios.easyworks.es\/en\/wp-json\/wp\/v2\/media?parent=4784"}],"curies":[{"name":"wp","href":"https:\/\/api.w.org\/{rel}","templated":true}]}}