{"id":4313,"date":"2020-02-19T13:54:45","date_gmt":"2020-02-19T12:54:45","guid":{"rendered":"https:\/\/servicios.easyworks.es\/?page_id=4313"},"modified":"2023-12-19T13:44:40","modified_gmt":"2023-12-19T12:44:40","slug":"documentacion-tecnica-y-comercial","status":"publish","type":"page","link":"https:\/\/servicios.easyworks.es\/en\/documentacion-tecnica-y-comercial\/","title":{"rendered":"Technical and sales documentation"},"content":{"rendered":"<div class=\"wpb-content-wrapper\"><p>[vc_row][vc_column parallax=&#8221;content-moving-fade&#8221; parallax_image=&#8221;3507&#8243;][vc_empty_space height=&#8221;90px&#8221;][vc_custom_heading text=&#8221;Technical and sales documentation&#8221; font_container=&#8221;tag:h1|font_size:35px|text_align:center|color:%23000000|line_height:45px&#8221; use_theme_fonts=&#8221;yes&#8221;][vc_empty_space height=&#8221;90px&#8221;][\/vc_column][\/vc_row][vc_row][vc_column width=&#8221;1\/12&#8243;][\/vc_column][vc_column width=&#8221;10\/12&#8243;][vc_custom_heading text=&#8221;How do you show your products to the world? Do you know how you sell digitally?&#8221; font_container=&#8221;tag:h2|font_size:25px|text_align:center&#8221; use_theme_fonts=&#8221;yes&#8221; css_animation=&#8221;fadeIn&#8221;][vc_column_text]We know that <strong>your product is unique and innovative<\/strong>. And we are sure that at a technical level it has an excellent quality. <strong>Why your technical documentation does not have the same quality?<\/strong><br \/>\nWe present the different kind of technical and sales documentation to make a difference and <strong>sell your product better<\/strong>:[\/vc_column_text][vc_empty_space height=&#8221;22px&#8221;][vc_separator border_width=&#8221;2&#8243;][\/vc_column][vc_column width=&#8221;1\/12&#8243;][\/vc_column][\/vc_row][vc_row css=&#8221;.vc_custom_1554449768377{margin-right: 20px !important;margin-left: 20px !important;}&#8221;][vc_column width=&#8221;1\/12&#8243;][\/vc_column][vc_column parallax=&#8221;content-moving-fade&#8221; parallax_image=&#8221;3748&#8243; width=&#8221;5\/12&#8243; css=&#8221;.vc_custom_1554963862457{background-image: url(https:\/\/servicios.easyworks.es\/wp-content\/uploads\/2019\/04\/laurens-derks-1444920-unsplash-min.jpg?id=3168) !important;background-position: center !important;background-repeat: no-repeat !important;background-size: cover !important;}&#8221;][vc_empty_space height=&#8221;50px&#8221;][vc_custom_heading text=&#8221;Manuals and Catalogs&#8221; font_container=&#8221;tag:h2|font_size:20px|text_align:center&#8221; use_theme_fonts=&#8221;yes&#8221; css_animation=&#8221;fadeInDown&#8221; css=&#8221;.vc_custom_1560346844779{background-color: rgba(247,247,247,0.74) !important;*background-color: rgb(247,247,247) !important;border-radius: 5px !important;}&#8221;][vc_empty_space height=&#8221;250px&#8221;][\/vc_column][vc_column width=&#8221;5\/12&#8243;][vc_column_text]Forget about the timeless catalogs. <strong>Modernize<\/strong> your technical documentation and discover the enormous possibilities of communication for customers and suppliers.<br \/>\nYou can have them available on your website or on different portable devices to display them at any time and place, share them by email, social media and even in the cloud.<\/p>\n<ul>\n<li><strong>Digital catalogs<\/strong>, interactive or with augmented reality technology<\/li>\n<li>Technical or product <strong>data sheets<\/strong><\/li>\n<li><strong>CE marking manuals<\/strong><\/li>\n<li>Maintenance manuals<\/li>\n<li>Assembly <strong>instructions<\/strong><\/li>\n<li>User <strong>manuals<\/strong><\/li>\n<\/ul>\n<p>[\/vc_column_text][\/vc_column][vc_column width=&#8221;1\/12&#8243;][\/vc_column][\/vc_row][vc_row][vc_column width=&#8221;1\/12&#8243;][\/vc_column][vc_column width=&#8221;10\/12&#8243;][vc_empty_space height=&#8221;22px&#8221;][vc_separator border_width=&#8221;2&#8243;][\/vc_column][vc_column width=&#8221;1\/12&#8243;][\/vc_column][\/vc_row][vc_row][vc_column width=&#8221;1\/12&#8243;][\/vc_column][vc_column parallax=&#8221;content-moving-fade&#8221; parallax_speed_bg=&#8221;2.5&#8243; width=&#8221;5\/12&#8243; css=&#8221;.vc_custom_1554963943907{background-image: url(https:\/\/servicios.easyworks.es\/wp-content\/uploads\/2019\/04\/IMAGE002-RENDER-FINAL-min.jpg?id=3748) !important;background-position: center !important;background-repeat: no-repeat !important;background-size: cover !important;}&#8221;][vc_empty_space height=&#8221;100px&#8221;][vc_custom_heading text=&#8221;Renderings&#8221; font_container=&#8221;tag:h2|font_size:20px|text_align:center&#8221; use_theme_fonts=&#8221;yes&#8221; css_animation=&#8221;fadeInDown&#8221; css=&#8221;.vc_custom_1560347287040{background-color: rgba(247,247,247,0.74) !important;*background-color: rgb(247,247,247) !important;border-radius: 5px !important;}&#8221;][vc_empty_space height=&#8221;350px&#8221;][\/vc_column][vc_column width=&#8221;5\/12&#8243;][vc_column_text]It is no longer necessary to hire a professional photographer to make the high quality images of your products, or even manufacture them!<\/p>\n<p><strong>Starting from your 3D models<\/strong>, we create<strong> high-quality photographic renderings and photorealistic contents<\/strong> with the appropriate light, the most spectacular spaces and backgrounds appropriate to your product.<br \/>\nDo you have to make a presentation of your product or project and want to surprise your customers? Does the marketing department request images of your product and do you have your technicians rendering hours and hours?<br \/>\nThe advantages of rendering are:<\/p>\n<ul>\n<li>Images and photorealistic contents<\/li>\n<li>Light filters, camera movements, stickers, different scenes<\/li>\n<li>Product presentation with several viewers<\/li>\n<li>Animations, videos, 360\u00ba final design<\/li>\n<li>For web and any portable device<\/li>\n<li>Without prototype manufacturing<\/li>\n<\/ul>\n<p>[\/vc_column_text][\/vc_column][vc_column width=&#8221;1\/12&#8243;][\/vc_column][\/vc_row][vc_row][vc_column width=&#8221;1\/12&#8243;][\/vc_column][vc_column width=&#8221;10\/12&#8243;][vc_empty_space height=&#8221;22px&#8221;][vc_separator border_width=&#8221;2&#8243;][\/vc_column][vc_column width=&#8221;1\/12&#8243;][\/vc_column][\/vc_row][vc_row][vc_column width=&#8221;1\/12&#8243;][\/vc_column][vc_column parallax=&#8221;content-moving-fade&#8221; parallax_image=&#8221;3173&#8243; parallax_speed_bg=&#8221;2.5&#8243; width=&#8221;5\/12&#8243;][vc_empty_space height=&#8221;50px&#8221;][vc_custom_heading text=&#8221;Industrial Marketing&#8221; font_container=&#8221;tag:h2|font_size:20px|text_align:center&#8221; use_theme_fonts=&#8221;yes&#8221; css_animation=&#8221;fadeInDown&#8221; css=&#8221;.vc_custom_1560347518397{background-color: rgba(247,247,247,0.74) !important;*background-color: rgb(247,247,247) !important;border-radius: 5px !important;}&#8221;][vc_empty_space height=&#8221;250px&#8221;][\/vc_column][vc_column width=&#8221;5\/12&#8243;][vc_column_text]<strong>As an industrialist, do you think marketing is not for you and your product?<\/strong><\/p>\n<p>Nowadays, customers and companies demand customizable and unique products. Offering <strong>personalized products <\/strong>will make you stand out from the competition and help you reach a wider audience.<br \/>\nTake advantage of your 3D models that you already have modeled (and if you do not have them, we&#8217;ll design them for you) to sell more.<\/p>\n<p>In addition to the <strong>marketing documentation and your website<\/strong>, we also offer a <strong>Sales Configurator<\/strong> service to guide the customer towards a more accurate purchase.<\/p>\n<ul>\n<li>Sales Configurator for web<\/li>\n<li>Product customization and 3D results on any device<\/li>\n<li>Budgeting by the customer<\/li>\n<\/ul>\n<p>[\/vc_column_text][\/vc_column][vc_column width=&#8221;1\/12&#8243;][\/vc_column][\/vc_row][vc_row][vc_column][vc_separator border_width=&#8221;2&#8243; el_width=&#8221;90&#8243;][\/vc_column][vc_column width=&#8221;1\/12&#8243;][\/vc_column][vc_column width=&#8221;5\/12&#8243;][vc_empty_space height=&#8221;52px&#8221;][vc_custom_heading text=&#8221;Are you interested? We call you!&#8221; use_theme_fonts=&#8221;yes&#8221;][vc_column_text]We can advise you on all phases of your company&#8217;s marketing, you are starting and do not have a website or you already have a page and want to improve it to communicate better.<\/p>\n<p>Please complete the form below and an expert industrial marketing consultant will call you.<\/p>\n<p>If you prefer to call us you can do so at <a href=\"tel:0034672126097\">(+34) 672 126 097<\/a> or send us an email to <a href=\"mailto:comercial@easyworks.es\">comercial@easyworks.es<\/a>.<br \/>\n[\/vc_column_text][\/vc_column][vc_column width=&#8221;5\/12&#8243;][vc_raw_html]JTNDaWZyYW1lJTIwZnJhbWVib3JkZXIlM0QlMjIwJTIyJTIwc3R5bGUlM0QlMjJoZWlnaHQlM0E4MDBweCUzQndpZHRoJTNBOTklMjUlM0Jib3JkZXIlM0Fub25lJTNCJTIyJTIwc3JjJTNEJTI3aHR0cHMlM0ElMkYlMkZmb3Jtcy56b2hvcHVibGljLmV1JTJGZWFzeXdvcmtzJTJGZm9ybSUyRlByZXN1cHVlc3Rvc2VydmljaW9zZG9jdGNuaWNhJTJGZm9ybXBlcm1hJTJGbC1mdWt5N1BmQUdWV1k1bjFLU1RaTzI0bml4b0ZJLUhwZVJwUWlSUEQybyUyNyUzRSUzQyUyRmlmcmFtZSUzRQ==[\/vc_raw_html][\/vc_column][vc_column width=&#8221;1\/12&#8243;][\/vc_column][\/vc_row]<\/p>\n<\/div>","protected":false},"excerpt":{"rendered":"<p>[vc_row][vc_column parallax=&#8221;content-moving-fade&#8221; parallax_image=&#8221;3507&#8243;][vc_empty_space height=&#8221;90px&#8221;][vc_custom_heading text=&#8221;Technical and sales documentation&#8221; font_container=&#8221;tag:h1|font_size:35px|text_align:center|color:%23000000|line_height:45px&#8221; use_theme_fonts=&#8221;yes&#8221;][vc_empty_space height=&#8221;90px&#8221;][\/vc_column][\/vc_row][vc_row][vc_column width=&#8221;1\/12&#8243;][\/vc_column][vc_column width=&#8221;10\/12&#8243;][vc_custom_heading text=&#8221;How do you show your products to the world? Do [&hellip;]<\/p>\n","protected":false},"author":3,"featured_media":0,"parent":0,"menu_order":0,"comment_status":"closed","ping_status":"closed","template":"","meta":{"rs_blank_template":"","rs_page_bg_color":"","slide_template_v7":"","footnotes":""},"class_list":["post-4313","page","type-page","status-publish","hentry"],"yoast_head":"<!-- This site is optimized with the Yoast SEO plugin v27.3 - https:\/\/yoast.com\/product\/yoast-seo-wordpress\/ -->\n<title>Technical and sales documentation<\/title>\n<meta name=\"description\" content=\"Seguro que tu producto a nivel t\u00e9cnico tiene una excelente calidad. \u00bfPor qu\u00e9 tu documentaci\u00f3n no tiene la misma calidad y est\u00e1 a la altura de tu producto?\" \/>\n<meta name=\"robots\" content=\"index, follow, max-snippet:-1, max-image-preview:large, max-video-preview:-1\" \/>\n<link rel=\"canonical\" href=\"https:\/\/servicios.easyworks.es\/en\/documentacion-tecnica-y-comercial\/\" \/>\n<meta property=\"og:locale\" content=\"en_GB\" \/>\n<meta property=\"og:locale:alternate\" content=\"es_ES\" \/>\n<meta property=\"og:type\" content=\"article\" \/>\n<meta property=\"og:title\" content=\"Technical and sales documentation\" \/>\n<meta property=\"og:description\" content=\"Seguro que tu producto a nivel t\u00e9cnico tiene una excelente calidad. \u00bfPor qu\u00e9 tu documentaci\u00f3n no tiene la misma calidad y est\u00e1 a la altura de tu producto?\" \/>\n<meta property=\"og:url\" content=\"https:\/\/servicios.easyworks.es\/en\/documentacion-tecnica-y-comercial\/\" \/>\n<meta property=\"og:site_name\" content=\"Easyworks\" \/>\n<meta property=\"article:modified_time\" content=\"2023-12-19T12:44:40+00:00\" \/>\n<meta property=\"og:image\" content=\"https:\/\/servicios.easyworks.es\/wp-content\/uploads\/2021\/01\/tour-virtual.png\" \/>\n\t<meta property=\"og:image:width\" content=\"500\" \/>\n\t<meta property=\"og:image:height\" content=\"296\" \/>\n\t<meta property=\"og:image:type\" content=\"image\/png\" \/>\n<meta name=\"twitter:card\" content=\"summary_large_image\" \/>\n<meta name=\"twitter:label1\" content=\"Estimated reading time\" \/>\n\t<meta name=\"twitter:data1\" content=\"3 minutes\" \/>\n<script type=\"application\/ld+json\" class=\"yoast-schema-graph\">{\"@context\":\"https:\\\/\\\/schema.org\",\"@graph\":[{\"@type\":\"WebPage\",\"@id\":\"https:\\\/\\\/servicios.easyworks.es\\\/documentacion-tecnica-y-comercial\\\/\",\"url\":\"https:\\\/\\\/servicios.easyworks.es\\\/documentacion-tecnica-y-comercial\\\/\",\"name\":\"Technical and sales documentation\",\"isPartOf\":{\"@id\":\"https:\\\/\\\/servicios.easyworks.es\\\/#website\"},\"primaryImageOfPage\":{\"@id\":\"https:\\\/\\\/servicios.easyworks.es\\\/documentacion-tecnica-y-comercial\\\/#primaryimage\"},\"image\":{\"@id\":\"https:\\\/\\\/servicios.easyworks.es\\\/documentacion-tecnica-y-comercial\\\/#primaryimage\"},\"thumbnailUrl\":\"https:\\\/\\\/servicios.easyworks.es\\\/wp-content\\\/uploads\\\/2020\\\/04\\\/ejemplo-svg-min.png\",\"datePublished\":\"2020-02-19T12:54:45+00:00\",\"dateModified\":\"2023-12-19T12:44:40+00:00\",\"description\":\"Seguro que tu producto a nivel t\u00e9cnico tiene una excelente calidad. \u00bfPor qu\u00e9 tu documentaci\u00f3n no tiene la misma calidad y est\u00e1 a la altura de tu producto?\",\"breadcrumb\":{\"@id\":\"https:\\\/\\\/servicios.easyworks.es\\\/documentacion-tecnica-y-comercial\\\/#breadcrumb\"},\"inLanguage\":\"en-GB\",\"potentialAction\":[{\"@type\":\"ReadAction\",\"target\":[\"https:\\\/\\\/servicios.easyworks.es\\\/documentacion-tecnica-y-comercial\\\/\"]}]},{\"@type\":\"ImageObject\",\"inLanguage\":\"en-GB\",\"@id\":\"https:\\\/\\\/servicios.easyworks.es\\\/documentacion-tecnica-y-comercial\\\/#primaryimage\",\"url\":\"https:\\\/\\\/servicios.easyworks.es\\\/wp-content\\\/uploads\\\/2020\\\/04\\\/ejemplo-svg-min.png\",\"contentUrl\":\"https:\\\/\\\/servicios.easyworks.es\\\/wp-content\\\/uploads\\\/2020\\\/04\\\/ejemplo-svg-min.png\"},{\"@type\":\"BreadcrumbList\",\"@id\":\"https:\\\/\\\/servicios.easyworks.es\\\/documentacion-tecnica-y-comercial\\\/#breadcrumb\",\"itemListElement\":[{\"@type\":\"ListItem\",\"position\":1,\"name\":\"Portada\",\"item\":\"https:\\\/\\\/servicios.easyworks.es\\\/\"},{\"@type\":\"ListItem\",\"position\":2,\"name\":\"Documentaci\u00f3n t\u00e9cnica y comercial\"}]},{\"@type\":\"WebSite\",\"@id\":\"https:\\\/\\\/servicios.easyworks.es\\\/#website\",\"url\":\"https:\\\/\\\/servicios.easyworks.es\\\/\",\"name\":\"Easyworks\",\"description\":\"Externalizaci\u00f3n de servicios de oficina t\u00e9cnica e ingenier\u00eda.\",\"potentialAction\":[{\"@type\":\"SearchAction\",\"target\":{\"@type\":\"EntryPoint\",\"urlTemplate\":\"https:\\\/\\\/servicios.easyworks.es\\\/?s={search_term_string}\"},\"query-input\":{\"@type\":\"PropertyValueSpecification\",\"valueRequired\":true,\"valueName\":\"search_term_string\"}}],\"inLanguage\":\"en-GB\"}]}<\/script>\n<!-- \/ Yoast SEO plugin. -->","yoast_head_json":{"title":"Technical and sales documentation","description":"Seguro que tu producto a nivel t\u00e9cnico tiene una excelente calidad. \u00bfPor qu\u00e9 tu documentaci\u00f3n no tiene la misma calidad y est\u00e1 a la altura de tu producto?","robots":{"index":"index","follow":"follow","max-snippet":"max-snippet:-1","max-image-preview":"max-image-preview:large","max-video-preview":"max-video-preview:-1"},"canonical":"https:\/\/servicios.easyworks.es\/en\/documentacion-tecnica-y-comercial\/","og_locale":"en_GB","og_type":"article","og_title":"Creaci\u00f3n de [:en]Technical and sales documentation[:es]Documentaci\u00f3n t\u00e9cnica y comercial[:] - Easyworks","og_description":"Seguro que tu producto a nivel t\u00e9cnico tiene una excelente calidad. \u00bfPor qu\u00e9 tu documentaci\u00f3n no tiene la misma calidad y est\u00e1 a la altura de tu producto?","og_url":"https:\/\/servicios.easyworks.es\/en\/documentacion-tecnica-y-comercial\/","og_site_name":"Easyworks","article_modified_time":"2023-12-19T12:44:40+00:00","og_image":[{"width":500,"height":296,"url":"https:\/\/servicios.easyworks.es\/wp-content\/uploads\/2021\/01\/tour-virtual.png","type":"image\/png"}],"twitter_card":"summary_large_image","twitter_misc":{"Estimated reading time":"3 minutes"},"schema":{"@context":"https:\/\/schema.org","@graph":[{"@type":"WebPage","@id":"https:\/\/servicios.easyworks.es\/documentacion-tecnica-y-comercial\/","url":"https:\/\/servicios.easyworks.es\/documentacion-tecnica-y-comercial\/","name":"Technical and sales documentation","isPartOf":{"@id":"https:\/\/servicios.easyworks.es\/#website"},"primaryImageOfPage":{"@id":"https:\/\/servicios.easyworks.es\/documentacion-tecnica-y-comercial\/#primaryimage"},"image":{"@id":"https:\/\/servicios.easyworks.es\/documentacion-tecnica-y-comercial\/#primaryimage"},"thumbnailUrl":"https:\/\/servicios.easyworks.es\/wp-content\/uploads\/2020\/04\/ejemplo-svg-min.png","datePublished":"2020-02-19T12:54:45+00:00","dateModified":"2023-12-19T12:44:40+00:00","description":"Seguro que tu producto a nivel t\u00e9cnico tiene una excelente calidad. \u00bfPor qu\u00e9 tu documentaci\u00f3n no tiene la misma calidad y est\u00e1 a la altura de tu producto?","breadcrumb":{"@id":"https:\/\/servicios.easyworks.es\/documentacion-tecnica-y-comercial\/#breadcrumb"},"inLanguage":"en-GB","potentialAction":[{"@type":"ReadAction","target":["https:\/\/servicios.easyworks.es\/documentacion-tecnica-y-comercial\/"]}]},{"@type":"ImageObject","inLanguage":"en-GB","@id":"https:\/\/servicios.easyworks.es\/documentacion-tecnica-y-comercial\/#primaryimage","url":"https:\/\/servicios.easyworks.es\/wp-content\/uploads\/2020\/04\/ejemplo-svg-min.png","contentUrl":"https:\/\/servicios.easyworks.es\/wp-content\/uploads\/2020\/04\/ejemplo-svg-min.png"},{"@type":"BreadcrumbList","@id":"https:\/\/servicios.easyworks.es\/documentacion-tecnica-y-comercial\/#breadcrumb","itemListElement":[{"@type":"ListItem","position":1,"name":"Portada","item":"https:\/\/servicios.easyworks.es\/"},{"@type":"ListItem","position":2,"name":"Documentaci\u00f3n t\u00e9cnica y comercial"}]},{"@type":"WebSite","@id":"https:\/\/servicios.easyworks.es\/#website","url":"https:\/\/servicios.easyworks.es\/","name":"Easyworks","description":"Externalizaci\u00f3n de servicios de oficina t\u00e9cnica e ingenier\u00eda.","potentialAction":[{"@type":"SearchAction","target":{"@type":"EntryPoint","urlTemplate":"https:\/\/servicios.easyworks.es\/?s={search_term_string}"},"query-input":{"@type":"PropertyValueSpecification","valueRequired":true,"valueName":"search_term_string"}}],"inLanguage":"en-GB"}]}},"_links":{"self":[{"href":"https:\/\/servicios.easyworks.es\/en\/wp-json\/wp\/v2\/pages\/4313","targetHints":{"allow":["GET"]}}],"collection":[{"href":"https:\/\/servicios.easyworks.es\/en\/wp-json\/wp\/v2\/pages"}],"about":[{"href":"https:\/\/servicios.easyworks.es\/en\/wp-json\/wp\/v2\/types\/page"}],"author":[{"embeddable":true,"href":"https:\/\/servicios.easyworks.es\/en\/wp-json\/wp\/v2\/users\/3"}],"replies":[{"embeddable":true,"href":"https:\/\/servicios.easyworks.es\/en\/wp-json\/wp\/v2\/comments?post=4313"}],"version-history":[{"count":100,"href":"https:\/\/servicios.easyworks.es\/en\/wp-json\/wp\/v2\/pages\/4313\/revisions"}],"predecessor-version":[{"id":4913,"href":"https:\/\/servicios.easyworks.es\/en\/wp-json\/wp\/v2\/pages\/4313\/revisions\/4913"}],"wp:attachment":[{"href":"https:\/\/servicios.easyworks.es\/en\/wp-json\/wp\/v2\/media?parent=4313"}],"curies":[{"name":"wp","href":"https:\/\/api.w.org\/{rel}","templated":true}]}}