{"id":4149,"date":"2020-02-19T11:17:59","date_gmt":"2020-02-19T10:17:59","guid":{"rendered":"https:\/\/servicios.easyworks.es\/?page_id=4149"},"modified":"2024-07-29T09:23:58","modified_gmt":"2024-07-29T07:23:58","slug":"simulacion-y-analisis-estructural","status":"publish","type":"page","link":"https:\/\/servicios.easyworks.es\/en\/simulacion-y-analisis-estructural\/","title":{"rendered":"Detailed Engineering"},"content":{"rendered":"<div class=\"wpb-content-wrapper\"><p>[vc_row gap=&#8221;15&#8243; content_placement=&#8221;middle&#8221; parallax=&#8221;content-moving-fade&#8221; parallax_image=&#8221;3366&#8243; parallax_speed_bg=&#8221;3.5&#8243;][vc_column width=&#8221;1\/12&#8243;][\/vc_column][vc_column width=&#8221;10\/12&#8243;][vc_empty_space height=&#8221;90px&#8221;][vc_custom_heading text=&#8221;We Design, We Manage, We execute.<br \/>\nAll over the world.&#8221; font_container=&#8221;tag:h2|font_size:35px|text_align:left|color:%23ffffff|line_height:45px&#8221; use_theme_fonts=&#8221;yes&#8221; css_animation=&#8221;fadeInUp&#8221;][vc_separator color=&#8221;blue&#8221; align=&#8221;align_left&#8221; el_width=&#8221;10&#8243;][vc_empty_space height=&#8221;90px&#8221;][\/vc_column][vc_column width=&#8221;1\/12&#8243;][\/vc_column][\/vc_row][vc_row][vc_column width=&#8221;1\/12&#8243;][\/vc_column][vc_column width=&#8221;5\/12&#8243;][vc_column_text]We execute entire projects or we integrate as a part of your team in <strong>detail engineering and manufacturing<\/strong> matters.<\/p>\n<p>We carry out the modeling and delineation of <strong>complex geometries in civil works<\/strong>, such as bridges or viaducts, as well as detail drawings, assembly, cutting, lists, spare, etc.<\/p>\n<p>We have also worked in the <strong>design of industrial equipment<\/strong>, metal structure and machinery.[\/vc_column_text][\/vc_column][vc_column width=&#8221;5\/12&#8243;][vc_column_text]We can work in three different ways: <strong><a href=\"https:\/\/servicios.easyworks.es\/en\/home\/nuestro-metodo\/\">Outsourcing, managed by Easyworks or mixed projects<\/a><\/strong><\/p>\n<p>In outsourcing projects, a specialized team moves to the clients premises to work as if it were part of the same workforce. We provide our know-how, our tools and the necessary high quality materials.<br \/>\n[\/vc_column_text]<a style=\"width:px\" href=\"https:\/\/servicios.easyworks.es\/en\/outsourcing-ingenieria\/\"  target=\"_self\"  title=\"\" class=\"tt_button tt_secondary_button  button-center  \" ><span class=\"prim_text\">More information Outsourcing<\/span><\/a>[vc_empty_space height=&#8221;50px&#8221;][\/vc_column][vc_column width=&#8221;1\/12&#8243;][\/vc_column][\/vc_row][vc_row css=&#8221;.vc_custom_1554988694737{background-color: #ffffff !important;}&#8221;][vc_column width=&#8221;1\/12&#8243;][\/vc_column][vc_column width=&#8221;10\/12&#8243;][vc_empty_space height=&#8221;30px&#8221;][vc_custom_heading text=&#8221;What can we do?&#8221; font_container=&#8221;tag:h2|font_size:30px|text_align:center|color:%23000000&#8243; use_theme_fonts=&#8221;yes&#8221;][vc_separator color=&#8221;blue&#8221; el_width=&#8221;10&#8243;][vc_tta_tabs][vc_tta_section title=&#8221;Civil work&#8221; tab_id=&#8221;1554988872716-889a7972-d93c&#8221;][vc_row_inner][vc_column_inner width=&#8221;1\/2&#8243;][vc_single_image image=&#8221;3707&#8243; img_size=&#8221;full&#8221;][\/vc_column_inner][vc_column_inner width=&#8221;1\/2&#8243;][vc_column_text]<\/p>\n<p style=\"line-height: 24pt;\"><i class=\"fa fa-check check_azul\"><\/i><strong>3D modeling<\/strong>\u00a0and spare parts lists<br \/>\n<i class=\"fa fa-check check_azul\"><\/i><strong>Delineation<\/strong>\u00a0for manufacturing<br \/>\n<i class=\"fa fa-check check_azul\"><\/i> Bill of materials<br \/>\n<i class=\"fa fa-check check_azul\"><\/i><strong>Approval<\/strong> drawings<br \/>\n<i class=\"fa fa-check check_azul\"><\/i>Benchs<br \/>\n<i class=\"fa fa-check check_azul\"><\/i><strong>Inspection<\/strong> drawings<br \/>\n<i class=\"fa fa-check check_azul\"><\/i>Structural <strong>calculation<\/strong><br \/>\n<i class=\"fa fa-check check_azul\"><\/i>Metal\u00a0<strong>structures<\/strong><\/p>\n<p>[\/vc_column_text][\/vc_column_inner][\/vc_row_inner][\/vc_tta_section][vc_tta_section title=&#8221;Machinery&#8221; tab_id=&#8221;1554989104918-6f9cd7fe-3d40&#8243;][vc_row_inner][vc_column_inner width=&#8221;1\/2&#8243;][vc_single_image image=&#8221;3609&#8243; img_size=&#8221;full&#8221;][\/vc_column_inner][vc_column_inner width=&#8221;1\/2&#8243;][vc_column_text]<\/p>\n<p style=\"line-height: 24pt;\"><i class=\"fa fa-check check_azul\"><\/i>Mechanical Design<br \/>\n<i class=\"fa fa-check check_azul\"><\/i> Manufacturing <strong> Drawings<\/strong><br \/>\n<i class=\"fa fa-check check_azul\"><\/i> Machinery<strong> Standarization<\/strong><br \/>\n<i class=\"fa fa-check check_azul\"><\/i><strong> Parameterization of products<\/strong><br \/>\n<i class=\"fa fa-check check_azul\"><\/i> Model generation and drawings <strong> automation<\/strong><br \/>\n<i class=\"fa fa-check check_azul\"><\/i> Users and assembly <strong>manuals <\/strong><br \/>\n<i class=\"fa fa-check check_azul\"><\/i> <strong> Technical sheets <\/strong><br \/>\n<i class=\"fa fa-check check_azul\"><\/i> <strong> Documentation based on your 3D designs<\/strong><br \/>\n<i class=\"fa fa-check check_azul\"><\/i> <strong> All kind of marketing documentation<\/strong>: v\u00eddeos, animations, renderings&#8230;<\/p>\n<p>[\/vc_column_text][\/vc_column_inner][\/vc_row_inner][\/vc_tta_section][vc_tta_section title=&#8221;Naval&#8221; tab_id=&#8221;1554988872746-95b6fd8a-bfca&#8221;][vc_row_inner][vc_column_inner width=&#8221;1\/2&#8243;][vc_single_image image=&#8221;3409&#8243; img_size=&#8221;full&#8221;][\/vc_column_inner][vc_column_inner width=&#8221;1\/2&#8243;][vc_column_text]<strong>3D Modeling, delineation and spare parts lists.<\/strong><\/p>\n<p style=\"line-height: 22pt;\">From these 3D models\u00a0<strong> we deliver the isometric drawings<\/strong>, lines of pipes with an isometric view, for manufacturing and assembly.<\/p>\n<p style=\"line-height: 24pt;\"><i class=\"fa fa-check check_azul\"><\/i><strong> Naval accommodation. <\/strong>Modeling and spare parts lists for the manufacture of pleasure boat furnitures, based on point clouds or customer plans.<\/p>\n<p style=\"line-height: 28pt;\"><i class=\"fa fa-check check_azul\"><\/i> Delineation and drawings<\/p>\n<p style=\"line-height: 28pt;\"><i class=\"fa fa-check check_azul\"><\/i> 3D visualization and <strong>renderings<\/strong><\/p>\n<p>[\/vc_column_text][\/vc_column_inner][\/vc_row_inner][\/vc_tta_section][vc_tta_section title=&#8221;Furnitures&#8221; tab_id=&#8221;1554989159836-70330389-99cc&#8221;][vc_row_inner][vc_column_inner width=&#8221;1\/2&#8243;][vc_single_image image=&#8221;3747&#8243; img_size=&#8221;full&#8221;][\/vc_column_inner][vc_column_inner width=&#8221;1\/2&#8243;][vc_column_text]<\/p>\n<p style=\"line-height: 28pt;\">We carry out work for the <strong>commercial and home furniture <\/strong>sector<\/p>\n<p style=\"line-height: 28pt;\"><i class=\"fa fa-check check_azul\"><\/i> 3D Modeling<br \/>\n<i class=\"fa fa-check check_azul\"><\/i> Manufacturing <strong> Delineation<\/strong><br \/>\n<i class=\"fa fa-check check_azul\"><\/i><strong> Structural calculation<\/strong><br \/>\n<i class=\"fa fa-check check_azul\"><\/i> Conceptual design<br \/>\n<i class=\"fa fa-check check_azul\"><\/i> Marketing <strong>brochures<\/strong> and technical <strong> manuals<\/strong><br \/>\n<i class=\"fa fa-check check_azul\"><\/i><strong> Renderings<\/strong>, v\u00eddeos and high quality web images<br \/>\n<i class=\"fa fa-check check_azul\"><\/i><strong> Naval accommodation<\/strong> of pleasure boat furnitures<\/p>\n<p>[\/vc_column_text][\/vc_column_inner][\/vc_row_inner][\/vc_tta_section][\/vc_tta_tabs][\/vc_column][vc_column width=&#8221;1\/12&#8243;][\/vc_column][\/vc_row][vc_row gap=&#8221;15&#8243; content_placement=&#8221;middle&#8221; css=&#8221;.vc_custom_1554991025748{background-color: #000000 !important;}&#8221;][vc_column width=&#8221;1\/12&#8243;][\/vc_column][vc_column width=&#8221;10\/12&#8243;][vc_empty_space height=&#8221;60px&#8221;][vc_custom_heading text=&#8221;Get to know us better through our projects&#8221; font_container=&#8221;tag:h2|font_size:35px|text_align:left|color:%23ffffff|line_height:45px&#8221; use_theme_fonts=&#8221;yes&#8221; css_animation=&#8221;fadeInUp&#8221;][vc_separator color=&#8221;blue&#8221; align=&#8221;align_left&#8221; el_width=&#8221;10&#8243;]<a style=\"width:px\" href=\"https:\/\/servicios.easyworks.es\/en\/home\/casos-exito\/\"  target=\"_self\"  title=\"\" class=\"tt_button tt_secondary_button  pull-left  \" ><span class=\"prim_text\">Check our projects<\/span><\/a>[vc_empty_space height=&#8221;60px&#8221;][\/vc_column][vc_column width=&#8221;1\/12&#8243;][\/vc_column][\/vc_row][vc_row][vc_column width=&#8221;1\/12&#8243;][\/vc_column][vc_column width=&#8221;5\/12&#8243;][vc_empty_space height=&#8221;60px&#8221;][vc_custom_heading text=&#8221;Shall we talk about your project?&#8221; font_container=&#8221;tag:h2|font_size:30px|text_align:center|line_height:40px&#8221; use_theme_fonts=&#8221;yes&#8221;][vc_column_text]For this service we prefer to talk by phone so you can tell us all the details of your project or idea.<\/p>\n<p>Please complete the form below and a sales consultant will call you. If you prefer to call us you can do so at<a href=\"tel:0034672126097\"> (+34) 672 126 097<\/a> or send us an email to <a href=\"mailto:comercial@easyworks.es\">comercial@easyworks.es<\/a>.[\/vc_column_text][\/vc_column][vc_column width=&#8221;5\/12&#8243;]\n<div class=\"wpcf7 no-js\" id=\"wpcf7-f3800-o1\" lang=\"en-US\" dir=\"ltr\" data-wpcf7-id=\"3800\">\n<div class=\"screen-reader-response\"><p role=\"status\" aria-live=\"polite\" aria-atomic=\"true\"><\/p> <ul><\/ul><\/div>\n<form action=\"\/en\/wp-json\/wp\/v2\/pages\/4149#wpcf7-f3800-o1\" method=\"post\" class=\"wpcf7-form init\" aria-label=\"Contact form\" novalidate=\"novalidate\" data-status=\"init\">\n<fieldset class=\"hidden-fields-container\"><input type=\"hidden\" name=\"_wpcf7\" value=\"3800\" \/><input type=\"hidden\" name=\"_wpcf7_version\" value=\"6.1.5\" \/><input type=\"hidden\" name=\"_wpcf7_locale\" value=\"en_US\" \/><input type=\"hidden\" name=\"_wpcf7_unit_tag\" value=\"wpcf7-f3800-o1\" \/><input type=\"hidden\" name=\"_wpcf7_container_post\" value=\"0\" \/><input type=\"hidden\" name=\"_wpcf7_posted_data_hash\" value=\"\" \/><input type=\"hidden\" name=\"lang\" value=\"en\" \/><input type=\"hidden\" name=\"_wpcf7_recaptcha_response\" value=\"\" \/>\n<\/fieldset>\n<p style=\"color:gray;\" class=\"label\">Name and Surname\n<\/p>\n<p><span class=\"wpcf7-form-control-wrap\" data-name=\"text-607\"><input size=\"40\" maxlength=\"400\" class=\"wpcf7-form-control wpcf7-text wpcf7-validates-as-required\" aria-required=\"true\" aria-invalid=\"false\" value=\"\" type=\"text\" name=\"text-607\" \/><\/span>\n<\/p>\n<p style=\"color:gray;\" class=\"label\">Company\n<\/p>\n<p><span class=\"wpcf7-form-control-wrap\" data-name=\"text-106\"><input size=\"40\" maxlength=\"400\" class=\"wpcf7-form-control wpcf7-text wpcf7-validates-as-required\" aria-required=\"true\" aria-invalid=\"false\" value=\"\" type=\"text\" name=\"text-106\" \/><\/span>\n<\/p>\n<p style=\"color:gray;\" class=\"label\">Your Phone\n<\/p>\n<p><span class=\"wpcf7-form-control-wrap\" data-name=\"tel-764\"><input size=\"40\" maxlength=\"400\" class=\"wpcf7-form-control wpcf7-tel wpcf7-validates-as-required wpcf7-text wpcf7-validates-as-tel\" aria-required=\"true\" aria-invalid=\"false\" value=\"\" type=\"tel\" name=\"tel-764\" \/><\/span>\n<\/p>\n<p class=\"label\"><span class=\"wpcf7-form-control-wrap\" data-name=\"acceptance-350\"><span class=\"wpcf7-form-control wpcf7-acceptance\"><span class=\"wpcf7-list-item\"><label><input type=\"checkbox\" name=\"acceptance-350\" value=\"1\" aria-invalid=\"false\" \/><span class=\"wpcf7-list-item-label\">I accept the <a href=\"https:\/\/servicios.easyworks.es\/politica-privacidad\/\">privacy policy<\/a><\/p><\/span><\/label><\/span><\/span><\/span><br \/>\n<input class=\"wpcf7-form-control wpcf7-submit has-spinner\" type=\"submit\" value=\"Enviar\" \/>\n<\/p><div class=\"wpcf7-response-output\" aria-hidden=\"true\"><\/div>\n<\/form>\n<\/div>\n[\/vc_column][vc_column width=&#8221;1\/12&#8243;][\/vc_column][\/vc_row][vc_row parallax=&#8221;content-moving-fade&#8221; parallax_image=&#8221;3373&#8243; parallax_speed_bg=&#8221;3.5&#8243;][vc_column width=&#8221;1\/12&#8243;][\/vc_column][vc_column width=&#8221;10\/12&#8243;][vc_empty_space height=&#8221;100px&#8221;][vc_custom_heading text=&#8221;They trust us&#8230;&#8221; font_container=&#8221;tag:h1|font_size:30px|text_align:center|color:%23ffffff|line_height:35px&#8221; use_theme_fonts=&#8221;yes&#8221; css_animation=&#8221;slideInDown&#8221;]<div class=\"slider clients no-effect kd-client-69f434fe77bb4 \"><h6 class=\"clients-content\"><img loading=\"lazy\" decoding=\"async\" width=\"150\" height=\"50\" src=\"https:\/\/servicios.easyworks.es\/wp-content\/uploads\/2019\/04\/nauteka-150-min.png\" class=\"attachment-full\" alt=\"\" title=\"nauteka 150-min\" \/><\/h6><h6 class=\"clients-content\"><img loading=\"lazy\" decoding=\"async\" width=\"150\" height=\"50\" src=\"https:\/\/servicios.easyworks.es\/wp-content\/uploads\/2019\/04\/mecanizados-de-galicia-150-min.png\" class=\"attachment-full\" alt=\"\" title=\"mecanizados de galicia 150-min\" \/><\/h6><h6 class=\"clients-content\"><img loading=\"lazy\" decoding=\"async\" width=\"150\" height=\"50\" src=\"https:\/\/servicios.easyworks.es\/wp-content\/uploads\/2019\/04\/esypro-150-min.png\" class=\"attachment-full\" alt=\"\" title=\"esypro 150-min\" \/><\/h6><h6 class=\"clients-content\"><img loading=\"lazy\" decoding=\"async\" width=\"150\" height=\"50\" src=\"https:\/\/servicios.easyworks.es\/wp-content\/uploads\/2019\/04\/Grupo-ganain-150-min.png\" class=\"attachment-full\" alt=\"\" title=\"Grupo ganain 150-min\" \/><\/h6><h6 class=\"clients-content\"><img loading=\"lazy\" decoding=\"async\" width=\"150\" height=\"50\" src=\"https:\/\/servicios.easyworks.es\/wp-content\/uploads\/2019\/04\/grupo-dizmar-150-min.png\" class=\"attachment-full\" alt=\"\" title=\"grupo dizmar 150-min\" \/><\/h6><h6 class=\"clients-content\"><img loading=\"lazy\" decoding=\"async\" width=\"150\" height=\"50\" src=\"https:\/\/servicios.easyworks.es\/wp-content\/uploads\/2019\/04\/gri-150.png\" class=\"attachment-full\" alt=\"\" title=\"gri 150\" \/><\/h6><h6 class=\"clients-content\"><img loading=\"lazy\" decoding=\"async\" width=\"150\" height=\"50\" src=\"https:\/\/servicios.easyworks.es\/wp-content\/uploads\/2019\/04\/Gaictech-min.png\" class=\"attachment-full\" alt=\"\" title=\"Gaictech-min\" \/><\/h6><h6 class=\"clients-content\"><img loading=\"lazy\" decoding=\"async\" width=\"150\" height=\"50\" src=\"https:\/\/servicios.easyworks.es\/wp-content\/uploads\/2019\/04\/F-Carceller-min.png\" class=\"attachment-full\" alt=\"\" title=\"F Carceller-min\" \/><\/h6><h6 class=\"clients-content\"><img loading=\"lazy\" decoding=\"async\" width=\"150\" height=\"50\" src=\"https:\/\/servicios.easyworks.es\/wp-content\/uploads\/2019\/04\/Ansi-150x50-min.png\" class=\"attachment-full\" alt=\"\" title=\"Ansi 150x50-min\" \/><\/h6><\/div><script type=\"text\/javascript\">\r\n              jQuery(document).ready(function($){\r\n                if ($(\".slider.clients.kd-client-69f434fe77bb4\").length) {\r\n                  $(\".slider.clients.kd-client-69f434fe77bb4\").owlCarousel({\r\n                    navigation: false,\r\n                    pagination: false,autoPlay: 3000,stopOnHover: false,\r\n                    items: 6,\r\n                    addClassActive: true,\r\n                  });\r\n                }\r\n              });\r\n            <\/script>[vc_empty_space height=&#8221;100px&#8221;][\/vc_column][vc_column width=&#8221;1\/12&#8243;][\/vc_column][\/vc_row]<\/p>\n<\/div>","protected":false},"excerpt":{"rendered":"<p>[vc_row gap=&#8221;15&#8243; content_placement=&#8221;middle&#8221; parallax=&#8221;content-moving-fade&#8221; parallax_image=&#8221;3366&#8243; parallax_speed_bg=&#8221;3.5&#8243;][vc_column width=&#8221;1\/12&#8243;][\/vc_column][vc_column width=&#8221;10\/12&#8243;][vc_empty_space height=&#8221;90px&#8221;][vc_custom_heading text=&#8221;We Design, We Manage, We execute. All over the world.&#8221; font_container=&#8221;tag:h2|font_size:35px|text_align:left|color:%23ffffff|line_height:45px&#8221; use_theme_fonts=&#8221;yes&#8221; css_animation=&#8221;fadeInUp&#8221;][vc_separator color=&#8221;blue&#8221; [&hellip;]<\/p>\n","protected":false},"author":3,"featured_media":3099,"parent":0,"menu_order":0,"comment_status":"closed","ping_status":"closed","template":"","meta":{"rs_blank_template":"","rs_page_bg_color":"","slide_template_v7":"","footnotes":""},"class_list":["post-4149","page","type-page","status-publish","has-post-thumbnail","hentry"],"yoast_head":"<!-- This site is optimized with the Yoast SEO plugin v27.5 - https:\/\/yoast.com\/product\/yoast-seo-wordpress\/ -->\n<title>Detailed Engineering<\/title>\n<meta name=\"robots\" content=\"index, follow, max-snippet:-1, max-image-preview:large, max-video-preview:-1\" \/>\n<link rel=\"canonical\" href=\"https:\/\/servicios.easyworks.es\/en\/simulacion-y-analisis-estructural\/\" \/>\n<meta property=\"og:locale\" content=\"en_GB\" \/>\n<meta property=\"og:locale:alternate\" content=\"es_ES\" \/>\n<meta property=\"og:type\" content=\"article\" \/>\n<meta property=\"og:title\" content=\"Detailed Engineering\" \/>\n<meta property=\"og:description\" content=\"[vc_row gap=&#8221;15&#8243; content_placement=&#8221;middle&#8221; parallax=&#8221;content-moving-fade&#8221; parallax_image=&#8221;3366&#8243; parallax_speed_bg=&#8221;3.5&#8243;][vc_column width=&#8221;1\/12&#8243;][\/vc_column][vc_column width=&#8221;10\/12&#8243;][vc_empty_space height=&#8221;90px&#8221;][vc_custom_heading text=&#8221;We Design, We Manage, We execute. All over the world.&#8221; font_container=&#8221;tag:h2|font_size:35px|text_align:left|color:%23ffffff|line_height:45px&#8221; use_theme_fonts=&#8221;yes&#8221; css_animation=&#8221;fadeInUp&#8221;][vc_separator color=&#8221;blue&#8221; [&hellip;]\" \/>\n<meta property=\"og:url\" content=\"https:\/\/servicios.easyworks.es\/en\/simulacion-y-analisis-estructural\/\" \/>\n<meta property=\"og:site_name\" content=\"Easyworks\" \/>\n<meta property=\"article:modified_time\" content=\"2024-07-29T07:23:58+00:00\" \/>\n<meta property=\"og:image\" content=\"https:\/\/servicios.easyworks.es\/wp-content\/uploads\/2019\/04\/12-min.jpg\" \/>\n\t<meta property=\"og:image:width\" content=\"3521\" \/>\n\t<meta property=\"og:image:height\" content=\"2333\" \/>\n\t<meta property=\"og:image:type\" content=\"image\/jpeg\" \/>\n<meta name=\"twitter:card\" content=\"summary_large_image\" \/>\n<meta name=\"twitter:label1\" content=\"Estimated reading time\" \/>\n\t<meta name=\"twitter:data1\" content=\"10 minutes\" \/>\n<script type=\"application\/ld+json\" class=\"yoast-schema-graph\">{\"@context\":\"https:\\\/\\\/schema.org\",\"@graph\":[{\"@type\":\"WebPage\",\"@id\":\"https:\\\/\\\/servicios.easyworks.es\\\/simulacion-y-analisis-estructural\\\/\",\"url\":\"https:\\\/\\\/servicios.easyworks.es\\\/simulacion-y-analisis-estructural\\\/\",\"name\":\"Detailed Engineering\",\"isPartOf\":{\"@id\":\"https:\\\/\\\/servicios.easyworks.es\\\/#website\"},\"primaryImageOfPage\":{\"@id\":\"https:\\\/\\\/servicios.easyworks.es\\\/simulacion-y-analisis-estructural\\\/#primaryimage\"},\"image\":{\"@id\":\"https:\\\/\\\/servicios.easyworks.es\\\/simulacion-y-analisis-estructural\\\/#primaryimage\"},\"thumbnailUrl\":\"https:\\\/\\\/servicios.easyworks.es\\\/wp-content\\\/uploads\\\/2019\\\/04\\\/12-min.jpg\",\"datePublished\":\"2020-02-19T10:17:59+00:00\",\"dateModified\":\"2024-07-29T07:23:58+00:00\",\"breadcrumb\":{\"@id\":\"https:\\\/\\\/servicios.easyworks.es\\\/simulacion-y-analisis-estructural\\\/#breadcrumb\"},\"inLanguage\":\"en-GB\",\"potentialAction\":[{\"@type\":\"ReadAction\",\"target\":[\"https:\\\/\\\/servicios.easyworks.es\\\/simulacion-y-analisis-estructural\\\/\"]}]},{\"@type\":\"ImageObject\",\"inLanguage\":\"en-GB\",\"@id\":\"https:\\\/\\\/servicios.easyworks.es\\\/simulacion-y-analisis-estructural\\\/#primaryimage\",\"url\":\"https:\\\/\\\/servicios.easyworks.es\\\/wp-content\\\/uploads\\\/2019\\\/04\\\/12-min.jpg\",\"contentUrl\":\"https:\\\/\\\/servicios.easyworks.es\\\/wp-content\\\/uploads\\\/2019\\\/04\\\/12-min.jpg\",\"width\":3521,\"height\":2333,\"caption\":\"servicios de consultor\u00eda\"},{\"@type\":\"BreadcrumbList\",\"@id\":\"https:\\\/\\\/servicios.easyworks.es\\\/simulacion-y-analisis-estructural\\\/#breadcrumb\",\"itemListElement\":[{\"@type\":\"ListItem\",\"position\":1,\"name\":\"Portada\",\"item\":\"https:\\\/\\\/servicios.easyworks.es\\\/\"},{\"@type\":\"ListItem\",\"position\":2,\"name\":\"Simulaci\u00f3n\"}]},{\"@type\":\"WebSite\",\"@id\":\"https:\\\/\\\/servicios.easyworks.es\\\/#website\",\"url\":\"https:\\\/\\\/servicios.easyworks.es\\\/\",\"name\":\"Easyworks\",\"description\":\"Externalizaci\u00f3n de servicios de oficina t\u00e9cnica e ingenier\u00eda.\",\"potentialAction\":[{\"@type\":\"SearchAction\",\"target\":{\"@type\":\"EntryPoint\",\"urlTemplate\":\"https:\\\/\\\/servicios.easyworks.es\\\/?s={search_term_string}\"},\"query-input\":{\"@type\":\"PropertyValueSpecification\",\"valueRequired\":true,\"valueName\":\"search_term_string\"}}],\"inLanguage\":\"en-GB\"}]}<\/script>\n<!-- \/ Yoast SEO plugin. -->","yoast_head_json":{"title":"Detailed Engineering","robots":{"index":"index","follow":"follow","max-snippet":"max-snippet:-1","max-image-preview":"max-image-preview:large","max-video-preview":"max-video-preview:-1"},"canonical":"https:\/\/servicios.easyworks.es\/en\/simulacion-y-analisis-estructural\/","og_locale":"en_GB","og_type":"article","og_title":"Servicios de [:en]Detailed Engineering[:es]Simulaci\u00f3n[:] en Galicia- Easyworks","og_description":"[vc_row gap=&#8221;15&#8243; content_placement=&#8221;middle&#8221; parallax=&#8221;content-moving-fade&#8221; parallax_image=&#8221;3366&#8243; parallax_speed_bg=&#8221;3.5&#8243;][vc_column width=&#8221;1\/12&#8243;][\/vc_column][vc_column width=&#8221;10\/12&#8243;][vc_empty_space height=&#8221;90px&#8221;][vc_custom_heading text=&#8221;We Design, We Manage, We execute. All over the world.&#8221; font_container=&#8221;tag:h2|font_size:35px|text_align:left|color:%23ffffff|line_height:45px&#8221; use_theme_fonts=&#8221;yes&#8221; css_animation=&#8221;fadeInUp&#8221;][vc_separator color=&#8221;blue&#8221; [&hellip;]","og_url":"https:\/\/servicios.easyworks.es\/en\/simulacion-y-analisis-estructural\/","og_site_name":"Easyworks","article_modified_time":"2024-07-29T07:23:58+00:00","og_image":[{"width":3521,"height":2333,"url":"https:\/\/servicios.easyworks.es\/wp-content\/uploads\/2019\/04\/12-min.jpg","type":"image\/jpeg"}],"twitter_card":"summary_large_image","twitter_misc":{"Estimated reading time":"10 minutes"},"schema":{"@context":"https:\/\/schema.org","@graph":[{"@type":"WebPage","@id":"https:\/\/servicios.easyworks.es\/simulacion-y-analisis-estructural\/","url":"https:\/\/servicios.easyworks.es\/simulacion-y-analisis-estructural\/","name":"Detailed Engineering","isPartOf":{"@id":"https:\/\/servicios.easyworks.es\/#website"},"primaryImageOfPage":{"@id":"https:\/\/servicios.easyworks.es\/simulacion-y-analisis-estructural\/#primaryimage"},"image":{"@id":"https:\/\/servicios.easyworks.es\/simulacion-y-analisis-estructural\/#primaryimage"},"thumbnailUrl":"https:\/\/servicios.easyworks.es\/wp-content\/uploads\/2019\/04\/12-min.jpg","datePublished":"2020-02-19T10:17:59+00:00","dateModified":"2024-07-29T07:23:58+00:00","breadcrumb":{"@id":"https:\/\/servicios.easyworks.es\/simulacion-y-analisis-estructural\/#breadcrumb"},"inLanguage":"en-GB","potentialAction":[{"@type":"ReadAction","target":["https:\/\/servicios.easyworks.es\/simulacion-y-analisis-estructural\/"]}]},{"@type":"ImageObject","inLanguage":"en-GB","@id":"https:\/\/servicios.easyworks.es\/simulacion-y-analisis-estructural\/#primaryimage","url":"https:\/\/servicios.easyworks.es\/wp-content\/uploads\/2019\/04\/12-min.jpg","contentUrl":"https:\/\/servicios.easyworks.es\/wp-content\/uploads\/2019\/04\/12-min.jpg","width":3521,"height":2333,"caption":"servicios de consultor\u00eda"},{"@type":"BreadcrumbList","@id":"https:\/\/servicios.easyworks.es\/simulacion-y-analisis-estructural\/#breadcrumb","itemListElement":[{"@type":"ListItem","position":1,"name":"Portada","item":"https:\/\/servicios.easyworks.es\/"},{"@type":"ListItem","position":2,"name":"Simulaci\u00f3n"}]},{"@type":"WebSite","@id":"https:\/\/servicios.easyworks.es\/#website","url":"https:\/\/servicios.easyworks.es\/","name":"Easyworks","description":"Externalizaci\u00f3n de servicios de oficina t\u00e9cnica e ingenier\u00eda.","potentialAction":[{"@type":"SearchAction","target":{"@type":"EntryPoint","urlTemplate":"https:\/\/servicios.easyworks.es\/?s={search_term_string}"},"query-input":{"@type":"PropertyValueSpecification","valueRequired":true,"valueName":"search_term_string"}}],"inLanguage":"en-GB"}]}},"_links":{"self":[{"href":"https:\/\/servicios.easyworks.es\/en\/wp-json\/wp\/v2\/pages\/4149","targetHints":{"allow":["GET"]}}],"collection":[{"href":"https:\/\/servicios.easyworks.es\/en\/wp-json\/wp\/v2\/pages"}],"about":[{"href":"https:\/\/servicios.easyworks.es\/en\/wp-json\/wp\/v2\/types\/page"}],"author":[{"embeddable":true,"href":"https:\/\/servicios.easyworks.es\/en\/wp-json\/wp\/v2\/users\/3"}],"replies":[{"embeddable":true,"href":"https:\/\/servicios.easyworks.es\/en\/wp-json\/wp\/v2\/comments?post=4149"}],"version-history":[{"count":126,"href":"https:\/\/servicios.easyworks.es\/en\/wp-json\/wp\/v2\/pages\/4149\/revisions"}],"predecessor-version":[{"id":5323,"href":"https:\/\/servicios.easyworks.es\/en\/wp-json\/wp\/v2\/pages\/4149\/revisions\/5323"}],"wp:featuredmedia":[{"embeddable":true,"href":"https:\/\/servicios.easyworks.es\/en\/wp-json\/wp\/v2\/media\/3099"}],"wp:attachment":[{"href":"https:\/\/servicios.easyworks.es\/en\/wp-json\/wp\/v2\/media?parent=4149"}],"curies":[{"name":"wp","href":"https:\/\/api.w.org\/{rel}","templated":true}]}}