{"id":3741,"date":"2019-04-10T17:10:57","date_gmt":"2019-04-10T15:10:57","guid":{"rendered":"https:\/\/servicios.easyworks.es\/?page_id=3741"},"modified":"2024-07-29T09:20:16","modified_gmt":"2024-07-29T07:20:16","slug":"nauteka","status":"publish","type":"page","link":"https:\/\/servicios.easyworks.es\/en\/nauteka\/","title":{"rendered":"Nauteka"},"content":{"rendered":"<div class=\"wpb-content-wrapper\"><p>[vc_row][vc_column width=&#8221;1\/2&#8243;][vc_empty_space height=&#8221;100px&#8221;][vc_custom_heading text=&#8221;Planos de inicio&#8221; font_container=&#8221;tag:p|font_size:20px|text_align:left&#8221; use_theme_fonts=&#8221;yes&#8221;][vc_single_image image=&#8221;3742&#8243; img_size=&#8221;full&#8221; style=&#8221;vc_box_shadow_3d&#8221; onclick=&#8221;link_image&#8221;][vc_custom_heading text=&#8221;Medici\u00f3n en obra:&#8221; font_container=&#8221;tag:p|font_size:20px|text_align:left&#8221; use_theme_fonts=&#8221;yes&#8221;][vc_single_image image=&#8221;3743&#8243; img_size=&#8221;full&#8221; style=&#8221;vc_box_shadow_3d&#8221; onclick=&#8221;link_image&#8221;][vc_custom_heading text=&#8221;Nubes de puntos:&#8221; font_container=&#8221;tag:p|font_size:20px|text_align:left&#8221; use_theme_fonts=&#8221;yes&#8221;][vc_single_image image=&#8221;3744&#8243; img_size=&#8221;full&#8221; style=&#8221;vc_box_shadow_3d&#8221; onclick=&#8221;link_image&#8221;][\/vc_column][vc_column width=&#8221;1\/2&#8243;][vc_custom_heading text=&#8221;NAUTEKA&#8221; font_container=&#8221;tag:h1|font_size:25px|text_align:left|line_height:30px&#8221; use_theme_fonts=&#8221;yes&#8221;][vc_separator color=&#8221;blue&#8221; align=&#8221;align_left&#8221; border_width=&#8221;2&#8243; el_width=&#8221;10&#8243; css_animation=&#8221;fadeInRight&#8221;][vc_column_text]<\/p>\n<p style=\"text-align: justify;\"><b><strong>Cliente: <a href=\"https:\/\/www.nauteka.com\">Nauteka (Carpinter\u00eda Amoedo, S.L.)<\/a><\/strong><\/b><br \/>\n<b>Reto: <\/b>Realizar el modelado y delineaci\u00f3n de los muebles de las distintas estancias para la habilitaci\u00f3n de dos buques. En un primer caso con medici\u00f3n en obra para tomar las medidas limitantes de las estancias u otra documentaci\u00f3n gr\u00e1fica y un segundo partiendo de una nube de puntos ante la dificultad de tomar medidas en obra debido a la distancia del buque.<br \/>\n<b>Servicios: <\/b>Servicios de ingenier\u00eda de detalle con modelado 3D de las estancias de los buques para realizar el <strong>modelado de los muebles, despieces y planos de fabricaci\u00f3n y montaje<\/strong> de los mismos, con <strong>listas de materiales y listados de cortes<\/strong>.<\/p>\n<p style=\"text-align: justify;\">En los dos proyectos recibimos del cliente documentaci\u00f3n similar, en ambos casos recibimos un plano DWG del dise\u00f1ador de la distribuci\u00f3n y forma que deb\u00edan tener los dise\u00f1os. En uno hubo que hacer <strong>mediciones en obra<\/strong> a medida que avanzaba el montaje del buque, y en el otro proyecto, recibimos <strong>nubes de puntos<\/strong> para hacer el procesado en nuestra oficina y poder trabajar con ellas.<\/p>\n<p style=\"text-align: justify;\"><strong>\u00bfC\u00f3mo fue el proceso que seguimos?<\/strong><\/p>\n<p style=\"text-align: justify;\">Partiendo de los planos del dise\u00f1ador se modelan en 3D todos los muebles y <strong>se enviaron a cliente para validaci\u00f3n los ficheros en 3D.<\/strong><\/p>\n<p style=\"text-align: justify;\">Una vez validados, se generaron los planos de fabricaci\u00f3n y montaje con las vistas y anotaciones necesarias de los dise\u00f1os, incluyendo listados de material y corte, que ayudan a la hora de fabricaci\u00f3n y montaje en taller, y tambi\u00e9n una vez que ya estamos en el barco.<\/p>\n<p style=\"text-align: justify;\">Para poder cumplir los cortos plazos del proyecto utilizamos las funcionalidades de una soluci\u00f3n de gesti\u00f3n de datos y herramienta colaborativa, <a href=\"https:\/\/easyworks.es\/gestion-datos-de-producto-pdm\/\">SOLIDWORKS PDM<\/a>, y las distintas aplicaciones desarrolladas por nosotros para poder generar la documentaci\u00f3n de forma m\u00e1s \u00e1gil y cumplir las necesidades de cliente.<\/p>\n<p style=\"text-align: justify;\">Adem\u00e1s, <strong>con la revisi\u00f3n por parte de cliente en formato 3D se ha acelerado mucho el proceso de validaci\u00f3n e interpretaci\u00f3n<\/strong> de los modelos.<\/p>\n<p><strong>Algunos datos interesantes sobre los dos proyectos:<\/strong><\/p>\n<ol>\n<li><strong>3.5 meses<\/strong> de proyecto<\/li>\n<li>Han trabajo <strong>3 personas<\/strong> en este proyecto<\/li>\n<li>M\u00e1s de <strong>1.100 horas<\/strong> de trabajo.<\/li>\n<li><strong>140<\/strong> <strong>planos de detalle<\/strong> generados<\/li>\n<li>M\u00e1s de <strong>400 archivos generados y 6 GB<\/strong> de informaci\u00f3n<\/li>\n<\/ol>\n<p>[\/vc_column_text][vc_separator align=&#8221;align_left&#8221;][vc_column_text css_animation=&#8221;bounceIn&#8221;]<b>Datos de contacto del cliente:<\/b><\/p>\n<p>Pol\u00edgono Industrial Casti\u00f1eiras nave 38. 36939<br \/>\nBUEU, PONTEVEDRA<br \/>\nTlfn: (+34) 986 32 44 54<br \/>\nEmail: gestion@nauteka.com[\/vc_column_text][\/vc_column][\/vc_row][vc_row][vc_column][vc_separator align=&#8221;align_left&#8221;][\/vc_column][\/vc_row][vc_row][vc_column width=&#8221;1\/3&#8243;][\/vc_column][vc_column width=&#8221;1\/3&#8243;][vc_custom_heading text=&#8221;\u00bfNecesitas asesor\u00eda con tu proyecto?&#8221; use_theme_fonts=&#8221;yes&#8221; css=&#8221;&#8221;][vc_column_text css=&#8221;&#8221;]\u00a1Descubre c\u00f3mo podemos ayudarte! Ll\u00e1manos al <a href=\"tel:0034659159456\">659 159 456<\/a> o d\u00e9janos tus datos. Estamos deseando hablar contigo :)[\/vc_column_text][vc_icon icon_fontawesome=&#8221;fas fa-angle-double-right&#8221; color=&#8221;sky&#8221; size=&#8221;xl&#8221; align=&#8221;center&#8221; css=&#8221;&#8221;][\/vc_column][vc_column width=&#8221;1\/3&#8243;][vc_raw_html css=&#8221;&#8221;]JTNDaWZyYW1lJTIwYXJpYS1sYWJlbCUzRCUyN0NvbnRhY3RvJTIwU2VydmljaW9zJTI3JTIwZnJhbWVib3JkZXIlM0QlMjIwJTIyJTIwc3R5bGUlM0QlMjJoZWlnaHQlM0E1MDBweCUzQndpZHRoJTNBOTklMjUlM0Jib3JkZXIlM0Fub25lJTNCJTIyJTIwc3JjJTNEJTI3aHR0cHMlM0ElMkYlMkZmb3Jtcy56b2hvcHVibGljLmV1JTJGZWFzeXdvcmtzJTJGZm9ybSUyRkNvbnRhY3RvU2VydmljaW9zJTJGZm9ybXBlcm1hJTJGdU9IWkZiWGFod1FTU0Q4amZIUV9tVHQzTWFyYVNlblJudUtNcHRfekxTNCUyNyUzRSUzQyUyRmlmcmFtZSUzRQ==[\/vc_raw_html][\/vc_column][\/vc_row]<\/p>\n<\/div>","protected":false},"excerpt":{"rendered":"<p>[vc_row][vc_column width=&#8221;1\/2&#8243;][vc_empty_space height=&#8221;100px&#8221;][vc_custom_heading text=&#8221;Planos de inicio&#8221; font_container=&#8221;tag:p|font_size:20px|text_align:left&#8221; use_theme_fonts=&#8221;yes&#8221;][vc_single_image image=&#8221;3742&#8243; img_size=&#8221;full&#8221; style=&#8221;vc_box_shadow_3d&#8221; onclick=&#8221;link_image&#8221;][vc_custom_heading text=&#8221;Medici\u00f3n en obra:&#8221; font_container=&#8221;tag:p|font_size:20px|text_align:left&#8221; use_theme_fonts=&#8221;yes&#8221;][vc_single_image image=&#8221;3743&#8243; img_size=&#8221;full&#8221; style=&#8221;vc_box_shadow_3d&#8221; onclick=&#8221;link_image&#8221;][vc_custom_heading text=&#8221;Nubes de [&hellip;]<\/p>\n","protected":false},"author":3,"featured_media":0,"parent":0,"menu_order":0,"comment_status":"closed","ping_status":"closed","template":"","meta":{"rs_blank_template":"","rs_page_bg_color":"","slide_template_v7":"","footnotes":""},"class_list":["post-3741","page","type-page","status-publish","hentry"],"yoast_head":"<!-- This site is optimized with the Yoast SEO plugin v27.3 - https:\/\/yoast.com\/product\/yoast-seo-wordpress\/ -->\n<title>Caso de estudio dise\u00f1o en Tekla Structures: Nauteka - Easyworks<\/title>\n<meta name=\"description\" content=\"Hemos dise\u00f1ado un conjunto de pasarelas y escaleras, con sus correspondientes barandillas que den acceso a una instalaci\u00f3n para tareas de mantenimiento.\" \/>\n<meta name=\"robots\" content=\"index, follow, max-snippet:-1, max-image-preview:large, max-video-preview:-1\" \/>\n<link rel=\"canonical\" href=\"https:\/\/servicios.easyworks.es\/en\/nauteka\/\" \/>\n<meta property=\"og:locale\" content=\"en_GB\" \/>\n<meta property=\"og:locale:alternate\" content=\"es_ES\" \/>\n<meta property=\"og:type\" content=\"article\" \/>\n<meta property=\"og:title\" content=\"Caso de estudio dise\u00f1o en Tekla Structures: Nauteka - Easyworks\" \/>\n<meta property=\"og:description\" content=\"Hemos dise\u00f1ado un conjunto de pasarelas y escaleras, con sus correspondientes barandillas que den acceso a una instalaci\u00f3n para tareas de mantenimiento.\" \/>\n<meta property=\"og:url\" content=\"https:\/\/servicios.easyworks.es\/en\/nauteka\/\" \/>\n<meta property=\"og:site_name\" content=\"Easyworks\" \/>\n<meta property=\"article:modified_time\" content=\"2024-07-29T07:20:16+00:00\" \/>\n<meta name=\"twitter:card\" content=\"summary_large_image\" \/>\n<meta name=\"twitter:label1\" content=\"Estimated reading time\" \/>\n\t<meta name=\"twitter:data1\" content=\"3 minutes\" \/>\n<script type=\"application\/ld+json\" class=\"yoast-schema-graph\">{\"@context\":\"https:\\\/\\\/schema.org\",\"@graph\":[{\"@type\":\"WebPage\",\"@id\":\"https:\\\/\\\/servicios.easyworks.es\\\/nauteka\\\/\",\"url\":\"https:\\\/\\\/servicios.easyworks.es\\\/nauteka\\\/\",\"name\":\"Caso de estudio dise\u00f1o en Tekla Structures: Nauteka - Easyworks\",\"isPartOf\":{\"@id\":\"https:\\\/\\\/servicios.easyworks.es\\\/#website\"},\"datePublished\":\"2019-04-10T15:10:57+00:00\",\"dateModified\":\"2024-07-29T07:20:16+00:00\",\"description\":\"Hemos dise\u00f1ado un conjunto de pasarelas y escaleras, con sus correspondientes barandillas que den acceso a una instalaci\u00f3n para tareas de mantenimiento.\",\"breadcrumb\":{\"@id\":\"https:\\\/\\\/servicios.easyworks.es\\\/nauteka\\\/#breadcrumb\"},\"inLanguage\":\"en-GB\",\"potentialAction\":[{\"@type\":\"ReadAction\",\"target\":[\"https:\\\/\\\/servicios.easyworks.es\\\/nauteka\\\/\"]}]},{\"@type\":\"BreadcrumbList\",\"@id\":\"https:\\\/\\\/servicios.easyworks.es\\\/nauteka\\\/#breadcrumb\",\"itemListElement\":[{\"@type\":\"ListItem\",\"position\":1,\"name\":\"Portada\",\"item\":\"https:\\\/\\\/servicios.easyworks.es\\\/\"},{\"@type\":\"ListItem\",\"position\":2,\"name\":\"Nauteka\"}]},{\"@type\":\"WebSite\",\"@id\":\"https:\\\/\\\/servicios.easyworks.es\\\/#website\",\"url\":\"https:\\\/\\\/servicios.easyworks.es\\\/\",\"name\":\"Easyworks\",\"description\":\"Externalizaci\u00f3n de servicios de oficina t\u00e9cnica e ingenier\u00eda.\",\"potentialAction\":[{\"@type\":\"SearchAction\",\"target\":{\"@type\":\"EntryPoint\",\"urlTemplate\":\"https:\\\/\\\/servicios.easyworks.es\\\/?s={search_term_string}\"},\"query-input\":{\"@type\":\"PropertyValueSpecification\",\"valueRequired\":true,\"valueName\":\"search_term_string\"}}],\"inLanguage\":\"en-GB\"}]}<\/script>\n<!-- \/ Yoast SEO plugin. -->","yoast_head_json":{"title":"Caso de estudio dise\u00f1o en Tekla Structures: Nauteka - Easyworks","description":"Hemos dise\u00f1ado un conjunto de pasarelas y escaleras, con sus correspondientes barandillas que den acceso a una instalaci\u00f3n para tareas de mantenimiento.","robots":{"index":"index","follow":"follow","max-snippet":"max-snippet:-1","max-image-preview":"max-image-preview:large","max-video-preview":"max-video-preview:-1"},"canonical":"https:\/\/servicios.easyworks.es\/en\/nauteka\/","og_locale":"en_GB","og_type":"article","og_title":"[:es]Caso de estudio dise\u00f1o en Tekla Structures: Nauteka - Easyworks[:]","og_description":"Hemos dise\u00f1ado un conjunto de pasarelas y escaleras, con sus correspondientes barandillas que den acceso a una instalaci\u00f3n para tareas de mantenimiento.","og_url":"https:\/\/servicios.easyworks.es\/en\/nauteka\/","og_site_name":"Easyworks","article_modified_time":"2024-07-29T07:20:16+00:00","twitter_card":"summary_large_image","twitter_misc":{"Estimated reading time":"3 minutes"},"schema":{"@context":"https:\/\/schema.org","@graph":[{"@type":"WebPage","@id":"https:\/\/servicios.easyworks.es\/nauteka\/","url":"https:\/\/servicios.easyworks.es\/nauteka\/","name":"Caso de estudio dise\u00f1o en Tekla Structures: Nauteka - Easyworks","isPartOf":{"@id":"https:\/\/servicios.easyworks.es\/#website"},"datePublished":"2019-04-10T15:10:57+00:00","dateModified":"2024-07-29T07:20:16+00:00","description":"Hemos dise\u00f1ado un conjunto de pasarelas y escaleras, con sus correspondientes barandillas que den acceso a una instalaci\u00f3n para tareas de mantenimiento.","breadcrumb":{"@id":"https:\/\/servicios.easyworks.es\/nauteka\/#breadcrumb"},"inLanguage":"en-GB","potentialAction":[{"@type":"ReadAction","target":["https:\/\/servicios.easyworks.es\/nauteka\/"]}]},{"@type":"BreadcrumbList","@id":"https:\/\/servicios.easyworks.es\/nauteka\/#breadcrumb","itemListElement":[{"@type":"ListItem","position":1,"name":"Portada","item":"https:\/\/servicios.easyworks.es\/"},{"@type":"ListItem","position":2,"name":"Nauteka"}]},{"@type":"WebSite","@id":"https:\/\/servicios.easyworks.es\/#website","url":"https:\/\/servicios.easyworks.es\/","name":"Easyworks","description":"Externalizaci\u00f3n de servicios de oficina t\u00e9cnica e ingenier\u00eda.","potentialAction":[{"@type":"SearchAction","target":{"@type":"EntryPoint","urlTemplate":"https:\/\/servicios.easyworks.es\/?s={search_term_string}"},"query-input":{"@type":"PropertyValueSpecification","valueRequired":true,"valueName":"search_term_string"}}],"inLanguage":"en-GB"}]}},"_links":{"self":[{"href":"https:\/\/servicios.easyworks.es\/en\/wp-json\/wp\/v2\/pages\/3741","targetHints":{"allow":["GET"]}}],"collection":[{"href":"https:\/\/servicios.easyworks.es\/en\/wp-json\/wp\/v2\/pages"}],"about":[{"href":"https:\/\/servicios.easyworks.es\/en\/wp-json\/wp\/v2\/types\/page"}],"author":[{"embeddable":true,"href":"https:\/\/servicios.easyworks.es\/en\/wp-json\/wp\/v2\/users\/3"}],"replies":[{"embeddable":true,"href":"https:\/\/servicios.easyworks.es\/en\/wp-json\/wp\/v2\/comments?post=3741"}],"version-history":[{"count":10,"href":"https:\/\/servicios.easyworks.es\/en\/wp-json\/wp\/v2\/pages\/3741\/revisions"}],"predecessor-version":[{"id":5321,"href":"https:\/\/servicios.easyworks.es\/en\/wp-json\/wp\/v2\/pages\/3741\/revisions\/5321"}],"wp:attachment":[{"href":"https:\/\/servicios.easyworks.es\/en\/wp-json\/wp\/v2\/media?parent=3741"}],"curies":[{"name":"wp","href":"https:\/\/api.w.org\/{rel}","templated":true}]}}