{"id":3714,"date":"2019-04-10T16:43:16","date_gmt":"2019-04-10T14:43:16","guid":{"rendered":"https:\/\/servicios.easyworks.es\/?page_id=3714"},"modified":"2024-07-29T09:20:26","modified_gmt":"2024-07-29T07:20:26","slug":"esypro","status":"publish","type":"page","link":"https:\/\/servicios.easyworks.es\/en\/esypro\/","title":{"rendered":"ESYPRO MANUTENCION, S.L.U."},"content":{"rendered":"<div class=\"wpb-content-wrapper\"><p>[vc_row][vc_column width=&#8221;1\/2&#8243;][vc_empty_space height=&#8221;100px&#8221;][vc_single_image image=&#8221;3737&#8243; img_size=&#8221;full&#8221; style=&#8221;vc_box_shadow_3d&#8221; onclick=&#8221;link_image&#8221;][vc_single_image image=&#8221;3968&#8243; img_size=&#8221;full&#8221; style=&#8221;vc_box_shadow_3d&#8221; onclick=&#8221;link_image&#8221;][vc_single_image image=&#8221;3738&#8243; img_size=&#8221;full&#8221; style=&#8221;vc_box_shadow_3d&#8221; onclick=&#8221;link_image&#8221;][\/vc_column][vc_column width=&#8221;1\/2&#8243;][vc_custom_heading text=&#8221;ESYPRO MANUTENCION, S.L.U.&#8221; font_container=&#8221;tag:h1|font_size:25px|text_align:left|line_height:30px&#8221; use_theme_fonts=&#8221;yes&#8221;][vc_separator color=&#8221;blue&#8221; align=&#8221;align_left&#8221; border_width=&#8221;2&#8243; el_width=&#8221;10&#8243; css_animation=&#8221;fadeInRight&#8221;][vc_column_text]<\/p>\n<p style=\"text-align: justify;\"><b><strong>Cliente:<\/strong><\/b> <a href=\"https:\/\/esypro.com\/\">Esypro Manutenci\u00f3n, S.L.U.<\/a><br \/>\n<b>Reto: <\/b>Encontrar una metodolog\u00eda de trabajo que ayude a minimizar los errores de dise\u00f1o y mejorar el proceso de trabajo.<b><br \/>\n<\/b><b>Servicios:\u00a0<\/b>Consultor\u00eda en desarrollo de productos y apoyo con servicios de outsourcing en momentos de pico de trabajo.<\/p>\n<p style=\"text-align: justify;\">A la empresa Esypro Manutenci\u00f3n le hemos ayudado a implantar una metodolog\u00eda de trabajo con el fin de minimizar los errores de dise\u00f1o que ten\u00edan. Para ello hemos implementado un m\u00e9todo, al que llamamos<strong> &#8220;Aprobaci\u00f3n&#8221;<\/strong>, que podr\u00edamos resumir as\u00ed:<\/p>\n<p style=\"text-align: justify;\">Una vez que el dise\u00f1ador acaba su trabajo en la herramienta SOLIDWORKS, se le aplica un proceso digital que analiza que todo est\u00e1 correcto. Este proceso se lleva a cabo con un complemento personalizado desarrollado para integrar la herramienta SOLIDWORKS, el gestor de documentaci\u00f3n PDM y el ERP. Para el usuario consiste en una barra de herramientas en SOLIDWORKS que le ayuda a aprobar sus modelos 3D y sus correspondientes planos, automatizando procesos repetitivos, y as\u00ed asegurarse que los dise\u00f1os aprobados cumplan unos requisitos m\u00ednimos exigidos.<\/p>\n<p style=\"text-align: justify;\">El asistente de aprobaci\u00f3n realiza una serie de comprobaciones, entre las que se encuentran:<\/p>\n<ul>\n<li>Confirmar que todos componentes del modelo se est\u00e9n aprobados con anterioridad y que no tenga ninguna referencia rota o fuera de contexto.<\/li>\n<li>Comprobar que todas las propiedades obligatorias del documento est\u00e9n cubiertas correctamente.<\/li>\n<li>Revisar plano del modelo, comprobando que contenga lista de materiales, que las vistas est\u00e9n en la escala correcta y que cada uno de los componentes indicados en la lista de materiales est\u00e9 se\u00f1alizado con su correspondiente globo.<\/li>\n<\/ul>\n<p style=\"text-align: justify;\">Al final de este proceso, si todo est\u00e1 correcto, el asistente genera una lista de materiales en formato Excel para exportar a su ERP y genera la documentaci\u00f3n de intercambio de informaci\u00f3n con proveedores, se crea archivos PDF, DWG a partir del plano y un STEP del modelo 3D.<br \/>\nEste proceso lo realiza el equipo t\u00e9cnico de Easyworks desde nuestras oficinas pero trabajando directamente en el servidor del cliente.<\/p>\n<p>[\/vc_column_text][vc_separator align=&#8221;align_left&#8221;][vc_column_text css_animation=&#8221;bounceIn&#8221;]<b>Datos de contacto del cliente:<\/b><\/p>\n<p><a>P.I. A Pasaxe, 41. Vincios | 36316<br \/>\nGondomar | Pontevedra | Espa\u00f1a<br \/>\nTel.: +34 986 467 006<\/a><br \/>\nE-mail: comercial@esypro.com[\/vc_column_text][\/vc_column][\/vc_row][vc_row][vc_column][vc_separator align=&#8221;align_left&#8221;][\/vc_column][\/vc_row][vc_row][vc_column width=&#8221;1\/3&#8243;][\/vc_column][vc_column width=&#8221;1\/3&#8243;][vc_custom_heading text=&#8221;\u00bfNecesitas asesor\u00eda con tu proyecto?&#8221; use_theme_fonts=&#8221;yes&#8221; css=&#8221;&#8221;][vc_column_text css=&#8221;&#8221;]\u00a1Descubre c\u00f3mo podemos ayudarte! Ll\u00e1manos al <a href=\"tel:0034659159456\">659 159 456<\/a> o d\u00e9janos tus datos. Estamos deseando hablar contigo :)[\/vc_column_text][vc_icon icon_fontawesome=&#8221;fas fa-angle-double-right&#8221; color=&#8221;sky&#8221; size=&#8221;xl&#8221; align=&#8221;center&#8221; css=&#8221;&#8221;][\/vc_column][vc_column width=&#8221;1\/3&#8243;][vc_raw_html css=&#8221;&#8221;]JTNDaWZyYW1lJTIwYXJpYS1sYWJlbCUzRCUyN0NvbnRhY3RvJTIwU2VydmljaW9zJTI3JTIwZnJhbWVib3JkZXIlM0QlMjIwJTIyJTIwc3R5bGUlM0QlMjJoZWlnaHQlM0E1MDBweCUzQndpZHRoJTNBOTklMjUlM0Jib3JkZXIlM0Fub25lJTNCJTIyJTIwc3JjJTNEJTI3aHR0cHMlM0ElMkYlMkZmb3Jtcy56b2hvcHVibGljLmV1JTJGZWFzeXdvcmtzJTJGZm9ybSUyRkNvbnRhY3RvU2VydmljaW9zJTJGZm9ybXBlcm1hJTJGdU9IWkZiWGFod1FTU0Q4amZIUV9tVHQzTWFyYVNlblJudUtNcHRfekxTNCUyNyUzRSUzQyUyRmlmcmFtZSUzRQ==[\/vc_raw_html][\/vc_column][\/vc_row]<\/p>\n<\/div>","protected":false},"excerpt":{"rendered":"<p>[vc_row][vc_column width=&#8221;1\/2&#8243;][vc_empty_space height=&#8221;100px&#8221;][vc_single_image image=&#8221;3737&#8243; img_size=&#8221;full&#8221; style=&#8221;vc_box_shadow_3d&#8221; onclick=&#8221;link_image&#8221;][vc_single_image image=&#8221;3968&#8243; img_size=&#8221;full&#8221; style=&#8221;vc_box_shadow_3d&#8221; onclick=&#8221;link_image&#8221;][vc_single_image image=&#8221;3738&#8243; img_size=&#8221;full&#8221; style=&#8221;vc_box_shadow_3d&#8221; onclick=&#8221;link_image&#8221;][\/vc_column][vc_column width=&#8221;1\/2&#8243;][vc_custom_heading text=&#8221;ESYPRO MANUTENCION, S.L.U.&#8221; font_container=&#8221;tag:h1|font_size:25px|text_align:left|line_height:30px&#8221; use_theme_fonts=&#8221;yes&#8221;][vc_separator color=&#8221;blue&#8221; align=&#8221;align_left&#8221; [&hellip;]<\/p>\n","protected":false},"author":3,"featured_media":3968,"parent":0,"menu_order":0,"comment_status":"closed","ping_status":"closed","template":"","meta":{"rs_blank_template":"","rs_page_bg_color":"","slide_template_v7":"","footnotes":""},"class_list":["post-3714","page","type-page","status-publish","has-post-thumbnail","hentry"],"yoast_head":"<!-- This site is optimized with the Yoast SEO plugin v27.3 - https:\/\/yoast.com\/product\/yoast-seo-wordpress\/ -->\n<title>Caso de estudio de ESYPRO MANUTENCION, S.L.U. por Easyworks<\/title>\n<meta name=\"description\" content=\"Les hemos ayudado a implantar una metodolog\u00eda de trabajo con el fin de minimizar los errores de dise\u00f1o que ten\u00edan.\" \/>\n<meta name=\"robots\" content=\"index, follow, max-snippet:-1, max-image-preview:large, max-video-preview:-1\" \/>\n<link rel=\"canonical\" href=\"https:\/\/servicios.easyworks.es\/en\/esypro\/\" \/>\n<meta property=\"og:locale\" content=\"en_GB\" \/>\n<meta property=\"og:locale:alternate\" content=\"es_ES\" \/>\n<meta property=\"og:type\" content=\"article\" \/>\n<meta property=\"og:title\" content=\"Caso de estudio de ESYPRO MANUTENCION, S.L.U. por Easyworks\" \/>\n<meta property=\"og:description\" content=\"Les hemos ayudado a implantar una metodolog\u00eda de trabajo con el fin de minimizar los errores de dise\u00f1o que ten\u00edan.\" \/>\n<meta property=\"og:url\" content=\"https:\/\/servicios.easyworks.es\/en\/esypro\/\" \/>\n<meta property=\"og:site_name\" content=\"Easyworks\" \/>\n<meta property=\"article:modified_time\" content=\"2024-07-29T07:20:26+00:00\" \/>\n<meta property=\"og:image\" content=\"https:\/\/servicios.easyworks.es\/wp-content\/uploads\/2019\/05\/2019-04-09-15_54_53-Editor-de-imagen-de-Greenshot-min-1.png\" \/>\n\t<meta property=\"og:image:width\" content=\"1921\" \/>\n\t<meta property=\"og:image:height\" content=\"1038\" \/>\n\t<meta property=\"og:image:type\" content=\"image\/png\" \/>\n<meta name=\"twitter:card\" content=\"summary_large_image\" \/>\n<meta name=\"twitter:label1\" content=\"Estimated reading time\" \/>\n\t<meta name=\"twitter:data1\" content=\"3 minutes\" \/>\n<script type=\"application\/ld+json\" class=\"yoast-schema-graph\">{\"@context\":\"https:\\\/\\\/schema.org\",\"@graph\":[{\"@type\":\"WebPage\",\"@id\":\"https:\\\/\\\/servicios.easyworks.es\\\/esypro\\\/\",\"url\":\"https:\\\/\\\/servicios.easyworks.es\\\/esypro\\\/\",\"name\":\"Caso de estudio de ESYPRO MANUTENCION, S.L.U. por Easyworks\",\"isPartOf\":{\"@id\":\"https:\\\/\\\/servicios.easyworks.es\\\/#website\"},\"primaryImageOfPage\":{\"@id\":\"https:\\\/\\\/servicios.easyworks.es\\\/esypro\\\/#primaryimage\"},\"image\":{\"@id\":\"https:\\\/\\\/servicios.easyworks.es\\\/esypro\\\/#primaryimage\"},\"thumbnailUrl\":\"https:\\\/\\\/servicios.easyworks.es\\\/wp-content\\\/uploads\\\/2019\\\/05\\\/2019-04-09-15_54_53-Editor-de-imagen-de-Greenshot-min-1.png\",\"datePublished\":\"2019-04-10T14:43:16+00:00\",\"dateModified\":\"2024-07-29T07:20:26+00:00\",\"description\":\"Les hemos ayudado a implantar una metodolog\u00eda de trabajo con el fin de minimizar los errores de dise\u00f1o que ten\u00edan.\",\"breadcrumb\":{\"@id\":\"https:\\\/\\\/servicios.easyworks.es\\\/esypro\\\/#breadcrumb\"},\"inLanguage\":\"en-GB\",\"potentialAction\":[{\"@type\":\"ReadAction\",\"target\":[\"https:\\\/\\\/servicios.easyworks.es\\\/esypro\\\/\"]}]},{\"@type\":\"ImageObject\",\"inLanguage\":\"en-GB\",\"@id\":\"https:\\\/\\\/servicios.easyworks.es\\\/esypro\\\/#primaryimage\",\"url\":\"https:\\\/\\\/servicios.easyworks.es\\\/wp-content\\\/uploads\\\/2019\\\/05\\\/2019-04-09-15_54_53-Editor-de-imagen-de-Greenshot-min-1.png\",\"contentUrl\":\"https:\\\/\\\/servicios.easyworks.es\\\/wp-content\\\/uploads\\\/2019\\\/05\\\/2019-04-09-15_54_53-Editor-de-imagen-de-Greenshot-min-1.png\",\"width\":1921,\"height\":1038},{\"@type\":\"BreadcrumbList\",\"@id\":\"https:\\\/\\\/servicios.easyworks.es\\\/esypro\\\/#breadcrumb\",\"itemListElement\":[{\"@type\":\"ListItem\",\"position\":1,\"name\":\"Portada\",\"item\":\"https:\\\/\\\/servicios.easyworks.es\\\/\"},{\"@type\":\"ListItem\",\"position\":2,\"name\":\"ESYPRO MANUTENCION, S.L.U.\"}]},{\"@type\":\"WebSite\",\"@id\":\"https:\\\/\\\/servicios.easyworks.es\\\/#website\",\"url\":\"https:\\\/\\\/servicios.easyworks.es\\\/\",\"name\":\"Easyworks\",\"description\":\"Externalizaci\u00f3n de servicios de oficina t\u00e9cnica e ingenier\u00eda.\",\"potentialAction\":[{\"@type\":\"SearchAction\",\"target\":{\"@type\":\"EntryPoint\",\"urlTemplate\":\"https:\\\/\\\/servicios.easyworks.es\\\/?s={search_term_string}\"},\"query-input\":{\"@type\":\"PropertyValueSpecification\",\"valueRequired\":true,\"valueName\":\"search_term_string\"}}],\"inLanguage\":\"en-GB\"}]}<\/script>\n<!-- \/ Yoast SEO plugin. -->","yoast_head_json":{"title":"Caso de estudio de ESYPRO MANUTENCION, S.L.U. por Easyworks","description":"Les hemos ayudado a implantar una metodolog\u00eda de trabajo con el fin de minimizar los errores de dise\u00f1o que ten\u00edan.","robots":{"index":"index","follow":"follow","max-snippet":"max-snippet:-1","max-image-preview":"max-image-preview:large","max-video-preview":"max-video-preview:-1"},"canonical":"https:\/\/servicios.easyworks.es\/en\/esypro\/","og_locale":"en_GB","og_type":"article","og_title":"[:es]Caso de estudio de ESYPRO MANUTENCION, S.L.U. por Easyworks[:]","og_description":"[:es]Les hemos ayudado a implantar una metodolog\u00eda de trabajo con el fin de minimizar los errores de dise\u00f1o que ten\u00edan.[:]","og_url":"https:\/\/servicios.easyworks.es\/en\/esypro\/","og_site_name":"Easyworks","article_modified_time":"2024-07-29T07:20:26+00:00","og_image":[{"width":1921,"height":1038,"url":"https:\/\/servicios.easyworks.es\/wp-content\/uploads\/2019\/05\/2019-04-09-15_54_53-Editor-de-imagen-de-Greenshot-min-1.png","type":"image\/png"}],"twitter_card":"summary_large_image","twitter_misc":{"Estimated reading time":"3 minutes"},"schema":{"@context":"https:\/\/schema.org","@graph":[{"@type":"WebPage","@id":"https:\/\/servicios.easyworks.es\/esypro\/","url":"https:\/\/servicios.easyworks.es\/esypro\/","name":"Caso de estudio de ESYPRO MANUTENCION, S.L.U. por Easyworks","isPartOf":{"@id":"https:\/\/servicios.easyworks.es\/#website"},"primaryImageOfPage":{"@id":"https:\/\/servicios.easyworks.es\/esypro\/#primaryimage"},"image":{"@id":"https:\/\/servicios.easyworks.es\/esypro\/#primaryimage"},"thumbnailUrl":"https:\/\/servicios.easyworks.es\/wp-content\/uploads\/2019\/05\/2019-04-09-15_54_53-Editor-de-imagen-de-Greenshot-min-1.png","datePublished":"2019-04-10T14:43:16+00:00","dateModified":"2024-07-29T07:20:26+00:00","description":"Les hemos ayudado a implantar una metodolog\u00eda de trabajo con el fin de minimizar los errores de dise\u00f1o que ten\u00edan.","breadcrumb":{"@id":"https:\/\/servicios.easyworks.es\/esypro\/#breadcrumb"},"inLanguage":"en-GB","potentialAction":[{"@type":"ReadAction","target":["https:\/\/servicios.easyworks.es\/esypro\/"]}]},{"@type":"ImageObject","inLanguage":"en-GB","@id":"https:\/\/servicios.easyworks.es\/esypro\/#primaryimage","url":"https:\/\/servicios.easyworks.es\/wp-content\/uploads\/2019\/05\/2019-04-09-15_54_53-Editor-de-imagen-de-Greenshot-min-1.png","contentUrl":"https:\/\/servicios.easyworks.es\/wp-content\/uploads\/2019\/05\/2019-04-09-15_54_53-Editor-de-imagen-de-Greenshot-min-1.png","width":1921,"height":1038},{"@type":"BreadcrumbList","@id":"https:\/\/servicios.easyworks.es\/esypro\/#breadcrumb","itemListElement":[{"@type":"ListItem","position":1,"name":"Portada","item":"https:\/\/servicios.easyworks.es\/"},{"@type":"ListItem","position":2,"name":"ESYPRO MANUTENCION, S.L.U."}]},{"@type":"WebSite","@id":"https:\/\/servicios.easyworks.es\/#website","url":"https:\/\/servicios.easyworks.es\/","name":"Easyworks","description":"Externalizaci\u00f3n de servicios de oficina t\u00e9cnica e ingenier\u00eda.","potentialAction":[{"@type":"SearchAction","target":{"@type":"EntryPoint","urlTemplate":"https:\/\/servicios.easyworks.es\/?s={search_term_string}"},"query-input":{"@type":"PropertyValueSpecification","valueRequired":true,"valueName":"search_term_string"}}],"inLanguage":"en-GB"}]}},"_links":{"self":[{"href":"https:\/\/servicios.easyworks.es\/en\/wp-json\/wp\/v2\/pages\/3714","targetHints":{"allow":["GET"]}}],"collection":[{"href":"https:\/\/servicios.easyworks.es\/en\/wp-json\/wp\/v2\/pages"}],"about":[{"href":"https:\/\/servicios.easyworks.es\/en\/wp-json\/wp\/v2\/types\/page"}],"author":[{"embeddable":true,"href":"https:\/\/servicios.easyworks.es\/en\/wp-json\/wp\/v2\/users\/3"}],"replies":[{"embeddable":true,"href":"https:\/\/servicios.easyworks.es\/en\/wp-json\/wp\/v2\/comments?post=3714"}],"version-history":[{"count":13,"href":"https:\/\/servicios.easyworks.es\/en\/wp-json\/wp\/v2\/pages\/3714\/revisions"}],"predecessor-version":[{"id":5322,"href":"https:\/\/servicios.easyworks.es\/en\/wp-json\/wp\/v2\/pages\/3714\/revisions\/5322"}],"wp:featuredmedia":[{"embeddable":true,"href":"https:\/\/servicios.easyworks.es\/en\/wp-json\/wp\/v2\/media\/3968"}],"wp:attachment":[{"href":"https:\/\/servicios.easyworks.es\/en\/wp-json\/wp\/v2\/media?parent=3714"}],"curies":[{"name":"wp","href":"https:\/\/api.w.org\/{rel}","templated":true}]}}