{"id":3705,"date":"2019-04-09T12:20:11","date_gmt":"2019-04-09T10:20:11","guid":{"rendered":"https:\/\/servicios.easyworks.es\/?page_id=3705"},"modified":"2024-07-29T09:20:07","modified_gmt":"2024-07-29T07:20:07","slug":"ampliacion-puente-rande","status":"publish","type":"page","link":"https:\/\/servicios.easyworks.es\/en\/ampliacion-puente-rande\/","title":{"rendered":"Ampliaci\u00f3n Puente de Rande"},"content":{"rendered":"<div class=\"wpb-content-wrapper\"><p>[vc_row][vc_column width=&#8221;1\/2&#8243;][vc_empty_space height=&#8221;100px&#8221;][vc_single_image image=&#8221;3707&#8243; img_size=&#8221;full&#8221; style=&#8221;vc_box_shadow_3d&#8221; onclick=&#8221;link_image&#8221;][vc_single_image image=&#8221;3708&#8243; img_size=&#8221;full&#8221; style=&#8221;vc_box_shadow_3d&#8221; onclick=&#8221;link_image&#8221;][vc_single_image image=&#8221;3709&#8243; img_size=&#8221;full&#8221; style=&#8221;vc_box_shadow_3d&#8221; onclick=&#8221;link_image&#8221;][\/vc_column][vc_column width=&#8221;1\/2&#8243;][vc_custom_heading text=&#8221;Ampliaci\u00f3n Puente de Rande&#8221; font_container=&#8221;tag:h1|font_size:25px|text_align:left|line_height:30px&#8221; use_theme_fonts=&#8221;yes&#8221;][vc_separator color=&#8221;blue&#8221; align=&#8221;align_left&#8221; border_width=&#8221;2&#8243; el_width=&#8221;10&#8243; css_animation=&#8221;fadeInRight&#8221;][vc_column_text]<\/p>\n<p style=\"text-align: justify;\"><b><strong>Cliente:<\/strong><\/b> Diferentes clientes<br \/>\n<b>Reto: <\/b>Realizar el modelado y delineaci\u00f3n de las dovelas de la ampliaci\u00f3n del puente de Rande pertenecientes al tablero met\u00e1lico de los dos carriles adicionales\u00a0<b><br \/>\n<\/b><b>Servicios: <\/b>Servicios de <strong>ingenier\u00eda de detalle<\/strong> (modelado 3D, despieces, delineaci\u00f3n para fabricaci\u00f3n, listas de materiales, planos de aprobaci\u00f3n, bancadas, planos de inspecci\u00f3n) en 2 modalidades: outsourcing y trabajo en oficina para diferentes clientes<\/p>\n<p>[\/vc_column_text][vc_separator align=&#8221;align_left&#8221;][vc_column_text]<strong>Algunos datos interesantes sobre el proyecto:<\/strong><\/p>\n<ol>\n<li>Un a\u00f1o de proyecto<\/li>\n<li>Han trabajado<strong> 2 equipos<\/strong> con 6 personas<\/li>\n<li><strong>6.000<\/strong> <strong>toneladas<\/strong> de acero<\/li>\n<li><strong>20.000<\/strong> <strong>horas<\/strong> de trabajo<\/li>\n<li><strong>23.400 planos<\/strong> generados<\/li>\n<li>M\u00e1s de <strong>60.000 archivos<\/strong> generados y <strong>80 GB<\/strong> de informaci\u00f3n<\/li>\n<\/ol>\n<p>[\/vc_column_text][vc_separator align=&#8221;align_left&#8221;][vc_column_text]<\/p>\n<p style=\"text-align: justify;\">La documentaci\u00f3n aportada por el cliente y que necesitamos para nuestro trabajo fue la siguiente:<\/p>\n<ul style=\"text-align: justify;\">\n<li>Archivos Excel con puntos de replanteo en estructura met\u00e1lica<\/li>\n<li>Puntos de replanteo de los apoyos en las pilas.<\/li>\n<li>Planos de proyecto completos \u00faltima revisi\u00f3n.<\/li>\n<li>Indicaciones e instrucciones constructivas.<\/li>\n<li>Actualizaci\u00f3n de todas las modificaciones sobre los planos de proyecto aprobadas por la ingenier\u00eda.<\/li>\n<li>Formatos de plano, detalles constructivos, necesidades del taller y otros departamentos<\/li>\n<\/ul>\n<p style=\"text-align: justify;\">Partiendo de esa informaci\u00f3n se realizaron los modelos 3D de las distintas dovelas y una vez validados por el cliente se generaron los siguientes conjuntos de planos:<\/p>\n<p style=\"text-align: justify;\"><i class=\"fa fa-check check_azul\"><\/i> <strong>Planos de fabricaci\u00f3n:<\/strong> Despieces en formato PDF y DWG, DXF para oxicorte, listas de materiales, Planos de Conjunto Componentes, Despieces chapas auxiliares posicionamiento en bancada y Plano de fabricaci\u00f3n en bancada.<br \/>\n<i class=\"fa fa-check check_azul\"><\/i><strong>Planos de aprobaci\u00f3n<\/strong>: Planos de Secciones, Planos Longitudinales, Plano Uni\u00f3n en Obra, Plano Pernos\/Pintura, Plano Accesos \/ Tubos Drenajes.<br \/>\n<i class=\"fa fa-check check_azul\"><\/i><strong>Planos auxiliares<\/strong>: Placas Chapas de Uni\u00f3n en Obra<\/p>\n<p style=\"text-align: justify;\">La documentaci\u00f3n entregada del proyecto han sido planos de fabricaci\u00f3n y aprobaci\u00f3n en DWG, PDF y DXF para corte.<\/p>\n<p style=\"text-align: justify;\">Para automatizar la carga de datos y generaci\u00f3n de la documentaci\u00f3n desarrolamos nuestras propias aplicaciones en funci\u00f3n de las necesidades del proyecto<\/p>\n<p>[\/vc_column_text][\/vc_column][\/vc_row][vc_row][vc_column][vc_separator align=&#8221;align_left&#8221;][\/vc_column][\/vc_row][vc_row][vc_column width=&#8221;1\/3&#8243;][\/vc_column][vc_column width=&#8221;1\/3&#8243;][vc_custom_heading text=&#8221;\u00bfNecesitas asesor\u00eda con tu proyecto?&#8221; use_theme_fonts=&#8221;yes&#8221; css=&#8221;&#8221;][vc_column_text css=&#8221;&#8221;]\u00a1Descubre c\u00f3mo podemos ayudarte! Ll\u00e1manos al <a href=\"tel:0034659159456\">659 159 456<\/a> o d\u00e9janos tus datos. Estamos deseando hablar contigo :)[\/vc_column_text][vc_icon icon_fontawesome=&#8221;fas fa-angle-double-right&#8221; color=&#8221;sky&#8221; size=&#8221;xl&#8221; align=&#8221;center&#8221; css=&#8221;&#8221;][\/vc_column][vc_column width=&#8221;1\/3&#8243;][vc_raw_html css=&#8221;&#8221;]JTNDaWZyYW1lJTIwYXJpYS1sYWJlbCUzRCUyN0NvbnRhY3RvJTIwU2VydmljaW9zJTI3JTIwZnJhbWVib3JkZXIlM0QlMjIwJTIyJTIwc3R5bGUlM0QlMjJoZWlnaHQlM0E1MDBweCUzQndpZHRoJTNBOTklMjUlM0Jib3JkZXIlM0Fub25lJTNCJTIyJTIwc3JjJTNEJTI3aHR0cHMlM0ElMkYlMkZmb3Jtcy56b2hvcHVibGljLmV1JTJGZWFzeXdvcmtzJTJGZm9ybSUyRkNvbnRhY3RvU2VydmljaW9zJTJGZm9ybXBlcm1hJTJGdU9IWkZiWGFod1FTU0Q4amZIUV9tVHQzTWFyYVNlblJudUtNcHRfekxTNCUyNyUzRSUzQyUyRmlmcmFtZSUzRQ==[\/vc_raw_html][\/vc_column][\/vc_row]<\/p>\n<\/div>","protected":false},"excerpt":{"rendered":"<p>[vc_row][vc_column width=&#8221;1\/2&#8243;][vc_empty_space height=&#8221;100px&#8221;][vc_single_image image=&#8221;3707&#8243; img_size=&#8221;full&#8221; style=&#8221;vc_box_shadow_3d&#8221; onclick=&#8221;link_image&#8221;][vc_single_image image=&#8221;3708&#8243; img_size=&#8221;full&#8221; style=&#8221;vc_box_shadow_3d&#8221; onclick=&#8221;link_image&#8221;][vc_single_image image=&#8221;3709&#8243; img_size=&#8221;full&#8221; style=&#8221;vc_box_shadow_3d&#8221; onclick=&#8221;link_image&#8221;][\/vc_column][vc_column width=&#8221;1\/2&#8243;][vc_custom_heading text=&#8221;Ampliaci\u00f3n Puente de Rande&#8221; font_container=&#8221;tag:h1|font_size:25px|text_align:left|line_height:30px&#8221; use_theme_fonts=&#8221;yes&#8221;][vc_separator color=&#8221;blue&#8221; [&hellip;]<\/p>\n","protected":false},"author":3,"featured_media":3706,"parent":0,"menu_order":0,"comment_status":"closed","ping_status":"closed","template":"","meta":{"rs_blank_template":"","rs_page_bg_color":"","slide_template_v7":"","footnotes":""},"class_list":["post-3705","page","type-page","status-publish","has-post-thumbnail","hentry"],"yoast_head":"<!-- This site is optimized with the Yoast SEO plugin v27.5 - https:\/\/yoast.com\/product\/yoast-seo-wordpress\/ -->\n<title>Caso de estudio: Ampliaci\u00f3n del Puente de Rande Easyworks<\/title>\n<meta name=\"description\" content=\"Realizar el modelado y delineaci\u00f3n de las dovelas de la ampliaci\u00f3n del Puente de Rande en lo relativo al tablero met\u00e1lico de los dos carriles adicionales.\" \/>\n<meta name=\"robots\" content=\"index, follow, max-snippet:-1, max-image-preview:large, max-video-preview:-1\" \/>\n<link rel=\"canonical\" href=\"https:\/\/servicios.easyworks.es\/en\/ampliacion-puente-rande\/\" \/>\n<meta property=\"og:locale\" content=\"en_GB\" \/>\n<meta property=\"og:locale:alternate\" content=\"es_ES\" \/>\n<meta property=\"og:type\" content=\"article\" \/>\n<meta property=\"og:title\" content=\"Caso de estudio: Ampliaci\u00f3n del Puente de Rande Easyworks\" \/>\n<meta property=\"og:description\" content=\"Realizar el modelado y delineaci\u00f3n de las dovelas de la ampliaci\u00f3n del Puente de Rande en lo relativo al tablero met\u00e1lico de los dos carriles adicionales.\" \/>\n<meta property=\"og:url\" content=\"https:\/\/servicios.easyworks.es\/en\/ampliacion-puente-rande\/\" \/>\n<meta property=\"og:site_name\" content=\"Easyworks\" \/>\n<meta property=\"article:modified_time\" content=\"2024-07-29T07:20:07+00:00\" \/>\n<meta property=\"og:image\" content=\"https:\/\/servicios.easyworks.es\/wp-content\/uploads\/2019\/04\/Rande-2-min.jpg\" \/>\n\t<meta property=\"og:image:width\" content=\"1502\" \/>\n\t<meta property=\"og:image:height\" content=\"1229\" \/>\n\t<meta property=\"og:image:type\" content=\"image\/jpeg\" \/>\n<meta name=\"twitter:card\" content=\"summary_large_image\" \/>\n<meta name=\"twitter:label1\" content=\"Estimated reading time\" \/>\n\t<meta name=\"twitter:data1\" content=\"3 minutes\" \/>\n<script type=\"application\/ld+json\" class=\"yoast-schema-graph\">{\"@context\":\"https:\\\/\\\/schema.org\",\"@graph\":[{\"@type\":\"WebPage\",\"@id\":\"https:\\\/\\\/servicios.easyworks.es\\\/ampliacion-puente-rande\\\/\",\"url\":\"https:\\\/\\\/servicios.easyworks.es\\\/ampliacion-puente-rande\\\/\",\"name\":\"Caso de estudio: Ampliaci\u00f3n del Puente de Rande Easyworks\",\"isPartOf\":{\"@id\":\"https:\\\/\\\/servicios.easyworks.es\\\/#website\"},\"primaryImageOfPage\":{\"@id\":\"https:\\\/\\\/servicios.easyworks.es\\\/ampliacion-puente-rande\\\/#primaryimage\"},\"image\":{\"@id\":\"https:\\\/\\\/servicios.easyworks.es\\\/ampliacion-puente-rande\\\/#primaryimage\"},\"thumbnailUrl\":\"https:\\\/\\\/servicios.easyworks.es\\\/wp-content\\\/uploads\\\/2019\\\/04\\\/Rande-2-min.jpg\",\"datePublished\":\"2019-04-09T10:20:11+00:00\",\"dateModified\":\"2024-07-29T07:20:07+00:00\",\"description\":\"Realizar el modelado y delineaci\u00f3n de las dovelas de la ampliaci\u00f3n del Puente de Rande en lo relativo al tablero met\u00e1lico de los dos carriles adicionales.\",\"breadcrumb\":{\"@id\":\"https:\\\/\\\/servicios.easyworks.es\\\/ampliacion-puente-rande\\\/#breadcrumb\"},\"inLanguage\":\"en-GB\",\"potentialAction\":[{\"@type\":\"ReadAction\",\"target\":[\"https:\\\/\\\/servicios.easyworks.es\\\/ampliacion-puente-rande\\\/\"]}]},{\"@type\":\"ImageObject\",\"inLanguage\":\"en-GB\",\"@id\":\"https:\\\/\\\/servicios.easyworks.es\\\/ampliacion-puente-rande\\\/#primaryimage\",\"url\":\"https:\\\/\\\/servicios.easyworks.es\\\/wp-content\\\/uploads\\\/2019\\\/04\\\/Rande-2-min.jpg\",\"contentUrl\":\"https:\\\/\\\/servicios.easyworks.es\\\/wp-content\\\/uploads\\\/2019\\\/04\\\/Rande-2-min.jpg\",\"width\":1502,\"height\":1229,\"caption\":\"renderizado del puente de rande\"},{\"@type\":\"BreadcrumbList\",\"@id\":\"https:\\\/\\\/servicios.easyworks.es\\\/ampliacion-puente-rande\\\/#breadcrumb\",\"itemListElement\":[{\"@type\":\"ListItem\",\"position\":1,\"name\":\"Portada\",\"item\":\"https:\\\/\\\/servicios.easyworks.es\\\/\"},{\"@type\":\"ListItem\",\"position\":2,\"name\":\"Ampliaci\u00f3n Puente de Rande\"}]},{\"@type\":\"WebSite\",\"@id\":\"https:\\\/\\\/servicios.easyworks.es\\\/#website\",\"url\":\"https:\\\/\\\/servicios.easyworks.es\\\/\",\"name\":\"Easyworks\",\"description\":\"Externalizaci\u00f3n de servicios de oficina t\u00e9cnica e ingenier\u00eda.\",\"potentialAction\":[{\"@type\":\"SearchAction\",\"target\":{\"@type\":\"EntryPoint\",\"urlTemplate\":\"https:\\\/\\\/servicios.easyworks.es\\\/?s={search_term_string}\"},\"query-input\":{\"@type\":\"PropertyValueSpecification\",\"valueRequired\":true,\"valueName\":\"search_term_string\"}}],\"inLanguage\":\"en-GB\"}]}<\/script>\n<!-- \/ Yoast SEO plugin. -->","yoast_head_json":{"title":"Caso de estudio: Ampliaci\u00f3n del Puente de Rande Easyworks","description":"Realizar el modelado y delineaci\u00f3n de las dovelas de la ampliaci\u00f3n del Puente de Rande en lo relativo al tablero met\u00e1lico de los dos carriles adicionales.","robots":{"index":"index","follow":"follow","max-snippet":"max-snippet:-1","max-image-preview":"max-image-preview:large","max-video-preview":"max-video-preview:-1"},"canonical":"https:\/\/servicios.easyworks.es\/en\/ampliacion-puente-rande\/","og_locale":"en_GB","og_type":"article","og_title":"Caso de estudio: Ampliaci\u00f3n del Puente de Rande Easyworks","og_description":"Realizar el modelado y delineaci\u00f3n de las dovelas de la ampliaci\u00f3n del Puente de Rande en lo relativo al tablero met\u00e1lico de los dos carriles adicionales.","og_url":"https:\/\/servicios.easyworks.es\/en\/ampliacion-puente-rande\/","og_site_name":"Easyworks","article_modified_time":"2024-07-29T07:20:07+00:00","og_image":[{"width":1502,"height":1229,"url":"https:\/\/servicios.easyworks.es\/wp-content\/uploads\/2019\/04\/Rande-2-min.jpg","type":"image\/jpeg"}],"twitter_card":"summary_large_image","twitter_misc":{"Estimated reading time":"3 minutes"},"schema":{"@context":"https:\/\/schema.org","@graph":[{"@type":"WebPage","@id":"https:\/\/servicios.easyworks.es\/ampliacion-puente-rande\/","url":"https:\/\/servicios.easyworks.es\/ampliacion-puente-rande\/","name":"Caso de estudio: Ampliaci\u00f3n del Puente de Rande Easyworks","isPartOf":{"@id":"https:\/\/servicios.easyworks.es\/#website"},"primaryImageOfPage":{"@id":"https:\/\/servicios.easyworks.es\/ampliacion-puente-rande\/#primaryimage"},"image":{"@id":"https:\/\/servicios.easyworks.es\/ampliacion-puente-rande\/#primaryimage"},"thumbnailUrl":"https:\/\/servicios.easyworks.es\/wp-content\/uploads\/2019\/04\/Rande-2-min.jpg","datePublished":"2019-04-09T10:20:11+00:00","dateModified":"2024-07-29T07:20:07+00:00","description":"Realizar el modelado y delineaci\u00f3n de las dovelas de la ampliaci\u00f3n del Puente de Rande en lo relativo al tablero met\u00e1lico de los dos carriles adicionales.","breadcrumb":{"@id":"https:\/\/servicios.easyworks.es\/ampliacion-puente-rande\/#breadcrumb"},"inLanguage":"en-GB","potentialAction":[{"@type":"ReadAction","target":["https:\/\/servicios.easyworks.es\/ampliacion-puente-rande\/"]}]},{"@type":"ImageObject","inLanguage":"en-GB","@id":"https:\/\/servicios.easyworks.es\/ampliacion-puente-rande\/#primaryimage","url":"https:\/\/servicios.easyworks.es\/wp-content\/uploads\/2019\/04\/Rande-2-min.jpg","contentUrl":"https:\/\/servicios.easyworks.es\/wp-content\/uploads\/2019\/04\/Rande-2-min.jpg","width":1502,"height":1229,"caption":"renderizado del puente de rande"},{"@type":"BreadcrumbList","@id":"https:\/\/servicios.easyworks.es\/ampliacion-puente-rande\/#breadcrumb","itemListElement":[{"@type":"ListItem","position":1,"name":"Portada","item":"https:\/\/servicios.easyworks.es\/"},{"@type":"ListItem","position":2,"name":"Ampliaci\u00f3n Puente de Rande"}]},{"@type":"WebSite","@id":"https:\/\/servicios.easyworks.es\/#website","url":"https:\/\/servicios.easyworks.es\/","name":"Easyworks","description":"Externalizaci\u00f3n de servicios de oficina t\u00e9cnica e ingenier\u00eda.","potentialAction":[{"@type":"SearchAction","target":{"@type":"EntryPoint","urlTemplate":"https:\/\/servicios.easyworks.es\/?s={search_term_string}"},"query-input":{"@type":"PropertyValueSpecification","valueRequired":true,"valueName":"search_term_string"}}],"inLanguage":"en-GB"}]}},"_links":{"self":[{"href":"https:\/\/servicios.easyworks.es\/en\/wp-json\/wp\/v2\/pages\/3705","targetHints":{"allow":["GET"]}}],"collection":[{"href":"https:\/\/servicios.easyworks.es\/en\/wp-json\/wp\/v2\/pages"}],"about":[{"href":"https:\/\/servicios.easyworks.es\/en\/wp-json\/wp\/v2\/types\/page"}],"author":[{"embeddable":true,"href":"https:\/\/servicios.easyworks.es\/en\/wp-json\/wp\/v2\/users\/3"}],"replies":[{"embeddable":true,"href":"https:\/\/servicios.easyworks.es\/en\/wp-json\/wp\/v2\/comments?post=3705"}],"version-history":[{"count":10,"href":"https:\/\/servicios.easyworks.es\/en\/wp-json\/wp\/v2\/pages\/3705\/revisions"}],"predecessor-version":[{"id":5320,"href":"https:\/\/servicios.easyworks.es\/en\/wp-json\/wp\/v2\/pages\/3705\/revisions\/5320"}],"wp:featuredmedia":[{"embeddable":true,"href":"https:\/\/servicios.easyworks.es\/en\/wp-json\/wp\/v2\/media\/3706"}],"wp:attachment":[{"href":"https:\/\/servicios.easyworks.es\/en\/wp-json\/wp\/v2\/media?parent=3705"}],"curies":[{"name":"wp","href":"https:\/\/api.w.org\/{rel}","templated":true}]}}