{"id":3599,"date":"2019-04-08T15:45:44","date_gmt":"2019-04-08T13:45:44","guid":{"rendered":"https:\/\/servicios.easyworks.es\/?page_id=3599"},"modified":"2024-07-29T09:19:41","modified_gmt":"2024-07-29T07:19:41","slug":"gaictech","status":"publish","type":"page","link":"https:\/\/servicios.easyworks.es\/en\/gaictech\/","title":{"rendered":"Gaictech"},"content":{"rendered":"<div class=\"wpb-content-wrapper\"><p>[vc_row][vc_column width=&#8221;1\/2&#8243;][vc_empty_space height=&#8221;100px&#8221;][vc_single_image image=&#8221;3608&#8243; img_size=&#8221;full&#8221; style=&#8221;vc_box_shadow_3d&#8221; onclick=&#8221;link_image&#8221;][vc_single_image image=&#8221;3609&#8243; img_size=&#8221;full&#8221; style=&#8221;vc_box_shadow_3d&#8221; onclick=&#8221;link_image&#8221;][vc_single_image image=&#8221;3610&#8243; img_size=&#8221;full&#8221; style=&#8221;vc_box_shadow_3d&#8221; onclick=&#8221;link_image&#8221;][vc_single_image image=&#8221;3614&#8243; img_size=&#8221;full&#8221; style=&#8221;vc_box_shadow_3d&#8221; onclick=&#8221;link_image&#8221;][\/vc_column][vc_column width=&#8221;1\/2&#8243;][vc_custom_heading text=&#8221;Gaictech&#8221; font_container=&#8221;tag:h1|font_size:25px|text_align:left|line_height:30px&#8221; use_theme_fonts=&#8221;yes&#8221;][vc_separator color=&#8221;blue&#8221; align=&#8221;align_left&#8221; border_width=&#8221;2&#8243; el_width=&#8221;10&#8243; css_animation=&#8221;fadeInRight&#8221;][vc_column_text]<\/p>\n<p style=\"text-align: justify;\"><b><strong>Cliente:<\/strong><\/b> <a href=\"https:\/\/www.gaictech.com\/\">Gaictech<\/a><br \/>\n<b>Reto: <\/b>Mejorar el proceso de trabajo e implantaci\u00f3n de nuevas herramientas para reducir costes y plazos de dise\u00f1o.<br \/>\n<b>Servicios: <\/b>Implantaci\u00f3n de herramientas nuevas y formaci\u00f3n; proyectos de outsourcing con nuestro departamento t\u00e9cnico.<\/p>\n<p style=\"text-align: justify;\"><strong>Gaictech\u00ae the canning machinery company<\/strong>\u00a0es una empresa dedicada a la fabricaci\u00f3n de maquinaria para la industria conservera y del congelado, enfocada particularmente a las \u00e1reas de pel\u00e1gico, t\u00fanidos y moluscos.<\/p>\n<p style=\"text-align: justify;\">Est\u00e1 posicionada como un referente a nivel mundial en la fabricaci\u00f3n de equipos a medida, dise\u00f1o y puesta en marcha de l\u00edneas de producci\u00f3n \u201ccustom made\u201d. Gaictech destaca principalmente por la continua adaptaci\u00f3n de sus productos a las necesidades propias de cada cliente; proporcionando una respuesta \u00e1gil y precisa a sus demandas en proyectos por todo el mundo.<\/p>\n<p style=\"text-align: justify;\"><strong>Implantaci\u00f3n de herramientas<\/strong><\/p>\n<p style=\"text-align: justify;\">Tras evaluar distintas herramientas, se decidi\u00f3 la implantaci\u00f3n de las soluciones de SOLIDWORKS para el dise\u00f1o mec\u00e1nico y el dise\u00f1o el\u00e9ctrico, garantizando una integraci\u00f3n correcta de ambas partes.<\/p>\n<p style=\"text-align: justify;\">Una vez implantado SOLIDWORKS, se han reducido muy considerablemente los recurrentes errores a la hora de adaptar cada producto a los clientes.\u00a0 Al eliminar costes asociados, ahora se lleva un <strong>control exhaustivo de listas de materiales y<\/strong> se <strong>optimiza al m\u00e1ximo tanto el uso de materiales<\/strong>\u00a0como la fabricaci\u00f3n de prototipos.<\/p>\n<p style=\"text-align: justify;\">Seg\u00fan\u00a0<strong>Pablo Vidal, director de proyectos de Gaictech<\/strong>:<\/p>\n<blockquote><p>\u201cDesde que implantamos SOLIDWORKS con la ayuda de Easyworks hemos\u00a0<strong>reducido costes y plazos de dise\u00f1o<\/strong>. Adem\u00e1s hemos conseguido atraer a m\u00e1s clientes debido a una mejora en la presentaci\u00f3n comercial de nuestros productos\u201d.<\/p><\/blockquote>\n<p style=\"text-align: justify;\"><strong>Ingenier\u00eda de outsourcing en las instalaciones del cliente<\/strong><\/p>\n<p style=\"text-align: justify;\">Desde Easyworks hemos trabajado mano a mano con Gaictech, dando apoyo a la oficina t\u00e9cnica en momentos de picos de trabajo, tanto en desarrollo de producto como en la realizaci\u00f3n de documentaci\u00f3n t\u00e9cnica.<\/p>\n<p style=\"text-align: justify;\">Nuestros ingenieros se han trasladado a sus instalaciones\u00a0y han estado con ellos durante todo el tiempo necesario.<\/p>\n<p style=\"text-align: justify;\"><strong>Mejorar el proceso de trabajo<\/strong><\/p>\n<p style=\"text-align: justify;\">Uno de los objetivos que pretendemos conseguir siempre con nuestros clientes es que su productividad sea la m\u00e1s efectiva, tanto en tiempo como en desarrollo.<\/p>\n<ul>\n<li style=\"text-align: justify;\"><strong>Automatizando la generaci\u00f3n de dise\u00f1os param\u00e9tricos<\/strong> usando formularios. Esto les ha permitido aprovechar continuamente dise\u00f1os reduciendo de forma muy significativa los tiempos de dise\u00f1o.<\/li>\n<li style=\"text-align: justify;\"><strong>Parametrizaci\u00f3n 2 modelos de producto de cintas transportadoras<\/strong> con la herramienta <a href=\"https:\/\/easyworks.es\/driveworks\/\"><strong>Driveworks<\/strong><\/a>, que sirve para automatizar partes del proceso del dise\u00f1o, lo que\u00a0<strong>les ha servido para reducir el tiempo de modelado y delineaci\u00f3n de 2 semanas a 3 d\u00edas.<\/strong><\/li>\n<\/ul>\n<p><strong>\u00a1Gracias a Gaictech por confiar en nosotros!\u00a0\u2665\u00a0<\/strong>[\/vc_column_text][vc_separator align=&#8221;align_left&#8221;][vc_column_text css_animation=&#8221;bounceIn&#8221;]<b>Datos de contacto del cliente:<\/b><\/p>\n<p>R\u00faa dos Padr\u00f3ns n\u00ba 8<br \/>\nPol\u00edgono empresarial Porto do Molle<br \/>\nNigr\u00e1n\u00a0 (Pontevedra)<br \/>\nTel.:\u00a0+34 986 44 29 04<br \/>\nE-mail:\u00a0<a href=\"mailto:info@gaictech.com\">info@gaictech.com<\/a>[\/vc_column_text][\/vc_column][\/vc_row][vc_row][vc_column][vc_separator align=&#8221;align_left&#8221;][\/vc_column][\/vc_row][vc_row][vc_column width=&#8221;1\/3&#8243;][\/vc_column][vc_column width=&#8221;1\/3&#8243;][vc_custom_heading text=&#8221;\u00bfNecesitas asesor\u00eda con tu proyecto?&#8221; use_theme_fonts=&#8221;yes&#8221; css=&#8221;&#8221;][vc_column_text css=&#8221;&#8221;]\u00a1Descubre c\u00f3mo podemos ayudarte! Ll\u00e1manos al <a href=\"tel:0034659159456\">659 159 456<\/a> o d\u00e9janos tus datos. Estamos deseando hablar contigo :)[\/vc_column_text][vc_icon icon_fontawesome=&#8221;fas fa-angle-double-right&#8221; color=&#8221;sky&#8221; size=&#8221;xl&#8221; align=&#8221;center&#8221; css=&#8221;&#8221;][\/vc_column][vc_column width=&#8221;1\/3&#8243;][vc_raw_html css=&#8221;&#8221;]JTNDaWZyYW1lJTIwYXJpYS1sYWJlbCUzRCUyN0NvbnRhY3RvJTIwU2VydmljaW9zJTI3JTIwZnJhbWVib3JkZXIlM0QlMjIwJTIyJTIwc3R5bGUlM0QlMjJoZWlnaHQlM0E1MDBweCUzQndpZHRoJTNBOTklMjUlM0Jib3JkZXIlM0Fub25lJTNCJTIyJTIwc3JjJTNEJTI3aHR0cHMlM0ElMkYlMkZmb3Jtcy56b2hvcHVibGljLmV1JTJGZWFzeXdvcmtzJTJGZm9ybSUyRkNvbnRhY3RvU2VydmljaW9zJTJGZm9ybXBlcm1hJTJGdU9IWkZiWGFod1FTU0Q4amZIUV9tVHQzTWFyYVNlblJudUtNcHRfekxTNCUyNyUzRSUzQyUyRmlmcmFtZSUzRQ==[\/vc_raw_html][\/vc_column][\/vc_row]<\/p>\n<\/div>","protected":false},"excerpt":{"rendered":"<p>[vc_row][vc_column width=&#8221;1\/2&#8243;][vc_empty_space height=&#8221;100px&#8221;][vc_single_image image=&#8221;3608&#8243; img_size=&#8221;full&#8221; style=&#8221;vc_box_shadow_3d&#8221; onclick=&#8221;link_image&#8221;][vc_single_image image=&#8221;3609&#8243; img_size=&#8221;full&#8221; style=&#8221;vc_box_shadow_3d&#8221; onclick=&#8221;link_image&#8221;][vc_single_image image=&#8221;3610&#8243; img_size=&#8221;full&#8221; style=&#8221;vc_box_shadow_3d&#8221; onclick=&#8221;link_image&#8221;][vc_single_image image=&#8221;3614&#8243; img_size=&#8221;full&#8221; style=&#8221;vc_box_shadow_3d&#8221; onclick=&#8221;link_image&#8221;][\/vc_column][vc_column width=&#8221;1\/2&#8243;][vc_custom_heading text=&#8221;Gaictech&#8221; font_container=&#8221;tag:h1|font_size:25px|text_align:left|line_height:30px&#8221; use_theme_fonts=&#8221;yes&#8221;][vc_separator [&hellip;]<\/p>\n","protected":false},"author":3,"featured_media":3609,"parent":0,"menu_order":0,"comment_status":"closed","ping_status":"closed","template":"","meta":{"rs_blank_template":"","rs_page_bg_color":"","slide_template_v7":"","footnotes":""},"class_list":["post-3599","page","type-page","status-publish","has-post-thumbnail","hentry"],"yoast_head":"<!-- This site is optimized with the Yoast SEO plugin v27.3 - https:\/\/yoast.com\/product\/yoast-seo-wordpress\/ -->\n<title>Caso de estudio de implantaci\u00f3n de soluciones para Gaictech<\/title>\n<meta name=\"description\" content=\"Para mejorar el proceso de trabajo del cliente se ha hecho una implantaci\u00f3n de nuevas herramientas para reducir costes y plazos de dise\u00f1o.\" \/>\n<meta name=\"robots\" content=\"index, follow, max-snippet:-1, max-image-preview:large, max-video-preview:-1\" \/>\n<link rel=\"canonical\" href=\"https:\/\/servicios.easyworks.es\/en\/gaictech\/\" \/>\n<meta property=\"og:locale\" content=\"en_GB\" \/>\n<meta property=\"og:locale:alternate\" content=\"es_ES\" \/>\n<meta property=\"og:type\" content=\"article\" \/>\n<meta property=\"og:title\" content=\"Caso de estudio de implantaci\u00f3n de soluciones para Gaictech\" \/>\n<meta property=\"og:description\" content=\"Para mejorar el proceso de trabajo del cliente se ha hecho una implantaci\u00f3n de nuevas herramientas para reducir costes y plazos de dise\u00f1o.\" \/>\n<meta property=\"og:url\" content=\"https:\/\/servicios.easyworks.es\/en\/gaictech\/\" \/>\n<meta property=\"og:site_name\" content=\"Easyworks\" \/>\n<meta property=\"article:modified_time\" content=\"2024-07-29T07:19:41+00:00\" \/>\n<meta property=\"og:image\" content=\"https:\/\/servicios.easyworks.es\/wp-content\/uploads\/2019\/04\/Gaictech-render-1.jpg\" \/>\n\t<meta property=\"og:image:width\" content=\"700\" \/>\n\t<meta property=\"og:image:height\" content=\"400\" \/>\n\t<meta property=\"og:image:type\" content=\"image\/jpeg\" \/>\n<meta name=\"twitter:card\" content=\"summary_large_image\" \/>\n<meta name=\"twitter:label1\" content=\"Estimated reading time\" \/>\n\t<meta name=\"twitter:data1\" content=\"4 minutes\" \/>\n<script type=\"application\/ld+json\" class=\"yoast-schema-graph\">{\"@context\":\"https:\\\/\\\/schema.org\",\"@graph\":[{\"@type\":\"WebPage\",\"@id\":\"https:\\\/\\\/servicios.easyworks.es\\\/gaictech\\\/\",\"url\":\"https:\\\/\\\/servicios.easyworks.es\\\/gaictech\\\/\",\"name\":\"Caso de estudio de implantaci\u00f3n de soluciones para Gaictech\",\"isPartOf\":{\"@id\":\"https:\\\/\\\/servicios.easyworks.es\\\/#website\"},\"primaryImageOfPage\":{\"@id\":\"https:\\\/\\\/servicios.easyworks.es\\\/gaictech\\\/#primaryimage\"},\"image\":{\"@id\":\"https:\\\/\\\/servicios.easyworks.es\\\/gaictech\\\/#primaryimage\"},\"thumbnailUrl\":\"https:\\\/\\\/servicios.easyworks.es\\\/wp-content\\\/uploads\\\/2019\\\/04\\\/Gaictech-render-1.jpg\",\"datePublished\":\"2019-04-08T13:45:44+00:00\",\"dateModified\":\"2024-07-29T07:19:41+00:00\",\"description\":\"Para mejorar el proceso de trabajo del cliente se ha hecho una implantaci\u00f3n de nuevas herramientas para reducir costes y plazos de dise\u00f1o.\",\"breadcrumb\":{\"@id\":\"https:\\\/\\\/servicios.easyworks.es\\\/gaictech\\\/#breadcrumb\"},\"inLanguage\":\"en-GB\",\"potentialAction\":[{\"@type\":\"ReadAction\",\"target\":[\"https:\\\/\\\/servicios.easyworks.es\\\/gaictech\\\/\"]}]},{\"@type\":\"ImageObject\",\"inLanguage\":\"en-GB\",\"@id\":\"https:\\\/\\\/servicios.easyworks.es\\\/gaictech\\\/#primaryimage\",\"url\":\"https:\\\/\\\/servicios.easyworks.es\\\/wp-content\\\/uploads\\\/2019\\\/04\\\/Gaictech-render-1.jpg\",\"contentUrl\":\"https:\\\/\\\/servicios.easyworks.es\\\/wp-content\\\/uploads\\\/2019\\\/04\\\/Gaictech-render-1.jpg\",\"width\":700,\"height\":400,\"caption\":\"renderizado de maquinaria e instalaci\u00f3n\"},{\"@type\":\"BreadcrumbList\",\"@id\":\"https:\\\/\\\/servicios.easyworks.es\\\/gaictech\\\/#breadcrumb\",\"itemListElement\":[{\"@type\":\"ListItem\",\"position\":1,\"name\":\"Portada\",\"item\":\"https:\\\/\\\/servicios.easyworks.es\\\/\"},{\"@type\":\"ListItem\",\"position\":2,\"name\":\"Gaictech\"}]},{\"@type\":\"WebSite\",\"@id\":\"https:\\\/\\\/servicios.easyworks.es\\\/#website\",\"url\":\"https:\\\/\\\/servicios.easyworks.es\\\/\",\"name\":\"Easyworks\",\"description\":\"Externalizaci\u00f3n de servicios de oficina t\u00e9cnica e ingenier\u00eda.\",\"potentialAction\":[{\"@type\":\"SearchAction\",\"target\":{\"@type\":\"EntryPoint\",\"urlTemplate\":\"https:\\\/\\\/servicios.easyworks.es\\\/?s={search_term_string}\"},\"query-input\":{\"@type\":\"PropertyValueSpecification\",\"valueRequired\":true,\"valueName\":\"search_term_string\"}}],\"inLanguage\":\"en-GB\"}]}<\/script>\n<!-- \/ Yoast SEO plugin. -->","yoast_head_json":{"title":"Caso de estudio de implantaci\u00f3n de soluciones para Gaictech","description":"Para mejorar el proceso de trabajo del cliente se ha hecho una implantaci\u00f3n de nuevas herramientas para reducir costes y plazos de dise\u00f1o.","robots":{"index":"index","follow":"follow","max-snippet":"max-snippet:-1","max-image-preview":"max-image-preview:large","max-video-preview":"max-video-preview:-1"},"canonical":"https:\/\/servicios.easyworks.es\/en\/gaictech\/","og_locale":"en_GB","og_type":"article","og_title":"[:es]Caso de estudio de implantaci\u00f3n de soluciones para Gaictech[:]","og_description":"Para mejorar el proceso de trabajo del cliente se ha hecho una implantaci\u00f3n de nuevas herramientas para reducir costes y plazos de dise\u00f1o.","og_url":"https:\/\/servicios.easyworks.es\/en\/gaictech\/","og_site_name":"Easyworks","article_modified_time":"2024-07-29T07:19:41+00:00","og_image":[{"width":700,"height":400,"url":"https:\/\/servicios.easyworks.es\/wp-content\/uploads\/2019\/04\/Gaictech-render-1.jpg","type":"image\/jpeg"}],"twitter_card":"summary_large_image","twitter_misc":{"Estimated reading time":"4 minutes"},"schema":{"@context":"https:\/\/schema.org","@graph":[{"@type":"WebPage","@id":"https:\/\/servicios.easyworks.es\/gaictech\/","url":"https:\/\/servicios.easyworks.es\/gaictech\/","name":"Caso de estudio de implantaci\u00f3n de soluciones para Gaictech","isPartOf":{"@id":"https:\/\/servicios.easyworks.es\/#website"},"primaryImageOfPage":{"@id":"https:\/\/servicios.easyworks.es\/gaictech\/#primaryimage"},"image":{"@id":"https:\/\/servicios.easyworks.es\/gaictech\/#primaryimage"},"thumbnailUrl":"https:\/\/servicios.easyworks.es\/wp-content\/uploads\/2019\/04\/Gaictech-render-1.jpg","datePublished":"2019-04-08T13:45:44+00:00","dateModified":"2024-07-29T07:19:41+00:00","description":"Para mejorar el proceso de trabajo del cliente se ha hecho una implantaci\u00f3n de nuevas herramientas para reducir costes y plazos de dise\u00f1o.","breadcrumb":{"@id":"https:\/\/servicios.easyworks.es\/gaictech\/#breadcrumb"},"inLanguage":"en-GB","potentialAction":[{"@type":"ReadAction","target":["https:\/\/servicios.easyworks.es\/gaictech\/"]}]},{"@type":"ImageObject","inLanguage":"en-GB","@id":"https:\/\/servicios.easyworks.es\/gaictech\/#primaryimage","url":"https:\/\/servicios.easyworks.es\/wp-content\/uploads\/2019\/04\/Gaictech-render-1.jpg","contentUrl":"https:\/\/servicios.easyworks.es\/wp-content\/uploads\/2019\/04\/Gaictech-render-1.jpg","width":700,"height":400,"caption":"renderizado de maquinaria e instalaci\u00f3n"},{"@type":"BreadcrumbList","@id":"https:\/\/servicios.easyworks.es\/gaictech\/#breadcrumb","itemListElement":[{"@type":"ListItem","position":1,"name":"Portada","item":"https:\/\/servicios.easyworks.es\/"},{"@type":"ListItem","position":2,"name":"Gaictech"}]},{"@type":"WebSite","@id":"https:\/\/servicios.easyworks.es\/#website","url":"https:\/\/servicios.easyworks.es\/","name":"Easyworks","description":"Externalizaci\u00f3n de servicios de oficina t\u00e9cnica e ingenier\u00eda.","potentialAction":[{"@type":"SearchAction","target":{"@type":"EntryPoint","urlTemplate":"https:\/\/servicios.easyworks.es\/?s={search_term_string}"},"query-input":{"@type":"PropertyValueSpecification","valueRequired":true,"valueName":"search_term_string"}}],"inLanguage":"en-GB"}]}},"_links":{"self":[{"href":"https:\/\/servicios.easyworks.es\/en\/wp-json\/wp\/v2\/pages\/3599","targetHints":{"allow":["GET"]}}],"collection":[{"href":"https:\/\/servicios.easyworks.es\/en\/wp-json\/wp\/v2\/pages"}],"about":[{"href":"https:\/\/servicios.easyworks.es\/en\/wp-json\/wp\/v2\/types\/page"}],"author":[{"embeddable":true,"href":"https:\/\/servicios.easyworks.es\/en\/wp-json\/wp\/v2\/users\/3"}],"replies":[{"embeddable":true,"href":"https:\/\/servicios.easyworks.es\/en\/wp-json\/wp\/v2\/comments?post=3599"}],"version-history":[{"count":11,"href":"https:\/\/servicios.easyworks.es\/en\/wp-json\/wp\/v2\/pages\/3599\/revisions"}],"predecessor-version":[{"id":5318,"href":"https:\/\/servicios.easyworks.es\/en\/wp-json\/wp\/v2\/pages\/3599\/revisions\/5318"}],"wp:featuredmedia":[{"embeddable":true,"href":"https:\/\/servicios.easyworks.es\/en\/wp-json\/wp\/v2\/media\/3609"}],"wp:attachment":[{"href":"https:\/\/servicios.easyworks.es\/en\/wp-json\/wp\/v2\/media?parent=3599"}],"curies":[{"name":"wp","href":"https:\/\/api.w.org\/{rel}","templated":true}]}}