{"id":3538,"date":"2019-04-08T10:43:20","date_gmt":"2019-04-08T08:43:20","guid":{"rendered":"https:\/\/servicios.easyworks.es\/?page_id=3538"},"modified":"2024-07-29T09:19:18","modified_gmt":"2024-07-29T07:19:18","slug":"faustino-carceller-s-l","status":"publish","type":"page","link":"https:\/\/servicios.easyworks.es\/en\/faustino-carceller-s-l\/","title":{"rendered":"FAUSTINO CARCELLER, S.L."},"content":{"rendered":"<div class=\"wpb-content-wrapper\"><p>[vc_row][vc_column width=&#8221;1\/2&#8243;][vc_empty_space height=&#8221;100px&#8221;][vc_single_image image=&#8221;3546&#8243; img_size=&#8221;full&#8221; style=&#8221;vc_box_shadow_3d&#8221; onclick=&#8221;link_image&#8221;][vc_single_image image=&#8221;3545&#8243; img_size=&#8221;full&#8221; style=&#8221;vc_box_shadow_3d&#8221; onclick=&#8221;link_image&#8221;][vc_single_image image=&#8221;3544&#8243; img_size=&#8221;full&#8221; style=&#8221;vc_box_shadow_3d&#8221; onclick=&#8221;link_image&#8221;][\/vc_column][vc_column width=&#8221;1\/2&#8243;][vc_custom_heading text=&#8221;FAUSTINO CARCELLER, S.L.&#8221; font_container=&#8221;tag:h1|font_size:25px|text_align:left|line_height:30px&#8221; use_theme_fonts=&#8221;yes&#8221;][vc_separator color=&#8221;blue&#8221; align=&#8221;align_left&#8221; border_width=&#8221;2&#8243; el_width=&#8221;10&#8243; css_animation=&#8221;fadeInRight&#8221;][vc_column_text]<\/p>\n<p style=\"text-align: justify;\"><b><strong><img loading=\"lazy\" decoding=\"async\" class=\"size-full wp-image-3539 alignright\" src=\"https:\/\/servicios.easyworks.es\/wp-content\/uploads\/2019\/04\/logo-carceller-min-255x73.png\" alt=\"\" width=\"255\" height=\"73\" \/>Cliente:<\/strong><\/b> <a href=\"http:\/\/carceller.com\/\">Faustino Carceller<\/a><br \/>\n<b>Reto: <\/b>Realizar el dise\u00f1o de la red de tuber\u00edas -el ruteado-\u00a0 y entregar los planos isom\u00e9tricos de las diferentes instalaciones del barco<b>.<br \/>\n<\/b><b>Servicios: <\/b>Dise\u00f1o y modelado de isom\u00e9tricas en <a href=\"https:\/\/servicios.easyworks.es\/outsourcing-ingenieria\/\">Outsourcing<\/a>.<\/p>\n<p style=\"text-align: justify;\">Faustino Carceller S.L. es una oficina t\u00e9cnica especializada en ingenier\u00eda y consultor\u00eda naval ubicada en la ciudad de Vigo, Pontevedra. M\u00e1s de 25 a\u00f1os de experiencia, ya acumulan m\u00e1s de 300 proyectos de nuevas construcciones de buques pesqueros, remolcadores\u00a0y\u00a0dragas y g\u00e1nguiles.<\/p>\n<p style=\"text-align: justify;\">Han buscado en Easyworks un servicio de outsourcing. Nuestro equipo t\u00e9cnico se ha trasladado a las instalaciones cuando ha sido necesario y tambi\u00e9n han realizado partes del proyecto desde nuestras oficinas.<\/p>\n<p style=\"text-align: justify;\">Participamos en el <strong>desarrollo de\u00a0una draga<\/strong>\u00a0cuyo dise\u00f1o y c\u00e1lculo ha realizado F. Carceller. El buque se construy\u00f3 en un astillero portugu\u00e9s de Viana do Castelo, hasta donde se han desplazado nuestros expertos para\u00a0<strong>trabajar mano a mano con el equipo del proyecto.<\/strong><\/p>\n<p style=\"text-align: justify;\">El trabajo de Easyworks consisti\u00f3 en\u00a0<strong>realizar el dise\u00f1o de la red de tuber\u00edas<\/strong>\u00a0-el ruteado- de las diferentes instalaciones del barco. Por ejemplo, algunas de esas instalaciones comprend\u00edan las ventilaciones, los sistemas anti-incendios, los conductos del di\u00e9sel o tambi\u00e9n los conductos de aguas sucias, etc.<\/p>\n<p style=\"text-align: justify;\"><img loading=\"lazy\" decoding=\"async\" class=\"size-medium wp-image-3553 alignright\" src=\"https:\/\/servicios.easyworks.es\/wp-content\/uploads\/2019\/04\/planos-isometricas-190x300.png\" alt=\"\" width=\"190\" height=\"300\" \/><\/p>\n<p style=\"text-align: justify;\">Para ello, nos suministran, por un lado, los archivos CAD de la estructura del buque, y por otro, los esquemas de las tuber\u00edas. Teniendo todo esto en cuenta nosotros realizamos el\u00a0<strong>modelado 3D<\/strong>\u00a0de las diferentes l\u00edneas, el routing.<\/p>\n<p style=\"text-align: justify;\">De estos modelos 3D <strong>entregamos las isom\u00e9tricas<\/strong>, que no son m\u00e1s que los planos de cada una de las l\u00edneas de tuber\u00edas con una vista isom\u00e9trica de ellas, para su fabricaci\u00f3n y montaje.<\/p>\n<p style=\"text-align: justify;\">Hab\u00eda m\u00e1s de 3 t\u00e9cnicos trabajando de manera simult\u00e1nea durante todo el proyecto, pero gracias a las herramientas de trabajo colaborativo que tenemos en Easyworks, se pudieron gestionar todos los datos que se iban generando y compartirlos de manera inmediata y actualizada, as\u00ed como trabajar en paralelo.<\/p>\n<p><strong>Algunos datos interesantes&#8230;<\/strong><\/p>\n<ul>\n<li class=\"vc_empty_space\">Para este proyecto hemos trabajado hasta <strong>4 t\u00e9cnicos simult\u00e1neamente<\/strong> y de manera muy sencilla gracias a las <a href=\"https:\/\/servicios.easyworks.es\/#nuestro-metodo\">herramientas de trabajo colaborativo<\/a><\/li>\n<li>Creamos m\u00e1s de\u00a0<strong>400 l\u00edneas de tuber\u00edas<\/strong>\u00a0para las diferentes instalaciones<\/li>\n<li>Se han creado m\u00e1s de\u00a0<strong>3Gb<\/strong> de documentaci\u00f3n t\u00e9cnica<\/li>\n<\/ul>\n<p><strong>\u00a1Gracias a F. Carceller por contar con nosotros en este proyecto!\u00a0\u2665\u00a0<\/strong>[\/vc_column_text][vc_separator align=&#8221;align_left&#8221;][vc_column_text css_animation=&#8221;bounceIn&#8221;]<b>Datos de contacto del cliente:<\/b><\/p>\n<p>Calle Montero R\u00edos 30, 1\u00b0<br \/>\nVigo (Pontevedra)<br \/>\nTel.: +34\u00a0986 43 05 60<br \/>\nE-mail:\u00a0<a href=\"mailto:fcarceller@carceller.com\">fcarceller@carceller.com<\/a>[\/vc_column_text][\/vc_column][\/vc_row][vc_row][vc_column][vc_separator align=&#8221;align_left&#8221;][\/vc_column][\/vc_row][vc_row][vc_column width=&#8221;1\/3&#8243;][\/vc_column][vc_column width=&#8221;1\/3&#8243;][vc_custom_heading text=&#8221;\u00bfNecesitas asesor\u00eda con tu proyecto?&#8221; use_theme_fonts=&#8221;yes&#8221; css=&#8221;&#8221;][vc_column_text css=&#8221;&#8221;]\u00a1Descubre c\u00f3mo podemos ayudarte! Ll\u00e1manos al <a href=\"tel:0034659159456\">659 159 456<\/a> o d\u00e9janos tus datos. Estamos deseando hablar contigo :)[\/vc_column_text][vc_icon icon_fontawesome=&#8221;fas fa-angle-double-right&#8221; color=&#8221;sky&#8221; size=&#8221;xl&#8221; align=&#8221;center&#8221; css=&#8221;&#8221;][\/vc_column][vc_column width=&#8221;1\/3&#8243;][vc_raw_html css=&#8221;&#8221;]JTNDaWZyYW1lJTIwYXJpYS1sYWJlbCUzRCUyN0NvbnRhY3RvJTIwU2VydmljaW9zJTI3JTIwZnJhbWVib3JkZXIlM0QlMjIwJTIyJTIwc3R5bGUlM0QlMjJoZWlnaHQlM0E1MDBweCUzQndpZHRoJTNBOTklMjUlM0Jib3JkZXIlM0Fub25lJTNCJTIyJTIwc3JjJTNEJTI3aHR0cHMlM0ElMkYlMkZmb3Jtcy56b2hvcHVibGljLmV1JTJGZWFzeXdvcmtzJTJGZm9ybSUyRkNvbnRhY3RvU2VydmljaW9zJTJGZm9ybXBlcm1hJTJGdU9IWkZiWGFod1FTU0Q4amZIUV9tVHQzTWFyYVNlblJudUtNcHRfekxTNCUyNyUzRSUzQyUyRmlmcmFtZSUzRQ==[\/vc_raw_html][\/vc_column][\/vc_row]<\/p>\n<\/div>","protected":false},"excerpt":{"rendered":"<p>[vc_row][vc_column width=&#8221;1\/2&#8243;][vc_empty_space height=&#8221;100px&#8221;][vc_single_image image=&#8221;3546&#8243; img_size=&#8221;full&#8221; style=&#8221;vc_box_shadow_3d&#8221; onclick=&#8221;link_image&#8221;][vc_single_image image=&#8221;3545&#8243; img_size=&#8221;full&#8221; style=&#8221;vc_box_shadow_3d&#8221; onclick=&#8221;link_image&#8221;][vc_single_image image=&#8221;3544&#8243; img_size=&#8221;full&#8221; style=&#8221;vc_box_shadow_3d&#8221; onclick=&#8221;link_image&#8221;][\/vc_column][vc_column width=&#8221;1\/2&#8243;][vc_custom_heading text=&#8221;FAUSTINO CARCELLER, S.L.&#8221; font_container=&#8221;tag:h1|font_size:25px|text_align:left|line_height:30px&#8221; use_theme_fonts=&#8221;yes&#8221;][vc_separator color=&#8221;blue&#8221; align=&#8221;align_left&#8221; [&hellip;]<\/p>\n","protected":false},"author":3,"featured_media":3544,"parent":0,"menu_order":0,"comment_status":"closed","ping_status":"closed","template":"","meta":{"footnotes":""},"class_list":["post-3538","page","type-page","status-publish","has-post-thumbnail","hentry"],"yoast_head":"<!-- This site is optimized with the Yoast SEO plugin v27.3 - https:\/\/yoast.com\/product\/yoast-seo-wordpress\/ -->\n<title>Caso de estudio FAUSTINO CARCELLER, S.L. con Easyworks<\/title>\n<meta name=\"description\" content=\"Con Faustino Carceller hemos realizado el dise\u00f1o de la red de tuber\u00edas y planos isom\u00e9tricos de las diferentes instalaciones del barco.\" \/>\n<meta name=\"robots\" content=\"index, follow, max-snippet:-1, max-image-preview:large, max-video-preview:-1\" \/>\n<link rel=\"canonical\" href=\"https:\/\/servicios.easyworks.es\/en\/faustino-carceller-s-l\/\" \/>\n<meta property=\"og:locale\" content=\"en_GB\" \/>\n<meta property=\"og:locale:alternate\" content=\"es_ES\" \/>\n<meta property=\"og:type\" content=\"article\" \/>\n<meta property=\"og:title\" content=\"Caso de estudio FAUSTINO CARCELLER, S.L. con Easyworks\" \/>\n<meta property=\"og:description\" content=\"Con Faustino Carceller hemos realizado el dise\u00f1o de la red de tuber\u00edas y planos isom\u00e9tricos de las diferentes instalaciones del barco.\" \/>\n<meta property=\"og:url\" content=\"https:\/\/servicios.easyworks.es\/en\/faustino-carceller-s-l\/\" \/>\n<meta property=\"og:site_name\" content=\"Easyworks\" \/>\n<meta property=\"article:modified_time\" content=\"2024-07-29T07:19:18+00:00\" \/>\n<meta property=\"og:image\" content=\"https:\/\/servicios.easyworks.es\/wp-content\/uploads\/2019\/04\/Ruteado-de-tuber\u00edas.jpg\" \/>\n\t<meta property=\"og:image:width\" content=\"700\" \/>\n\t<meta property=\"og:image:height\" content=\"432\" \/>\n\t<meta property=\"og:image:type\" content=\"image\/jpeg\" \/>\n<meta name=\"twitter:card\" content=\"summary_large_image\" \/>\n<meta name=\"twitter:label1\" content=\"Estimated reading time\" \/>\n\t<meta name=\"twitter:data1\" content=\"4 minutes\" \/>\n<script type=\"application\/ld+json\" class=\"yoast-schema-graph\">{\"@context\":\"https:\\\/\\\/schema.org\",\"@graph\":[{\"@type\":\"WebPage\",\"@id\":\"https:\\\/\\\/servicios.easyworks.es\\\/faustino-carceller-s-l\\\/\",\"url\":\"https:\\\/\\\/servicios.easyworks.es\\\/faustino-carceller-s-l\\\/\",\"name\":\"Caso de estudio FAUSTINO CARCELLER, S.L. con Easyworks\",\"isPartOf\":{\"@id\":\"https:\\\/\\\/servicios.easyworks.es\\\/#website\"},\"primaryImageOfPage\":{\"@id\":\"https:\\\/\\\/servicios.easyworks.es\\\/faustino-carceller-s-l\\\/#primaryimage\"},\"image\":{\"@id\":\"https:\\\/\\\/servicios.easyworks.es\\\/faustino-carceller-s-l\\\/#primaryimage\"},\"thumbnailUrl\":\"https:\\\/\\\/servicios.easyworks.es\\\/wp-content\\\/uploads\\\/2019\\\/04\\\/Ruteado-de-tuber\u00edas.jpg\",\"datePublished\":\"2019-04-08T08:43:20+00:00\",\"dateModified\":\"2024-07-29T07:19:18+00:00\",\"description\":\"Con Faustino Carceller hemos realizado el dise\u00f1o de la red de tuber\u00edas y planos isom\u00e9tricos de las diferentes instalaciones del barco.\",\"breadcrumb\":{\"@id\":\"https:\\\/\\\/servicios.easyworks.es\\\/faustino-carceller-s-l\\\/#breadcrumb\"},\"inLanguage\":\"en-GB\",\"potentialAction\":[{\"@type\":\"ReadAction\",\"target\":[\"https:\\\/\\\/servicios.easyworks.es\\\/faustino-carceller-s-l\\\/\"]}]},{\"@type\":\"ImageObject\",\"inLanguage\":\"en-GB\",\"@id\":\"https:\\\/\\\/servicios.easyworks.es\\\/faustino-carceller-s-l\\\/#primaryimage\",\"url\":\"https:\\\/\\\/servicios.easyworks.es\\\/wp-content\\\/uploads\\\/2019\\\/04\\\/Ruteado-de-tuber\u00edas.jpg\",\"contentUrl\":\"https:\\\/\\\/servicios.easyworks.es\\\/wp-content\\\/uploads\\\/2019\\\/04\\\/Ruteado-de-tuber\u00edas.jpg\",\"width\":700,\"height\":432,\"caption\":\"routing en el naval\"},{\"@type\":\"BreadcrumbList\",\"@id\":\"https:\\\/\\\/servicios.easyworks.es\\\/faustino-carceller-s-l\\\/#breadcrumb\",\"itemListElement\":[{\"@type\":\"ListItem\",\"position\":1,\"name\":\"Portada\",\"item\":\"https:\\\/\\\/servicios.easyworks.es\\\/\"},{\"@type\":\"ListItem\",\"position\":2,\"name\":\"FAUSTINO CARCELLER, S.L.\"}]},{\"@type\":\"WebSite\",\"@id\":\"https:\\\/\\\/servicios.easyworks.es\\\/#website\",\"url\":\"https:\\\/\\\/servicios.easyworks.es\\\/\",\"name\":\"Easyworks\",\"description\":\"Externalizaci\u00f3n de servicios de oficina t\u00e9cnica e ingenier\u00eda.\",\"potentialAction\":[{\"@type\":\"SearchAction\",\"target\":{\"@type\":\"EntryPoint\",\"urlTemplate\":\"https:\\\/\\\/servicios.easyworks.es\\\/?s={search_term_string}\"},\"query-input\":{\"@type\":\"PropertyValueSpecification\",\"valueRequired\":true,\"valueName\":\"search_term_string\"}}],\"inLanguage\":\"en-GB\"}]}<\/script>\n<!-- \/ Yoast SEO plugin. -->","yoast_head_json":{"title":"Caso de estudio FAUSTINO CARCELLER, S.L. con Easyworks","description":"Con Faustino Carceller hemos realizado el dise\u00f1o de la red de tuber\u00edas y planos isom\u00e9tricos de las diferentes instalaciones del barco.","robots":{"index":"index","follow":"follow","max-snippet":"max-snippet:-1","max-image-preview":"max-image-preview:large","max-video-preview":"max-video-preview:-1"},"canonical":"https:\/\/servicios.easyworks.es\/en\/faustino-carceller-s-l\/","og_locale":"en_GB","og_type":"article","og_title":"[:es]Caso de estudio FAUSTINO CARCELLER, S.L. con Easyworks[:]","og_description":"Con Faustino Carceller hemos realizado el dise\u00f1o de la red de tuber\u00edas y planos isom\u00e9tricos de las diferentes instalaciones del barco.","og_url":"https:\/\/servicios.easyworks.es\/en\/faustino-carceller-s-l\/","og_site_name":"Easyworks","article_modified_time":"2024-07-29T07:19:18+00:00","og_image":[{"width":700,"height":432,"url":"https:\/\/servicios.easyworks.es\/wp-content\/uploads\/2019\/04\/Ruteado-de-tuber\u00edas.jpg","type":"image\/jpeg"}],"twitter_card":"summary_large_image","twitter_misc":{"Estimated reading time":"4 minutes"},"schema":{"@context":"https:\/\/schema.org","@graph":[{"@type":"WebPage","@id":"https:\/\/servicios.easyworks.es\/faustino-carceller-s-l\/","url":"https:\/\/servicios.easyworks.es\/faustino-carceller-s-l\/","name":"Caso de estudio FAUSTINO CARCELLER, S.L. con Easyworks","isPartOf":{"@id":"https:\/\/servicios.easyworks.es\/#website"},"primaryImageOfPage":{"@id":"https:\/\/servicios.easyworks.es\/faustino-carceller-s-l\/#primaryimage"},"image":{"@id":"https:\/\/servicios.easyworks.es\/faustino-carceller-s-l\/#primaryimage"},"thumbnailUrl":"https:\/\/servicios.easyworks.es\/wp-content\/uploads\/2019\/04\/Ruteado-de-tuber\u00edas.jpg","datePublished":"2019-04-08T08:43:20+00:00","dateModified":"2024-07-29T07:19:18+00:00","description":"Con Faustino Carceller hemos realizado el dise\u00f1o de la red de tuber\u00edas y planos isom\u00e9tricos de las diferentes instalaciones del barco.","breadcrumb":{"@id":"https:\/\/servicios.easyworks.es\/faustino-carceller-s-l\/#breadcrumb"},"inLanguage":"en-GB","potentialAction":[{"@type":"ReadAction","target":["https:\/\/servicios.easyworks.es\/faustino-carceller-s-l\/"]}]},{"@type":"ImageObject","inLanguage":"en-GB","@id":"https:\/\/servicios.easyworks.es\/faustino-carceller-s-l\/#primaryimage","url":"https:\/\/servicios.easyworks.es\/wp-content\/uploads\/2019\/04\/Ruteado-de-tuber\u00edas.jpg","contentUrl":"https:\/\/servicios.easyworks.es\/wp-content\/uploads\/2019\/04\/Ruteado-de-tuber\u00edas.jpg","width":700,"height":432,"caption":"routing en el naval"},{"@type":"BreadcrumbList","@id":"https:\/\/servicios.easyworks.es\/faustino-carceller-s-l\/#breadcrumb","itemListElement":[{"@type":"ListItem","position":1,"name":"Portada","item":"https:\/\/servicios.easyworks.es\/"},{"@type":"ListItem","position":2,"name":"FAUSTINO CARCELLER, S.L."}]},{"@type":"WebSite","@id":"https:\/\/servicios.easyworks.es\/#website","url":"https:\/\/servicios.easyworks.es\/","name":"Easyworks","description":"Externalizaci\u00f3n de servicios de oficina t\u00e9cnica e ingenier\u00eda.","potentialAction":[{"@type":"SearchAction","target":{"@type":"EntryPoint","urlTemplate":"https:\/\/servicios.easyworks.es\/?s={search_term_string}"},"query-input":{"@type":"PropertyValueSpecification","valueRequired":true,"valueName":"search_term_string"}}],"inLanguage":"en-GB"}]}},"_links":{"self":[{"href":"https:\/\/servicios.easyworks.es\/en\/wp-json\/wp\/v2\/pages\/3538","targetHints":{"allow":["GET"]}}],"collection":[{"href":"https:\/\/servicios.easyworks.es\/en\/wp-json\/wp\/v2\/pages"}],"about":[{"href":"https:\/\/servicios.easyworks.es\/en\/wp-json\/wp\/v2\/types\/page"}],"author":[{"embeddable":true,"href":"https:\/\/servicios.easyworks.es\/en\/wp-json\/wp\/v2\/users\/3"}],"replies":[{"embeddable":true,"href":"https:\/\/servicios.easyworks.es\/en\/wp-json\/wp\/v2\/comments?post=3538"}],"version-history":[{"count":11,"href":"https:\/\/servicios.easyworks.es\/en\/wp-json\/wp\/v2\/pages\/3538\/revisions"}],"predecessor-version":[{"id":5317,"href":"https:\/\/servicios.easyworks.es\/en\/wp-json\/wp\/v2\/pages\/3538\/revisions\/5317"}],"wp:featuredmedia":[{"embeddable":true,"href":"https:\/\/servicios.easyworks.es\/en\/wp-json\/wp\/v2\/media\/3544"}],"wp:attachment":[{"href":"https:\/\/servicios.easyworks.es\/en\/wp-json\/wp\/v2\/media?parent=3538"}],"curies":[{"name":"wp","href":"https:\/\/api.w.org\/{rel}","templated":true}]}}