{"id":3451,"date":"2019-04-07T20:30:33","date_gmt":"2019-04-07T18:30:33","guid":{"rendered":"https:\/\/servicios.easyworks.es\/?page_id=3451"},"modified":"2024-07-29T09:17:56","modified_gmt":"2024-07-29T07:17:56","slug":"ansi-s-l","status":"publish","type":"page","link":"https:\/\/servicios.easyworks.es\/en\/ansi-s-l\/","title":{"rendered":"ANSI, S.L."},"content":{"rendered":"<div class=\"wpb-content-wrapper\"><p>[vc_row][vc_column width=&#8221;1\/2&#8243;][vc_empty_space height=&#8221;100px&#8221;][vc_single_image image=&#8221;3448&#8243; img_size=&#8221;full&#8221; style=&#8221;vc_box_shadow_3d&#8221; onclick=&#8221;link_image&#8221;][vc_single_image image=&#8221;4086&#8243; img_size=&#8221;full&#8221; style=&#8221;vc_box_shadow_3d&#8221; onclick=&#8221;link_image&#8221;][vc_single_image image=&#8221;3472&#8243; img_size=&#8221;full&#8221; style=&#8221;vc_box_shadow_3d&#8221; onclick=&#8221;link_image&#8221;][vc_single_image image=&#8221;4085&#8243; img_size=&#8221;full&#8221; style=&#8221;vc_box_shadow_3d&#8221; onclick=&#8221;link_image&#8221;][\/vc_column][vc_column width=&#8221;1\/2&#8243;][vc_custom_heading text=&#8221;ANSI, S.L.&#8221; font_container=&#8221;tag:h1|font_size:25px|text_align:left|line_height:30px&#8221; use_theme_fonts=&#8221;yes&#8221;][vc_separator color=&#8221;blue&#8221; align=&#8221;align_left&#8221; border_width=&#8221;2&#8243; el_width=&#8221;10&#8243; css_animation=&#8221;fadeInRight&#8221;][vc_column_text]<\/p>\n<p style=\"text-align: justify;\"><b><strong><img loading=\"lazy\" decoding=\"async\" class=\" wp-image-3430 alignright\" src=\"https:\/\/servicios.easyworks.es\/wp-content\/uploads\/2019\/04\/ANSI-SL-min-119x120.png\" alt=\"\" width=\"81\" height=\"82\" \/>Cliente:<\/strong><\/b> <a href=\"http:\/\/ansisl.com\/\">ANSI, S.L.<\/a><br \/>\n<b>Reto: <\/b>Crear una <strong>infraestructura de pasarelas y escaleras<\/strong> para dar acceso y facilitar las tareas de registro y mantenimiento en una <strong>instalaci\u00f3n de tanques<\/strong> evaporadores y concentradores\u00a0para la industria del papel.<br \/>\n<b>Servicios: <\/b>Dise\u00f1o y Modelado; C\u00e1lculos y Simulaci\u00f3n Estructural; Listados y Planos.<\/p>\n<p style=\"font-weight: 400;\">El proyecto consiste en un conjunto de plataformas y escaleras, tanto de tramo recto, como de gato y de caracol, se obtienen as\u00ed conjuntos soldados en taller con sus correspondientes barandillas y m\u00e9nsulas a base de chapa plegada las cuales ir\u00e1n fijadas por medio de uniones atornilladas a elementos de espera ya soldados a las paredes de los tanques.<\/p>\n<p style=\"text-align: justify;\">Desde la oficina t\u00e9cnica de Easyworks hemos dividido el desarrollo de dicho proyecto en 4 etapas:<\/p>\n<ol style=\"text-align: justify;\">\n<li>Recepci\u00f3n por parte del cliente del modelo en tres dimensiones y en formato STEP de las instalaciones existentes (tanques, tuber\u00edas, bridas, v\u00e1lvulas\u2026), informaci\u00f3n extra\u00edda de una exploraci\u00f3n por escaneo 3D in situ. Por otro lado, se nos facilitan\u00a0<strong>planos con indicaci\u00f3n esquem\u00e1tica<\/strong>\u00a0y aproximada de las trayectorias de las pasarelas, sus niveles y puntos de acceso deseados.<\/li>\n<li><strong>Realizamos un Dise\u00f1o conceptual<\/strong>\u00a0con Tekla Structures, obtenemos as\u00ed un predimensionado de la estructura y un avance suficiente para primeras aprobaciones.<\/li>\n<li><strong>C\u00e1lculo<\/strong>\u00a0y dimensionamiento definitivo de perfiles y uniones.<\/li>\n<li>Confecci\u00f3n de\u00a0<strong>Listados de Materiales, Planos de Parte, Planos de Conjunto y Planos de Montaje<\/strong>.<\/li>\n<\/ol>\n<p style=\"font-weight: 400;\">Durante el dise\u00f1o conceptual, hemos aprovechado la informaci\u00f3n facilitada de las estructuras preexistentes, en muchos casos, ha sido m\u00e1s conveniente soportar las nuevas plataformas sobre estas estructuras existentes.<\/p>\n<p style=\"font-weight: 400;\">Tanto las\u00a0<strong>escaleras de tramo recto, como las de gato y las de caracol, barandillas, uniones\u2026 se modelaron con la ayuda de las macros de Tekla<\/strong>, gracias a estas aplicaciones el proceso de generaci\u00f3n de dichos conjuntos estructurales es muy r\u00e1pido.<\/p>\n<p style=\"text-align: justify;\">Por \u00faltimo, las m\u00e9nsulas a base de chapa plegada que sustentan las plataformas y que van fijadas a las orejetas previstas en los dep\u00f3sitos han sido <strong>calculadas y dimensionadas<\/strong> empleando el m\u00e9todo de elementos finitos con\u00a0<a href=\"https:\/\/easyworks.es\/simulacion\/\">SOLIDWORKS Simulation<\/a>\u00a0a fin de evaluar con precisi\u00f3n las m\u00e1ximas tensiones y predecir posibles fen\u00f3menos de inestabilidad local, esto es, la abolladura de la chapa por compresi\u00f3n excesiva.<\/p>\n<p style=\"text-align: left;\"><strong>\u00a1Gracias a ANSI por confiar en nosotros! \u2665<\/strong><\/p>\n<p>[\/vc_column_text][vc_separator align=&#8221;align_left&#8221;][vc_column_text css_animation=&#8221;bounceIn&#8221;]<b>Datos de contacto del cliente:<\/b><\/p>\n<p>R\u00faa Alfredo Garc\u00eda Alen 4, bajo<br \/>\n<span class=\"postal-code\">36002\u00a0<\/span><span class=\"locality\">Pontevedra<br \/>\n<\/span>Tel.:\u00a0+34 886 208 869<br \/>\nE-mail:\u00a0<a class=\"email\" href=\"mailto:info@ansisl.com\">info@ansisl.com<\/a>[\/vc_column_text][vc_separator align=&#8221;align_left&#8221;][\/vc_column][\/vc_row]<\/p>\n<\/div>","protected":false},"excerpt":{"rendered":"<p>[vc_row][vc_column width=&#8221;1\/2&#8243;][vc_empty_space height=&#8221;100px&#8221;][vc_single_image image=&#8221;3448&#8243; img_size=&#8221;full&#8221; style=&#8221;vc_box_shadow_3d&#8221; onclick=&#8221;link_image&#8221;][vc_single_image image=&#8221;4086&#8243; img_size=&#8221;full&#8221; style=&#8221;vc_box_shadow_3d&#8221; onclick=&#8221;link_image&#8221;][vc_single_image image=&#8221;3472&#8243; img_size=&#8221;full&#8221; style=&#8221;vc_box_shadow_3d&#8221; onclick=&#8221;link_image&#8221;][vc_single_image image=&#8221;4085&#8243; img_size=&#8221;full&#8221; style=&#8221;vc_box_shadow_3d&#8221; onclick=&#8221;link_image&#8221;][\/vc_column][vc_column width=&#8221;1\/2&#8243;][vc_custom_heading text=&#8221;ANSI, S.L.&#8221; font_container=&#8221;tag:h1|font_size:25px|text_align:left|line_height:30px&#8221; [&hellip;]<\/p>\n","protected":false},"author":3,"featured_media":0,"parent":0,"menu_order":0,"comment_status":"closed","ping_status":"closed","template":"","meta":{"rs_blank_template":"","rs_page_bg_color":"","slide_template_v7":"","footnotes":""},"class_list":["post-3451","page","type-page","status-publish","hentry"],"yoast_head":"<!-- This site is optimized with the Yoast SEO plugin v27.3 - https:\/\/yoast.com\/product\/yoast-seo-wordpress\/ -->\n<title>Caso de estudio dise\u00f1o en Tekla Structures: ANSI, S.L. - Easyworks<\/title>\n<meta name=\"description\" content=\"Hemos dise\u00f1ado un conjunto de pasarelas y escaleras, con sus correspondientes barandillas que den acceso a una instalaci\u00f3n para tareas de mantenimiento.\" \/>\n<meta name=\"robots\" content=\"index, follow, max-snippet:-1, max-image-preview:large, max-video-preview:-1\" \/>\n<link rel=\"canonical\" href=\"https:\/\/servicios.easyworks.es\/en\/ansi-s-l\/\" \/>\n<meta property=\"og:locale\" content=\"en_GB\" \/>\n<meta property=\"og:locale:alternate\" content=\"es_ES\" \/>\n<meta property=\"og:type\" content=\"article\" \/>\n<meta property=\"og:title\" content=\"Caso de estudio dise\u00f1o en Tekla Structures: ANSI, S.L. - Easyworks\" \/>\n<meta property=\"og:description\" content=\"Hemos dise\u00f1ado un conjunto de pasarelas y escaleras, con sus correspondientes barandillas que den acceso a una instalaci\u00f3n para tareas de mantenimiento.\" \/>\n<meta property=\"og:url\" content=\"https:\/\/servicios.easyworks.es\/en\/ansi-s-l\/\" \/>\n<meta property=\"og:site_name\" content=\"Easyworks\" \/>\n<meta property=\"article:modified_time\" content=\"2024-07-29T07:17:56+00:00\" \/>\n<meta property=\"og:image\" content=\"https:\/\/servicios.easyworks.es\/wp-content\/uploads\/2019\/04\/ANSI-SL-min-119x120.png\" \/>\n<meta name=\"twitter:card\" content=\"summary_large_image\" \/>\n<meta name=\"twitter:label1\" content=\"Estimated reading time\" \/>\n\t<meta name=\"twitter:data1\" content=\"5 minutes\" \/>\n<script type=\"application\/ld+json\" class=\"yoast-schema-graph\">{\"@context\":\"https:\\\/\\\/schema.org\",\"@graph\":[{\"@type\":\"WebPage\",\"@id\":\"https:\\\/\\\/servicios.easyworks.es\\\/ansi-s-l\\\/\",\"url\":\"https:\\\/\\\/servicios.easyworks.es\\\/ansi-s-l\\\/\",\"name\":\"Caso de estudio dise\u00f1o en Tekla Structures: ANSI, S.L. - Easyworks\",\"isPartOf\":{\"@id\":\"https:\\\/\\\/servicios.easyworks.es\\\/#website\"},\"primaryImageOfPage\":{\"@id\":\"https:\\\/\\\/servicios.easyworks.es\\\/ansi-s-l\\\/#primaryimage\"},\"image\":{\"@id\":\"https:\\\/\\\/servicios.easyworks.es\\\/ansi-s-l\\\/#primaryimage\"},\"thumbnailUrl\":\"https:\\\/\\\/servicios.easyworks.es\\\/wp-content\\\/uploads\\\/2019\\\/04\\\/ANSI-SL-min-119x120.png\",\"datePublished\":\"2019-04-07T18:30:33+00:00\",\"dateModified\":\"2024-07-29T07:17:56+00:00\",\"description\":\"Hemos dise\u00f1ado un conjunto de pasarelas y escaleras, con sus correspondientes barandillas que den acceso a una instalaci\u00f3n para tareas de mantenimiento.\",\"breadcrumb\":{\"@id\":\"https:\\\/\\\/servicios.easyworks.es\\\/ansi-s-l\\\/#breadcrumb\"},\"inLanguage\":\"en-GB\",\"potentialAction\":[{\"@type\":\"ReadAction\",\"target\":[\"https:\\\/\\\/servicios.easyworks.es\\\/ansi-s-l\\\/\"]}]},{\"@type\":\"ImageObject\",\"inLanguage\":\"en-GB\",\"@id\":\"https:\\\/\\\/servicios.easyworks.es\\\/ansi-s-l\\\/#primaryimage\",\"url\":\"https:\\\/\\\/servicios.easyworks.es\\\/wp-content\\\/uploads\\\/2019\\\/04\\\/ANSI-SL-min-119x120.png\",\"contentUrl\":\"https:\\\/\\\/servicios.easyworks.es\\\/wp-content\\\/uploads\\\/2019\\\/04\\\/ANSI-SL-min-119x120.png\"},{\"@type\":\"BreadcrumbList\",\"@id\":\"https:\\\/\\\/servicios.easyworks.es\\\/ansi-s-l\\\/#breadcrumb\",\"itemListElement\":[{\"@type\":\"ListItem\",\"position\":1,\"name\":\"Portada\",\"item\":\"https:\\\/\\\/servicios.easyworks.es\\\/\"},{\"@type\":\"ListItem\",\"position\":2,\"name\":\"ANSI, S.L.\"}]},{\"@type\":\"WebSite\",\"@id\":\"https:\\\/\\\/servicios.easyworks.es\\\/#website\",\"url\":\"https:\\\/\\\/servicios.easyworks.es\\\/\",\"name\":\"Easyworks\",\"description\":\"Externalizaci\u00f3n de servicios de oficina t\u00e9cnica e ingenier\u00eda.\",\"potentialAction\":[{\"@type\":\"SearchAction\",\"target\":{\"@type\":\"EntryPoint\",\"urlTemplate\":\"https:\\\/\\\/servicios.easyworks.es\\\/?s={search_term_string}\"},\"query-input\":{\"@type\":\"PropertyValueSpecification\",\"valueRequired\":true,\"valueName\":\"search_term_string\"}}],\"inLanguage\":\"en-GB\"}]}<\/script>\n<!-- \/ Yoast SEO plugin. -->","yoast_head_json":{"title":"Caso de estudio dise\u00f1o en Tekla Structures: ANSI, S.L. - Easyworks","description":"Hemos dise\u00f1ado un conjunto de pasarelas y escaleras, con sus correspondientes barandillas que den acceso a una instalaci\u00f3n para tareas de mantenimiento.","robots":{"index":"index","follow":"follow","max-snippet":"max-snippet:-1","max-image-preview":"max-image-preview:large","max-video-preview":"max-video-preview:-1"},"canonical":"https:\/\/servicios.easyworks.es\/en\/ansi-s-l\/","og_locale":"en_GB","og_type":"article","og_title":"[:es]Caso de estudio dise\u00f1o en Tekla Structures: ANSI, S.L. - Easyworks[:]","og_description":"Hemos dise\u00f1ado un conjunto de pasarelas y escaleras, con sus correspondientes barandillas que den acceso a una instalaci\u00f3n para tareas de mantenimiento.","og_url":"https:\/\/servicios.easyworks.es\/en\/ansi-s-l\/","og_site_name":"Easyworks","article_modified_time":"2024-07-29T07:17:56+00:00","og_image":[{"url":"https:\/\/servicios.easyworks.es\/wp-content\/uploads\/2019\/04\/ANSI-SL-min-119x120.png","type":"","width":"","height":""}],"twitter_card":"summary_large_image","twitter_misc":{"Estimated reading time":"5 minutes"},"schema":{"@context":"https:\/\/schema.org","@graph":[{"@type":"WebPage","@id":"https:\/\/servicios.easyworks.es\/ansi-s-l\/","url":"https:\/\/servicios.easyworks.es\/ansi-s-l\/","name":"Caso de estudio dise\u00f1o en Tekla Structures: ANSI, S.L. - Easyworks","isPartOf":{"@id":"https:\/\/servicios.easyworks.es\/#website"},"primaryImageOfPage":{"@id":"https:\/\/servicios.easyworks.es\/ansi-s-l\/#primaryimage"},"image":{"@id":"https:\/\/servicios.easyworks.es\/ansi-s-l\/#primaryimage"},"thumbnailUrl":"https:\/\/servicios.easyworks.es\/wp-content\/uploads\/2019\/04\/ANSI-SL-min-119x120.png","datePublished":"2019-04-07T18:30:33+00:00","dateModified":"2024-07-29T07:17:56+00:00","description":"Hemos dise\u00f1ado un conjunto de pasarelas y escaleras, con sus correspondientes barandillas que den acceso a una instalaci\u00f3n para tareas de mantenimiento.","breadcrumb":{"@id":"https:\/\/servicios.easyworks.es\/ansi-s-l\/#breadcrumb"},"inLanguage":"en-GB","potentialAction":[{"@type":"ReadAction","target":["https:\/\/servicios.easyworks.es\/ansi-s-l\/"]}]},{"@type":"ImageObject","inLanguage":"en-GB","@id":"https:\/\/servicios.easyworks.es\/ansi-s-l\/#primaryimage","url":"https:\/\/servicios.easyworks.es\/wp-content\/uploads\/2019\/04\/ANSI-SL-min-119x120.png","contentUrl":"https:\/\/servicios.easyworks.es\/wp-content\/uploads\/2019\/04\/ANSI-SL-min-119x120.png"},{"@type":"BreadcrumbList","@id":"https:\/\/servicios.easyworks.es\/ansi-s-l\/#breadcrumb","itemListElement":[{"@type":"ListItem","position":1,"name":"Portada","item":"https:\/\/servicios.easyworks.es\/"},{"@type":"ListItem","position":2,"name":"ANSI, S.L."}]},{"@type":"WebSite","@id":"https:\/\/servicios.easyworks.es\/#website","url":"https:\/\/servicios.easyworks.es\/","name":"Easyworks","description":"Externalizaci\u00f3n de servicios de oficina t\u00e9cnica e ingenier\u00eda.","potentialAction":[{"@type":"SearchAction","target":{"@type":"EntryPoint","urlTemplate":"https:\/\/servicios.easyworks.es\/?s={search_term_string}"},"query-input":{"@type":"PropertyValueSpecification","valueRequired":true,"valueName":"search_term_string"}}],"inLanguage":"en-GB"}]}},"_links":{"self":[{"href":"https:\/\/servicios.easyworks.es\/en\/wp-json\/wp\/v2\/pages\/3451","targetHints":{"allow":["GET"]}}],"collection":[{"href":"https:\/\/servicios.easyworks.es\/en\/wp-json\/wp\/v2\/pages"}],"about":[{"href":"https:\/\/servicios.easyworks.es\/en\/wp-json\/wp\/v2\/types\/page"}],"author":[{"embeddable":true,"href":"https:\/\/servicios.easyworks.es\/en\/wp-json\/wp\/v2\/users\/3"}],"replies":[{"embeddable":true,"href":"https:\/\/servicios.easyworks.es\/en\/wp-json\/wp\/v2\/comments?post=3451"}],"version-history":[{"count":34,"href":"https:\/\/servicios.easyworks.es\/en\/wp-json\/wp\/v2\/pages\/3451\/revisions"}],"predecessor-version":[{"id":5316,"href":"https:\/\/servicios.easyworks.es\/en\/wp-json\/wp\/v2\/pages\/3451\/revisions\/5316"}],"wp:attachment":[{"href":"https:\/\/servicios.easyworks.es\/en\/wp-json\/wp\/v2\/media?parent=3451"}],"curies":[{"name":"wp","href":"https:\/\/api.w.org\/{rel}","templated":true}]}}