{"id":3255,"date":"2019-04-03T17:02:08","date_gmt":"2019-04-03T15:02:08","guid":{"rendered":"https:\/\/servicios.easyworks.es\/?page_id=3255"},"modified":"2025-03-18T11:19:04","modified_gmt":"2025-03-18T10:19:04","slug":"outsourcing-ingenieria","status":"publish","type":"page","link":"https:\/\/servicios.easyworks.es\/en\/outsourcing-ingenieria\/","title":{"rendered":"Outsourcing"},"content":{"rendered":"<div class=\"wpb-content-wrapper\"><p>[vc_row full_width=&#8221;stretch_row&#8221; full_height=&#8221;yes&#8221; content_placement=&#8221;middle&#8221; video_bg=&#8221;yes&#8221; video_bg_url=&#8221;https:\/\/www.youtube.com\/watch?v=cKrX4gXWTH4&#8243;][vc_column][vc_custom_heading text=&#8221;Why outsource our technicians?&#8221; font_container=&#8221;tag:h1|font_size:30px|text_align:center|color:%23000000&#8243; use_theme_fonts=&#8221;yes&#8221;][\/vc_column][\/vc_row][vc_row][vc_column width=&#8221;1\/12&#8243;][\/vc_column][vc_column width=&#8221;5\/12&#8243;][vc_column_text]The experience of having worked in different sectors, with different methodologies and with different tools, makes Easyworks a team with a transversal perspective.<\/p>\n<p>We have more than 300 clients, which gives us a broad knowledge of how to focus product development, no matter what type of product it is.[\/vc_column_text][\/vc_column][vc_column width=&#8221;5\/12&#8243;][vc_column_text]In outsourcing projects, a specialized integral team moves to your facilities to work as if it were part of the same team. We provide our know-how, our tools and the necessary high quality materials.<\/p>\n<p>Outsourcing allows you to temporarily have the best specialists in the field you need. Subcontracting offers you significant savings in human resources.[\/vc_column_text][\/vc_column][vc_column width=&#8221;1\/12&#8243;][\/vc_column][\/vc_row][vc_row gap=&#8221;10&#8243; parallax=&#8221;content-moving-fade&#8221; css=&#8221;.vc_custom_1554386747650{background-color: #ffffff !important;}&#8221;][vc_column width=&#8221;1\/12&#8243;][\/vc_column][vc_column width=&#8221;5\/12&#8243;][vc_custom_heading text=&#8221;Fields of specialization&#8221; font_container=&#8221;tag:h1|font_size:30px|text_align:left|color:%23000000&#8243; use_theme_fonts=&#8221;yes&#8221;][vc_column_text]Nowadays, in an excessively competitive industry market, moving projects forward on estimated dates is vital. That is why it is increasingly common to have external support for the technical office.<\/p>\n<p>Our <strong>Engineering Outsourcing is a simple, efficient and inexpensive way<\/strong> to temporarily expand your equipment. We adapt to your needs and your team![\/vc_column_text][\/vc_column][vc_column width=&#8221;5\/12&#8243;][vc_empty_space height=&#8221;42px&#8221;]<div class=\"kd_progress_bar kd-animated fadeIn \" ><div class=\"kd_progb_head\"><div class=\"kd-progb-static\"><div class=\"kd-progb-title\"><h4 style=\"color: #1e73be;\">2D and 3D Development, Delineation<\/h4><\/div><span class=\"kd_progressbarmarker\" style=\"color: #1e73be;\">100%<\/span><\/div><\/div><div class=\"kd_progressbarfull thin-solid\">\n                  <div class=\"kd_progressbarfill\" style=\"background-color: #1e73be;\" data-value=\"100\" data-time=\"3000\">\n                <\/div><\/div><div class=\"kd_progb_desc\"><\/div><\/div><div class=\"kd_progress_bar kd-animated fadeIn \" ><div class=\"kd_progb_head\"><div class=\"kd-progb-static\"><div class=\"kd-progb-title\"><h4 style=\"color: #1e73be;\">Details and manufacturing drawings, listings and exploded<\/h4><\/div><span class=\"kd_progressbarmarker\" style=\"color: #1e73be;\">95%<\/span><\/div><\/div><div class=\"kd_progressbarfull thin-solid\">\n                  <div class=\"kd_progressbarfill\" style=\"background-color: #1e73be;\" data-value=\"95\" data-time=\"3000\">\n                <\/div><\/div><div class=\"kd_progb_desc\"><\/div><\/div><div class=\"kd_progress_bar kd-animated fadeIn \" ><div class=\"kd_progb_head\"><div class=\"kd-progb-static\"><div class=\"kd-progb-title\"><h4 style=\"color: #1e73be;\">Technical documentation, infographics and rendering<\/h4><\/div><span class=\"kd_progressbarmarker\" style=\"color: #1e73be;\">90%<\/span><\/div><\/div><div class=\"kd_progressbarfull thin-solid\">\n                  <div class=\"kd_progressbarfill\" style=\"background-color: #1e73be;\" data-value=\"90\" data-time=\"3000\">\n                <\/div><\/div><div class=\"kd_progb_desc\"><\/div><\/div><div class=\"kd_progress_bar kd-animated fadeIn \" ><div class=\"kd_progb_head\"><div class=\"kd-progb-static\"><div class=\"kd-progb-title\"><h4 style=\"color: #1e73be;\">Industrial design of machinery, structures, tools and mechanisms<\/h4><\/div><span class=\"kd_progressbarmarker\" style=\"color: #1e73be;\">80%<\/span><\/div><\/div><div class=\"kd_progressbarfull thin-solid\">\n                  <div class=\"kd_progressbarfill\" style=\"background-color: #1e73be;\" data-value=\"80\" data-time=\"3000\">\n                <\/div><\/div><div class=\"kd_progb_desc\"><\/div><\/div><div class=\"kd_progress_bar kd-animated fadeIn \" ><div class=\"kd_progb_head\"><div class=\"kd-progb-static\"><div class=\"kd-progb-title\"><h4 style=\"color: #1e73be;\">Structural FEM analysis and dynamic simulations<\/h4><\/div><span class=\"kd_progressbarmarker\" style=\"color: #1e73be;\">75%<\/span><\/div><\/div><div class=\"kd_progressbarfull thin-solid\">\n                  <div class=\"kd_progressbarfill\" style=\"background-color: #1e73be;\" data-value=\"75\" data-time=\"3000\">\n                <\/div><\/div><div class=\"kd_progb_desc\"><\/div><\/div>[\/vc_column][vc_column width=&#8221;1\/12&#8243;][\/vc_column][\/vc_row][vc_row content_placement=&#8221;middle&#8221; parallax=&#8221;content-moving-fade&#8221; parallax_image=&#8221;2664&#8243; parallax_speed_bg=&#8221;3.5&#8243; el_id=&#8221;tarifas&#8221;][vc_column][vc_empty_space height=&#8221;90px&#8221; css=&#8221;.vc_custom_1554389373779{background-position: center !important;background-repeat: no-repeat !important;background-size: cover !important;}&#8221;][vc_custom_heading text=&#8221;Rates&#8221; font_container=&#8221;tag:h1|font_size:40px|text_align:center|color:%23ffffff&#8221; use_theme_fonts=&#8221;yes&#8221;][vc_empty_space height=&#8221;90px&#8221; css=&#8221;.vc_custom_1554389379586{background-position: center !important;background-repeat: no-repeat !important;background-size: cover !important;}&#8221;][\/vc_column][\/vc_row][vc_row][vc_column width=&#8221;1\/12&#8243;][\/vc_column][vc_column width=&#8221;5\/12&#8243;][vc_custom_heading text=&#8221;Outsourcing&#8221; font_container=&#8221;tag:h2|font_size:23px|text_align:center&#8221; use_theme_fonts=&#8221;yes&#8221; css_animation=&#8221;flipInX&#8221;][vc_custom_heading text=&#8221;from 25 \u20ac\/hour&#8221; font_container=&#8221;tag:p|font_size:48px|text_align:center|color:%23595959|line_height:40px&#8221; google_fonts=&#8221;font_family:Imprima%3Aregular|font_style:400%20regular%3A400%3Anormal&#8221;][vc_column_text]<\/p>\n<p style=\"text-align: center;\"><i class=\"fa fa-check\"><\/i> The price depends on the volume of hours contracted and the type of work<\/p>\n<p style=\"text-align: center;\"><i class=\"fa fa-check\"><\/i> Flexibility and commitment<\/p>\n<p style=\"text-align: center;\"><i class=\"fa fa-check\"><\/i> Transfer to your facilities<\/p>\n<p style=\"text-align: center;\"><i class=\"fa fa-check\"><\/i> Follow up from our offices<\/p>\n<p>[\/vc_column_text]<a style=\"width:px\" href=\"https:\/\/servicios.easyworks.es\/en\/contacto\/\"  target=\"_self\"  title=\"Contacto\" class=\"tt_button   button-center  \" ><span class=\"prim_text\">Contact<\/span><\/a>[vc_empty_space height=&#8221;50px&#8221;][vc_empty_space][\/vc_column][vc_column width=&#8221;5\/12&#8243; css=&#8221;.vc_custom_1554800508882{background-color: #e0e0e0 !important;}&#8221;][vc_custom_heading text=&#8221;Projects&#8221; font_container=&#8221;tag:h2|font_size:23px|text_align:center&#8221; use_theme_fonts=&#8221;yes&#8221; css_animation=&#8221;flipInX&#8221;][vc_custom_heading text=&#8221;Fixed price&#8221; font_container=&#8221;tag:p|font_size:48px|text_align:center|color:%23595959|line_height:40px&#8221; google_fonts=&#8221;font_family:Imprima%3Aregular|font_style:400%20regular%3A400%3Anormal&#8221;][vc_column_text]<\/p>\n<p style=\"text-align: center;\"><i class=\"fa fa-check\"><\/i> Different ways of working: outsourcing, managed by Easyworks or mixed<\/p>\n<p style=\"text-align: center;\"><i class=\"fa fa-check\"><\/i> The Easyworks technicians integrate with your team<\/p>\n<p style=\"text-align: center;\"><i class=\"fa fa-check\"><\/i> Exclusivity of the technicians for your project<\/p>\n<p style=\"text-align: center;\"><i class=\"fa fa-check\"><\/i> In your offices or in ours<\/p>\n<p>[\/vc_column_text]<a style=\"width:px\" href=\"https:\/\/servicios.easyworks.es\/en\/contacto\/\"  target=\"_self\"  title=\"Contacto\" class=\"tt_button tt_secondary_button  button-center  \" ><span class=\"prim_text\">Contact<\/span><\/a>[vc_empty_space height=&#8221;50px&#8221;][vc_empty_space][\/vc_column][vc_column width=&#8221;1\/12&#8243;][\/vc_column][\/vc_row][vc_row content_placement=&#8221;middle&#8221; parallax=&#8221;content-moving-fade&#8221; parallax_image=&#8221;3248&#8243; parallax_speed_bg=&#8221;3.5&#8243;][vc_column][vc_empty_space height=&#8221;150px&#8221; css=&#8221;.vc_custom_1554387497195{background-position: center !important;background-repeat: no-repeat !important;background-size: cover !important;}&#8221;][vc_custom_heading text=&#8221;Profiles and Competences that we can offer you&#8221; font_container=&#8221;tag:h1|font_size:30px|text_align:center|color:%23ffffff&#8221; use_theme_fonts=&#8221;yes&#8221;][vc_empty_space height=&#8221;150px&#8221; css=&#8221;.vc_custom_1554387497195{background-position: center !important;background-repeat: no-repeat !important;background-size: cover !important;}&#8221;][\/vc_column][\/vc_row][vc_row][vc_column width=&#8221;1\/3&#8243;]<div class=\"cb-container   cont-left \" ><div class=\"cb-text-area\">\n                    <h4 class=\"cb-heading \" >Industrial product design<\/h4>\n                    <span class=\"cb-subtitle\" ><\/span>\n                    <p >- Product design<br \/>\n- Mechanical design<br \/>\n- Mechanical and electrical modeling, 2D and 3D<br \/>\n- Delineation<br \/>\n- Manufacturing and cutting drawings<br \/>\n- Listings<br \/>\n- FEM calculations: Structural, Thermal and CFD<br \/>\n- Dynamic simulations<br \/>\n- Reverse engineering<br \/>\n- Electrical and electronic engineering<br \/>\n- Design of user manuals for machinery<br \/>\n- Assembly Manuals<br \/>\n- High quality rendering<\/p><\/div><\/div>[\/vc_column][vc_column width=&#8221;1\/3&#8243;]<div class=\"cb-container   cont-left \" ><div class=\"cb-text-area\">\n                    <h4 class=\"cb-heading \" >Industrial plants and Civil Works<\/h4>\n                    <span class=\"cb-subtitle\" ><\/span>\n                    <p >- Civil Works Engineering<br \/>\n- Metallic structure in infrastructures<br \/>\n- Implementation of tools<br \/>\n- Modeling<br \/>\n- Delineation<br \/>\n- Design, Calculation and Exploding<br \/>\n- Standardization of machinery<br \/>\n- Parameterization of products<br \/>\n- Routing and Piping<br \/>\n- Pipe flexibility calculations<br \/>\n- Design of supports<\/p><\/div><\/div>[\/vc_column][vc_column width=&#8221;1\/3&#8243;]<div class=\"cb-container   cont-left \" ><div class=\"cb-text-area\">\n                    <h4 class=\"cb-heading \" >Technical Office<\/h4>\n                    <span class=\"cb-subtitle\" ><\/span>\n                    <p >- Naval accommodation, wooden carpentry for pleasure boats<br \/>\n- Routing and Piping<br \/>\n- Pipe flexibility calculations<br \/>\n- Design of supports<br \/>\n- FEM calculations: Structural, Thermal and CFD<br \/>\n- Standardization of machinery<br \/>\n- Parameterization of products<br \/>\n- Design of user manuals for machinery<br \/>\n- Assembly Manuals<br \/>\n- High quality rendering<\/p><\/div><\/div>[\/vc_column][\/vc_row]<\/p>\n<\/div>","protected":false},"excerpt":{"rendered":"<p>[vc_row full_width=&#8221;stretch_row&#8221; full_height=&#8221;yes&#8221; content_placement=&#8221;middle&#8221; video_bg=&#8221;yes&#8221; video_bg_url=&#8221;https:\/\/www.youtube.com\/watch?v=cKrX4gXWTH4&#8243;][vc_column][vc_custom_heading text=&#8221;Why outsource our technicians?&#8221; font_container=&#8221;tag:h1|font_size:30px|text_align:center|color:%23000000&#8243; use_theme_fonts=&#8221;yes&#8221;][\/vc_column][\/vc_row][vc_row][vc_column width=&#8221;1\/12&#8243;][\/vc_column][vc_column width=&#8221;5\/12&#8243;][vc_column_text]The experience of having worked in different sectors, with different [&hellip;]<\/p>\n","protected":false},"author":3,"featured_media":3099,"parent":0,"menu_order":0,"comment_status":"closed","ping_status":"closed","template":"","meta":{"rs_blank_template":"","rs_page_bg_color":"","slide_template_v7":"","footnotes":""},"class_list":["post-3255","page","type-page","status-publish","has-post-thumbnail","hentry"],"yoast_head":"<!-- This site is optimized with the Yoast SEO plugin v27.3 - https:\/\/yoast.com\/product\/yoast-seo-wordpress\/ -->\n<title>Outsourcing<\/title>\n<meta name=\"description\" content=\"En los proyectos de outsourcing, un equipo especializado se desplaza hasta tus instalaciones para trabajar como si formara parte de la misma plantilla.\" \/>\n<meta name=\"robots\" content=\"index, follow, max-snippet:-1, max-image-preview:large, max-video-preview:-1\" \/>\n<link rel=\"canonical\" href=\"https:\/\/servicios.easyworks.es\/en\/outsourcing-ingenieria\/\" \/>\n<meta property=\"og:locale\" content=\"en_GB\" \/>\n<meta property=\"og:locale:alternate\" content=\"es_ES\" \/>\n<meta property=\"og:type\" content=\"article\" \/>\n<meta property=\"og:title\" content=\"Outsourcing\" \/>\n<meta property=\"og:description\" content=\"En los proyectos de outsourcing, un equipo especializado se desplaza hasta tus instalaciones para trabajar como si formara parte de la misma plantilla.\" \/>\n<meta property=\"og:url\" content=\"https:\/\/servicios.easyworks.es\/en\/outsourcing-ingenieria\/\" \/>\n<meta property=\"og:site_name\" content=\"Easyworks\" \/>\n<meta property=\"article:modified_time\" content=\"2025-03-18T10:19:04+00:00\" \/>\n<meta property=\"og:image\" content=\"https:\/\/servicios.easyworks.es\/wp-content\/uploads\/2019\/04\/12-min.jpg\" \/>\n\t<meta property=\"og:image:width\" content=\"3521\" \/>\n\t<meta property=\"og:image:height\" content=\"2333\" \/>\n\t<meta property=\"og:image:type\" content=\"image\/jpeg\" \/>\n<meta name=\"twitter:card\" content=\"summary_large_image\" \/>\n<meta name=\"twitter:label1\" content=\"Estimated reading time\" \/>\n\t<meta name=\"twitter:data1\" content=\"4 minutes\" \/>\n<script type=\"application\/ld+json\" class=\"yoast-schema-graph\">{\"@context\":\"https:\\\/\\\/schema.org\",\"@graph\":[{\"@type\":\"WebPage\",\"@id\":\"https:\\\/\\\/servicios.easyworks.es\\\/outsourcing-ingenieria\\\/\",\"url\":\"https:\\\/\\\/servicios.easyworks.es\\\/outsourcing-ingenieria\\\/\",\"name\":\"Outsourcing\",\"isPartOf\":{\"@id\":\"https:\\\/\\\/servicios.easyworks.es\\\/#website\"},\"primaryImageOfPage\":{\"@id\":\"https:\\\/\\\/servicios.easyworks.es\\\/outsourcing-ingenieria\\\/#primaryimage\"},\"image\":{\"@id\":\"https:\\\/\\\/servicios.easyworks.es\\\/outsourcing-ingenieria\\\/#primaryimage\"},\"thumbnailUrl\":\"https:\\\/\\\/servicios.easyworks.es\\\/wp-content\\\/uploads\\\/2019\\\/04\\\/12-min.jpg\",\"datePublished\":\"2019-04-03T15:02:08+00:00\",\"dateModified\":\"2025-03-18T10:19:04+00:00\",\"description\":\"En los proyectos de outsourcing, un equipo especializado se desplaza hasta tus instalaciones para trabajar como si formara parte de la misma plantilla.\",\"breadcrumb\":{\"@id\":\"https:\\\/\\\/servicios.easyworks.es\\\/outsourcing-ingenieria\\\/#breadcrumb\"},\"inLanguage\":\"en-GB\",\"potentialAction\":[{\"@type\":\"ReadAction\",\"target\":[\"https:\\\/\\\/servicios.easyworks.es\\\/outsourcing-ingenieria\\\/\"]}]},{\"@type\":\"ImageObject\",\"inLanguage\":\"en-GB\",\"@id\":\"https:\\\/\\\/servicios.easyworks.es\\\/outsourcing-ingenieria\\\/#primaryimage\",\"url\":\"https:\\\/\\\/servicios.easyworks.es\\\/wp-content\\\/uploads\\\/2019\\\/04\\\/12-min.jpg\",\"contentUrl\":\"https:\\\/\\\/servicios.easyworks.es\\\/wp-content\\\/uploads\\\/2019\\\/04\\\/12-min.jpg\",\"width\":3521,\"height\":2333,\"caption\":\"servicios de consultor\u00eda\"},{\"@type\":\"BreadcrumbList\",\"@id\":\"https:\\\/\\\/servicios.easyworks.es\\\/outsourcing-ingenieria\\\/#breadcrumb\",\"itemListElement\":[{\"@type\":\"ListItem\",\"position\":1,\"name\":\"Portada\",\"item\":\"https:\\\/\\\/servicios.easyworks.es\\\/\"},{\"@type\":\"ListItem\",\"position\":2,\"name\":\"Outsourcing\"}]},{\"@type\":\"WebSite\",\"@id\":\"https:\\\/\\\/servicios.easyworks.es\\\/#website\",\"url\":\"https:\\\/\\\/servicios.easyworks.es\\\/\",\"name\":\"Easyworks\",\"description\":\"Externalizaci\u00f3n de servicios de oficina t\u00e9cnica e ingenier\u00eda.\",\"potentialAction\":[{\"@type\":\"SearchAction\",\"target\":{\"@type\":\"EntryPoint\",\"urlTemplate\":\"https:\\\/\\\/servicios.easyworks.es\\\/?s={search_term_string}\"},\"query-input\":{\"@type\":\"PropertyValueSpecification\",\"valueRequired\":true,\"valueName\":\"search_term_string\"}}],\"inLanguage\":\"en-GB\"}]}<\/script>\n<!-- \/ Yoast SEO plugin. -->","yoast_head_json":{"title":"Outsourcing","description":"En los proyectos de outsourcing, un equipo especializado se desplaza hasta tus instalaciones para trabajar como si formara parte de la misma plantilla.","robots":{"index":"index","follow":"follow","max-snippet":"max-snippet:-1","max-image-preview":"max-image-preview:large","max-video-preview":"max-video-preview:-1"},"canonical":"https:\/\/servicios.easyworks.es\/en\/outsourcing-ingenieria\/","og_locale":"en_GB","og_type":"article","og_title":"Servicios de [:en]Outsourcing[:es]Outsourcing[:] de ingenier\u00eda t\u00e9cnica - Easyworks","og_description":"En los proyectos de outsourcing, un equipo especializado se desplaza hasta tus instalaciones para trabajar como si formara parte de la misma plantilla.","og_url":"https:\/\/servicios.easyworks.es\/en\/outsourcing-ingenieria\/","og_site_name":"Easyworks","article_modified_time":"2025-03-18T10:19:04+00:00","og_image":[{"width":3521,"height":2333,"url":"https:\/\/servicios.easyworks.es\/wp-content\/uploads\/2019\/04\/12-min.jpg","type":"image\/jpeg"}],"twitter_card":"summary_large_image","twitter_misc":{"Estimated reading time":"4 minutes"},"schema":{"@context":"https:\/\/schema.org","@graph":[{"@type":"WebPage","@id":"https:\/\/servicios.easyworks.es\/outsourcing-ingenieria\/","url":"https:\/\/servicios.easyworks.es\/outsourcing-ingenieria\/","name":"Outsourcing","isPartOf":{"@id":"https:\/\/servicios.easyworks.es\/#website"},"primaryImageOfPage":{"@id":"https:\/\/servicios.easyworks.es\/outsourcing-ingenieria\/#primaryimage"},"image":{"@id":"https:\/\/servicios.easyworks.es\/outsourcing-ingenieria\/#primaryimage"},"thumbnailUrl":"https:\/\/servicios.easyworks.es\/wp-content\/uploads\/2019\/04\/12-min.jpg","datePublished":"2019-04-03T15:02:08+00:00","dateModified":"2025-03-18T10:19:04+00:00","description":"En los proyectos de outsourcing, un equipo especializado se desplaza hasta tus instalaciones para trabajar como si formara parte de la misma plantilla.","breadcrumb":{"@id":"https:\/\/servicios.easyworks.es\/outsourcing-ingenieria\/#breadcrumb"},"inLanguage":"en-GB","potentialAction":[{"@type":"ReadAction","target":["https:\/\/servicios.easyworks.es\/outsourcing-ingenieria\/"]}]},{"@type":"ImageObject","inLanguage":"en-GB","@id":"https:\/\/servicios.easyworks.es\/outsourcing-ingenieria\/#primaryimage","url":"https:\/\/servicios.easyworks.es\/wp-content\/uploads\/2019\/04\/12-min.jpg","contentUrl":"https:\/\/servicios.easyworks.es\/wp-content\/uploads\/2019\/04\/12-min.jpg","width":3521,"height":2333,"caption":"servicios de consultor\u00eda"},{"@type":"BreadcrumbList","@id":"https:\/\/servicios.easyworks.es\/outsourcing-ingenieria\/#breadcrumb","itemListElement":[{"@type":"ListItem","position":1,"name":"Portada","item":"https:\/\/servicios.easyworks.es\/"},{"@type":"ListItem","position":2,"name":"Outsourcing"}]},{"@type":"WebSite","@id":"https:\/\/servicios.easyworks.es\/#website","url":"https:\/\/servicios.easyworks.es\/","name":"Easyworks","description":"Externalizaci\u00f3n de servicios de oficina t\u00e9cnica e ingenier\u00eda.","potentialAction":[{"@type":"SearchAction","target":{"@type":"EntryPoint","urlTemplate":"https:\/\/servicios.easyworks.es\/?s={search_term_string}"},"query-input":{"@type":"PropertyValueSpecification","valueRequired":true,"valueName":"search_term_string"}}],"inLanguage":"en-GB"}]}},"_links":{"self":[{"href":"https:\/\/servicios.easyworks.es\/en\/wp-json\/wp\/v2\/pages\/3255","targetHints":{"allow":["GET"]}}],"collection":[{"href":"https:\/\/servicios.easyworks.es\/en\/wp-json\/wp\/v2\/pages"}],"about":[{"href":"https:\/\/servicios.easyworks.es\/en\/wp-json\/wp\/v2\/types\/page"}],"author":[{"embeddable":true,"href":"https:\/\/servicios.easyworks.es\/en\/wp-json\/wp\/v2\/users\/3"}],"replies":[{"embeddable":true,"href":"https:\/\/servicios.easyworks.es\/en\/wp-json\/wp\/v2\/comments?post=3255"}],"version-history":[{"count":74,"href":"https:\/\/servicios.easyworks.es\/en\/wp-json\/wp\/v2\/pages\/3255\/revisions"}],"predecessor-version":[{"id":5589,"href":"https:\/\/servicios.easyworks.es\/en\/wp-json\/wp\/v2\/pages\/3255\/revisions\/5589"}],"wp:featuredmedia":[{"embeddable":true,"href":"https:\/\/servicios.easyworks.es\/en\/wp-json\/wp\/v2\/media\/3099"}],"wp:attachment":[{"href":"https:\/\/servicios.easyworks.es\/en\/wp-json\/wp\/v2\/media?parent=3255"}],"curies":[{"name":"wp","href":"https:\/\/api.w.org\/{rel}","templated":true}]}}