{"id":3,"date":"2019-02-27T16:14:33","date_gmt":"2019-02-27T15:14:33","guid":{"rendered":"https:\/\/servicios.easyworks.es\/?page_id=3"},"modified":"2019-04-09T16:47:10","modified_gmt":"2019-04-09T14:47:10","slug":"politica-privacidad","status":"publish","type":"page","link":"https:\/\/servicios.easyworks.es\/en\/politica-privacidad\/","title":{"rendered":"Pol\u00edtica de privacidad"},"content":{"rendered":"<h1><\/h1>\n<p><strong><img loading=\"lazy\" decoding=\"async\" class=\"aligncenter size-full wp-image-7702\" src=\"https:\/\/easyworks.es\/wp-content\/uploads\/2018\/05\/politica-de-privacidad-min-2.png\" alt=\"\" width=\"700\" height=\"467\" \/><\/strong><\/p>\n<p><strong>1.- TRATAMIENTO DE DATOS<\/strong><\/p>\n<p>EASYWORKS GESTION EMPRESARIAL INTEGRAL DE PRODUCTO, S.L, con CIF: B36950871 informa a trav\u00e9s de su web www.servicios.easyworks.es sobre su pol\u00edtica de privacidad respecto del tratamiento y protecci\u00f3n de los datos de car\u00e1cter personal de cualquier titular con el que mantenga una relaci\u00f3n en la que se requiera el tratamiento de sus datos. Las operaciones, gestiones y procedimientos t\u00e9cnicos que se realicen de forma automatizada o no automatizada y que posibiliten la recogida, el almacenamiento, la modificaci\u00f3n, la transferencia y otras acciones sobre datos de car\u00e1cter personal, tienen la consideraci\u00f3n de tratamiento de datos personales, sin perjuicio de lo indicado en el apartado 4 de esta pol\u00edtica.<\/p>\n<p><strong>2.- LEGITIMACION DEL TRATAMIENTO<\/strong><\/p>\n<p>La base de la legitimaci\u00f3n del tratamiento de Datos Personales ser\u00e1 la que resulte de la relaci\u00f3n contractual o precontractual, la laboral o cualquier otra que se requiera para el tratamiento de datos, tales como el consentimiento expreso.<\/p>\n<p><strong>3.- COMUNICACIONES ELECTR\u00d3NICAS<\/strong><\/p>\n<p>&#8211; En el caso de recibir comunicaciones por medios electr\u00f3nicos (correos electr\u00f3nicos, mensajes de respuesta automatizada de formularios, y otros sistemas de comunicaci\u00f3n) le informamos que los mensajes se dirigen exclusivamente a su destinatario y puede contener informaci\u00f3n privilegiada o confidencial. Si no es vd. el destinatario indicado, queda notificado de que la utilizaci\u00f3n, divulgaci\u00f3n y\/o copia sin autorizaci\u00f3n est\u00e1 prohibida en virtud de la legislaci\u00f3n vigente.<\/p>\n<p>&#8211; De conformidad con lo establecido en la Ley 34\/2002 de 11 de julio, de Servicios de la Sociedad de la Informaci\u00f3n y del Comercio Electr\u00f3nico, y la Directiva 2002\/58\/CE le comunicamos que en el supuesto de que no desee recibir comunicaciones e informaciones de \u00edndole comercial mediante este sistema de comunicaci\u00f3n electr\u00f3nica, nos lo indique por correo electr\u00f3nico a marketing@easyworks.es indicando en el asunto &#8220;BAJA COMUNICACIONES COMERCIALES&#8221; para que sus datos personales sean dados de baja de nuestra base de datos. Su solicitud ser\u00e1 accionada en un plazo de 10 d\u00edas desde su env\u00edo. En el supuesto de que no recibamos contestaci\u00f3n expresa por su parte, entenderemos que acepta y autoriza que nuestra empresa siga realizando las referidas comunicaciones.<\/p>\n<p><strong>4.- RESPONSABLES DE TRATAMIENTO:<\/strong><\/p>\n<p>En cumplimiento de la legislaci\u00f3n vigente en Protecci\u00f3n de Datos le indicamos que los datos personales que Ud. nos facilita de forma voluntaria por cualquiera de nuestros medios de recogida de informaci\u00f3n ser\u00e1n incorporados a tratamientos automatizados y\/o manuales, siendo EASYWORKS GESTION EMPRESARIAL INTEGRAL DE PRODUCTO, S.L, el Responsable de dichos tratamientos.<\/p>\n<p>Los datos no ser\u00e1n cedidos a terceros.\u00a0 Los datos se gestionan a trav\u00e9s de un CRM. Asimismo, se declara y garantiza que mantiene los niveles de seguridad para la protecci\u00f3n de datos personales conforme dispone la legislaci\u00f3n vigente, y que ha establecido todos los medios t\u00e9cnicos a su alcance para evitar la p\u00e9rdida, mal uso, alteraci\u00f3n, acceso no autorizado, robo de los datos facilitados por los interesados y para que sus empleados observen dichas prescripciones, as\u00ed como el deber de secreto sobre los datos objeto de la protecci\u00f3n y dem\u00e1s obligaciones de confidencialidad vigentes. Los datos ser\u00e1n conservados mientras dure la relaci\u00f3n que genera dicho tratamiento o durante los a\u00f1os necesarios para el cumplir las obligaciones legales. Una vez finalizada la relaci\u00f3n que justifica el tratamiento de datos, estos ser\u00e1n bloqueados conforme a lo dispuesto en la normativa, transcurrido el plazo legalmente establecido ser\u00e1n eliminados.<\/p>\n<p>La normativa de protecci\u00f3n de datos le confiere al titular de los datos personales los siguientes derechos:<\/p>\n<p>&#8211; Derecho a revocar cualquier consentimiento prestado previamente.<br \/>\n&#8211; Derecho de acceso: Conocer qu\u00e9 tipo de datos se est\u00e1n tratando y las caracter\u00edsticas del tratamiento que se lleva a cabo.<br \/>\n&#8211; Derecho de rectificaci\u00f3n: Poder solicitar la modificaci\u00f3n de los datos que sean inexactos o no veraces<br \/>\n&#8211; Derecho de portabilidad: Poder obtener una copia en formato interoperable de los datos que est\u00e9n siendo tratados.<br \/>\n&#8211; Derecho a la limitaci\u00f3n del tratamiento en los casos que considere que no es necesario.<br \/>\n&#8211; Derecho de cancelaci\u00f3n: Solicitar el cese del tratamiento de los datos y su supresi\u00f3n cuando ya no sea necesaria su conservaci\u00f3n<br \/>\n&#8211; Derecho a interponer una reclamaci\u00f3n ante la Agencia Espa\u00f1ola de Protecci\u00f3n de datos C\/ Jorge Juan, 6 28001-Madrid &#8211; FAX: \u00a0914483680- TELF: 901 100 099- E-mail: ciudadano@agpd.es<br \/>\n&#8211; Si desea m\u00e1s informaci\u00f3n respecto al tratamiento de sus datos, rectificar aquellos que sean inexactos, oponerse y\/o limitar alg\u00fan tratamiento que considere que no es necesario, o solicitar la cancelaci\u00f3n del tratamiento cuando los datos ya no sean necesarios, puede dirigirse por escrito a: EASYWORKS GESTION EMPRESARIAL INTEGRAL DE PRODUCTO, S.L en POLG. IND. A PASAXE 41 &#8211; VINCIOS , 36313- GONDOMAR (PONTEVEDRA) o mediante correo electr\u00f3nico a marketing@easyworks.es<br \/>\n&#8211; Dicha comunicaci\u00f3n deber\u00e1 reflejar la siguiente informaci\u00f3n: Nombre y apellidos del usuario, la petici\u00f3n de solicitud, el domicilio y los datos acreditativos.<br \/>\n&#8211; El ejercicio de derechos deber\u00e1 ser realizado por el propio usuario. No obstante, podr\u00e1n ser ejecutados por una persona autorizada como representante legal del autorizado. En tal caso, se deber\u00e1 aportar la documentaci\u00f3n que acredite esta representaci\u00f3n del interesado.<\/p>\n<p><strong>FINALIDADES DE LOS TRATAMIENTOS DE DATOS:<\/strong><\/p>\n<p>&#8211; Detallamos a continuaci\u00f3n la finalidades de los tratamientos de datos llevados a cabo por alguno o todos de los Responsables de Tratamiento enumerados anteriormente:<\/p>\n<p>o GESTI\u00d3N DE POSIBLES CLIENTES \/ CONTACTOS: Gesti\u00f3n de los datos necesarios de los clientes para poder enviarles informaci\u00f3n relacionada con nuestros productos y servicios por cualquier medio disponible, enviar presupuestos de servicios y\/o productos, e invitarles a eventos de su inter\u00e9s. Los datos proporcionados se conservar\u00e1n mientras no solicite el cese de dicho tratamiento.<\/p>\n<p>o ORGANIZACI\u00d3N DE EVENTOS Y CONTENIDO AUDIOVISUAL: Gesti\u00f3n de los datos de contactos para poder organizar eventos de cualquier tipo, tanto online como offline, por parte de cualquiera de los Responsables del Tratamiento. Los datos proporcionados se conservar\u00e1n mientras no se solicite el cese de dicho tratamiento o durante los a\u00f1os necesarios para la justificaci\u00f3n de la actividad. Adem\u00e1s, en los eventos se realizan fotos y v\u00eddeos de los asistentes. Aceptando esta pol\u00edtica, se acepta el tratado de las fotograf\u00edas y la difusi\u00f3n de las mismas a trav\u00e9s de las plataformas de Easyworks (web, redes sociales y otros eventos)<\/p>\n<p>o GESTI\u00d3N MULTIMEDIA: Gesti\u00f3n de las im\u00e1genes y\/o v\u00eddeos captadas en los diferentes eventos organizados por la empresa para la difusi\u00f3n de la actividad y\/o justificaci\u00f3n de la misma. Los datos ser\u00e1n conservados mientras tenga relevancia la difusi\u00f3n de la actividad o hasta que se solicite la cancelaci\u00f3n de la misma.<\/p>\n","protected":false},"excerpt":{"rendered":"<p>1.- TRATAMIENTO DE DATOS EASYWORKS GESTION EMPRESARIAL INTEGRAL DE PRODUCTO, S.L, con CIF: B36950871 informa a trav\u00e9s de su web www.servicios.easyworks.es sobre su [&hellip;]<\/p>\n","protected":false},"author":1,"featured_media":0,"parent":0,"menu_order":0,"comment_status":"closed","ping_status":"open","template":"","meta":{"rs_blank_template":"","rs_page_bg_color":"","slide_template_v7":"","footnotes":""},"class_list":["post-3","page","type-page","status-publish","hentry"],"yoast_head":"<!-- This site is optimized with the Yoast SEO plugin v27.5 - https:\/\/yoast.com\/product\/yoast-seo-wordpress\/ -->\n<title>Pol\u00edtica de privacidad - Easyworks<\/title>\n<meta name=\"description\" content=\"Este es el aviso legal de la pol\u00edtica de privacidad de la p\u00e1gina web de Servicios de Easyworks. Lee antes de aceptar y enviar cualquier formulario\" \/>\n<meta name=\"robots\" content=\"index, follow, max-snippet:-1, max-image-preview:large, max-video-preview:-1\" \/>\n<link rel=\"canonical\" href=\"https:\/\/servicios.easyworks.es\/en\/politica-privacidad\/\" \/>\n<meta property=\"og:locale\" content=\"en_GB\" \/>\n<meta property=\"og:locale:alternate\" content=\"es_ES\" \/>\n<meta property=\"og:type\" content=\"article\" \/>\n<meta property=\"og:title\" content=\"Pol\u00edtica de privacidad - Easyworks\" \/>\n<meta property=\"og:description\" content=\"Este es el aviso legal de la pol\u00edtica de privacidad de la p\u00e1gina web de Servicios de Easyworks. Lee antes de aceptar y enviar cualquier formulario\" \/>\n<meta property=\"og:url\" content=\"https:\/\/servicios.easyworks.es\/en\/politica-privacidad\/\" \/>\n<meta property=\"og:site_name\" content=\"Easyworks\" \/>\n<meta property=\"article:modified_time\" content=\"2019-04-09T14:47:10+00:00\" \/>\n<meta property=\"og:image\" content=\"https:\/\/easyworks.es\/wp-content\/uploads\/2018\/05\/politica-de-privacidad-min-2.png\" \/>\n<meta name=\"twitter:card\" content=\"summary_large_image\" \/>\n<meta name=\"twitter:label1\" content=\"Estimated reading time\" \/>\n\t<meta name=\"twitter:data1\" content=\"6 minutes\" \/>\n<script type=\"application\/ld+json\" class=\"yoast-schema-graph\">{\"@context\":\"https:\\\/\\\/schema.org\",\"@graph\":[{\"@type\":\"WebPage\",\"@id\":\"https:\\\/\\\/servicios.easyworks.es\\\/politica-privacidad\\\/\",\"url\":\"https:\\\/\\\/servicios.easyworks.es\\\/politica-privacidad\\\/\",\"name\":\"Pol\u00edtica de privacidad - Easyworks\",\"isPartOf\":{\"@id\":\"https:\\\/\\\/servicios.easyworks.es\\\/#website\"},\"primaryImageOfPage\":{\"@id\":\"https:\\\/\\\/servicios.easyworks.es\\\/politica-privacidad\\\/#primaryimage\"},\"image\":{\"@id\":\"https:\\\/\\\/servicios.easyworks.es\\\/politica-privacidad\\\/#primaryimage\"},\"thumbnailUrl\":\"https:\\\/\\\/easyworks.es\\\/wp-content\\\/uploads\\\/2018\\\/05\\\/politica-de-privacidad-min-2.png\",\"datePublished\":\"2019-02-27T15:14:33+00:00\",\"dateModified\":\"2019-04-09T14:47:10+00:00\",\"description\":\"Este es el aviso legal de la pol\u00edtica de privacidad de la p\u00e1gina web de Servicios de Easyworks. Lee antes de aceptar y enviar cualquier formulario\",\"breadcrumb\":{\"@id\":\"https:\\\/\\\/servicios.easyworks.es\\\/politica-privacidad\\\/#breadcrumb\"},\"inLanguage\":\"en-GB\",\"potentialAction\":[{\"@type\":\"ReadAction\",\"target\":[\"https:\\\/\\\/servicios.easyworks.es\\\/politica-privacidad\\\/\"]}]},{\"@type\":\"ImageObject\",\"inLanguage\":\"en-GB\",\"@id\":\"https:\\\/\\\/servicios.easyworks.es\\\/politica-privacidad\\\/#primaryimage\",\"url\":\"https:\\\/\\\/easyworks.es\\\/wp-content\\\/uploads\\\/2018\\\/05\\\/politica-de-privacidad-min-2.png\",\"contentUrl\":\"https:\\\/\\\/easyworks.es\\\/wp-content\\\/uploads\\\/2018\\\/05\\\/politica-de-privacidad-min-2.png\"},{\"@type\":\"BreadcrumbList\",\"@id\":\"https:\\\/\\\/servicios.easyworks.es\\\/politica-privacidad\\\/#breadcrumb\",\"itemListElement\":[{\"@type\":\"ListItem\",\"position\":1,\"name\":\"Portada\",\"item\":\"https:\\\/\\\/servicios.easyworks.es\\\/\"},{\"@type\":\"ListItem\",\"position\":2,\"name\":\"Pol\u00edtica de privacidad\"}]},{\"@type\":\"WebSite\",\"@id\":\"https:\\\/\\\/servicios.easyworks.es\\\/#website\",\"url\":\"https:\\\/\\\/servicios.easyworks.es\\\/\",\"name\":\"Easyworks\",\"description\":\"Externalizaci\u00f3n de servicios de oficina t\u00e9cnica e ingenier\u00eda.\",\"potentialAction\":[{\"@type\":\"SearchAction\",\"target\":{\"@type\":\"EntryPoint\",\"urlTemplate\":\"https:\\\/\\\/servicios.easyworks.es\\\/?s={search_term_string}\"},\"query-input\":{\"@type\":\"PropertyValueSpecification\",\"valueRequired\":true,\"valueName\":\"search_term_string\"}}],\"inLanguage\":\"en-GB\"}]}<\/script>\n<!-- \/ Yoast SEO plugin. -->","yoast_head_json":{"title":"Pol\u00edtica de privacidad - Easyworks","description":"Este es el aviso legal de la pol\u00edtica de privacidad de la p\u00e1gina web de Servicios de Easyworks. Lee antes de aceptar y enviar cualquier formulario","robots":{"index":"index","follow":"follow","max-snippet":"max-snippet:-1","max-image-preview":"max-image-preview:large","max-video-preview":"max-video-preview:-1"},"canonical":"https:\/\/servicios.easyworks.es\/en\/politica-privacidad\/","og_locale":"en_GB","og_type":"article","og_title":"Pol\u00edtica de privacidad - Easyworks","og_description":"Este es el aviso legal de la pol\u00edtica de privacidad de la p\u00e1gina web de Servicios de Easyworks. Lee antes de aceptar y enviar cualquier formulario","og_url":"https:\/\/servicios.easyworks.es\/en\/politica-privacidad\/","og_site_name":"Easyworks","article_modified_time":"2019-04-09T14:47:10+00:00","og_image":[{"url":"https:\/\/easyworks.es\/wp-content\/uploads\/2018\/05\/politica-de-privacidad-min-2.png","type":"","width":"","height":""}],"twitter_card":"summary_large_image","twitter_misc":{"Estimated reading time":"6 minutes"},"schema":{"@context":"https:\/\/schema.org","@graph":[{"@type":"WebPage","@id":"https:\/\/servicios.easyworks.es\/politica-privacidad\/","url":"https:\/\/servicios.easyworks.es\/politica-privacidad\/","name":"Pol\u00edtica de privacidad - Easyworks","isPartOf":{"@id":"https:\/\/servicios.easyworks.es\/#website"},"primaryImageOfPage":{"@id":"https:\/\/servicios.easyworks.es\/politica-privacidad\/#primaryimage"},"image":{"@id":"https:\/\/servicios.easyworks.es\/politica-privacidad\/#primaryimage"},"thumbnailUrl":"https:\/\/easyworks.es\/wp-content\/uploads\/2018\/05\/politica-de-privacidad-min-2.png","datePublished":"2019-02-27T15:14:33+00:00","dateModified":"2019-04-09T14:47:10+00:00","description":"Este es el aviso legal de la pol\u00edtica de privacidad de la p\u00e1gina web de Servicios de Easyworks. Lee antes de aceptar y enviar cualquier formulario","breadcrumb":{"@id":"https:\/\/servicios.easyworks.es\/politica-privacidad\/#breadcrumb"},"inLanguage":"en-GB","potentialAction":[{"@type":"ReadAction","target":["https:\/\/servicios.easyworks.es\/politica-privacidad\/"]}]},{"@type":"ImageObject","inLanguage":"en-GB","@id":"https:\/\/servicios.easyworks.es\/politica-privacidad\/#primaryimage","url":"https:\/\/easyworks.es\/wp-content\/uploads\/2018\/05\/politica-de-privacidad-min-2.png","contentUrl":"https:\/\/easyworks.es\/wp-content\/uploads\/2018\/05\/politica-de-privacidad-min-2.png"},{"@type":"BreadcrumbList","@id":"https:\/\/servicios.easyworks.es\/politica-privacidad\/#breadcrumb","itemListElement":[{"@type":"ListItem","position":1,"name":"Portada","item":"https:\/\/servicios.easyworks.es\/"},{"@type":"ListItem","position":2,"name":"Pol\u00edtica de privacidad"}]},{"@type":"WebSite","@id":"https:\/\/servicios.easyworks.es\/#website","url":"https:\/\/servicios.easyworks.es\/","name":"Easyworks","description":"Externalizaci\u00f3n de servicios de oficina t\u00e9cnica e ingenier\u00eda.","potentialAction":[{"@type":"SearchAction","target":{"@type":"EntryPoint","urlTemplate":"https:\/\/servicios.easyworks.es\/?s={search_term_string}"},"query-input":{"@type":"PropertyValueSpecification","valueRequired":true,"valueName":"search_term_string"}}],"inLanguage":"en-GB"}]}},"_links":{"self":[{"href":"https:\/\/servicios.easyworks.es\/en\/wp-json\/wp\/v2\/pages\/3","targetHints":{"allow":["GET"]}}],"collection":[{"href":"https:\/\/servicios.easyworks.es\/en\/wp-json\/wp\/v2\/pages"}],"about":[{"href":"https:\/\/servicios.easyworks.es\/en\/wp-json\/wp\/v2\/types\/page"}],"author":[{"embeddable":true,"href":"https:\/\/servicios.easyworks.es\/en\/wp-json\/wp\/v2\/users\/1"}],"replies":[{"embeddable":true,"href":"https:\/\/servicios.easyworks.es\/en\/wp-json\/wp\/v2\/comments?post=3"}],"version-history":[{"count":3,"href":"https:\/\/servicios.easyworks.es\/en\/wp-json\/wp\/v2\/pages\/3\/revisions"}],"predecessor-version":[{"id":2986,"href":"https:\/\/servicios.easyworks.es\/en\/wp-json\/wp\/v2\/pages\/3\/revisions\/2986"}],"wp:attachment":[{"href":"https:\/\/servicios.easyworks.es\/en\/wp-json\/wp\/v2\/media?parent=3"}],"curies":[{"name":"wp","href":"https:\/\/api.w.org\/{rel}","templated":true}]}}