{"id":2645,"date":"2019-03-06T13:56:58","date_gmt":"2019-03-06T12:56:58","guid":{"rendered":"https:\/\/servicios.easyworks.es\/?page_id=2645"},"modified":"2019-04-09T16:18:50","modified_gmt":"2019-04-09T14:18:50","slug":"aviso-legal","status":"publish","type":"page","link":"https:\/\/servicios.easyworks.es\/en\/aviso-legal\/","title":{"rendered":"Aviso legal"},"content":{"rendered":"<div class=\"wpb-content-wrapper\"><p>[vc_row][vc_column][vc_empty_space height=&#8221;40px&#8221;][vc_column_text]<strong>LEY DE SERVICIOS DE LA SOCIEDAD DE LA INFORMACI\u00d3N Y\u00a0COMERCIO ELECTR\u00d3NICO<\/strong><\/p>\n<p>En cumplimiento de lo dispuesto en el art. 10 de la Ley 34\/2002 de 11 de julio de Servicios de la Sociedad de la Informaci\u00f3n (L.S.S.I.) , se da a conocer la siguiente Informaci\u00f3n General: Que el dominio www.servicios.easyworks.es a partir de ahora sitio web est\u00e1 registrado a nombre del titular EASYWORKS GESTION EMPRESARIAL INTEGRAL DE PRODUCTO, S.L (en adelante Easyworks) con domicilio social en POLG. IND. A PASAXE 41 &#8211; VINCIOS 36316 &#8211; GONDOMAR (PONTEVEDRA ); sociedad inscrita en el Registro Mercantil de en el Registro Mercantil de Pontevedra, Libro 3053, Folio 82, S8, Hoja n\u00famero PO 36860, I\/A 5, inscripci\u00f3n primera, provista de CIF: B36950871<br \/>\nSu direcci\u00f3n de contacto es la direcci\u00f3n de correo electr\u00f3nico: marketing@easyworks.es<\/p>\n<p><strong>CONDICIONES DE USO<\/strong><\/p>\n<p>I.- Usuarios\/as;<br \/>\nEl acceso a y\/o uso del sitio web de www.servicios.easyworks.es, atribuye a quien lo realiza la condici\u00f3n de usuario\/a, aceptando, desde ese mismo momento, plenamente y sin reservas alguna, las presentes condiciones generales, as\u00ed como las condiciones particulares que, en su caso, complementen, modifiquen o sustituyan las condiciones generales en relaci\u00f3n con determinados servicios y contenidos del sitio web.<br \/>\nII.- Uso del sitio Web, sus servicios y contenidos;<br \/>\nEl\/la usuario\/a se compromete a utilizar el sitio Web y sus servicios y contenidos sin contravenir la legislaci\u00f3n vigente, la buena fe, los usos generalmente aceptados y el orden p\u00fablico. As\u00ed mismo, queda prohibido, el uso del Web con fines il\u00edcitos o lesivos contra Easyworks o cualquier\/a tercero\/a, o que, de cualquier forma, puedan causar perjuicio o impedir el normal funcionamiento del sitio Web.<br \/>\nRespecto de los contenidos (informaciones, textos, gr\u00e1ficos, archivos de sonido y\/o imagen, fotograf\u00edas, dise\u00f1os, etc.), se proh\u00edbe:<\/p>\n<p>&#8211; Su reproducci\u00f3n, distribuci\u00f3n o modificaci\u00f3n, a menos que se cuente con la autorizaci\u00f3n de sus leg\u00edtimos\/as titulares o resulte legalmente permitido.<br \/>\n&#8211; Cualquier vulneraci\u00f3n de los derechos de Easyworks o de sus leg\u00edtimos\/as titulares sobre los mismos.<br \/>\n&#8211; Su utilizaci\u00f3n para todo tipo de fines comerciales o publicitarios, distintos de los estrictamente permitidos.<br \/>\n&#8211; Cualquier intento de obtener los contenidos del sitio Web por cualquier medio distinto de los que se pongan a disposici\u00f3n de los\/las usuarios\/as as\u00ed como de los que habitualmente se empleen en la red, siempre que no causen perjuicio alguno al sitio web.<br \/>\nIII.- Modificaci\u00f3n unilateral;<br \/>\nEasyworks podr\u00e1 modificar unilateralmente y sin previo aviso, siempre que lo considere oportuno, la estructura y dise\u00f1o del sitio web, as\u00ed como modificar o eliminar, los servicios, los\u00a0contenidos y las condiciones de acceso y\/o uso del sitio Web.<br \/>\nIV.- Hiperenlaces;<br \/>\nEl establecimiento de cualquier &#8220;hiperenlace&#8221; entre una p\u00e1gina web y el sitio web de estar\u00e1 sometido a las siguientes condiciones:<br \/>\n&#8211; No se permite la reproducci\u00f3n ni total ni parcial de ninguno de los servicios ni contenidos del sitio web.<br \/>\n&#8211; Salvo consentimiento previo y expreso, la p\u00e1gina web en la que se establezca el hiperenlace no contendr\u00e1 ninguna marca, nombre comercial, r\u00f3tulo de establecimiento, denominaci\u00f3n, logotipo, eslogan u otros signos distintivos pertenecientes al TITULAR<br \/>\n&#8211; Bajo ninguna circunstancia, Easyworks ser\u00e1 responsable de los contenidos o servicios puestos a disposici\u00f3n del p\u00fablico en la p\u00e1gina web desde la que se realice el &#8220;hiperenlace&#8221; ni de las informaciones y manifestaciones incluidas en las mismas.<br \/>\nV. Exclusi\u00f3n de Garant\u00edas y responsabilidad;<br \/>\nEasyworks no otorga ninguna garant\u00eda ni se hace responsable, en ning\u00fan caso, de los da\u00f1os y perjuicios de cualquier naturaleza que pudieran traer causa de:<br \/>\n&#8211; La falta disponibilidad, mantenimiento y efectivo funcionamiento del Web y\/o de sus servicios o contenidos.<br \/>\n&#8211; La falta de utilidad, adecuaci\u00f3n o validez del Web y\/o de sus servicios o contenidos para satisfacer necesidades, actividades o resultados concretos o expectativas de los usuarios.<br \/>\n&#8211; La existencia de virus, programas maliciosos o lesivos en los contenidos.<br \/>\n&#8211; La recepci\u00f3n, obtenci\u00f3n, almacenamiento, difusi\u00f3n o transmisi\u00f3n, por parte de los\/las usuarios\/as, de los contenidos.<br \/>\n&#8211; El uso il\u00edcito, negligente, fraudulento, contrario a las presentes Condiciones Generales, a la buena fe, a los usos generalmente aceptados o al orden p\u00fablico, del sitio Web, sus servicios o contenidos, por parte de los usuarios.<br \/>\n&#8211; La falta de licitud, calidad, fiabilidad, utilidad y disponibilidad de los servicios prestados por terceros\/as y puestos a disposici\u00f3n de los\/las usuarios\/as en el sitio Web.<br \/>\n&#8211; El incumplimiento por parte de terceros de sus obligaciones o compromisos en relaci\u00f3n con los servicios prestados a los usuarios\/as a trav\u00e9s del sitio Web.<br \/>\nVI. Duraci\u00f3n;<br \/>\nLa duraci\u00f3n de la prestaci\u00f3n del servicio del sitio Web y de los servicios es de car\u00e1cter indefinido.<br \/>\nSin perjuicio de lo anterior, Easyworks se reserva el derecho para, interrumpir, suspender o terminar la prestaci\u00f3n del servicio del Web o de cualquiera de los servicios que lo integran, en los mismos t\u00e9rminos que se recogen en la condici\u00f3n tercera.<br \/>\nVII. Legislaci\u00f3n aplicable y Jurisdicci\u00f3n;<br \/>\nLas presentes Condiciones Generales se regir\u00e1n por la legislaci\u00f3n espa\u00f1ola.<br \/>\nEASYWORKS GESTION EMPRESARIAL INTEGRAL DE PRODUCTO, S.L y el usuario\/a, con renuncia expresa a cualquier otro fuero que pudiera corresponderles, se someten a la Jurisdicci\u00f3n de los Juzgados y Tribunales del domicilio del usuario para cuantas cuestiones pudieran suscitarse o acciones ejercitarse derivadas de la prestaci\u00f3n del servicio del Web y de\u00a0sus servicios y contenidos y sobre la interpretaci\u00f3n, aplicaci\u00f3n, cumplimiento o incumplimiento de lo aqu\u00ed establecido.<br \/>\nEn el supuesto de que el Usuario\/a tenga su domicilio fuera de Espa\u00f1a, EASYWORKS GESTION EMPRESARIAL INTEGRAL DE PRODUCTO, S.L y el Usuario\/a, con renuncia expresa a cualquier otro fuero que pudiera corresponderles, se someten a la Jurisdicci\u00f3n de los Juzgados y Tribunales de GONDOMAR.<\/p>\n<p><strong>USO DE COOKIES<\/strong><\/p>\n<p><span style=\"font-weight: 400;\">El sitio web <\/span><span style=\"font-weight: 400;\">www.servicios.easyworks.es<\/span><span style=\"font-weight: 400;\"> puede utilizar cookies cuando un un usuario, como t\u00fa, navega por los sitios y p\u00e1ginas web de Easyworks. Las cookies utilizadas por este sitio web se asocian \u00fanicamente con un USUARIO\/A an\u00f3nimo y su ordenador y no proporcionan en s\u00ed tu nombre ni apellidos. Gracias a las cookies, resulta posible reconocer a los usuarios que ya est\u00e1n registrados en nuestra web, sin que tengan que volver registrarse en cada visita para acceder a las \u00e1reas y servicios reservados exclusivamente a ellos. Las cookies utilizadas no pueden leer datos de tu disco duro ni leer los archivos cookies creados por otros proveedores. Los datos identificativos que nos den son cifrados para mayor seguridad.<\/span><\/p>\n<p><span style=\"font-weight: 400;\">Tienes la posibilidad de configurar tu navegador para ser avisado en pantalla de la recepci\u00f3n de cookies y para impedir su instalaci\u00f3n en tu disco duro. Por favor, consulta las instrucciones y manuales de tu navegador para ampliar informaci\u00f3n. Para utilizar este sitio web de Easyworks no resulta necesario que permitas la instalaci\u00f3n de las cookies enviadas por el sitio web, sin perjuicio de que en tal caso ser\u00e1 necesario que te registres como usuario de cada uno de los servicios cuya prestaci\u00f3n requiera el previo registro, cada vez que entres.<\/span><\/p>\n<p><span style=\"font-weight: 400;\">De igual manera, nuestros servidores web detectan de manera autom\u00e1tica la direcci\u00f3n IP y el nombre de dominio utilizados por ti. Toda esta informaci\u00f3n es registrada en un fichero de actividad del servidor que permite el posterior procesamiento de los datos con el fin de obtener mediciones estad\u00edsticas que nos permitan conocer el n\u00famero de impresiones de p\u00e1ginas, el n\u00famero de visitas realizadas a nuestros servicios web, etc.<\/span><\/p>\n<p><b>Tipo de cookies que utiliza esta p\u00e1gina web<\/b><\/p>\n<p><span style=\"font-weight: 400;\">Cookies t\u00e9cnicas: Te permiten la navegaci\u00f3n a trav\u00e9s de esta p\u00e1gina web y la utilizaci\u00f3n de las diferentes opciones o servicios que en esta existen.<\/span><\/p>\n<p><span style=\"font-weight: 400;\">Cookies de personalizaci\u00f3n: Te permiten acceder al servicio con algunas caracter\u00edsticas de car\u00e1cter general predefinidas en funci\u00f3n de una serie de criterios en el terminal del usuario.<\/span><\/p>\n<p><span style=\"font-weight: 400;\">Cookies de an\u00e1lisis: Te permiten el seguimiento y an\u00e1lisis del comportamiento de los usuarios de los sitios web a los que est\u00e1n vinculadas. La informaci\u00f3n recogida mediante este tipo de cookies se utiliza en la medici\u00f3n de la actividad de los sitios web y para la elaboraci\u00f3n de perfiles de navegaci\u00f3n de los usuarios de dichos sitios, con el fin de introducir mejoras en funci\u00f3n del an\u00e1lisis de los datos de uso que hacen los usuarios del servicio.<\/span><\/p>\n<p><b>Uso y \u00a0acceso a la informaci\u00f3n de las cookies que instalamos<\/b><\/p>\n<p><span style=\"font-weight: 400;\">Easyworks y Google utilizan y tienen acceso a las cookies de este sitio.<\/span><\/p>\n<p><b>\u00bfC\u00f3mo gestionar tus preferencias sobre cookies?<\/b><\/p>\n<p><span style=\"font-weight: 400;\">La mayor\u00eda de los navegadores aceptan la utilizaci\u00f3n de cookies de forma autom\u00e1tica, pero t\u00fa puedes configurar tu navegador para no aceptarlas o para que el navegador te avise cuando un servidor quiera guardar una cookie. Puedes hacerlo consultando:<\/span><\/p>\n<ul>\n<li><a href=\"http:\/\/windows.microsoft.com\/es-es\/internet-explorer\/delete-manage-cookies\"><span style=\"font-weight: 400;\">Internet Explorer<\/span><\/a><\/li>\n<li><a href=\"https:\/\/support.google.com\/chrome\/answer\/95647?hl=es\"><span style=\"font-weight: 400;\">Chrome<\/span><\/a><\/li>\n<li><a href=\"http:\/\/support.mozilla.org\/es\/kb\/habilitar-y-deshabilitar-cookies-que-los-sitios-we\"><span style=\"font-weight: 400;\">Firefox<\/span><\/a><\/li>\n<li><a href=\"http:\/\/support.apple.com\/kb\/HT1677?viewlocale=es_ES\"><span style=\"font-weight: 400;\">Safari, iOS<\/span><\/a><\/li>\n<li><a href=\"http:\/\/www.usa.gov\/optout-instructions.shtml#android\"><span style=\"font-weight: 400;\">Android<\/span><\/a><\/li>\n<li><a href=\"http:\/\/help.blackberry.com\/es\/blackberry-q10\/10.3.1\/help\/mwa1334238823957.html\"><span style=\"font-weight: 400;\">BlackBerry<\/span><\/a><\/li>\n<\/ul>\n<p><strong>BAJA DE COMUNICACIONES COMERCIALES<\/strong><\/p>\n<p>De conformidad con la ley de servicios de la sociedad de la informaci\u00f3n 34\/2002 se garantiza al usuario la posibilidad de dejar de recibir informaci\u00f3n comercial en un plazo m\u00e1ximo de 10 d\u00edas desde que comunique su voluntad mediante correo electr\u00f3nico dirigido a marketing@easyworks.es[\/vc_column_text][\/vc_column][\/vc_row]<\/p>\n<\/div>","protected":false},"excerpt":{"rendered":"<p>[vc_row][vc_column][vc_empty_space height=&#8221;40px&#8221;][vc_column_text]LEY DE SERVICIOS DE LA SOCIEDAD DE LA INFORMACI\u00d3N Y\u00a0COMERCIO ELECTR\u00d3NICO En cumplimiento de lo dispuesto en el art. 10 de la [&hellip;]<\/p>\n","protected":false},"author":3,"featured_media":2664,"parent":0,"menu_order":0,"comment_status":"closed","ping_status":"closed","template":"","meta":{"rs_blank_template":"","rs_page_bg_color":"","slide_template_v7":"","footnotes":""},"class_list":["post-2645","page","type-page","status-publish","has-post-thumbnail","hentry"],"yoast_head":"<!-- This site is optimized with the Yoast SEO plugin v27.5 - https:\/\/yoast.com\/product\/yoast-seo-wordpress\/ -->\n<title>Aviso legal de los servicios de Easyworks<\/title>\n<meta name=\"description\" content=\"Aqu\u00ed encontrar\u00e1s los detalles del aviso legal de la p\u00e1gina web de servicios de Easyworks. Todos los datos relativos a nosotros est\u00e1n aqu\u00ed dispuestos.\" \/>\n<meta name=\"robots\" content=\"index, follow, max-snippet:-1, max-image-preview:large, max-video-preview:-1\" \/>\n<link rel=\"canonical\" href=\"https:\/\/servicios.easyworks.es\/en\/aviso-legal\/\" \/>\n<meta property=\"og:locale\" content=\"en_GB\" \/>\n<meta property=\"og:locale:alternate\" content=\"es_ES\" \/>\n<meta property=\"og:type\" content=\"article\" \/>\n<meta property=\"og:title\" content=\"Aviso legal de los servicios de Easyworks\" \/>\n<meta property=\"og:description\" content=\"Aqu\u00ed encontrar\u00e1s los detalles del aviso legal de la p\u00e1gina web de servicios de Easyworks. Todos los datos relativos a nosotros est\u00e1n aqu\u00ed dispuestos.\" \/>\n<meta property=\"og:url\" content=\"https:\/\/servicios.easyworks.es\/en\/aviso-legal\/\" \/>\n<meta property=\"og:site_name\" content=\"Easyworks\" \/>\n<meta property=\"article:modified_time\" content=\"2019-04-09T14:18:50+00:00\" \/>\n<meta property=\"og:image\" content=\"https:\/\/servicios.easyworks.es\/wp-content\/uploads\/2019\/03\/fondo-oficina.jpg\" \/>\n\t<meta property=\"og:image:width\" content=\"4000\" \/>\n\t<meta property=\"og:image:height\" content=\"2667\" \/>\n\t<meta property=\"og:image:type\" content=\"image\/jpeg\" \/>\n<meta name=\"twitter:card\" content=\"summary_large_image\" \/>\n<meta name=\"twitter:label1\" content=\"Estimated reading time\" \/>\n\t<meta name=\"twitter:data1\" content=\"8 minutes\" \/>\n<script type=\"application\/ld+json\" class=\"yoast-schema-graph\">{\"@context\":\"https:\\\/\\\/schema.org\",\"@graph\":[{\"@type\":\"WebPage\",\"@id\":\"https:\\\/\\\/servicios.easyworks.es\\\/en\\\/aviso-legal\\\/\",\"url\":\"https:\\\/\\\/servicios.easyworks.es\\\/en\\\/aviso-legal\\\/\",\"name\":\"Aviso legal de los servicios de Easyworks\",\"isPartOf\":{\"@id\":\"https:\\\/\\\/servicios.easyworks.es\\\/#website\"},\"primaryImageOfPage\":{\"@id\":\"https:\\\/\\\/servicios.easyworks.es\\\/en\\\/aviso-legal\\\/#primaryimage\"},\"image\":{\"@id\":\"https:\\\/\\\/servicios.easyworks.es\\\/en\\\/aviso-legal\\\/#primaryimage\"},\"thumbnailUrl\":\"https:\\\/\\\/servicios.easyworks.es\\\/wp-content\\\/uploads\\\/2019\\\/03\\\/fondo-oficina.jpg\",\"datePublished\":\"2019-03-06T12:56:58+00:00\",\"dateModified\":\"2019-04-09T14:18:50+00:00\",\"description\":\"Aqu\u00ed encontrar\u00e1s los detalles del aviso legal de la p\u00e1gina web de servicios de Easyworks. Todos los datos relativos a nosotros est\u00e1n aqu\u00ed dispuestos.\",\"breadcrumb\":{\"@id\":\"https:\\\/\\\/servicios.easyworks.es\\\/en\\\/aviso-legal\\\/#breadcrumb\"},\"inLanguage\":\"en-GB\",\"potentialAction\":[{\"@type\":\"ReadAction\",\"target\":[\"https:\\\/\\\/servicios.easyworks.es\\\/en\\\/aviso-legal\\\/\"]}]},{\"@type\":\"ImageObject\",\"inLanguage\":\"en-GB\",\"@id\":\"https:\\\/\\\/servicios.easyworks.es\\\/en\\\/aviso-legal\\\/#primaryimage\",\"url\":\"https:\\\/\\\/servicios.easyworks.es\\\/wp-content\\\/uploads\\\/2019\\\/03\\\/fondo-oficina.jpg\",\"contentUrl\":\"https:\\\/\\\/servicios.easyworks.es\\\/wp-content\\\/uploads\\\/2019\\\/03\\\/fondo-oficina.jpg\",\"width\":4000,\"height\":2667},{\"@type\":\"BreadcrumbList\",\"@id\":\"https:\\\/\\\/servicios.easyworks.es\\\/en\\\/aviso-legal\\\/#breadcrumb\",\"itemListElement\":[{\"@type\":\"ListItem\",\"position\":1,\"name\":\"Portada\",\"item\":\"https:\\\/\\\/servicios.easyworks.es\\\/\"},{\"@type\":\"ListItem\",\"position\":2,\"name\":\"Aviso legal\"}]},{\"@type\":\"WebSite\",\"@id\":\"https:\\\/\\\/servicios.easyworks.es\\\/#website\",\"url\":\"https:\\\/\\\/servicios.easyworks.es\\\/\",\"name\":\"Easyworks\",\"description\":\"Externalizaci\u00f3n de servicios de oficina t\u00e9cnica e ingenier\u00eda.\",\"potentialAction\":[{\"@type\":\"SearchAction\",\"target\":{\"@type\":\"EntryPoint\",\"urlTemplate\":\"https:\\\/\\\/servicios.easyworks.es\\\/?s={search_term_string}\"},\"query-input\":{\"@type\":\"PropertyValueSpecification\",\"valueRequired\":true,\"valueName\":\"search_term_string\"}}],\"inLanguage\":\"en-GB\"}]}<\/script>\n<!-- \/ Yoast SEO plugin. -->","yoast_head_json":{"title":"Aviso legal de los servicios de Easyworks","description":"Aqu\u00ed encontrar\u00e1s los detalles del aviso legal de la p\u00e1gina web de servicios de Easyworks. Todos los datos relativos a nosotros est\u00e1n aqu\u00ed dispuestos.","robots":{"index":"index","follow":"follow","max-snippet":"max-snippet:-1","max-image-preview":"max-image-preview:large","max-video-preview":"max-video-preview:-1"},"canonical":"https:\/\/servicios.easyworks.es\/en\/aviso-legal\/","og_locale":"en_GB","og_type":"article","og_title":"Aviso legal de los servicios de Easyworks","og_description":"Aqu\u00ed encontrar\u00e1s los detalles del aviso legal de la p\u00e1gina web de servicios de Easyworks. Todos los datos relativos a nosotros est\u00e1n aqu\u00ed dispuestos.","og_url":"https:\/\/servicios.easyworks.es\/en\/aviso-legal\/","og_site_name":"Easyworks","article_modified_time":"2019-04-09T14:18:50+00:00","og_image":[{"width":4000,"height":2667,"url":"https:\/\/servicios.easyworks.es\/wp-content\/uploads\/2019\/03\/fondo-oficina.jpg","type":"image\/jpeg"}],"twitter_card":"summary_large_image","twitter_misc":{"Estimated reading time":"8 minutes"},"schema":{"@context":"https:\/\/schema.org","@graph":[{"@type":"WebPage","@id":"https:\/\/servicios.easyworks.es\/en\/aviso-legal\/","url":"https:\/\/servicios.easyworks.es\/en\/aviso-legal\/","name":"Aviso legal de los servicios de Easyworks","isPartOf":{"@id":"https:\/\/servicios.easyworks.es\/#website"},"primaryImageOfPage":{"@id":"https:\/\/servicios.easyworks.es\/en\/aviso-legal\/#primaryimage"},"image":{"@id":"https:\/\/servicios.easyworks.es\/en\/aviso-legal\/#primaryimage"},"thumbnailUrl":"https:\/\/servicios.easyworks.es\/wp-content\/uploads\/2019\/03\/fondo-oficina.jpg","datePublished":"2019-03-06T12:56:58+00:00","dateModified":"2019-04-09T14:18:50+00:00","description":"Aqu\u00ed encontrar\u00e1s los detalles del aviso legal de la p\u00e1gina web de servicios de Easyworks. Todos los datos relativos a nosotros est\u00e1n aqu\u00ed dispuestos.","breadcrumb":{"@id":"https:\/\/servicios.easyworks.es\/en\/aviso-legal\/#breadcrumb"},"inLanguage":"en-GB","potentialAction":[{"@type":"ReadAction","target":["https:\/\/servicios.easyworks.es\/en\/aviso-legal\/"]}]},{"@type":"ImageObject","inLanguage":"en-GB","@id":"https:\/\/servicios.easyworks.es\/en\/aviso-legal\/#primaryimage","url":"https:\/\/servicios.easyworks.es\/wp-content\/uploads\/2019\/03\/fondo-oficina.jpg","contentUrl":"https:\/\/servicios.easyworks.es\/wp-content\/uploads\/2019\/03\/fondo-oficina.jpg","width":4000,"height":2667},{"@type":"BreadcrumbList","@id":"https:\/\/servicios.easyworks.es\/en\/aviso-legal\/#breadcrumb","itemListElement":[{"@type":"ListItem","position":1,"name":"Portada","item":"https:\/\/servicios.easyworks.es\/"},{"@type":"ListItem","position":2,"name":"Aviso legal"}]},{"@type":"WebSite","@id":"https:\/\/servicios.easyworks.es\/#website","url":"https:\/\/servicios.easyworks.es\/","name":"Easyworks","description":"Externalizaci\u00f3n de servicios de oficina t\u00e9cnica e ingenier\u00eda.","potentialAction":[{"@type":"SearchAction","target":{"@type":"EntryPoint","urlTemplate":"https:\/\/servicios.easyworks.es\/?s={search_term_string}"},"query-input":{"@type":"PropertyValueSpecification","valueRequired":true,"valueName":"search_term_string"}}],"inLanguage":"en-GB"}]}},"_links":{"self":[{"href":"https:\/\/servicios.easyworks.es\/en\/wp-json\/wp\/v2\/pages\/2645","targetHints":{"allow":["GET"]}}],"collection":[{"href":"https:\/\/servicios.easyworks.es\/en\/wp-json\/wp\/v2\/pages"}],"about":[{"href":"https:\/\/servicios.easyworks.es\/en\/wp-json\/wp\/v2\/types\/page"}],"author":[{"embeddable":true,"href":"https:\/\/servicios.easyworks.es\/en\/wp-json\/wp\/v2\/users\/3"}],"replies":[{"embeddable":true,"href":"https:\/\/servicios.easyworks.es\/en\/wp-json\/wp\/v2\/comments?post=2645"}],"version-history":[{"count":8,"href":"https:\/\/servicios.easyworks.es\/en\/wp-json\/wp\/v2\/pages\/2645\/revisions"}],"predecessor-version":[{"id":2667,"href":"https:\/\/servicios.easyworks.es\/en\/wp-json\/wp\/v2\/pages\/2645\/revisions\/2667"}],"wp:featuredmedia":[{"embeddable":true,"href":"https:\/\/servicios.easyworks.es\/en\/wp-json\/wp\/v2\/media\/2664"}],"wp:attachment":[{"href":"https:\/\/servicios.easyworks.es\/en\/wp-json\/wp\/v2\/media?parent=2645"}],"curies":[{"name":"wp","href":"https:\/\/api.w.org\/{rel}","templated":true}]}}