{"id":2607,"date":"2019-03-05T16:38:47","date_gmt":"2019-03-05T15:38:47","guid":{"rendered":"https:\/\/servicios.easyworks.es\/?page_id=2607"},"modified":"2024-07-31T11:00:42","modified_gmt":"2024-07-31T09:00:42","slug":"contacto","status":"publish","type":"page","link":"https:\/\/servicios.easyworks.es\/en\/contacto\/","title":{"rendered":"Contact"},"content":{"rendered":"<div class=\"wpb-content-wrapper\"><p>[vc_row][vc_column width=&#8221;1\/3&#8243;][vc_custom_heading text=&#8221;\u00bfShall we talk?&#8221; font_container=&#8221;tag:h2|font_size:25px|text_align:left|color:%23000000&#8243; google_fonts=&#8221;font_family:Andada%3Aregular|font_style:400%20regular%3A400%3Anormal&#8221;][vc_raw_html]V2UlMjBhcmUlMjBhJTIwcGFzc2lvbmF0ZSUyMHRlYW0lMjBmb3IlMjB3aGF0JTIwd2UlMjBkby4lMjBXZSUyMHdhbnQlMjB0byUyMGtub3clMjB5b3VyJTIwcGFzc2lvbnMlMjB0b28uJTBBV3JpdGUlMjB1cw==[\/vc_raw_html]<div class=\"key-icon-box icon-default icon-left   \" style=\"background-color: none;\" ><div class=\"tt-iconbox-customimg img_small_size\"><img loading=\"lazy\" decoding=\"async\" width=\"200\" height=\"200\" src=\"https:\/\/servicios.easyworks.es\/wp-content\/uploads\/2022\/02\/Uxia.png\" class=\"attachment-full\" alt=\"\" title=\"Uxia\" srcset=\"https:\/\/servicios.easyworks.es\/wp-content\/uploads\/2022\/02\/Uxia.png 200w, https:\/\/servicios.easyworks.es\/wp-content\/uploads\/2022\/02\/Uxia-150x150.png 150w\" sizes=\"auto, (max-width: 200px) 100vw, 200px\" \/><\/div><h4 class=\"service-heading\" >Sales Department<\/h4><div ><\/p>\n<p style=\"text-align: left;\"><a href=\"mailto:comercial@easyworks.es\">comercial@easyworks.es<\/a><br \/>\n<a href=\"tel:0034637901097\">(+34) 637 90 10 97<\/a><\/p>\n<p><\/div><\/div>[vc_empty_space]<div class=\"key-icon-box icon-default icon-left   \" style=\"background-color: none;\" ><div class=\"tt-iconbox-customimg img_small_size\"><img loading=\"lazy\" decoding=\"async\" width=\"600\" height=\"700\" src=\"https:\/\/servicios.easyworks.es\/wp-content\/uploads\/2019\/04\/Fernando-min.png\" class=\"attachment-full\" alt=\"\" title=\"Fernando\" srcset=\"https:\/\/servicios.easyworks.es\/wp-content\/uploads\/2019\/04\/Fernando-min.png 600w, https:\/\/servicios.easyworks.es\/wp-content\/uploads\/2019\/04\/Fernando-min-257x300.png 257w\" sizes=\"auto, (max-width: 600px) 100vw, 600px\" \/><\/div><h4 class=\"service-heading\" >Head of Technical Department<\/h4><div >Contact Fernando, head of the technical department for your doubts about the projects.<\/p>\n<p style=\"text-align: left;\"><a href=\"mailto:fsuarez@easyworks.es\">fsuarez@easyworks.es<\/a><br \/>\n<a href=\"tel:0034629729187\">(+34) 629 729 187<\/a><\/p>\n<p><\/div><\/div>[\/vc_column][vc_column width=&#8221;2\/3&#8243;]\n<div class=\"wpcf7 no-js\" id=\"wpcf7-f2537-o1\" lang=\"en-US\" dir=\"ltr\" data-wpcf7-id=\"2537\">\n<div class=\"screen-reader-response\"><p role=\"status\" aria-live=\"polite\" aria-atomic=\"true\"><\/p> <ul><\/ul><\/div>\n<form action=\"\/en\/wp-json\/wp\/v2\/pages\/2607#wpcf7-f2537-o1\" method=\"post\" class=\"wpcf7-form init\" aria-label=\"Contact form\" novalidate=\"novalidate\" data-status=\"init\">\n<fieldset class=\"hidden-fields-container\"><input type=\"hidden\" name=\"_wpcf7\" value=\"2537\" \/><input type=\"hidden\" name=\"_wpcf7_version\" value=\"6.1.5\" \/><input type=\"hidden\" name=\"_wpcf7_locale\" value=\"en_US\" \/><input type=\"hidden\" name=\"_wpcf7_unit_tag\" value=\"wpcf7-f2537-o1\" \/><input type=\"hidden\" name=\"_wpcf7_container_post\" value=\"0\" \/><input type=\"hidden\" name=\"_wpcf7_posted_data_hash\" value=\"\" \/><input type=\"hidden\" name=\"lang\" value=\"en\" \/><input type=\"hidden\" name=\"_wpcf7_recaptcha_response\" value=\"\" \/>\n<\/fieldset>\n<p class=\"label\">Name and Surname\n<\/p>\n<p><span class=\"wpcf7-form-control-wrap\" data-name=\"text-607\"><input size=\"40\" maxlength=\"400\" class=\"wpcf7-form-control wpcf7-text wpcf7-validates-as-required\" aria-required=\"true\" aria-invalid=\"false\" value=\"\" type=\"text\" name=\"text-607\" \/><\/span>\n<\/p>\n<p class=\"label\">Your email\n<\/p>\n<p><span class=\"wpcf7-form-control-wrap\" data-name=\"your-email\"><input size=\"40\" maxlength=\"400\" class=\"wpcf7-form-control wpcf7-email wpcf7-validates-as-required wpcf7-text wpcf7-validates-as-email\" aria-required=\"true\" aria-invalid=\"false\" value=\"\" type=\"email\" name=\"your-email\" \/><\/span>\n<\/p>\n<p class=\"label\">Your Phone\n<\/p>\n<p><span class=\"wpcf7-form-control-wrap\" data-name=\"tel-764\"><input size=\"40\" maxlength=\"400\" class=\"wpcf7-form-control wpcf7-tel wpcf7-validates-as-required wpcf7-text wpcf7-validates-as-tel\" aria-required=\"true\" aria-invalid=\"false\" value=\"\" type=\"tel\" name=\"tel-764\" \/><\/span>\n<\/p>\n<p class=\"label\">Tell us about your project\n<\/p>\n<p><span class=\"wpcf7-form-control-wrap\" data-name=\"textarea-453\"><textarea cols=\"40\" rows=\"10\" maxlength=\"2000\" class=\"wpcf7-form-control wpcf7-textarea wpcf7-validates-as-required\" aria-required=\"true\" aria-invalid=\"false\" name=\"textarea-453\"><\/textarea><\/span>\n<\/p>\n<p class=\"label\"><span class=\"wpcf7-form-control-wrap\" data-name=\"acceptance-350\"><span class=\"wpcf7-form-control wpcf7-acceptance\"><span class=\"wpcf7-list-item\"><label><input type=\"checkbox\" name=\"acceptance-350\" value=\"1\" aria-invalid=\"false\" \/><span class=\"wpcf7-list-item-label\">I accept the <a href=\"https:\/\/servicios.easyworks.es\/politica-privacidad\/\">privacy policy<\/a><\/p><\/span><\/label><\/span><\/span><\/span>\n<\/p>\n<p><input class=\"wpcf7-form-control wpcf7-submit has-spinner\" type=\"submit\" value=\"Submit\" \/>\n<\/p><div class=\"wpcf7-response-output\" aria-hidden=\"true\"><\/div>\n<\/form>\n<\/div>\n[\/vc_column][\/vc_row][vc_row][vc_column][vc_empty_space height=&#8221;52px&#8221;][vc_separator][vc_empty_space height=&#8221;52px&#8221;][vc_row_inner][vc_column_inner width=&#8221;1\/6&#8243;][\/vc_column_inner][vc_column_inner width=&#8221;2\/6&#8243;]<div class=\"key-icon-box icon-default icon-left   \" style=\"background-color: none;\" ><i class=\"iconsmind-Hello fa\" style=\"font-size: 60px; \"><\/i> <h4 class=\"service-heading\" >Come and say hi:<\/h4><\/div>[\/vc_column_inner][vc_column_inner width=&#8221;2\/6&#8243;][vc_column_text]Avenida Elduayen, 16 bajo<br \/>\n36380 Gondomar<br \/>\nPontevedra, Espa\u00f1a[\/vc_column_text][\/vc_column_inner][vc_column_inner width=&#8221;1\/6&#8243;][\/vc_column_inner][\/vc_row_inner][\/vc_column][\/vc_row][vc_row][vc_column][vc_empty_space][vc_gmaps link=&#8221;#E-8_JTNDaWZyYW1lJTIwc3JjJTNEJTIyaHR0cHMlM0ElMkYlMkZ3d3cuZ29vZ2xlLmNvbSUyRm1hcHMlMkZlbWJlZCUzRnBiJTNEJTIxMW0xOCUyMTFtMTIlMjExbTMlMjExZDczOS45NTAzMjc4ODE5ODIzJTIxMmQtOC43NjM2NzQyMzQ1NTI4MDYlMjEzZDQyLjExMTcyNTkxOTMxNTkyJTIxMm0zJTIxMWYwJTIxMmYwJTIxM2YwJTIxM20yJTIxMWkxMDI0JTIxMmk3NjglMjE0ZjEzLjElMjEzbTMlMjExbTIlMjExczB4ZDI1OGMzYmExNDk1NmE1JTI1M0EweDFkMWM3YzM5Yzk5MWFjODglMjEyc0Vhc3l3b3JrcyUyMTVlMCUyMTNtMiUyMTFzZXMlMjEyc2VzJTIxNHYxNTI3MjM2ODYwMjMxJTIyJTIwd2lkdGglM0QlMjIxMDAlMjUlMjIlMjBoZWlnaHQlM0QlMjI0MTAlMjIlMjBmcmFtZWJvcmRlciUzRCUyMjAlMjIlMjBzdHlsZSUzRCUyMmJvcmRlciUzQTAlMjIlMjBhbGxvd2Z1bGxzY3JlZW4lM0UlM0MlMkZpZnJhbWUlM0U=&#8221; css_animation=&#8221;fadeInDown&#8221;][\/vc_column][\/vc_row]<\/p>\n<\/div>","protected":false},"excerpt":{"rendered":"<p>[vc_row][vc_column width=&#8221;1\/3&#8243;][vc_custom_heading text=&#8221;\u00bfShall we talk?&#8221; font_container=&#8221;tag:h2|font_size:25px|text_align:left|color:%23000000&#8243; google_fonts=&#8221;font_family:Andada%3Aregular|font_style:400%20regular%3A400%3Anormal&#8221;][vc_raw_html]V2UlMjBhcmUlMjBhJTIwcGFzc2lvbmF0ZSUyMHRlYW0lMjBmb3IlMjB3aGF0JTIwd2UlMjBkby4lMjBXZSUyMHdhbnQlMjB0byUyMGtub3clMjB5b3VyJTIwcGFzc2lvbnMlMjB0b28uJTBBV3JpdGUlMjB1cw==[\/vc_raw_html][vc_empty_space][\/vc_column][vc_column width=&#8221;2\/3&#8243;][\/vc_column][\/vc_row][vc_row][vc_column][vc_empty_space height=&#8221;52px&#8221;][vc_separator][vc_empty_space height=&#8221;52px&#8221;][vc_row_inner][vc_column_inner width=&#8221;1\/6&#8243;][\/vc_column_inner][vc_column_inner width=&#8221;2\/6&#8243;][\/vc_column_inner][vc_column_inner width=&#8221;2\/6&#8243;][vc_column_text]Avenida Elduayen, 16 bajo 36380 Gondomar Pontevedra, Espa\u00f1a[\/vc_column_text][\/vc_column_inner][vc_column_inner width=&#8221;1\/6&#8243;][\/vc_column_inner][\/vc_row_inner][\/vc_column][\/vc_row][vc_row][vc_column][vc_empty_space][vc_gmaps link=&#8221;#E-8_JTNDaWZyYW1lJTIwc3JjJTNEJTIyaHR0cHMlM0ElMkYlMkZ3d3cuZ29vZ2xlLmNvbSUyRm1hcHMlMkZlbWJlZCUzRnBiJTNEJTIxMW0xOCUyMTFtMTIlMjExbTMlMjExZDczOS45NTAzMjc4ODE5ODIzJTIxMmQtOC43NjM2NzQyMzQ1NTI4MDYlMjEzZDQyLjExMTcyNTkxOTMxNTkyJTIxMm0zJTIxMWYwJTIxMmYwJTIxM2YwJTIxM20yJTIxMWkxMDI0JTIxMmk3NjglMjE0ZjEzLjElMjEzbTMlMjExbTIlMjExczB4ZDI1OGMzYmExNDk1NmE1JTI1M0EweDFkMWM3YzM5Yzk5MWFjODglMjEyc0Vhc3l3b3JrcyUyMTVlMCUyMTNtMiUyMTFzZXMlMjEyc2VzJTIxNHYxNTI3MjM2ODYwMjMxJTIyJTIwd2lkdGglM0QlMjIxMDAlMjUlMjIlMjBoZWlnaHQlM0QlMjI0MTAlMjIlMjBmcmFtZWJvcmRlciUzRCUyMjAlMjIlMjBzdHlsZSUzRCUyMmJvcmRlciUzQTAlMjIlMjBhbGxvd2Z1bGxzY3JlZW4lM0UlM0MlMkZpZnJhbWUlM0U=&#8221; css_animation=&#8221;fadeInDown&#8221;][\/vc_column][\/vc_row]<\/p>\n","protected":false},"author":3,"featured_media":0,"parent":0,"menu_order":0,"comment_status":"closed","ping_status":"closed","template":"","meta":{"footnotes":""},"class_list":["post-2607","page","type-page","status-publish","hentry"],"yoast_head":"<!-- This site is optimized with the Yoast SEO plugin v27.3 - https:\/\/yoast.com\/product\/yoast-seo-wordpress\/ -->\n<title>Contact<\/title>\n<meta name=\"description\" content=\"Si buscas una empresa de ingenier\u00eda y oficina t\u00e9cnica en Galicia, contacta con nosotros y te contamos los distintos servicios que podemos ofrecerte\" \/>\n<meta name=\"robots\" content=\"index, follow, max-snippet:-1, max-image-preview:large, max-video-preview:-1\" \/>\n<link rel=\"canonical\" href=\"https:\/\/servicios.easyworks.es\/en\/contacto\/\" \/>\n<meta property=\"og:locale\" content=\"en_GB\" \/>\n<meta property=\"og:locale:alternate\" content=\"es_ES\" \/>\n<meta property=\"og:type\" content=\"article\" \/>\n<meta property=\"og:title\" content=\"Contact\" \/>\n<meta property=\"og:description\" content=\"Si buscas una empresa de ingenier\u00eda y oficina t\u00e9cnica en Galicia, contacta con nosotros y te contamos los distintos servicios que podemos ofrecerte\" \/>\n<meta property=\"og:url\" content=\"https:\/\/servicios.easyworks.es\/en\/contacto\/\" \/>\n<meta property=\"og:site_name\" content=\"Easyworks\" \/>\n<meta property=\"article:modified_time\" content=\"2024-07-31T09:00:42+00:00\" \/>\n<meta name=\"twitter:card\" content=\"summary_large_image\" \/>\n<meta name=\"twitter:label1\" content=\"Estimated reading time\" \/>\n\t<meta name=\"twitter:data1\" content=\"1 minute\" \/>\n<script type=\"application\/ld+json\" class=\"yoast-schema-graph\">{\"@context\":\"https:\\\/\\\/schema.org\",\"@graph\":[{\"@type\":\"WebPage\",\"@id\":\"https:\\\/\\\/servicios.easyworks.es\\\/contacto\\\/\",\"url\":\"https:\\\/\\\/servicios.easyworks.es\\\/contacto\\\/\",\"name\":\"Contact\",\"isPartOf\":{\"@id\":\"https:\\\/\\\/servicios.easyworks.es\\\/#website\"},\"datePublished\":\"2019-03-05T15:38:47+00:00\",\"dateModified\":\"2024-07-31T09:00:42+00:00\",\"description\":\"Si buscas una empresa de ingenier\u00eda y oficina t\u00e9cnica en Galicia, contacta con nosotros y te contamos los distintos servicios que podemos ofrecerte\",\"breadcrumb\":{\"@id\":\"https:\\\/\\\/servicios.easyworks.es\\\/contacto\\\/#breadcrumb\"},\"inLanguage\":\"en-GB\",\"potentialAction\":[{\"@type\":\"ReadAction\",\"target\":[\"https:\\\/\\\/servicios.easyworks.es\\\/contacto\\\/\"]}]},{\"@type\":\"BreadcrumbList\",\"@id\":\"https:\\\/\\\/servicios.easyworks.es\\\/contacto\\\/#breadcrumb\",\"itemListElement\":[{\"@type\":\"ListItem\",\"position\":1,\"name\":\"Portada\",\"item\":\"https:\\\/\\\/servicios.easyworks.es\\\/\"},{\"@type\":\"ListItem\",\"position\":2,\"name\":\"Contacto\"}]},{\"@type\":\"WebSite\",\"@id\":\"https:\\\/\\\/servicios.easyworks.es\\\/#website\",\"url\":\"https:\\\/\\\/servicios.easyworks.es\\\/\",\"name\":\"Easyworks\",\"description\":\"Externalizaci\u00f3n de servicios de oficina t\u00e9cnica e ingenier\u00eda.\",\"potentialAction\":[{\"@type\":\"SearchAction\",\"target\":{\"@type\":\"EntryPoint\",\"urlTemplate\":\"https:\\\/\\\/servicios.easyworks.es\\\/?s={search_term_string}\"},\"query-input\":{\"@type\":\"PropertyValueSpecification\",\"valueRequired\":true,\"valueName\":\"search_term_string\"}}],\"inLanguage\":\"en-GB\"}]}<\/script>\n<!-- \/ Yoast SEO plugin. -->","yoast_head_json":{"title":"Contact","description":"Si buscas una empresa de ingenier\u00eda y oficina t\u00e9cnica en Galicia, contacta con nosotros y te contamos los distintos servicios que podemos ofrecerte","robots":{"index":"index","follow":"follow","max-snippet":"max-snippet:-1","max-image-preview":"max-image-preview:large","max-video-preview":"max-video-preview:-1"},"canonical":"https:\/\/servicios.easyworks.es\/en\/contacto\/","og_locale":"en_GB","og_type":"article","og_title":"[:en]Contact[:es]Contacto[:] - Easyworks","og_description":"Si buscas una empresa de ingenier\u00eda y oficina t\u00e9cnica en Galicia, contacta con nosotros y te contamos los distintos servicios que podemos ofrecerte","og_url":"https:\/\/servicios.easyworks.es\/en\/contacto\/","og_site_name":"Easyworks","article_modified_time":"2024-07-31T09:00:42+00:00","twitter_card":"summary_large_image","twitter_misc":{"Estimated reading time":"1 minute"},"schema":{"@context":"https:\/\/schema.org","@graph":[{"@type":"WebPage","@id":"https:\/\/servicios.easyworks.es\/contacto\/","url":"https:\/\/servicios.easyworks.es\/contacto\/","name":"Contact","isPartOf":{"@id":"https:\/\/servicios.easyworks.es\/#website"},"datePublished":"2019-03-05T15:38:47+00:00","dateModified":"2024-07-31T09:00:42+00:00","description":"Si buscas una empresa de ingenier\u00eda y oficina t\u00e9cnica en Galicia, contacta con nosotros y te contamos los distintos servicios que podemos ofrecerte","breadcrumb":{"@id":"https:\/\/servicios.easyworks.es\/contacto\/#breadcrumb"},"inLanguage":"en-GB","potentialAction":[{"@type":"ReadAction","target":["https:\/\/servicios.easyworks.es\/contacto\/"]}]},{"@type":"BreadcrumbList","@id":"https:\/\/servicios.easyworks.es\/contacto\/#breadcrumb","itemListElement":[{"@type":"ListItem","position":1,"name":"Portada","item":"https:\/\/servicios.easyworks.es\/"},{"@type":"ListItem","position":2,"name":"Contacto"}]},{"@type":"WebSite","@id":"https:\/\/servicios.easyworks.es\/#website","url":"https:\/\/servicios.easyworks.es\/","name":"Easyworks","description":"Externalizaci\u00f3n de servicios de oficina t\u00e9cnica e ingenier\u00eda.","potentialAction":[{"@type":"SearchAction","target":{"@type":"EntryPoint","urlTemplate":"https:\/\/servicios.easyworks.es\/?s={search_term_string}"},"query-input":{"@type":"PropertyValueSpecification","valueRequired":true,"valueName":"search_term_string"}}],"inLanguage":"en-GB"}]}},"_links":{"self":[{"href":"https:\/\/servicios.easyworks.es\/en\/wp-json\/wp\/v2\/pages\/2607","targetHints":{"allow":["GET"]}}],"collection":[{"href":"https:\/\/servicios.easyworks.es\/en\/wp-json\/wp\/v2\/pages"}],"about":[{"href":"https:\/\/servicios.easyworks.es\/en\/wp-json\/wp\/v2\/types\/page"}],"author":[{"embeddable":true,"href":"https:\/\/servicios.easyworks.es\/en\/wp-json\/wp\/v2\/users\/3"}],"replies":[{"embeddable":true,"href":"https:\/\/servicios.easyworks.es\/en\/wp-json\/wp\/v2\/comments?post=2607"}],"version-history":[{"count":61,"href":"https:\/\/servicios.easyworks.es\/en\/wp-json\/wp\/v2\/pages\/2607\/revisions"}],"predecessor-version":[{"id":5327,"href":"https:\/\/servicios.easyworks.es\/en\/wp-json\/wp\/v2\/pages\/2607\/revisions\/5327"}],"wp:attachment":[{"href":"https:\/\/servicios.easyworks.es\/en\/wp-json\/wp\/v2\/media?parent=2607"}],"curies":[{"name":"wp","href":"https:\/\/api.w.org\/{rel}","templated":true}]}}