{"id":2521,"date":"2017-02-08T18:38:36","date_gmt":"2017-02-08T18:38:36","guid":{"rendered":"http:\/\/keydesign-themes.com\/intact\/creative-agency\/?page_id=8"},"modified":"2025-03-24T12:14:00","modified_gmt":"2025-03-24T11:14:00","slug":"ingenieria","status":"publish","type":"page","link":"https:\/\/servicios.easyworks.es\/en\/home\/ingenieria\/","title":{"rendered":"Engineering"},"content":{"rendered":"<div class=\"wpb-content-wrapper\"><p>[vc_row][vc_column][rev_slider_vc alias=&#8221;english-slider&#8221;][vc_empty_space height=&#8221;60px&#8221;][vc_custom_heading text=&#8221;Trust a specialized and expert team.&#8221; use_theme_fonts=&#8221;yes&#8221;][vc_empty_space height=&#8221;25px&#8221;][vc_separator color=&#8221;custom&#8221; align=&#8221;align_left&#8221; border_width=&#8221;2&#8243; el_width=&#8221;10&#8243;][vc_custom_heading text=&#8221;A multidisciplinary team that accompanies you in your engineering projects, that knows which tools to use in each process and that bets on your project as much as you do.&#8221; font_container=&#8221;tag:p|font_size:16|text_align:left|color:%23565656&#8243; use_theme_fonts=&#8221;yes&#8221;][vc_custom_heading text=&#8221;We are a consulting and engineering company based in Galicia but we work for the whole world.&#8221; font_container=&#8221;tag:p|font_size:16|text_align:left|color:%23565656&#8243; use_theme_fonts=&#8221;yes&#8221;][vc_custom_heading text=&#8221;Understanding your requirements, goals and the scope of your work is important to us. We listen and work together to create a unique experience and fulfill all your goals.&#8221; font_container=&#8221;tag:p|font_size:16|text_align:left|color:%23565656&#8243; use_theme_fonts=&#8221;yes&#8221;][vc_empty_space height=&#8221;50px&#8221;][\/vc_column][vc_column width=&#8221;1\/4&#8243;]<div class=\"key-icon-box icon-default icon-top cont-left kd-animated fadeInUp \" style=\"background-color: none;\" data-animation-delay=200><i class=\"iconsmind-Books-2 fa\" style=\"font-size: 60px; \"><\/i> <h4 class=\"service-heading\" >Consultancy<\/h4><div style=\"color: #565656;\"><\/p>\n<p style=\"text-align: justify;\">At Easyworks, we carry out <strong>Product Development Consultancy<\/strong>.<br \/>\nWe work with companies that have their own product and we help them in the phases of <strong>Design, Validation, Standardization<\/strong> and <strong>Simulation<\/strong>, Technical or Commercial <strong>Documentation<\/strong>, <strong>Rendering, Data Management<\/strong> and Support in Work <strong>Methodologies<\/strong>.<br \/>\nWe recommend tools to use, train you on how to use them and we also automate repetitive tasks.<\/p>\n<p><\/div><p class=\"ib-link\"><a href=\"https:\/\/servicios.easyworks.es\/consultoria\/\" target=\"_self\" title=\"\"><\/a><\/p><\/div>[vc_empty_space height=&#8221;5px&#8221;]<a style=\"width:30pxpx\" href=\"https:\/\/servicios.easyworks.es\/en\/consultoria\/\"  target=\"_self\"  title=\"\" class=\"tt_button tt_secondary_button  pull-left  \" ><span class=\"prim_text\">Show Details<\/span><\/a>[\/vc_column][vc_column width=&#8221;1\/4&#8243;]<div class=\"key-icon-box icon-default icon-top cont-left kd-animated fadeInUp \" style=\"background-color: none;\" ><i class=\"iconsmind-Engineering fa\" style=\"font-size: 60px; \"><\/i> <h4 class=\"service-heading\" >Engineering Services<\/h4><div style=\"color: #565656;\"><\/p>\n<p style=\"text-align: justify;\">We manage complete projects or as a part of your team in the matter of <strong>detail engineering and manufacturing. <\/strong>We design the model and drawings of complex geometries in civil works, such as bridges or viaducts, as well as <strong>detail and assembly drawings, sectional views, bill of materiales, parts, exploded view drawings<\/strong>, etc.<\/p>\n<p style=\"text-align: justify;\">We have also worked in the design of industrial equipment, metal structures and machinery. We work from our office or we move to yours.<\/p>\n<p><\/div><\/div>[vc_empty_space]<a style=\"width:30pxpx\" href=\"https:\/\/servicios.easyworks.es\/en\/ingenieria-de-detalle\/\"  target=\"_self\"  title=\"\" class=\"tt_button tt_secondary_button  pull-left  \" ><span class=\"prim_text\">Show Details<\/span><\/a>[\/vc_column][vc_column width=&#8221;1\/4&#8243;]<div class=\"key-icon-box icon-default icon-top cont-left kd-animated fadeInUp \" style=\"background-color: none;\" data-animation-delay=200><i class=\"iconsmind-Affiliate fa\" style=\"font-size: 60px; \"><\/i> <h4 class=\"service-heading\" >Outsourcing<\/h4><div style=\"color: #565656;\"><\/p>\n<p style=\"text-align: justify;\">From our outsourcing services we carry out all kinds of projects for different sectors and with differents work methods. We adapt to meet your particular needs!<\/p>\n<p style=\"text-align: justify;\">Some of the services we offer are: <strong>3D mechanical design, structural calculation, FEM simulation, parameterization and standardization<\/strong> of machinery, design of <strong>isometric drawings<\/strong> of pipe network, naval outfitting services, documentation and furniture renderings.<\/p>\n<p><\/div><\/div>[vc_empty_space]<a style=\"width:30pxpx\" href=\"https:\/\/servicios.easyworks.es\/en\/outsourcing-ingenieria\/\"  target=\"_self\"  title=\"\" class=\"tt_button tt_secondary_button  pull-left  \" ><span class=\"prim_text\">Show Details<\/span><\/a>[\/vc_column][vc_column width=&#8221;1\/4&#8243;]<div class=\"key-icon-box icon-default icon-top cont-left kd-animated fadeInUp \" style=\"background-color: none;\" ><i class=\"iconsmind-Box-withFolders fa\" style=\"font-size: 60px; \"><\/i> <h4 class=\"service-heading\" >Technical Communication<\/h4><div style=\"color: #565656;\"><\/p>\n<p style=\"text-align: justify;\">Turn your 3D CAD data into stunning <strong>technical communication<\/strong> of your project or product.<\/p>\n<p style=\"text-align: justify;\">We create digital <strong>user&#8217;s guide and assembly manuals, data sheets, CE certificate, maintenance manuals<\/strong>, commercial and marketing documentation such as infographics, <strong>renderings<\/strong>, videos or <strong>high-quality graphics<\/strong> for your website. No need to hire a photographer or build a physical prototype.<\/p>\n<p><\/div><\/div>[vc_empty_space]<a style=\"width:30pxpx\" href=\"https:\/\/servicios.easyworks.es\/en\/documentacion\/\"  target=\"_self\"  title=\"\" class=\"tt_button tt_secondary_button  pull-left  \" ><span class=\"prim_text\">Show Details<\/span><\/a>[\/vc_column][\/vc_row]<\/p>\n<\/div>","protected":false},"excerpt":{"rendered":"<p>[vc_row][vc_column][rev_slider_vc alias=&#8221;english-slider&#8221;][vc_empty_space height=&#8221;60px&#8221;][vc_custom_heading text=&#8221;Trust a specialized and expert team.&#8221; use_theme_fonts=&#8221;yes&#8221;][vc_empty_space height=&#8221;25px&#8221;][vc_separator color=&#8221;custom&#8221; align=&#8221;align_left&#8221; border_width=&#8221;2&#8243; el_width=&#8221;10&#8243;][vc_custom_heading text=&#8221;A multidisciplinary team that accompanies you in your [&hellip;]<\/p>\n","protected":false},"author":1,"featured_media":0,"parent":2520,"menu_order":2,"comment_status":"closed","ping_status":"closed","template":"","meta":{"footnotes":""},"class_list":["post-2521","page","type-page","status-publish","hentry"],"yoast_head":"<!-- This site is optimized with the Yoast SEO plugin v27.3 - https:\/\/yoast.com\/product\/yoast-seo-wordpress\/ -->\n<title>Engineering<\/title>\n<meta name=\"robots\" content=\"index, follow, max-snippet:-1, max-image-preview:large, max-video-preview:-1\" \/>\n<link rel=\"canonical\" href=\"https:\/\/servicios.easyworks.es\/en\/home\/ingenieria\/\" \/>\n<meta property=\"og:locale\" content=\"en_GB\" \/>\n<meta property=\"og:locale:alternate\" content=\"es_ES\" \/>\n<meta property=\"og:type\" content=\"article\" \/>\n<meta property=\"og:title\" content=\"Engineering\" \/>\n<meta property=\"og:description\" content=\"[vc_row][vc_column][rev_slider_vc alias=&#8221;english-slider&#8221;][vc_empty_space height=&#8221;60px&#8221;][vc_custom_heading text=&#8221;Trust a specialized and expert team.&#8221; use_theme_fonts=&#8221;yes&#8221;][vc_empty_space height=&#8221;25px&#8221;][vc_separator color=&#8221;custom&#8221; align=&#8221;align_left&#8221; border_width=&#8221;2&#8243; el_width=&#8221;10&#8243;][vc_custom_heading text=&#8221;A multidisciplinary team that accompanies you in your [&hellip;]\" \/>\n<meta property=\"og:url\" content=\"https:\/\/servicios.easyworks.es\/en\/home\/ingenieria\/\" \/>\n<meta property=\"og:site_name\" content=\"Easyworks\" \/>\n<meta property=\"article:modified_time\" content=\"2025-03-24T11:14:00+00:00\" \/>\n<meta name=\"twitter:card\" content=\"summary_large_image\" \/>\n<meta name=\"twitter:label1\" content=\"Estimated reading time\" \/>\n\t<meta name=\"twitter:data1\" content=\"3 minutes\" \/>\n<script type=\"application\/ld+json\" class=\"yoast-schema-graph\">{\"@context\":\"https:\\\/\\\/schema.org\",\"@graph\":[{\"@type\":\"WebPage\",\"@id\":\"https:\\\/\\\/servicios.easyworks.es\\\/home\\\/ingenieria\\\/\",\"url\":\"https:\\\/\\\/servicios.easyworks.es\\\/home\\\/ingenieria\\\/\",\"name\":\"Engineering\",\"isPartOf\":{\"@id\":\"https:\\\/\\\/servicios.easyworks.es\\\/#website\"},\"datePublished\":\"2017-02-08T18:38:36+00:00\",\"dateModified\":\"2025-03-24T11:14:00+00:00\",\"breadcrumb\":{\"@id\":\"https:\\\/\\\/servicios.easyworks.es\\\/home\\\/ingenieria\\\/#breadcrumb\"},\"inLanguage\":\"en-GB\",\"potentialAction\":[{\"@type\":\"ReadAction\",\"target\":[\"https:\\\/\\\/servicios.easyworks.es\\\/home\\\/ingenieria\\\/\"]}]},{\"@type\":\"BreadcrumbList\",\"@id\":\"https:\\\/\\\/servicios.easyworks.es\\\/home\\\/ingenieria\\\/#breadcrumb\",\"itemListElement\":[{\"@type\":\"ListItem\",\"position\":1,\"name\":\"Portada\",\"item\":\"https:\\\/\\\/servicios.easyworks.es\\\/\"},{\"@type\":\"ListItem\",\"position\":2,\"name\":\"Servicios de ingenier\u00eda t\u00e9cnica\",\"item\":\"https:\\\/\\\/servicios.easyworks.es\\\/\"},{\"@type\":\"ListItem\",\"position\":3,\"name\":\"Ingenier\u00eda\"}]},{\"@type\":\"WebSite\",\"@id\":\"https:\\\/\\\/servicios.easyworks.es\\\/#website\",\"url\":\"https:\\\/\\\/servicios.easyworks.es\\\/\",\"name\":\"Easyworks\",\"description\":\"Externalizaci\u00f3n de servicios de oficina t\u00e9cnica e ingenier\u00eda.\",\"potentialAction\":[{\"@type\":\"SearchAction\",\"target\":{\"@type\":\"EntryPoint\",\"urlTemplate\":\"https:\\\/\\\/servicios.easyworks.es\\\/?s={search_term_string}\"},\"query-input\":{\"@type\":\"PropertyValueSpecification\",\"valueRequired\":true,\"valueName\":\"search_term_string\"}}],\"inLanguage\":\"en-GB\"}]}<\/script>\n<!-- \/ Yoast SEO plugin. -->","yoast_head_json":{"title":"Engineering","robots":{"index":"index","follow":"follow","max-snippet":"max-snippet:-1","max-image-preview":"max-image-preview:large","max-video-preview":"max-video-preview:-1"},"canonical":"https:\/\/servicios.easyworks.es\/en\/home\/ingenieria\/","og_locale":"en_GB","og_type":"article","og_title":"[:en]Engineering[:es]Ingenier\u00eda[:] - Easyworks","og_description":"[vc_row][vc_column][rev_slider_vc alias=&#8221;english-slider&#8221;][vc_empty_space height=&#8221;60px&#8221;][vc_custom_heading text=&#8221;Trust a specialized and expert team.&#8221; use_theme_fonts=&#8221;yes&#8221;][vc_empty_space height=&#8221;25px&#8221;][vc_separator color=&#8221;custom&#8221; align=&#8221;align_left&#8221; border_width=&#8221;2&#8243; el_width=&#8221;10&#8243;][vc_custom_heading text=&#8221;A multidisciplinary team that accompanies you in your [&hellip;]","og_url":"https:\/\/servicios.easyworks.es\/en\/home\/ingenieria\/","og_site_name":"Easyworks","article_modified_time":"2025-03-24T11:14:00+00:00","twitter_card":"summary_large_image","twitter_misc":{"Estimated reading time":"3 minutes"},"schema":{"@context":"https:\/\/schema.org","@graph":[{"@type":"WebPage","@id":"https:\/\/servicios.easyworks.es\/home\/ingenieria\/","url":"https:\/\/servicios.easyworks.es\/home\/ingenieria\/","name":"Engineering","isPartOf":{"@id":"https:\/\/servicios.easyworks.es\/#website"},"datePublished":"2017-02-08T18:38:36+00:00","dateModified":"2025-03-24T11:14:00+00:00","breadcrumb":{"@id":"https:\/\/servicios.easyworks.es\/home\/ingenieria\/#breadcrumb"},"inLanguage":"en-GB","potentialAction":[{"@type":"ReadAction","target":["https:\/\/servicios.easyworks.es\/home\/ingenieria\/"]}]},{"@type":"BreadcrumbList","@id":"https:\/\/servicios.easyworks.es\/home\/ingenieria\/#breadcrumb","itemListElement":[{"@type":"ListItem","position":1,"name":"Portada","item":"https:\/\/servicios.easyworks.es\/"},{"@type":"ListItem","position":2,"name":"Servicios de ingenier\u00eda t\u00e9cnica","item":"https:\/\/servicios.easyworks.es\/"},{"@type":"ListItem","position":3,"name":"Ingenier\u00eda"}]},{"@type":"WebSite","@id":"https:\/\/servicios.easyworks.es\/#website","url":"https:\/\/servicios.easyworks.es\/","name":"Easyworks","description":"Externalizaci\u00f3n de servicios de oficina t\u00e9cnica e ingenier\u00eda.","potentialAction":[{"@type":"SearchAction","target":{"@type":"EntryPoint","urlTemplate":"https:\/\/servicios.easyworks.es\/?s={search_term_string}"},"query-input":{"@type":"PropertyValueSpecification","valueRequired":true,"valueName":"search_term_string"}}],"inLanguage":"en-GB"}]}},"_links":{"self":[{"href":"https:\/\/servicios.easyworks.es\/en\/wp-json\/wp\/v2\/pages\/2521","targetHints":{"allow":["GET"]}}],"collection":[{"href":"https:\/\/servicios.easyworks.es\/en\/wp-json\/wp\/v2\/pages"}],"about":[{"href":"https:\/\/servicios.easyworks.es\/en\/wp-json\/wp\/v2\/types\/page"}],"author":[{"embeddable":true,"href":"https:\/\/servicios.easyworks.es\/en\/wp-json\/wp\/v2\/users\/1"}],"replies":[{"embeddable":true,"href":"https:\/\/servicios.easyworks.es\/en\/wp-json\/wp\/v2\/comments?post=2521"}],"version-history":[{"count":130,"href":"https:\/\/servicios.easyworks.es\/en\/wp-json\/wp\/v2\/pages\/2521\/revisions"}],"predecessor-version":[{"id":5596,"href":"https:\/\/servicios.easyworks.es\/en\/wp-json\/wp\/v2\/pages\/2521\/revisions\/5596"}],"up":[{"embeddable":true,"href":"https:\/\/servicios.easyworks.es\/en\/wp-json\/wp\/v2\/pages\/2520"}],"wp:attachment":[{"href":"https:\/\/servicios.easyworks.es\/en\/wp-json\/wp\/v2\/media?parent=2521"}],"curies":[{"name":"wp","href":"https:\/\/api.w.org\/{rel}","templated":true}]}}