{"id":2520,"date":"2017-02-08T18:38:04","date_gmt":"2017-02-08T18:38:04","guid":{"rendered":"http:\/\/keydesign-themes.com\/intact\/creative-agency\/?page_id=2"},"modified":"2021-07-20T16:04:35","modified_gmt":"2021-07-20T14:04:35","slug":"home","status":"publish","type":"page","link":"https:\/\/servicios.easyworks.es\/en\/","title":{"rendered":"Technical Engineering Services"},"content":{"rendered":"<div class=\"wpb-content-wrapper\"><p>[vc_row][vc_column][rev_slider_vc alias=&#8221;creative-agency-slider&#8221;][\/vc_column][\/vc_row]<\/p>\n<\/div>","protected":false},"excerpt":{"rendered":"<p>[vc_row][vc_column][rev_slider_vc alias=&#8221;creative-agency-slider&#8221;][\/vc_column][\/vc_row]<\/p>\n","protected":false},"author":1,"featured_media":2948,"parent":0,"menu_order":0,"comment_status":"closed","ping_status":"closed","template":"","meta":{"rs_blank_template":"","rs_page_bg_color":"","slide_template_v7":"","footnotes":""},"class_list":["post-2520","page","type-page","status-publish","has-post-thumbnail","hentry"],"yoast_head":"<!-- This site is optimized with the Yoast SEO plugin v27.5 - https:\/\/yoast.com\/product\/yoast-seo-wordpress\/ -->\n<title>Servicios de ingenier\u00eda t\u00e9cnica en Galicia - Easyworks<\/title>\n<meta name=\"description\" content=\"Esta es la web de servicios de Easyworks. Conoce lo que podemos ofrecerte en ingenier\u00eda de detalle, oficina t\u00e9cnica, outsourcing y documentaci\u00f3n t\u00e9cnica\" \/>\n<meta name=\"robots\" content=\"index, follow, max-snippet:-1, max-image-preview:large, max-video-preview:-1\" \/>\n<link rel=\"canonical\" href=\"https:\/\/servicios.easyworks.es\/en\/\" \/>\n<meta property=\"og:locale\" content=\"en_GB\" \/>\n<meta property=\"og:locale:alternate\" content=\"es_ES\" \/>\n<meta property=\"og:type\" content=\"article\" \/>\n<meta property=\"og:title\" content=\"Servicios de ingenier\u00eda t\u00e9cnica en Galicia - Easyworks\" \/>\n<meta property=\"og:description\" content=\"Esta es la web de servicios de Easyworks. Conoce lo que podemos ofrecerte en ingenier\u00eda de detalle, oficina t\u00e9cnica, outsourcing y documentaci\u00f3n t\u00e9cnica\" \/>\n<meta property=\"og:url\" content=\"https:\/\/servicios.easyworks.es\/en\/\" \/>\n<meta property=\"og:site_name\" content=\"Easyworks\" \/>\n<meta property=\"article:modified_time\" content=\"2021-07-20T14:04:35+00:00\" \/>\n<meta property=\"og:image\" content=\"https:\/\/servicios.easyworks.es\/wp-content\/uploads\/2019\/03\/desarrollo-de-productos-iconos-min.png\" \/>\n\t<meta property=\"og:image:width\" content=\"600\" \/>\n\t<meta property=\"og:image:height\" content=\"300\" \/>\n\t<meta property=\"og:image:type\" content=\"image\/png\" \/>\n<meta name=\"twitter:card\" content=\"summary_large_image\" \/>\n<script type=\"application\/ld+json\" class=\"yoast-schema-graph\">{\"@context\":\"https:\\\/\\\/schema.org\",\"@graph\":[{\"@type\":\"WebPage\",\"@id\":\"https:\\\/\\\/servicios.easyworks.es\\\/\",\"url\":\"https:\\\/\\\/servicios.easyworks.es\\\/\",\"name\":\"Servicios de ingenier\u00eda t\u00e9cnica en Galicia - Easyworks\",\"isPartOf\":{\"@id\":\"https:\\\/\\\/servicios.easyworks.es\\\/#website\"},\"primaryImageOfPage\":{\"@id\":\"https:\\\/\\\/servicios.easyworks.es\\\/#primaryimage\"},\"image\":{\"@id\":\"https:\\\/\\\/servicios.easyworks.es\\\/#primaryimage\"},\"thumbnailUrl\":\"https:\\\/\\\/servicios.easyworks.es\\\/wp-content\\\/uploads\\\/2019\\\/03\\\/desarrollo-de-productos-iconos-min.png\",\"datePublished\":\"2017-02-08T18:38:04+00:00\",\"dateModified\":\"2021-07-20T14:04:35+00:00\",\"description\":\"Esta es la web de servicios de Easyworks. Conoce lo que podemos ofrecerte en ingenier\u00eda de detalle, oficina t\u00e9cnica, outsourcing y documentaci\u00f3n t\u00e9cnica\",\"breadcrumb\":{\"@id\":\"https:\\\/\\\/servicios.easyworks.es\\\/#breadcrumb\"},\"inLanguage\":\"en-GB\",\"potentialAction\":[{\"@type\":\"ReadAction\",\"target\":[\"https:\\\/\\\/servicios.easyworks.es\\\/\"]}]},{\"@type\":\"ImageObject\",\"inLanguage\":\"en-GB\",\"@id\":\"https:\\\/\\\/servicios.easyworks.es\\\/#primaryimage\",\"url\":\"https:\\\/\\\/servicios.easyworks.es\\\/wp-content\\\/uploads\\\/2019\\\/03\\\/desarrollo-de-productos-iconos-min.png\",\"contentUrl\":\"https:\\\/\\\/servicios.easyworks.es\\\/wp-content\\\/uploads\\\/2019\\\/03\\\/desarrollo-de-productos-iconos-min.png\",\"width\":600,\"height\":300,\"caption\":\"servicios de ingenier\u00eda Vigo\"},{\"@type\":\"BreadcrumbList\",\"@id\":\"https:\\\/\\\/servicios.easyworks.es\\\/#breadcrumb\",\"itemListElement\":[{\"@type\":\"ListItem\",\"position\":1,\"name\":\"Portada\",\"item\":\"https:\\\/\\\/servicios.easyworks.es\\\/\"},{\"@type\":\"ListItem\",\"position\":2,\"name\":\"Servicios de ingenier\u00eda t\u00e9cnica\"}]},{\"@type\":\"WebSite\",\"@id\":\"https:\\\/\\\/servicios.easyworks.es\\\/#website\",\"url\":\"https:\\\/\\\/servicios.easyworks.es\\\/\",\"name\":\"Easyworks\",\"description\":\"Externalizaci\u00f3n de servicios de oficina t\u00e9cnica e ingenier\u00eda.\",\"potentialAction\":[{\"@type\":\"SearchAction\",\"target\":{\"@type\":\"EntryPoint\",\"urlTemplate\":\"https:\\\/\\\/servicios.easyworks.es\\\/?s={search_term_string}\"},\"query-input\":{\"@type\":\"PropertyValueSpecification\",\"valueRequired\":true,\"valueName\":\"search_term_string\"}}],\"inLanguage\":\"en-GB\"}]}<\/script>\n<!-- \/ Yoast SEO plugin. -->","yoast_head_json":{"title":"Servicios de ingenier\u00eda t\u00e9cnica en Galicia - Easyworks","description":"Esta es la web de servicios de Easyworks. Conoce lo que podemos ofrecerte en ingenier\u00eda de detalle, oficina t\u00e9cnica, outsourcing y documentaci\u00f3n t\u00e9cnica","robots":{"index":"index","follow":"follow","max-snippet":"max-snippet:-1","max-image-preview":"max-image-preview:large","max-video-preview":"max-video-preview:-1"},"canonical":"https:\/\/servicios.easyworks.es\/en\/","og_locale":"en_GB","og_type":"article","og_title":"Servicios de ingenier\u00eda t\u00e9cnica en Galicia - Easyworks","og_description":"Esta es la web de servicios de Easyworks. Conoce lo que podemos ofrecerte en ingenier\u00eda de detalle, oficina t\u00e9cnica, outsourcing y documentaci\u00f3n t\u00e9cnica","og_url":"https:\/\/servicios.easyworks.es\/en\/","og_site_name":"Easyworks","article_modified_time":"2021-07-20T14:04:35+00:00","og_image":[{"width":600,"height":300,"url":"https:\/\/servicios.easyworks.es\/wp-content\/uploads\/2019\/03\/desarrollo-de-productos-iconos-min.png","type":"image\/png"}],"twitter_card":"summary_large_image","schema":{"@context":"https:\/\/schema.org","@graph":[{"@type":"WebPage","@id":"https:\/\/servicios.easyworks.es\/","url":"https:\/\/servicios.easyworks.es\/","name":"Servicios de ingenier\u00eda t\u00e9cnica en Galicia - Easyworks","isPartOf":{"@id":"https:\/\/servicios.easyworks.es\/#website"},"primaryImageOfPage":{"@id":"https:\/\/servicios.easyworks.es\/#primaryimage"},"image":{"@id":"https:\/\/servicios.easyworks.es\/#primaryimage"},"thumbnailUrl":"https:\/\/servicios.easyworks.es\/wp-content\/uploads\/2019\/03\/desarrollo-de-productos-iconos-min.png","datePublished":"2017-02-08T18:38:04+00:00","dateModified":"2021-07-20T14:04:35+00:00","description":"Esta es la web de servicios de Easyworks. Conoce lo que podemos ofrecerte en ingenier\u00eda de detalle, oficina t\u00e9cnica, outsourcing y documentaci\u00f3n t\u00e9cnica","breadcrumb":{"@id":"https:\/\/servicios.easyworks.es\/#breadcrumb"},"inLanguage":"en-GB","potentialAction":[{"@type":"ReadAction","target":["https:\/\/servicios.easyworks.es\/"]}]},{"@type":"ImageObject","inLanguage":"en-GB","@id":"https:\/\/servicios.easyworks.es\/#primaryimage","url":"https:\/\/servicios.easyworks.es\/wp-content\/uploads\/2019\/03\/desarrollo-de-productos-iconos-min.png","contentUrl":"https:\/\/servicios.easyworks.es\/wp-content\/uploads\/2019\/03\/desarrollo-de-productos-iconos-min.png","width":600,"height":300,"caption":"servicios de ingenier\u00eda Vigo"},{"@type":"BreadcrumbList","@id":"https:\/\/servicios.easyworks.es\/#breadcrumb","itemListElement":[{"@type":"ListItem","position":1,"name":"Portada","item":"https:\/\/servicios.easyworks.es\/"},{"@type":"ListItem","position":2,"name":"Servicios de ingenier\u00eda t\u00e9cnica"}]},{"@type":"WebSite","@id":"https:\/\/servicios.easyworks.es\/#website","url":"https:\/\/servicios.easyworks.es\/","name":"Easyworks","description":"Externalizaci\u00f3n de servicios de oficina t\u00e9cnica e ingenier\u00eda.","potentialAction":[{"@type":"SearchAction","target":{"@type":"EntryPoint","urlTemplate":"https:\/\/servicios.easyworks.es\/?s={search_term_string}"},"query-input":{"@type":"PropertyValueSpecification","valueRequired":true,"valueName":"search_term_string"}}],"inLanguage":"en-GB"}]}},"_links":{"self":[{"href":"https:\/\/servicios.easyworks.es\/en\/wp-json\/wp\/v2\/pages\/2520","targetHints":{"allow":["GET"]}}],"collection":[{"href":"https:\/\/servicios.easyworks.es\/en\/wp-json\/wp\/v2\/pages"}],"about":[{"href":"https:\/\/servicios.easyworks.es\/en\/wp-json\/wp\/v2\/types\/page"}],"author":[{"embeddable":true,"href":"https:\/\/servicios.easyworks.es\/en\/wp-json\/wp\/v2\/users\/1"}],"replies":[{"embeddable":true,"href":"https:\/\/servicios.easyworks.es\/en\/wp-json\/wp\/v2\/comments?post=2520"}],"version-history":[{"count":9,"href":"https:\/\/servicios.easyworks.es\/en\/wp-json\/wp\/v2\/pages\/2520\/revisions"}],"predecessor-version":[{"id":4033,"href":"https:\/\/servicios.easyworks.es\/en\/wp-json\/wp\/v2\/pages\/2520\/revisions\/4033"}],"wp:featuredmedia":[{"embeddable":true,"href":"https:\/\/servicios.easyworks.es\/en\/wp-json\/wp\/v2\/media\/2948"}],"wp:attachment":[{"href":"https:\/\/servicios.easyworks.es\/en\/wp-json\/wp\/v2\/media?parent=2520"}],"curies":[{"name":"wp","href":"https:\/\/api.w.org\/{rel}","templated":true}]}}