{"id":10,"date":"2017-02-08T18:38:50","date_gmt":"2017-02-08T17:38:50","guid":{"rendered":"http:\/\/keydesign-themes.com\/intact\/creative-agency\/?page_id=10"},"modified":"2025-03-18T13:13:45","modified_gmt":"2025-03-18T12:13:45","slug":"casos-exito","status":"publish","type":"page","link":"https:\/\/servicios.easyworks.es\/en\/home\/casos-exito\/","title":{"rendered":"Cases of study"},"content":{"rendered":"<div class=\"wpb-content-wrapper\"><p>[vc_row][vc_column][vc_custom_heading text=&#8221;Success stories&#8221; font_container=&#8221;tag:h2|font_size:30px|text_align:center&#8221; use_theme_fonts=&#8221;yes&#8221;][vc_separator color=&#8221;blue&#8221; el_width=&#8221;10&#8243;][vc_custom_heading text=&#8221;Get to know us better through our clients and projects&#8221; font_container=&#8221;tag:p|font_size:20px|text_align:center&#8221; use_theme_fonts=&#8221;yes&#8221;][vc_empty_space][\/vc_column][\/vc_row][vc_row][vc_column width=&#8221;1\/3&#8243;]<div class=\"kd-photobox shine-effect  \" ><a href=\"https:\/\/servicios.easyworks.es\/en\/vasco-gallega-de-caldereria-s-l-u\/\"  title=\"\"><div class=\"photobox-img\"><img loading=\"lazy\" decoding=\"async\" width=\"848\" height=\"460\" src=\"https:\/\/servicios.easyworks.es\/wp-content\/uploads\/2021\/07\/vascogall.png\" class=\"attachment-full\" alt=\"\" title=\"vascogall\" srcset=\"https:\/\/servicios.easyworks.es\/wp-content\/uploads\/2021\/07\/vascogall.png 848w, https:\/\/servicios.easyworks.es\/wp-content\/uploads\/2021\/07\/vascogall-300x163.png 300w, https:\/\/servicios.easyworks.es\/wp-content\/uploads\/2021\/07\/vascogall-768x417.png 768w\" sizes=\"auto, (max-width: 848px) 100vw, 848px\" \/><\/div><div class=\"phb-content text-center\" style=\"background-color: #ffffff;\">\n                  <h4 >Vasco Gallega de Calderer\u00eda, S.L.U.<\/h4>\n                  <p >Challenge: Reverse engineering, 3D modeling, exploded view and manufacturing drawings of the rudder for the ship Sider Colombia.<\/p><\/div><\/a><\/div>[\/vc_column][vc_column width=&#8221;1\/3&#8243;]<div class=\"kd-photobox shine-effect  \" ><a href=\"https:\/\/servicios.easyworks.es\/en\/menaga\/\"  title=\"\"><div class=\"photobox-img\"><img loading=\"lazy\" decoding=\"async\" width=\"848\" height=\"460\" src=\"https:\/\/servicios.easyworks.es\/wp-content\/uploads\/2020\/04\/Tobera-caso-de-exito-menaga.gif\" class=\"attachment-full\" alt=\"caso de \u00e9xito menaga\" title=\"Tobera-caso-de-exito-menaga\" \/><\/div><div class=\"phb-content text-center\" style=\"background-color: #ffffff;\">\n                  <h4 >Menaga, S.L.<\/h4>\n                  <p >Challenge: Modeling and delineation of naval propulsion equipment, such as 19A, 37 and HR nozzles, rudders, hydraulic turbines, propeller straightening tables or shipyard block delineation, etc.<\/p><\/div><\/a><\/div>[\/vc_column][vc_column width=&#8221;1\/3&#8243;]<div class=\"kd-photobox shine-effect  \" ><a href=\"https:\/\/servicios.easyworks.es\/ansi-s-l\/\"  title=\"\"><div class=\"photobox-img\"><img loading=\"lazy\" decoding=\"async\" width=\"801\" height=\"424\" src=\"https:\/\/servicios.easyworks.es\/wp-content\/uploads\/2019\/08\/ansi_tekla_2.png\" class=\"attachment-full\" alt=\"\" title=\"ansi_tekla_2\" srcset=\"https:\/\/servicios.easyworks.es\/wp-content\/uploads\/2019\/08\/ansi_tekla_2.png 801w, https:\/\/servicios.easyworks.es\/wp-content\/uploads\/2019\/08\/ansi_tekla_2-300x159.png 300w, https:\/\/servicios.easyworks.es\/wp-content\/uploads\/2019\/08\/ansi_tekla_2-768x407.png 768w\" sizes=\"auto, (max-width: 801px) 100vw, 801px\" \/><\/div><div class=\"phb-content text-center\" style=\"background-color: #ffffff;\">\n                  <h4 >ANSI, S.L.<\/h4>\n                  <p >Challenge: Create a set of walkways and stairs, with their corresponding rails that give access to an installation of evaporators and concentrator for maintenance tasks.<\/p><\/div><\/a><\/div>[\/vc_column][\/vc_row][vc_row][vc_column][vc_empty_space][\/vc_column][\/vc_row][vc_row][vc_column width=&#8221;1\/3&#8243;]<div class=\"kd-photobox shine-effect  \" ><a href=\"https:\/\/servicios.easyworks.es\/faustino-carceller-s-l\/\"  title=\"\"><div class=\"photobox-img\"><img loading=\"lazy\" decoding=\"async\" width=\"700\" height=\"432\" src=\"https:\/\/servicios.easyworks.es\/wp-content\/uploads\/2019\/04\/Ruteado-de-tuber\u00edas.jpg\" class=\"attachment-full\" alt=\"routing en el naval\" title=\"Ruteado de tuber\u00edas\" srcset=\"https:\/\/servicios.easyworks.es\/wp-content\/uploads\/2019\/04\/Ruteado-de-tuber\u00edas.jpg 700w, https:\/\/servicios.easyworks.es\/wp-content\/uploads\/2019\/04\/Ruteado-de-tuber\u00edas-300x185.jpg 300w\" sizes=\"auto, (max-width: 700px) 100vw, 700px\" \/><\/div><div class=\"phb-content text-center\" style=\"background-color: #ffffff;\">\n                  <h4 >FAUSTINO CARCELLER, S.L.<\/h4>\n                  <p >Challenge: Design of the pipelines network and isometric plans of the different facilities of the ship.<\/p><\/div><\/a><\/div>[\/vc_column][vc_column width=&#8221;1\/3&#8243;]<div class=\"kd-photobox shine-effect  \" ><a href=\"https:\/\/servicios.easyworks.es\/gaictech\/\"  title=\"\"><div class=\"photobox-img\"><img loading=\"lazy\" decoding=\"async\" width=\"700\" height=\"400\" src=\"https:\/\/servicios.easyworks.es\/wp-content\/uploads\/2019\/04\/Gaictech-render-1.jpg\" class=\"attachment-full\" alt=\"renderizado de maquinaria e instalaci\u00f3n\" title=\"Gaictech render\" srcset=\"https:\/\/servicios.easyworks.es\/wp-content\/uploads\/2019\/04\/Gaictech-render-1.jpg 700w, https:\/\/servicios.easyworks.es\/wp-content\/uploads\/2019\/04\/Gaictech-render-1-300x171.jpg 300w\" sizes=\"auto, (max-width: 700px) 100vw, 700px\" \/><\/div><div class=\"phb-content text-center\" style=\"background-color: #ffffff;\">\n                  <h4 >GAICTECH<\/h4>\n                  <p >Challenge: Improve the work process and implementation of new tools to reduce costs and design deadlines.<\/p><\/div><\/a><\/div>[\/vc_column][vc_column width=&#8221;1\/3&#8243;]<div class=\"kd-photobox shine-effect  \" ><a href=\"https:\/\/servicios.easyworks.es\/gri\/\"  title=\"\"><div class=\"photobox-img\"><img loading=\"lazy\" decoding=\"async\" width=\"535\" height=\"290\" src=\"https:\/\/servicios.easyworks.es\/wp-content\/uploads\/2019\/04\/Gri_driveworks-min.png\" class=\"attachment-full\" alt=\"ingenier\u00eda y automatizaci\u00f3n\" title=\"Gri_driveworks-min\" srcset=\"https:\/\/servicios.easyworks.es\/wp-content\/uploads\/2019\/04\/Gri_driveworks-min.png 535w, https:\/\/servicios.easyworks.es\/wp-content\/uploads\/2019\/04\/Gri_driveworks-min-300x163.png 300w\" sizes=\"auto, (max-width: 535px) 100vw, 535px\" \/><\/div><div class=\"phb-content text-center\" style=\"background-color: #ffffff;\">\n                  <h4 >Gri Renewable Industries<\/h4>\n                  <p >Challenge: Reduce the generation time of the model and the manufacturing plans of the wind towers.<\/p><\/div><\/a><\/div>[\/vc_column][\/vc_row][vc_row][vc_column][vc_empty_space][\/vc_column][\/vc_row][vc_row][vc_column width=&#8221;1\/3&#8243;]<div class=\"kd-photobox shine-effect  \" ><a href=\"https:\/\/servicios.easyworks.es\/ampliacion-puente-rande\/\"  title=\"\"><div class=\"photobox-img\"><img loading=\"lazy\" decoding=\"async\" width=\"372\" height=\"220\" src=\"https:\/\/servicios.easyworks.es\/wp-content\/uploads\/2019\/04\/Puente-de-Rande-render.png\" class=\"attachment-full\" alt=\"renderizados de alta calidad\" title=\"Puente de Rande render\" srcset=\"https:\/\/servicios.easyworks.es\/wp-content\/uploads\/2019\/04\/Puente-de-Rande-render.png 372w, https:\/\/servicios.easyworks.es\/wp-content\/uploads\/2019\/04\/Puente-de-Rande-render-300x177.png 300w\" sizes=\"auto, (max-width: 372px) 100vw, 372px\" \/><\/div><div class=\"phb-content text-center\" style=\"background-color: #ffffff;\">\n                  <h4 >Puente de Rande<\/h4>\n                  <p >Challenge: Carry out the modeling and delineation of the voussoirs of the extension of the Rande Bridge in relation to the metallic board of the two additional lanes.<\/p><\/div><\/a><\/div>[\/vc_column][vc_column width=&#8221;1\/3&#8243;]<div class=\"kd-photobox shine-effect  \" ><a href=\"https:\/\/servicios.easyworks.es\/nauteka\/\"  title=\"\"><div class=\"photobox-img\"><img loading=\"lazy\" decoding=\"async\" width=\"890\" height=\"444\" src=\"https:\/\/servicios.easyworks.es\/wp-content\/uploads\/2019\/04\/Nauteka-planos-de-inicio-min.png\" class=\"attachment-full\" alt=\"planos de ingenier\u00eda t\u00e9cnica\" title=\"Nauteka planos de inicio-min\" srcset=\"https:\/\/servicios.easyworks.es\/wp-content\/uploads\/2019\/04\/Nauteka-planos-de-inicio-min.png 890w, https:\/\/servicios.easyworks.es\/wp-content\/uploads\/2019\/04\/Nauteka-planos-de-inicio-min-300x150.png 300w, https:\/\/servicios.easyworks.es\/wp-content\/uploads\/2019\/04\/Nauteka-planos-de-inicio-min-768x383.png 768w\" sizes=\"auto, (max-width: 890px) 100vw, 890px\" \/><\/div><div class=\"phb-content text-center\" style=\"background-color: #ffffff;\">\n                  <h4 >Nauteka<\/h4>\n                  <p >Challenge: Carry out the modeling and delineation of the furniture of the different rooms for the habilitation of two ships.<\/p><\/div><\/a><\/div>[\/vc_column][vc_column width=&#8221;1\/3&#8243;]<div class=\"kd-photobox shine-effect  \" ><a href=\"https:\/\/servicios.easyworks.es\/esypro\/\"  title=\"\"><div class=\"photobox-img\"><img loading=\"lazy\" decoding=\"async\" width=\"1920\" height=\"988\" src=\"https:\/\/servicios.easyworks.es\/wp-content\/uploads\/2019\/03\/WEB-EE_14.jpg\" class=\"attachment-full\" alt=\"productos esypro Galicia\" title=\"renderizado esypro\" srcset=\"https:\/\/servicios.easyworks.es\/wp-content\/uploads\/2019\/03\/WEB-EE_14.jpg 1920w, https:\/\/servicios.easyworks.es\/wp-content\/uploads\/2019\/03\/WEB-EE_14-300x154.jpg 300w, https:\/\/servicios.easyworks.es\/wp-content\/uploads\/2019\/03\/WEB-EE_14-768x395.jpg 768w, https:\/\/servicios.easyworks.es\/wp-content\/uploads\/2019\/03\/WEB-EE_14-1024x527.jpg 1024w\" sizes=\"auto, (max-width: 1920px) 100vw, 1920px\" \/><\/div><div class=\"phb-content text-center\" style=\"background-color: #ffffff;\">\n                  <h4 >ESYPRO<\/h4>\n                  <p >Challenge: Find a work methodology that helps minimize design errors and improve the work process.<\/p><\/div><\/a><\/div>[\/vc_column][\/vc_row][vc_row][vc_column][vc_empty_space][\/vc_column][\/vc_row][vc_row][vc_column width=&#8221;1\/3&#8243;]<div class=\"kd-photobox shine-effect  \" ><a href=\"https:\/\/servicios.easyworks.es\/proyecto-amodino\/\"  title=\"\"><div class=\"photobox-img\"><img loading=\"lazy\" decoding=\"async\" width=\"345\" height=\"210\" src=\"https:\/\/servicios.easyworks.es\/wp-content\/uploads\/2019\/04\/amodi\u00f1o-min.png\" class=\"attachment-full\" alt=\"\" title=\"Proyecto Amodi\u00f1o Easyworks\" srcset=\"https:\/\/servicios.easyworks.es\/wp-content\/uploads\/2019\/04\/amodi\u00f1o-min.png 345w, https:\/\/servicios.easyworks.es\/wp-content\/uploads\/2019\/04\/amodi\u00f1o-min-300x183.png 300w\" sizes=\"auto, (max-width: 345px) 100vw, 345px\" \/><\/div><div class=\"phb-content text-center\" style=\"background-color: #ffffff;\">\n                  <h4 >Proyecto Amodi\u00f1o<\/h4>\n                  <p >Challenge: Redesign and manufacture of large metallic components by digital manufacturing, due to the need of many companies to manufacture or repair these components.<\/p><\/div><\/a><\/div>[\/vc_column][vc_column width=&#8221;1\/3&#8243;][\/vc_column][vc_column width=&#8221;1\/3&#8243;][\/vc_column][\/vc_row]<\/p>\n<\/div>","protected":false},"excerpt":{"rendered":"<p>[vc_row][vc_column][vc_custom_heading text=&#8221;Success stories&#8221; font_container=&#8221;tag:h2|font_size:30px|text_align:center&#8221; use_theme_fonts=&#8221;yes&#8221;][vc_separator color=&#8221;blue&#8221; el_width=&#8221;10&#8243;][vc_custom_heading text=&#8221;Get to know us better through our clients and projects&#8221; font_container=&#8221;tag:p|font_size:20px|text_align:center&#8221; use_theme_fonts=&#8221;yes&#8221;][vc_empty_space][\/vc_column][\/vc_row][vc_row][vc_column width=&#8221;1\/3&#8243;][\/vc_column][vc_column width=&#8221;1\/3&#8243;][\/vc_column][vc_column width=&#8221;1\/3&#8243;][\/vc_column][\/vc_row][vc_row][vc_column][vc_empty_space][\/vc_column][\/vc_row][vc_row][vc_column width=&#8221;1\/3&#8243;][\/vc_column][vc_column [&hellip;]<\/p>\n","protected":false},"author":1,"featured_media":5594,"parent":2520,"menu_order":5,"comment_status":"closed","ping_status":"closed","template":"","meta":{"rs_blank_template":"","rs_page_bg_color":"","slide_template_v7":"","footnotes":""},"class_list":["post-10","page","type-page","status-publish","has-post-thumbnail","hentry"],"yoast_head":"<!-- This site is optimized with the Yoast SEO plugin v27.5 - https:\/\/yoast.com\/product\/yoast-seo-wordpress\/ -->\n<title>Cases of study<\/title>\n<meta name=\"robots\" content=\"index, follow, max-snippet:-1, max-image-preview:large, max-video-preview:-1\" \/>\n<link rel=\"canonical\" href=\"https:\/\/servicios.easyworks.es\/en\/home\/casos-exito\/\" \/>\n<meta property=\"og:locale\" content=\"en_GB\" \/>\n<meta property=\"og:locale:alternate\" content=\"es_ES\" \/>\n<meta property=\"og:type\" content=\"article\" \/>\n<meta property=\"og:title\" content=\"Cases of study\" \/>\n<meta property=\"og:description\" content=\"[vc_row][vc_column][vc_custom_heading text=&#8221;Success stories&#8221; font_container=&#8221;tag:h2|font_size:30px|text_align:center&#8221; use_theme_fonts=&#8221;yes&#8221;][vc_separator color=&#8221;blue&#8221; el_width=&#8221;10&#8243;][vc_custom_heading text=&#8221;Get to know us better through our clients and projects&#8221; font_container=&#8221;tag:p|font_size:20px|text_align:center&#8221; use_theme_fonts=&#8221;yes&#8221;][vc_empty_space][\/vc_column][\/vc_row][vc_row][vc_column width=&#8221;1\/3&#8243;][\/vc_column][vc_column width=&#8221;1\/3&#8243;][\/vc_column][vc_column width=&#8221;1\/3&#8243;][\/vc_column][\/vc_row][vc_row][vc_column][vc_empty_space][\/vc_column][\/vc_row][vc_row][vc_column width=&#8221;1\/3&#8243;][\/vc_column][vc_column [&hellip;]\" \/>\n<meta property=\"og:url\" content=\"https:\/\/servicios.easyworks.es\/en\/home\/casos-exito\/\" \/>\n<meta property=\"og:site_name\" content=\"Easyworks\" \/>\n<meta property=\"article:modified_time\" content=\"2025-03-18T12:13:45+00:00\" \/>\n<meta property=\"og:image\" content=\"https:\/\/servicios.easyworks.es\/wp-content\/uploads\/2025\/03\/fondo-caso-exito.png\" \/>\n\t<meta property=\"og:image:width\" content=\"2272\" \/>\n\t<meta property=\"og:image:height\" content=\"928\" \/>\n\t<meta property=\"og:image:type\" content=\"image\/png\" \/>\n<meta name=\"twitter:card\" content=\"summary_large_image\" \/>\n<meta name=\"twitter:label1\" content=\"Estimated reading time\" \/>\n\t<meta name=\"twitter:data1\" content=\"5 minutes\" \/>\n<script type=\"application\/ld+json\" class=\"yoast-schema-graph\">{\"@context\":\"https:\\\/\\\/schema.org\",\"@graph\":[{\"@type\":\"WebPage\",\"@id\":\"https:\\\/\\\/servicios.easyworks.es\\\/home\\\/casos-exito\\\/\",\"url\":\"https:\\\/\\\/servicios.easyworks.es\\\/home\\\/casos-exito\\\/\",\"name\":\"Cases of study\",\"isPartOf\":{\"@id\":\"https:\\\/\\\/servicios.easyworks.es\\\/#website\"},\"primaryImageOfPage\":{\"@id\":\"https:\\\/\\\/servicios.easyworks.es\\\/home\\\/casos-exito\\\/#primaryimage\"},\"image\":{\"@id\":\"https:\\\/\\\/servicios.easyworks.es\\\/home\\\/casos-exito\\\/#primaryimage\"},\"thumbnailUrl\":\"https:\\\/\\\/servicios.easyworks.es\\\/wp-content\\\/uploads\\\/2025\\\/03\\\/fondo-caso-exito.png\",\"datePublished\":\"2017-02-08T17:38:50+00:00\",\"dateModified\":\"2025-03-18T12:13:45+00:00\",\"breadcrumb\":{\"@id\":\"https:\\\/\\\/servicios.easyworks.es\\\/home\\\/casos-exito\\\/#breadcrumb\"},\"inLanguage\":\"en-GB\",\"potentialAction\":[{\"@type\":\"ReadAction\",\"target\":[\"https:\\\/\\\/servicios.easyworks.es\\\/home\\\/casos-exito\\\/\"]}]},{\"@type\":\"ImageObject\",\"inLanguage\":\"en-GB\",\"@id\":\"https:\\\/\\\/servicios.easyworks.es\\\/home\\\/casos-exito\\\/#primaryimage\",\"url\":\"https:\\\/\\\/servicios.easyworks.es\\\/wp-content\\\/uploads\\\/2025\\\/03\\\/fondo-caso-exito.png\",\"contentUrl\":\"https:\\\/\\\/servicios.easyworks.es\\\/wp-content\\\/uploads\\\/2025\\\/03\\\/fondo-caso-exito.png\",\"width\":2272,\"height\":928},{\"@type\":\"BreadcrumbList\",\"@id\":\"https:\\\/\\\/servicios.easyworks.es\\\/home\\\/casos-exito\\\/#breadcrumb\",\"itemListElement\":[{\"@type\":\"ListItem\",\"position\":1,\"name\":\"Portada\",\"item\":\"https:\\\/\\\/servicios.easyworks.es\\\/\"},{\"@type\":\"ListItem\",\"position\":2,\"name\":\"Servicios de ingenier\u00eda t\u00e9cnica\",\"item\":\"https:\\\/\\\/servicios.easyworks.es\\\/\"},{\"@type\":\"ListItem\",\"position\":3,\"name\":\"Casos de \u00e9xito\"}]},{\"@type\":\"WebSite\",\"@id\":\"https:\\\/\\\/servicios.easyworks.es\\\/#website\",\"url\":\"https:\\\/\\\/servicios.easyworks.es\\\/\",\"name\":\"Easyworks\",\"description\":\"Externalizaci\u00f3n de servicios de oficina t\u00e9cnica e ingenier\u00eda.\",\"potentialAction\":[{\"@type\":\"SearchAction\",\"target\":{\"@type\":\"EntryPoint\",\"urlTemplate\":\"https:\\\/\\\/servicios.easyworks.es\\\/?s={search_term_string}\"},\"query-input\":{\"@type\":\"PropertyValueSpecification\",\"valueRequired\":true,\"valueName\":\"search_term_string\"}}],\"inLanguage\":\"en-GB\"}]}<\/script>\n<!-- \/ Yoast SEO plugin. -->","yoast_head_json":{"title":"Cases of study","robots":{"index":"index","follow":"follow","max-snippet":"max-snippet:-1","max-image-preview":"max-image-preview:large","max-video-preview":"max-video-preview:-1"},"canonical":"https:\/\/servicios.easyworks.es\/en\/home\/casos-exito\/","og_locale":"en_GB","og_type":"article","og_title":"[:en]Cases of study[:es]Casos de \u00e9xito[:] - Easyworks","og_description":"[vc_row][vc_column][vc_custom_heading text=&#8221;Success stories&#8221; font_container=&#8221;tag:h2|font_size:30px|text_align:center&#8221; use_theme_fonts=&#8221;yes&#8221;][vc_separator color=&#8221;blue&#8221; el_width=&#8221;10&#8243;][vc_custom_heading text=&#8221;Get to know us better through our clients and projects&#8221; font_container=&#8221;tag:p|font_size:20px|text_align:center&#8221; use_theme_fonts=&#8221;yes&#8221;][vc_empty_space][\/vc_column][\/vc_row][vc_row][vc_column width=&#8221;1\/3&#8243;][\/vc_column][vc_column width=&#8221;1\/3&#8243;][\/vc_column][vc_column width=&#8221;1\/3&#8243;][\/vc_column][\/vc_row][vc_row][vc_column][vc_empty_space][\/vc_column][\/vc_row][vc_row][vc_column width=&#8221;1\/3&#8243;][\/vc_column][vc_column [&hellip;]","og_url":"https:\/\/servicios.easyworks.es\/en\/home\/casos-exito\/","og_site_name":"Easyworks","article_modified_time":"2025-03-18T12:13:45+00:00","og_image":[{"width":2272,"height":928,"url":"https:\/\/servicios.easyworks.es\/wp-content\/uploads\/2025\/03\/fondo-caso-exito.png","type":"image\/png"}],"twitter_card":"summary_large_image","twitter_misc":{"Estimated reading time":"5 minutes"},"schema":{"@context":"https:\/\/schema.org","@graph":[{"@type":"WebPage","@id":"https:\/\/servicios.easyworks.es\/home\/casos-exito\/","url":"https:\/\/servicios.easyworks.es\/home\/casos-exito\/","name":"Cases of study","isPartOf":{"@id":"https:\/\/servicios.easyworks.es\/#website"},"primaryImageOfPage":{"@id":"https:\/\/servicios.easyworks.es\/home\/casos-exito\/#primaryimage"},"image":{"@id":"https:\/\/servicios.easyworks.es\/home\/casos-exito\/#primaryimage"},"thumbnailUrl":"https:\/\/servicios.easyworks.es\/wp-content\/uploads\/2025\/03\/fondo-caso-exito.png","datePublished":"2017-02-08T17:38:50+00:00","dateModified":"2025-03-18T12:13:45+00:00","breadcrumb":{"@id":"https:\/\/servicios.easyworks.es\/home\/casos-exito\/#breadcrumb"},"inLanguage":"en-GB","potentialAction":[{"@type":"ReadAction","target":["https:\/\/servicios.easyworks.es\/home\/casos-exito\/"]}]},{"@type":"ImageObject","inLanguage":"en-GB","@id":"https:\/\/servicios.easyworks.es\/home\/casos-exito\/#primaryimage","url":"https:\/\/servicios.easyworks.es\/wp-content\/uploads\/2025\/03\/fondo-caso-exito.png","contentUrl":"https:\/\/servicios.easyworks.es\/wp-content\/uploads\/2025\/03\/fondo-caso-exito.png","width":2272,"height":928},{"@type":"BreadcrumbList","@id":"https:\/\/servicios.easyworks.es\/home\/casos-exito\/#breadcrumb","itemListElement":[{"@type":"ListItem","position":1,"name":"Portada","item":"https:\/\/servicios.easyworks.es\/"},{"@type":"ListItem","position":2,"name":"Servicios de ingenier\u00eda t\u00e9cnica","item":"https:\/\/servicios.easyworks.es\/"},{"@type":"ListItem","position":3,"name":"Casos de \u00e9xito"}]},{"@type":"WebSite","@id":"https:\/\/servicios.easyworks.es\/#website","url":"https:\/\/servicios.easyworks.es\/","name":"Easyworks","description":"Externalizaci\u00f3n de servicios de oficina t\u00e9cnica e ingenier\u00eda.","potentialAction":[{"@type":"SearchAction","target":{"@type":"EntryPoint","urlTemplate":"https:\/\/servicios.easyworks.es\/?s={search_term_string}"},"query-input":{"@type":"PropertyValueSpecification","valueRequired":true,"valueName":"search_term_string"}}],"inLanguage":"en-GB"}]}},"_links":{"self":[{"href":"https:\/\/servicios.easyworks.es\/en\/wp-json\/wp\/v2\/pages\/10","targetHints":{"allow":["GET"]}}],"collection":[{"href":"https:\/\/servicios.easyworks.es\/en\/wp-json\/wp\/v2\/pages"}],"about":[{"href":"https:\/\/servicios.easyworks.es\/en\/wp-json\/wp\/v2\/types\/page"}],"author":[{"embeddable":true,"href":"https:\/\/servicios.easyworks.es\/en\/wp-json\/wp\/v2\/users\/1"}],"replies":[{"embeddable":true,"href":"https:\/\/servicios.easyworks.es\/en\/wp-json\/wp\/v2\/comments?post=10"}],"version-history":[{"count":76,"href":"https:\/\/servicios.easyworks.es\/en\/wp-json\/wp\/v2\/pages\/10\/revisions"}],"predecessor-version":[{"id":5277,"href":"https:\/\/servicios.easyworks.es\/en\/wp-json\/wp\/v2\/pages\/10\/revisions\/5277"}],"up":[{"embeddable":true,"href":"https:\/\/servicios.easyworks.es\/en\/wp-json\/wp\/v2\/pages\/2520"}],"wp:featuredmedia":[{"embeddable":true,"href":"https:\/\/servicios.easyworks.es\/en\/wp-json\/wp\/v2\/media\/5594"}],"wp:attachment":[{"href":"https:\/\/servicios.easyworks.es\/en\/wp-json\/wp\/v2\/media?parent=10"}],"curies":[{"name":"wp","href":"https:\/\/api.w.org\/{rel}","templated":true}]}}